{"id":981,"date":"2020-08-12T22:34:47","date_gmt":"2020-08-12T22:34:47","guid":{"rendered":"http:\/\/toppsproducts.com\/?page_id=981"},"modified":"2020-09-02T00:39:51","modified_gmt":"2020-09-02T00:39:51","slug":"seam-rivetguard-seam-and-fastener-sealer","status":"publish","type":"page","link":"https:\/\/toppsproducts.com\/fr\/products\/roof-repair-products\/seam-rivetguard-seam-and-fastener-sealer\/","title":{"rendered":"Seam\/RivetGuard\u2122 SEAM AND FASTENER SEALER"},"content":{"rendered":"<p>[et_pb_section fb_built=&#8221;1&#8243; _builder_version=&#8221;4.0.9&#8243;][et_pb_row column_structure=&#8221;1_2,1_2&#8243; _builder_version=&#8221;4.0.9&#8243;][et_pb_column type=&#8221;1_2&#8243; _builder_version=&#8221;4.0.9&#8243;][et_pb_text _builder_version=&#8221;4.0.9&#8243; custom_margin=&#8221;||-3px|||&#8221;]<\/p>\n<h2><span style=\"color: #004d51;\"><strong>COUTURE \/ <span style=\"color: #004d51;\">RIVETGUARD\u2122<\/span><\/strong><\/span><\/h2>\n<p><strong><span style=\"color: #000000;\">Pour r\u00e9parer les coutures et les fixations du toit<\/span><\/strong><br \/><strong><span class=\"product-info__reference\" style=\"color: #000000;\">R\u00e9f\u00e9rence # 3<\/span><\/strong><\/p>\n<div class=\"product-info__title\">\n<h2 class=\"subheader\"><span style=\"color: #004d51;\"><strong>\u00a0<\/strong><\/span><\/h2>\n<p>&nbsp;<\/p>\n<\/div>\n<p>[\/et_pb_text][et_pb_image src=&#8221;<a href=\"https:\/\/toppsproducts.com\/wp-content\/uploads\/2020\/08\/SRG-5-gal-pail-600.jpg&#038;#8221\">https:\/\/toppsproducts.com\/wp-content\/uploads\/2020\/08\/SRG-5-gal-pail-600.jpg&#038;#8221<\/a>; _builder_version=&#8221;4.0.9&#8243;][\/et_pb_image][\/et_pb_column][et_pb_column type=&#8221;1_2&#8243; _builder_version=&#8221;4.0.9&#8243;][et_pb_text _builder_version=&#8221;4.0.9&#8243;]<\/p>\n<h2 class=\"headings\"><span style=\"color: #004d51;\"><strong>DESCRIPTION<\/strong><\/span><\/h2>\n<p>[\/et_pb_text][et_pb_divider _builder_version=&#8221;4.0.9&#8243;][\/et_pb_divider][et_pb_text _builder_version=&#8221;4.0.9&#8243;]<\/p>\n<p><span style=\"color: #000000;\">Que faites-vous lorsque vous avez un joint de toit en m\u00e9tal qui fuit ou un probl\u00e8me avec les fixations de votre toit en m\u00e9tal\u00a0? La m\u00e9t\u00e9o peut faire des ravages sur un toit en m\u00e9tal. Le mouvement thermique est cr\u00e9\u00e9 par les changements de temp\u00e9rature et, \u00e0 mesure que les mat\u00e9riaux du toit se dilatent et se contractent, les joints m\u00e9talliques du toit peuvent se desserrer. Le mauvais temps peut aggraver les d\u00e9g\u00e2ts et une intervention pr\u00e9coce peut sauver votre toit en m\u00e9tal.<\/span><\/p>\n<p><span style=\"color: #000000;\">Les produits Topps\u00ae ont une solution. Seam\/RivetGuard \u2122 - notre produit populaire sp\u00e9cialement con\u00e7u pour les toits en m\u00e9tal - scelle, calfeutre et r\u00e9siste aux mouvements thermiques normaux dus aux changements de temp\u00e9rature et plus encore. Les caoutchoucs synth\u00e9tiques sp\u00e9cialement compos\u00e9s s&#039;allongent davantage lorsqu&#039;ils sont chauds et en ont le plus besoin et deviennent plus solides dans les climats froids, gardant les coutures et les attaches scell\u00e9es dans tous les climats.<\/span><\/p>\n<p><span style=\"color: #000000;\">Solide et \u00e9lastique, Seam\/RivetGuard\u2122 scelle les coutures correctement ferm\u00e9es. Le produit verrouille les attaches correctement serr\u00e9es et prot\u00e8ge contre la rouille et les d\u00e9faillances futures aux points critiques.<\/span><\/p>\n<p><span style=\"color: #000000;\">Seam\/RivetGuard\u2122 repr\u00e9sente la formule d&#039;\u00e9tanch\u00e9it\u00e9 g\u00e9lifi\u00e9e ultime pour les coutures et les fixations o\u00f9 une application en une seule couche fait les deux. Cela en fait un v\u00e9ritable gain de temps.<\/span><\/p>\n<p><span style=\"color: #000000;\">Pour les plus grandes sections, vous pouvez utiliser ce produit avec du ciment Polyprene\u00ae et des rev\u00eatements Topps Seal\u00ae.<\/span><\/p>\n<ul>\n<li><span style=\"color: #000000;\">Scelle les coutures et les attaches<\/span><\/li>\n<li><span style=\"color: #000000;\">Ne laisse aucun vide<\/span><\/li>\n<\/ul>\n<p><span style=\"color: #000000;\">Peut incorporer un tissu de renfort en polyester PolyCore\u2122, si n\u00e9cessaire, pour les zones plus critiques<\/span><\/p>\n<p>[\/et_pb_text][et_pb_button button_url=&#8221;<a href=\"https:\/\/toppsproducts.com\/fr\/seam-rivetguard-seam-and-fastener-sealer\/seam-rivetguard-get-a-quote\/&\/#038;#8221\">https:\/\/toppsproducts.com\/seam-rivetguard-seam-and-fastener-sealer\/seam-rivetguard-get-a-quote\/&#038;#8221<\/a>; button_text=&#8221;GET A QUOTE&#8221; _builder_version=&#8221;4.0.9&#8243; custom_button=&#8221;on&#8221; button_text_color=&#8221;#ffffff&#8221; button_bg_color=&#8221;#0da0c5&#8243; button_border_color=&#8221;#0da0c5&#8243; button_font=&#8221;|700|||||||&#8221;][\/et_pb_button][\/et_pb_column][\/et_pb_row][\/et_pb_section][et_pb_section fb_built=&#8221;1&#8243; _builder_version=&#8221;4.0.9&#8243; background_color=&#8221;#d6d6d6&#8243;][et_pb_row column_structure=&#8221;1_2,1_2&#8243; _builder_version=&#8221;4.0.9&#8243; background_color=&#8221;#ffffff&#8221; custom_padding=&#8221;|75px||75px||&#8221;][et_pb_column type=&#8221;1_2&#8243; _builder_version=&#8221;4.0.9&#8243;][et_pb_text _builder_version=&#8221;4.0.9&#8243; text_text_color=&#8221;#ffffff&#8221; header_text_color=&#8221;#ffffff&#8221; background_color=&#8221;#004d51&#8243; custom_padding=&#8221;32px|50px|50px|50px||&#8221;]<\/p>\n<h2 class=\"headings\"><span style=\"color: #ffffff;\"><strong>Caract\u00e9ristiques<\/strong><\/span><\/h2>\n<table class=\"product-table\">\n<tbody>\n<tr>\n<td style=\"width: 154.2px;\"><span style=\"color: #ffffff;\">R\u00e9sistance \u00e0 la traction ultime<\/span><\/td>\n<td style=\"width: 128.8px;\"><span style=\"color: #ffffff;\">1000 psi min<\/span><\/td>\n<\/tr>\n<tr>\n<td style=\"width: 154.2px;\"><span style=\"color: #ffffff;\">\u00c9longation ultime<\/span><\/td>\n<td style=\"width: 128.8px;\"><span style=\"color: #ffffff;\">420% min<\/span><\/td>\n<\/tr>\n<tr>\n<td style=\"width: 154.2px;\"><span style=\"color: #ffffff;\">Perm\u00e9abilit\u00e9 \u00e0 la vapeur d&#039;eau<\/span><\/td>\n<td style=\"width: 128.8px;\"><span style=\"color: #ffffff;\">.25 perm<\/span><\/td>\n<\/tr>\n<tr>\n<td style=\"width: 154.2px;\"><span style=\"color: #ffffff;\">R\u00e9flectivit\u00e9<\/span><\/td>\n<td style=\"width: 128.8px;\"><span style=\"color: #ffffff;\">84.43%<\/span><\/td>\n<\/tr>\n<\/tbody>\n<\/table>\n<p>&nbsp;<\/p>\n<p>[\/et_pb_text][\/et_pb_column][et_pb_column type=&#8221;1_2&#8243; _builder_version=&#8221;4.0.9&#8243;][et_pb_text _builder_version=&#8221;4.0.9&#8243; link_font=&#8221;|700|||||||&#8221; background_color=&#8221;#dae5e7&#8243; custom_padding=&#8221;32px|50px|50px|50px||&#8221;]<\/p>\n<h2 class=\"headings\"><span style=\"color: #004d51;\"><strong>FAQ<\/strong><\/span><\/h2>\n<p><span style=\"color: #000000;\"><strong>Q\u00a0: Qu&#039;est-ce que le mouvement thermique\u00a0?<br \/> <\/strong><\/span><span style=\"color: #000000;\">R : Le mouvement thermique est le mouvement de votre toiture m\u00e9tallique cr\u00e9\u00e9 par des changements dramatiques de temp\u00e9rature. \u00c9tant donn\u00e9 que le m\u00e9tal se dilate lorsqu&#039;il est chauff\u00e9 et se contracte lorsqu&#039;il est refroidi, un mouvement est provoqu\u00e9 dans les parties de votre toit en m\u00e9tal lorsque la temp\u00e9rature ext\u00e9rieure change. Sans un scellant \u00e9lastique, des dommages \u00e0 votre toiture m\u00e9tallique peuvent survenir.<\/span><\/p>\n<p><span style=\"color: #000000;\"><strong>Q\u00a0: Comment appliquer Seam\/RivetGuard\u2122\u00a0?<br \/> <\/strong><\/span><span style=\"color: #000000;\">R : Seam\/RivetGuard\u2122 peut \u00eatre appliqu\u00e9 en couche \u00e9paisse et efficacement au moyen d&#039;un vaporisateur, d&#039;un pinceau ou d&#039;un flacon compressible.<\/span><\/p>\n<p><span style=\"color: #000000;\"><strong>Q\u00a0: \u00c0 quoi sert Seam\/RivetGuard\u00a0?<br \/> <\/strong><\/span><span style=\"color: #000000;\">Couture\/RivetGuard\u2122\u00a0? est polyvalent et facile \u00e0 installer et scelle le site d&#039;entr\u00e9e d&#039;eau le plus courant sur le m\u00e9tal : les coutures et les fixations.<\/span><\/p>\n<p><span style=\"color: #000000;\"><\/span><\/p>\n<p><span style=\"color: #000000;\"><\/span><\/p>\n<h3><\/h3>\n<h3 class=\"headings\"><strong><span style=\"color: #000000;\">Ressources<\/span><\/strong><\/h3>\n<ul>\n<li><a title=\"Seam-and-RivetGuard-TechData\" href=\"https:\/\/toppsproducts.com\/wp-content\/uploads\/2020\/08\/Seam-and-RivetGuard-Tech-Data.pdf\">Donn\u00e9es techniques<\/a><\/li>\n<li><a title=\"Seam-RivetGuard-Domestic-FDS\" href=\"https:\/\/toppsproducts.com\/wp-content\/uploads\/2020\/08\/Seam-RivetGuard-Domestic-SDS.pdf\">Fiche de donn\u00e9es de s\u00e9curit\u00e9 (domestique)<\/a><\/li>\n<li><a title=\"Seam-RivetGuard-International-FDS\" href=\"https:\/\/toppsproducts.com\/wp-content\/uploads\/2020\/08\/Seam-RivetGuard-International-SDS.pdf\">Fiche de donn\u00e9es de s\u00e9curit\u00e9 (internationale)<\/a><\/li>\n<\/ul>\n<p>[\/et_pb_text][\/et_pb_column][\/et_pb_row][\/et_pb_section][et_pb_section fb_built=&#8221;1&#8243; admin_label=&#8221;Bottom Colums&#8221; _builder_version=&#8221;4.0.9&#8243; background_color=&#8221;#004d51&#8243; custom_padding=&#8221;16px||0px|||&#8221; global_module=&#8221;1733&#8243;][et_pb_row column_structure=&#8221;1_4,1_4,1_4,1_4&#8243; _builder_version=&#8221;4.0.9&#8243; custom_padding=&#8221;||5px|||&#8221;][et_pb_column type=&#8221;1_4&#8243; _builder_version=&#8221;4.0.9&#8243;][et_pb_text _builder_version=&#8221;4.0.9&#8243; header_font=&#8221;|||on|||||&#8221;]<\/p>\n<h3><span style=\"color: #ffffff;\"><strong>CONTACTEZ-NOUS<\/strong><br \/><\/span><\/h3>\n<p>[\/et_pb_text][et_pb_blurb image=&#8221;<a href=\"https:\/\/toppsproducts.com\/wp-content\/uploads\/2020\/08\/2020-08-01_11-27-39.jpg&#038;#8221\">https:\/\/toppsproducts.com\/wp-content\/uploads\/2020\/08\/2020-08-01_11-27-39.jpg&#038;#8221<\/a>; icon_placement=&#8221;left&#8221; admin_label=&#8221;address&#8221; _builder_version=&#8221;4.0.9&#8243; body_text_align=&#8221;left&#8221; body_text_color=&#8221;#ffffff&#8221; background_layout=&#8221;dark&#8221;]<\/p>\n<p><strong><span style=\"color: #ffffff;\">Case postale 1632<br \/>Canton, MS. 39046<\/span><\/strong><\/p>\n<p>[\/et_pb_blurb][et_pb_blurb image=&#8221;<a href=\"https:\/\/toppsproducts.com\/wp-content\/uploads\/2020\/08\/2020-08-01_11-28-29.jpg&#038;#8221\">https:\/\/toppsproducts.com\/wp-content\/uploads\/2020\/08\/2020-08-01_11-28-29.jpg&#038;#8221<\/a>; icon_placement=&#8221;left&#8221; admin_label=&#8221;support email&#8221; _builder_version=&#8221;4.0.9&#8243; body_text_align=&#8221;left&#8221; body_text_color=&#8221;#ffffff&#8221; background_layout=&#8221;dark&#8221;]<\/p>\n<p><a href=\"mailto:support@toppsproducts.com\"><strong><span style=\"color: #ffffff;\">support@toppsproducts.com<\/span><\/strong><\/a><\/p>\n<p>[\/et_pb_blurb][et_pb_blurb image=&#8221;<a href=\"https:\/\/toppsproducts.com\/wp-content\/uploads\/2020\/08\/2020-08-01_11-28-50.jpg&#038;#8221\">https:\/\/toppsproducts.com\/wp-content\/uploads\/2020\/08\/2020-08-01_11-28-50.jpg&#038;#8221<\/a>; icon_placement=&#8221;left&#8221; admin_label=&#8221;telephone&#8221; _builder_version=&#8221;4.0.9&#8243; body_text_align=&#8221;left&#8221; body_text_color=&#8221;#ffffff&#8221; background_layout=&#8221;dark&#8221;]<\/p>\n<h5><strong><span style=\"color: #ffffff;\"><a href=\"tel:8008677177\">800-867-7177<\/a><\/span><\/strong><\/h5>\n<p>[\/et_pb_blurb][\/et_pb_column][et_pb_column type=&#8221;1_4&#8243; _builder_version=&#8221;4.0.9&#8243;][et_pb_text _builder_version=&#8221;4.0.9&#8243; header_font=&#8221;|||on|||||&#8221;]<\/p>\n<h3><strong><span style=\"color: #ffffff;\">EMPLACEMENTS<\/span><\/strong><\/h3>\n<p>[\/et_pb_text][et_pb_text _builder_version=&#8221;4.0.9&#8243; header_font=&#8221;|||on|||||&#8221;]<\/p>\n<p><span style=\"color: #ffffff;\"><a style=\"color: #ffffff;\" title=\"Produits Topps \u00c9tats-Unis\" href=\"https:\/\/toppsproducts.com\/fr\/\" target=\"_blank\" rel=\"noopener noreferrer\">Produits Topps - \u00c9tats-Unis<\/a><\/span><\/p>\n<p><span style=\"color: #ffffff;\"><a style=\"color: #ffffff;\" title=\"Produits Topps ASIE\" href=\"http:\/\/www.toppsproducts.co.th\/\" target=\"_blank\" rel=\"noopener noreferrer\">Produits Topps-Asie<\/a><\/span><\/p>\n<p><a title=\"Topps Produits Afrique\" href=\"https:\/\/www.toppsproductssa.co.za\/\" target=\"_blank\" rel=\"noopener noreferrer\"><span style=\"color: #ffffff;\">Produits Topps-Afrique<\/span><\/a><\/p>\n<p><span style=\"color: #ffffff;\"><a style=\"color: #ffffff;\" title=\"Topps Produits Europe\" href=\"https:\/\/www.toppseurope.com\/\" target=\"_blank\" rel=\"noopener noreferrer\">Produits Topps-Europe<\/a><\/span><\/p>\n<p><span style=\"color: #ffffff;\"><a style=\"color: #ffffff;\" title=\"Produits Topps Australie\" href=\"https:\/\/toppsproducts.com.au\/\" target=\"_blank\" rel=\"noopener noreferrer\">Topps Products-Australie<\/a><\/span><\/p>\n<p>&nbsp;<\/p>\n<p>[\/et_pb_text][\/et_pb_column][et_pb_column type=&#8221;1_4&#8243; _builder_version=&#8221;4.0.9&#8243;][et_pb_text _builder_version=&#8221;4.0.9&#8243; header_font=&#8221;|||on|||||&#8221;]<\/p>\n<h3><span style=\"color: #ffffff;\"><strong>DES PRODUITS<\/strong><\/span><\/h3>\n<p>[\/et_pb_text][et_pb_text _builder_version=&#8221;4.0.9&#8243; header_font=&#8221;|||on|||||&#8221;]<\/p>\n<p><span style=\"color: #ffffff;\"><a style=\"color: #ffffff;\" title=\"Produits de r\u00e9paration de toiture\" href=\"https:\/\/toppsproducts.com\/fr\/products\/roof-repair-sealant-compounds\/\" target=\"_blank\" rel=\"noopener noreferrer\">Produits de r\u00e9paration de toiture<\/a><br \/><\/span><\/p>\n<p><span style=\"color: #ffffff;\"><a style=\"color: #ffffff;\" title=\"Syst\u00e8mes d&#039;entretien de toiture\" href=\"https:\/\/toppsproducts.com\/fr\/products\/roof-maintenance-systems\/\" target=\"_blank\" rel=\"noopener noreferrer\">Syst\u00e8mes d&#039;entretien de toiture<\/a><br \/><\/span><\/p>\n<p><span style=\"color: #ffffff;\"><a style=\"color: #ffffff;\" title=\"Scellants et rev\u00eatements de toiture\" href=\"https:\/\/toppsproducts.com\/fr\/products\/roof-sealants-and-coatings\/\" target=\"_blank\" rel=\"noopener noreferrer\">Scellants et rev\u00eatements de toiture<\/a><br \/><\/span><\/p>\n<p><span style=\"color: #ffffff;\"><a style=\"color: #ffffff;\" title=\"Masonry Sealers and Specialty Products\" href=\"https:\/\/toppsproducts.com\/fr\/products\/masonry-sealers-and-specialty-products\/\" target=\"_blank\" rel=\"noopener noreferrer\">Masonry Sealers &amp; Specialty Products<\/a><\/span><\/p>\n<p><span style=\"color: #000000;\"><a style=\"color: #000000;\" href=\"https:\/\/toppsproducts.com\/fr\/products\/rvs-mobile-homes-trailers\/\" target=\"_blank\" rel=\"noopener noreferrer\"><span style=\"color: #ffffff;\">RVs Mobile Homes and Trailers<\/span><br \/><\/a><\/span><br \/><span style=\"color: #000000;\">\u00a0<\/span><\/p>\n<p>&nbsp;<\/p>\n<p>[\/et_pb_text][\/et_pb_column][et_pb_column type=&#8221;1_4&#8243; _builder_version=&#8221;4.0.9&#8243;][et_pb_text _builder_version=&#8221;4.0.9&#8243; header_font=&#8221;|||on|||||&#8221;]<\/p>\n<h3><strong><span style=\"color: #ffffff;\">CONNECTE-TOI AVEC NOUS<br \/><\/span><\/strong><\/h3>\n<p>[\/et_pb_text][et_pb_button button_url=&#8221;<a href=\"https:\/\/toppsproducts.com\/fr\/contact\/&\/#038;#8221\">https:\/\/toppsproducts.com\/contact\/&#038;#8221<\/a>; button_text=&#8221;CONTACT US&#8221; button_alignment=&#8221;left&#8221; _builder_version=&#8221;4.0.9&#8243; custom_button=&#8221;on&#8221; button_text_size=&#8221;16px&#8221; button_text_color=&#8221;#ffffff&#8221; button_bg_color=&#8221;#0da0c5&#8243; button_border_color=&#8221;#0da0c5&#8243; button_font=&#8221;|700|||||||&#8221; button_icon=&#8221;%%28%%&#8221; background_layout=&#8221;dark&#8221;][\/et_pb_button][et_pb_text _builder_version=&#8221;4.0.9&#8243; header_font=&#8221;|||on|||||&#8221;]<\/p>\n<h3><span style=\"color: #ffffff;\"><strong>R\u00c9SEAUX SOCIAUX<\/strong><br \/><\/span><\/h3>\n<p>&nbsp;<\/p>\n<p><a title=\"Produit Topps Facebook\" href=\"https:\/\/www.facebook.com\/toppsproducts\" target=\"_blank\" rel=\"noopener noreferrer\"><img data-recalc-dims=\"1\" decoding=\"async\" class=\"wp-image-1594 alignnone size-full\" src=\"https:\/\/i0.wp.com\/toppsproducts.com\/wp-content\/uploads\/2020\/08\/topps-products-facebook.png?resize=30%2C30&#038;ssl=1\" alt=\"\" width=\"30\" height=\"30\" \/><\/a> \u00a0 <a title=\"Topps Produit Instagram\" href=\"https:\/\/www.instagram.com\/toppsproducts\/\" target=\"_blank\" rel=\"noopener noreferrer\"><img data-recalc-dims=\"1\" decoding=\"async\" class=\"wp-image-1597 alignnone size-full\" src=\"https:\/\/i0.wp.com\/toppsproducts.com\/wp-content\/uploads\/2020\/08\/topps-products-instagram.png?resize=30%2C30&#038;ssl=1\" alt=\"\" width=\"30\" height=\"30\" \/><\/a> \u00a0 <a title=\"Topps Produits Gazouillement\" href=\"https:\/\/twitter.com\/toppsproducts\" target=\"_blank\" rel=\"noopener noreferrer\"><img data-recalc-dims=\"1\" decoding=\"async\" class=\"wp-image-1601 alignnone size-full\" src=\"https:\/\/i0.wp.com\/toppsproducts.com\/wp-content\/uploads\/2020\/08\/topps-products-twitter.png?resize=30%2C30&#038;ssl=1\" alt=\"\" width=\"30\" height=\"30\" \/><\/a> \u00a0 <a title=\"Produits Topp Cha\u00eene You Tube\" href=\"https:\/\/www.youtube.com\/user\/toppsproducts\" target=\"_blank\" rel=\"noopener noreferrer\"><img data-recalc-dims=\"1\" loading=\"lazy\" decoding=\"async\" class=\"wp-image-1605 alignnone size-full\" src=\"https:\/\/i0.wp.com\/toppsproducts.com\/wp-content\/uploads\/2020\/08\/topps-products-you-tube.png?resize=30%2C30&#038;ssl=1\" alt=\"\" width=\"30\" height=\"30\" \/><\/a> \u00a0\u00a0<img data-recalc-dims=\"1\" loading=\"lazy\" decoding=\"async\" class=\"wp-image-1609 alignnone size-full\" src=\"https:\/\/i0.wp.com\/toppsproducts.com\/wp-content\/uploads\/2020\/08\/topp-products-linked-in-1.png?resize=30%2C30&#038;ssl=1\" alt=\"\" width=\"30\" height=\"30\" \/><\/p>\n<p>[\/et_pb_text][\/et_pb_column][\/et_pb_row][\/et_pb_section][et_pb_section fb_built=&#8221;1&#8243; admin_label=&#8221;Footer&#8221; _builder_version=&#8221;4.0.9&#8243; background_color=&#8221;#424242&#8243; custom_padding=&#8221;7px||0px|||&#8221; global_module=&#8221;1734&#8243;][et_pb_row column_structure=&#8221;3_5,2_5&#8243; _builder_version=&#8221;4.0.9&#8243; custom_padding=&#8221;13px||18px|||&#8221;][et_pb_column type=&#8221;3_5&#8243; _builder_version=&#8221;4.0.9&#8243;][et_pb_text _builder_version=&#8221;4.0.9&#8243;]<\/p>\n<p>&nbsp;<\/p>\n<p class=\"footer-bottom__copyright\"><span style=\"color: #ffffff;\">\u00a9 2020 Topps Products, Inc. All Rights Reserved. | <a style=\"color: #ffffff;\" href=\"https:\/\/toppsproducts.com\/fr\/sitemap\/\">Sitemap<\/a> | Powered &amp; Designed By: <\/span><a href=\"http:\/\/www.digitalsouthmediagroup.com\"><span style=\"color: #ffffff;\">Digital South Media Group<\/span><\/a><\/p>\n<p>[\/et_pb_text][\/et_pb_column][et_pb_column type=&#8221;2_5&#8243; _builder_version=&#8221;4.0.9&#8243;][et_pb_image src=&#8221;<a href=\"https:\/\/toppsproducts.com\/wp-content\/uploads\/2020\/08\/cc-logos-white-300&#215;73.png&#038;#8221\">https:\/\/toppsproducts.com\/wp-content\/uploads\/2020\/08\/cc-logos-white-300&#215;73.png&#038;#8221<\/a>; _builder_version=&#8221;4.0.9&#8243;][\/et_pb_image][\/et_pb_column][\/et_pb_row][\/et_pb_section]<\/p>","protected":false},"excerpt":{"rendered":"<p>SEAM \/ RIVETGUARD\u2122 To Mend Roof Seams and FastenersReference # 3 \u00a0 &nbsp; DESCRIPTIONWhat do you do when you have a leaking metal roof seam or problem with fasteners on your metal roof? Weather can wreak havoc on a metal roof. Thermal movement is created by changing temperatures, and as roof materials expand and contract [&hellip;]<\/p>","protected":false},"author":0,"featured_media":0,"parent":52,"menu_order":3,"comment_status":"closed","ping_status":"closed","template":"","meta":{"_et_pb_use_builder":"on","_et_pb_old_content":"","_et_gb_content_width":"","_crdt_document":"","footnotes":""},"class_list":["post-981","page","type-page","status-publish","hentry"],"aioseo_notices":[],"jetpack_sharing_enabled":true,"_links":{"self":[{"href":"https:\/\/toppsproducts.com\/fr\/wp-json\/wp\/v2\/pages\/981","targetHints":{"allow":["GET"]}}],"collection":[{"href":"https:\/\/toppsproducts.com\/fr\/wp-json\/wp\/v2\/pages"}],"about":[{"href":"https:\/\/toppsproducts.com\/fr\/wp-json\/wp\/v2\/types\/page"}],"replies":[{"embeddable":true,"href":"https:\/\/toppsproducts.com\/fr\/wp-json\/wp\/v2\/comments?post=981"}],"version-history":[{"count":19,"href":"https:\/\/toppsproducts.com\/fr\/wp-json\/wp\/v2\/pages\/981\/revisions"}],"predecessor-version":[{"id":2009,"href":"https:\/\/toppsproducts.com\/fr\/wp-json\/wp\/v2\/pages\/981\/revisions\/2009"}],"up":[{"embeddable":true,"href":"https:\/\/toppsproducts.com\/fr\/wp-json\/wp\/v2\/pages\/52"}],"wp:attachment":[{"href":"https:\/\/toppsproducts.com\/fr\/wp-json\/wp\/v2\/media?parent=981"}],"curies":[{"name":"wp","href":"https:\/\/api.w.org\/{rel}","templated":true}]}}