{"id":734,"date":"2020-08-09T23:06:37","date_gmt":"2020-08-09T23:06:37","guid":{"rendered":"http:\/\/toppsproducts.com\/?page_id=734"},"modified":"2020-09-01T04:39:29","modified_gmt":"2020-09-01T04:39:29","slug":"kubota-manufacturing-of-america","status":"publish","type":"page","link":"https:\/\/toppsproducts.com\/fr\/resources\/case-studies\/kubota-manufacturing-of-america\/","title":{"rendered":"Kubota Manufacturing of America"},"content":{"rendered":"<p>[et_pb_section fb_built=&#8221;1&#8243; fullwidth=&#8221;on&#8221; _builder_version=&#8221;4.0.9&#8243;][et_pb_fullwidth_header title=&#8221;CASE STUDIES&#8221; _builder_version=&#8221;4.0.9&#8243; title_font=&#8221;|700|||||||&#8221; background_enable_color=&#8221;off&#8221; background_image=&#8221;<a href=\"https:\/\/toppsproducts.com\/wp-content\/uploads\/2020\/08\/header-background-2.jpg&#038;#8221\">https:\/\/toppsproducts.com\/wp-content\/uploads\/2020\/08\/header-background-2.jpg&#038;#8221<\/a>; title_text_shadow_style=&#8221;preset2&#8243; title_text_shadow_color=&#8221;#000000&#8243;][\/et_pb_fullwidth_header][\/et_pb_section][et_pb_section fb_built=&#8221;1&#8243; _builder_version=&#8221;4.0.9&#8243; custom_padding=&#8221;19px|||||&#8221;][et_pb_row column_structure=&#8221;1_4,3_4&#8243; _builder_version=&#8221;4.0.9&#8243;][et_pb_column type=&#8221;1_4&#8243; _builder_version=&#8221;4.0.9&#8243;][et_pb_menu _builder_version=&#8221;4.0.9&#8243; hover_enabled=&#8221;0&#8243; menu_id=&#8221;54&#8243;][\/et_pb_menu][\/et_pb_column][et_pb_column type=&#8221;3_4&#8243; _builder_version=&#8221;4.0.9&#8243;][et_pb_text _builder_version=&#8221;4.0.9&#8243; custom_padding=&#8221;||0px|||&#8221;]<\/p>\n<h1><span style=\"color: #004d51;\"><strong>FABRICATION KUBOTA D&#039;AM\u00c9RIQUE<br \/>\n<\/strong><\/span><\/h1>\n<p>[\/et_pb_text][et_pb_cta button_url=&#8221;<a href=\"https:\/\/toppsproducts.com\/fr\/contact\/&\/#038;#8221\">https:\/\/toppsproducts.com\/contact\/&#038;#8221<\/a>; button_text=&#8221;I&#8217;D LIKE A FREE ESTIMATE FOR MY ROOF&#8221; admin_label=&#8221;Kubota Manufacturing of America&#8221; _builder_version=&#8221;4.0.9&#8243; header_font=&#8221;|700||on|||||&#8221; header_text_color=&#8221;#000000&#8243; body_text_align=&#8221;left&#8221; body_text_color=&#8221;#000000&#8243; body_font_size=&#8221;16px&#8221; background_enable_color=&#8221;off&#8221; custom_button=&#8221;on&#8221; button_text_size=&#8221;16px&#8221; button_text_color=&#8221;#ffffff&#8221; button_bg_color=&#8221;#0081b8&#8243; button_border_color=&#8221;#0081b8&#8243; button_font=&#8221;|600||on|||||&#8221; button_alignment=&#8221;center&#8221; text_orientation=&#8221;left&#8221; custom_margin=&#8221;|||-15px|false|false&#8221; custom_padding=&#8221;2px|92px|11px|2px||&#8221; link_option_url=&#8221;<a href=\"https:\/\/toppsproducts.com\/fr\/contact\/&\/#8221;%5D\">https:\/\/toppsproducts.com\/contact\/&#8221;%5D<\/a><\/p>\n<p><img data-recalc-dims=\"1\" decoding=\"async\" class=\"wp-image-688 size-full alignleft\" src=\"https:\/\/i0.wp.com\/toppsproducts.com\/wp-content\/uploads\/2020\/08\/kubota.jpg?resize=156%2C156&#038;ssl=1\" alt=\"\" width=\"156\" height=\"156\" srcset=\"https:\/\/i0.wp.com\/toppsproducts.com\/wp-content\/uploads\/2020\/08\/kubota.jpg?w=156&amp;ssl=1 156w, https:\/\/i0.wp.com\/toppsproducts.com\/wp-content\/uploads\/2020\/08\/kubota.jpg?resize=100%2C100&amp;ssl=1 100w, https:\/\/i0.wp.com\/toppsproducts.com\/wp-content\/uploads\/2020\/08\/kubota.jpg?resize=150%2C150&amp;ssl=1 150w\" sizes=\"(max-width: 156px) 100vw, 156px\" \/>\u200b<span style=\"color: #000000;\">Le vieillissement normal avait entra\u00een\u00e9 de nombreuses fuites (plus de 100) et de nombreux trous, coupures et autres dommages \u00e0 leur toit ont incit\u00e9 Kubota \u00e0 consulter Topps. \u00a0<\/span><\/p>\n<p><span style=\"color: #000000;\">\u00a0\u2013 Gainesville, G\u00e9orgie<br \/>\n\u2013 Emploie 1 200 travailleurs<br \/>\n\u2013 2 installations couvrant 616 000 pieds carr\u00e9s d&#039;espace de fabrication.<\/span><\/p>\n<p>&nbsp;<\/p>\n<p>[\/et_pb_cta][\/et_pb_column][\/et_pb_row][\/et_pb_section][et_pb_section fb_built=&#8221;1&#8243; admin_label=&#8221;Bottom Colums&#8221; _builder_version=&#8221;4.0.9&#8243; background_color=&#8221;#004d51&#8243; custom_padding=&#8221;16px||0px|||&#8221; global_module=&#8221;1733&#8243;][et_pb_row column_structure=&#8221;1_4,1_4,1_4,1_4&#8243; _builder_version=&#8221;4.0.9&#8243; custom_padding=&#8221;||5px|||&#8221;][et_pb_column type=&#8221;1_4&#8243; _builder_version=&#8221;4.0.9&#8243;][et_pb_text _builder_version=&#8221;4.0.9&#8243; header_font=&#8221;|||on|||||&#8221;]<\/p>\n<h3><span style=\"color: #ffffff;\"><strong>CONTACTEZ-NOUS<\/strong><br \/>\n<\/span><\/h3>\n<p>[\/et_pb_text][et_pb_blurb image=&#8221;<a href=\"https:\/\/toppsproducts.com\/wp-content\/uploads\/2020\/08\/2020-08-01_11-27-39.jpg&#038;#8221\">https:\/\/toppsproducts.com\/wp-content\/uploads\/2020\/08\/2020-08-01_11-27-39.jpg&#038;#8221<\/a>; icon_placement=&#8221;left&#8221; admin_label=&#8221;address&#8221; _builder_version=&#8221;4.0.9&#8243; body_text_align=&#8221;left&#8221; body_text_color=&#8221;#ffffff&#8221; background_layout=&#8221;dark&#8221;]<\/p>\n<p><strong><span style=\"color: #ffffff;\">Case postale 1632<br \/>\nCanton, MS. 39046<\/span><\/strong><\/p>\n<p>[\/et_pb_blurb][et_pb_blurb image=&#8221;<a href=\"https:\/\/toppsproducts.com\/wp-content\/uploads\/2020\/08\/2020-08-01_11-28-29.jpg&#038;#8221\">https:\/\/toppsproducts.com\/wp-content\/uploads\/2020\/08\/2020-08-01_11-28-29.jpg&#038;#8221<\/a>; icon_placement=&#8221;left&#8221; admin_label=&#8221;support email&#8221; _builder_version=&#8221;4.0.9&#8243; body_text_align=&#8221;left&#8221; body_text_color=&#8221;#ffffff&#8221; background_layout=&#8221;dark&#8221;]<\/p>\n<p><a href=\"mailto:support@toppsproducts.com\"><strong><span style=\"color: #ffffff;\">support@toppsproducts.com<\/span><\/strong><\/a><\/p>\n<p>[\/et_pb_blurb][et_pb_blurb image=&#8221;<a href=\"https:\/\/toppsproducts.com\/wp-content\/uploads\/2020\/08\/2020-08-01_11-28-50.jpg&#038;#8221\">https:\/\/toppsproducts.com\/wp-content\/uploads\/2020\/08\/2020-08-01_11-28-50.jpg&#038;#8221<\/a>; icon_placement=&#8221;left&#8221; admin_label=&#8221;telephone&#8221; _builder_version=&#8221;4.0.9&#8243; body_text_align=&#8221;left&#8221; body_text_color=&#8221;#ffffff&#8221; background_layout=&#8221;dark&#8221;]<\/p>\n<h5><strong><span style=\"color: #ffffff;\"><a href=\"tel:8008677177\">800-867-7177<\/a><\/span><\/strong><\/h5>\n<p>[\/et_pb_blurb][\/et_pb_column][et_pb_column type=&#8221;1_4&#8243; _builder_version=&#8221;4.0.9&#8243;][et_pb_text _builder_version=&#8221;4.0.9&#8243; header_font=&#8221;|||on|||||&#8221;]<\/p>\n<h3><strong><span style=\"color: #ffffff;\">EMPLACEMENTS<\/span><\/strong><\/h3>\n<p>[\/et_pb_text][et_pb_text _builder_version=&#8221;4.0.9&#8243; header_font=&#8221;|||on|||||&#8221;]<\/p>\n<p><span style=\"color: #ffffff;\"><a style=\"color: #ffffff;\" title=\"Produits Topps \u00c9tats-Unis\" href=\"https:\/\/toppsproducts.com\/fr\/\" target=\"_blank\" rel=\"noopener noreferrer\">Produits Topps - \u00c9tats-Unis<\/a><\/span><\/p>\n<p><span style=\"color: #ffffff;\"><a style=\"color: #ffffff;\" title=\"Produits Topps ASIE\" href=\"http:\/\/www.toppsproducts.co.th\/\" target=\"_blank\" rel=\"noopener noreferrer\">Produits Topps-Asie<\/a><\/span><\/p>\n<p><a title=\"Topps Produits Afrique\" href=\"https:\/\/www.toppsproductssa.co.za\/\" target=\"_blank\" rel=\"noopener noreferrer\"><span style=\"color: #ffffff;\">Produits Topps-Afrique<\/span><\/a><\/p>\n<p><span style=\"color: #ffffff;\"><a style=\"color: #ffffff;\" title=\"Topps Produits Europe\" href=\"https:\/\/www.toppseurope.com\/\" target=\"_blank\" rel=\"noopener noreferrer\">Produits Topps-Europe<\/a><\/span><\/p>\n<p><span style=\"color: #ffffff;\"><a style=\"color: #ffffff;\" title=\"Produits Topps Australie\" href=\"https:\/\/toppsproducts.com.au\/\" target=\"_blank\" rel=\"noopener noreferrer\">Topps Products-Australie<\/a><\/span><\/p>\n<p>&nbsp;<\/p>\n<p>[\/et_pb_text][\/et_pb_column][et_pb_column type=&#8221;1_4&#8243; _builder_version=&#8221;4.0.9&#8243;][et_pb_text _builder_version=&#8221;4.0.9&#8243; header_font=&#8221;|||on|||||&#8221;]<\/p>\n<h3><span style=\"color: #ffffff;\"><strong>DES PRODUITS<\/strong><\/span><\/h3>\n<p>[\/et_pb_text][et_pb_text _builder_version=&#8221;4.0.9&#8243; header_font=&#8221;|||on|||||&#8221;]<\/p>\n<p><span style=\"color: #ffffff;\"><a style=\"color: #ffffff;\" title=\"Produits de r\u00e9paration de toiture\" href=\"https:\/\/toppsproducts.com\/fr\/products\/roof-repair-sealant-compounds\/\" target=\"_blank\" rel=\"noopener noreferrer\">Produits de r\u00e9paration de toiture<\/a><br \/>\n<\/span><\/p>\n<p><span style=\"color: #ffffff;\"><a style=\"color: #ffffff;\" title=\"Syst\u00e8mes d&#039;entretien de toiture\" href=\"https:\/\/toppsproducts.com\/fr\/products\/roof-maintenance-systems\/\" target=\"_blank\" rel=\"noopener noreferrer\">Syst\u00e8mes d&#039;entretien de toiture<\/a><br \/>\n<\/span><\/p>\n<p><span style=\"color: #ffffff;\"><a style=\"color: #ffffff;\" title=\"Scellants et rev\u00eatements de toiture\" href=\"https:\/\/toppsproducts.com\/fr\/products\/roof-sealants-and-coatings\/\" target=\"_blank\" rel=\"noopener noreferrer\">Scellants et rev\u00eatements de toiture<\/a><br \/>\n<\/span><\/p>\n<p><span style=\"color: #ffffff;\"><a style=\"color: #ffffff;\" title=\"Masonry Sealers and Specialty Products\" href=\"https:\/\/toppsproducts.com\/fr\/products\/masonry-sealers-and-specialty-products\/\" target=\"_blank\" rel=\"noopener noreferrer\">Masonry Sealers &amp; Specialty Products<\/a><\/span><\/p>\n<p><span style=\"color: #000000;\"><a style=\"color: #000000;\" href=\"https:\/\/toppsproducts.com\/fr\/products\/rvs-mobile-homes-trailers\/\" target=\"_blank\" rel=\"noopener noreferrer\"><span style=\"color: #ffffff;\">RVs Mobile Homes and Trailers<\/span><br \/>\n<\/a><\/span><br \/>\n<span style=\"color: #000000;\">\u00a0<\/span><\/p>\n<p>&nbsp;<\/p>\n<p>[\/et_pb_text][\/et_pb_column][et_pb_column type=&#8221;1_4&#8243; _builder_version=&#8221;4.0.9&#8243;][et_pb_text _builder_version=&#8221;4.0.9&#8243; header_font=&#8221;|||on|||||&#8221;]<\/p>\n<h3><strong><span style=\"color: #ffffff;\">CONNECTE-TOI AVEC NOUS<br \/>\n<\/span><\/strong><\/h3>\n<p>[\/et_pb_text][et_pb_button button_url=&#8221;<a href=\"https:\/\/toppsproducts.com\/fr\/contact\/&\/#038;#8221\">https:\/\/toppsproducts.com\/contact\/&#038;#8221<\/a>; button_text=&#8221;CONTACT US&#8221; button_alignment=&#8221;left&#8221; _builder_version=&#8221;4.0.9&#8243; custom_button=&#8221;on&#8221; button_text_size=&#8221;16px&#8221; button_text_color=&#8221;#ffffff&#8221; button_bg_color=&#8221;#0da0c5&#8243; button_border_color=&#8221;#0da0c5&#8243; button_font=&#8221;|700|||||||&#8221; button_icon=&#8221;%%28%%&#8221; background_layout=&#8221;dark&#8221;][\/et_pb_button][et_pb_text _builder_version=&#8221;4.0.9&#8243; header_font=&#8221;|||on|||||&#8221;]<\/p>\n<h3><span style=\"color: #ffffff;\"><strong>R\u00c9SEAUX SOCIAUX<\/strong><br \/>\n<\/span><\/h3>\n<p>&nbsp;<\/p>\n<p><a title=\"Produit Topps Facebook\" href=\"https:\/\/www.facebook.com\/toppsproducts\" target=\"_blank\" rel=\"noopener noreferrer\"><img data-recalc-dims=\"1\" decoding=\"async\" class=\"wp-image-1594 alignnone size-full\" src=\"https:\/\/i0.wp.com\/toppsproducts.com\/wp-content\/uploads\/2020\/08\/topps-products-facebook.png?resize=30%2C30&#038;ssl=1\" alt=\"\" width=\"30\" height=\"30\" \/><\/a> \u00a0 <a title=\"Topps Produit Instagram\" href=\"https:\/\/www.instagram.com\/toppsproducts\/\" target=\"_blank\" rel=\"noopener noreferrer\"><img data-recalc-dims=\"1\" decoding=\"async\" class=\"wp-image-1597 alignnone size-full\" src=\"https:\/\/i0.wp.com\/toppsproducts.com\/wp-content\/uploads\/2020\/08\/topps-products-instagram.png?resize=30%2C30&#038;ssl=1\" alt=\"\" width=\"30\" height=\"30\" \/><\/a> \u00a0 <a title=\"Topps Produits Gazouillement\" href=\"https:\/\/twitter.com\/toppsproducts\" target=\"_blank\" rel=\"noopener noreferrer\"><img data-recalc-dims=\"1\" loading=\"lazy\" decoding=\"async\" class=\"wp-image-1601 alignnone size-full\" src=\"https:\/\/i0.wp.com\/toppsproducts.com\/wp-content\/uploads\/2020\/08\/topps-products-twitter.png?resize=30%2C30&#038;ssl=1\" alt=\"\" width=\"30\" height=\"30\" \/><\/a> \u00a0 <a title=\"Produits Topp Cha\u00eene You Tube\" href=\"https:\/\/www.youtube.com\/user\/toppsproducts\" target=\"_blank\" rel=\"noopener noreferrer\"><img data-recalc-dims=\"1\" loading=\"lazy\" decoding=\"async\" class=\"wp-image-1605 alignnone size-full\" src=\"https:\/\/i0.wp.com\/toppsproducts.com\/wp-content\/uploads\/2020\/08\/topps-products-you-tube.png?resize=30%2C30&#038;ssl=1\" alt=\"\" width=\"30\" height=\"30\" \/><\/a> \u00a0\u00a0<img data-recalc-dims=\"1\" loading=\"lazy\" decoding=\"async\" class=\"wp-image-1609 alignnone size-full\" src=\"https:\/\/i0.wp.com\/toppsproducts.com\/wp-content\/uploads\/2020\/08\/topp-products-linked-in-1.png?resize=30%2C30&#038;ssl=1\" alt=\"\" width=\"30\" height=\"30\" \/><\/p>\n<p>[\/et_pb_text][\/et_pb_column][\/et_pb_row][\/et_pb_section][et_pb_section fb_built=&#8221;1&#8243; admin_label=&#8221;Footer&#8221; _builder_version=&#8221;4.0.9&#8243; background_color=&#8221;#424242&#8243; custom_padding=&#8221;7px||0px|||&#8221; global_module=&#8221;1734&#8243;][et_pb_row column_structure=&#8221;3_5,2_5&#8243; _builder_version=&#8221;4.0.9&#8243; custom_padding=&#8221;13px||18px|||&#8221;][et_pb_column type=&#8221;3_5&#8243; _builder_version=&#8221;4.0.9&#8243;][et_pb_text _builder_version=&#8221;4.0.9&#8243;]<\/p>\n<p>&nbsp;<\/p>\n<p class=\"footer-bottom__copyright\"><span style=\"color: #ffffff;\">\u00a9 2020 Topps Products, Inc. All Rights Reserved. | <a style=\"color: #ffffff;\" href=\"https:\/\/toppsproducts.com\/fr\/sitemap\/\">Sitemap<\/a> | Powered &amp; Designed By: <\/span><a href=\"http:\/\/www.digitalsouthmediagroup.com\"><span style=\"color: #ffffff;\">Digital South Media Group<\/span><\/a><\/p>\n<p>[\/et_pb_text][\/et_pb_column][et_pb_column type=&#8221;2_5&#8243; _builder_version=&#8221;4.0.9&#8243;][et_pb_image src=&#8221;<a href=\"https:\/\/toppsproducts.com\/wp-content\/uploads\/2020\/08\/cc-logos-white-300&#215;73.png&#038;#8221\">https:\/\/toppsproducts.com\/wp-content\/uploads\/2020\/08\/cc-logos-white-300&#215;73.png&#038;#8221<\/a>; _builder_version=&#8221;4.0.9&#8243;][\/et_pb_image][\/et_pb_column][\/et_pb_row][\/et_pb_section]<\/p>","protected":false},"excerpt":{"rendered":"<p>KUBOTA MANUFACTURING OF AMERICA \u200bNormal aging had resulted in numerous (over 100) leaks and numerous holes, cuts and other damage to their roof prompted Kubota to consult Topps. \u00a0 \u00a0&#8211; Gainesville, GA &#8211; Employs 1,200 workers &#8211; 2 facilities covering 616,000 square feet of manufacturing space. &nbsp; CONTACT US P.O. Box 1632 Canton, MS. 39046 [&hellip;]<\/p>","protected":false},"author":0,"featured_media":0,"parent":78,"menu_order":3,"comment_status":"closed","ping_status":"closed","template":"","meta":{"_et_pb_use_builder":"on","_et_pb_old_content":"","_et_gb_content_width":"","_crdt_document":"","footnotes":""},"class_list":["post-734","page","type-page","status-publish","hentry"],"aioseo_notices":[],"jetpack_sharing_enabled":true,"_links":{"self":[{"href":"https:\/\/toppsproducts.com\/fr\/wp-json\/wp\/v2\/pages\/734","targetHints":{"allow":["GET"]}}],"collection":[{"href":"https:\/\/toppsproducts.com\/fr\/wp-json\/wp\/v2\/pages"}],"about":[{"href":"https:\/\/toppsproducts.com\/fr\/wp-json\/wp\/v2\/types\/page"}],"replies":[{"embeddable":true,"href":"https:\/\/toppsproducts.com\/fr\/wp-json\/wp\/v2\/comments?post=734"}],"version-history":[{"count":9,"href":"https:\/\/toppsproducts.com\/fr\/wp-json\/wp\/v2\/pages\/734\/revisions"}],"predecessor-version":[{"id":1907,"href":"https:\/\/toppsproducts.com\/fr\/wp-json\/wp\/v2\/pages\/734\/revisions\/1907"}],"up":[{"embeddable":true,"href":"https:\/\/toppsproducts.com\/fr\/wp-json\/wp\/v2\/pages\/78"}],"wp:attachment":[{"href":"https:\/\/toppsproducts.com\/fr\/wp-json\/wp\/v2\/media?parent=734"}],"curies":[{"name":"wp","href":"https:\/\/api.w.org\/{rel}","templated":true}]}}