{"id":5925,"date":"2025-05-30T09:59:15","date_gmt":"2025-05-30T13:59:15","guid":{"rendered":"https:\/\/toppsproducts.com\/?page_id=5925"},"modified":"2025-05-30T14:59:31","modified_gmt":"2025-05-30T18:59:31","slug":"silcone-roof-patch","status":"publish","type":"page","link":"https:\/\/toppsproducts.com\/fr\/products\/roof-sealants-and-coatings\/silcone-roof-patch\/","title":{"rendered":"Silcone Roof Patch\u2122"},"content":{"rendered":"<p>[et_pb_section fb_built=&#8221;1&#8243; fullwidth=&#8221;on&#8221; _builder_version=&#8221;4.6.0&#8243; _module_preset=&#8221;default&#8221; global_colors_info=&#8221;{}&#8221;][et_pb_fullwidth_header title=&#8221;SILICONE roof patch\u2122&#8221; _builder_version=&#8221;4.6.0&#8243; _module_preset=&#8221;default&#8221; title_font=&#8221;|700|||||||&#8221; title_text_color=&#8221;#ffffff&#8221; background_enable_color=&#8221;off&#8221; background_image=&#8221;<a href=\"https:\/\/toppsproducts.com\/wp-content\/uploads\/2020\/08\/header-background.jpg&#038;#8221\">https:\/\/toppsproducts.com\/wp-content\/uploads\/2020\/08\/header-background.jpg&#038;#8221<\/a>; title_text_shadow_style=&#8221;preset2&#8243; title_text_shadow_color=&#8221;#000000&#8243; global_colors_info=&#8221;{}&#8221;][\/et_pb_fullwidth_header][\/et_pb_section][et_pb_section fb_built=&#8221;1&#8243; _builder_version=&#8221;4.0.9&#8243; global_colors_info=&#8221;{}&#8221;][et_pb_row column_structure=&#8221;1_2,1_2&#8243; _builder_version=&#8221;4.0.9&#8243; global_colors_info=&#8221;{}&#8221;][et_pb_column type=&#8221;1_2&#8243; _builder_version=&#8221;4.0.9&#8243; global_colors_info=&#8221;{}&#8221;][et_pb_text _builder_version=&#8221;4.6.0&#8243; custom_margin=&#8221;||-3px|||&#8221; global_colors_info=&#8221;{}&#8221;]<\/p>\n<div class=\"row column\" data-finder-type=\"Web App\" data-finder-name=\"Page Control\" data-finder-id=\"4690453\">\n<div class=\"row column\" data-finder-type=\"Web App\" data-finder-name=\"Page Control\" data-finder-id=\"4690453\">\n<h1 class=\"inner-header__title\"><span style=\"color: #004d51;\"><strong><span class=\"inner-header__headline\">SILICONE roof patch\u2122<\/span><\/strong><\/span><\/h1>\n<\/div>\n<\/div>\n<div class=\"product-info__title\">\n<p class=\"subheader\"><strong><span style=\"color: #000000;\">Silicone Roof Patch\u2122 &#8211; <span>Heavy-Duty Leak Protection<\/span><\/span><\/strong><\/p>\n<\/div>\n<p><strong><span class=\"product-info__reference\">Reference #\u00a0<\/span><\/strong><\/p>\n<div class=\"product-info__title\">\n<p>&nbsp;<\/p>\n<\/div>\n<p>[\/et_pb_text][et_pb_image src=&#8221;<a href=\"https:\/\/toppsproducts.com\/wp-content\/uploads\/2025\/05\/ToppsSiliconeRoofRepairPatch_2Gal_940x.png.webp&#038;#8221\">https:\/\/toppsproducts.com\/wp-content\/uploads\/2025\/05\/ToppsSiliconeRoofRepairPatch_2Gal_940x.png.webp&#038;#8221<\/a>; alt=&#8221;1-gallon pail of Silicone Roof Patch for professional-grade roof leak repair on low-slope commercial roofing systems.&#8221; title_text=&#8221;Topps Products Silicone Roof Repair Patch&#8221; _builder_version=&#8221;4.10.5&#8243; global_colors_info=&#8221;{}&#8221;][\/et_pb_image][\/et_pb_column][et_pb_column type=&#8221;1_2&#8243; _builder_version=&#8221;4.0.9&#8243; global_colors_info=&#8221;{}&#8221;][et_pb_text _builder_version=&#8221;4.6.0&#8243; global_colors_info=&#8221;{}&#8221;]<\/p>\n<div class=\"product-info__price\"><\/div>\n<h2 class=\"headings\"><span style=\"color: #004d51;\"><strong>DESCRIPTION<\/strong><\/span><\/h2>\n<p>[\/et_pb_text][et_pb_divider _builder_version=&#8221;4.0.9&#8243; global_colors_info=&#8221;{}&#8221;][\/et_pb_divider][et_pb_text _builder_version=&#8221;4.6.0&#8243; global_colors_info=&#8221;{}&#8221;]<\/p>\n<p><span style=\"font-weight: 400;\">Silicone Roof Patch<span style=\"color: #000000;\">\u2122<\/span> is a heavy-bodied, rubberized sealant designed for long-term roof repair and leak prevention. This flexible, white silicone adheres to most roofing surfaces and provides a weatherproof, UV-resistant shield that stretches with building movement and withstands freeze\/thaw cycles. Whether you\u2019re sealing seams, blisters, or storm damage, this patch delivers dependable waterproofing and extends the life of aging roofs without costly tear-offs. Engineered for performance in any climate, it\u2019s the trusted choice for professional roofing contractors and facilities teams.<\/span><\/p>\n<ul>\n<li style=\"font-weight: 400;\" aria-level=\"1\"><span style=\"font-weight: 400;\">Permanently seals leaks, cracks, and vulnerable roof joints<\/span><\/li>\n<li style=\"font-weight: 400;\" aria-level=\"1\"><span style=\"font-weight: 400;\">Maintains flexibility in extreme heat and sub-zero temperatures<\/span><\/li>\n<li style=\"font-weight: 400;\" aria-level=\"1\"><span style=\"font-weight: 400;\">Compatible with TPO, EPDM, built-up, spray foam, and more<\/span><\/li>\n<li style=\"font-weight: 400;\" aria-level=\"1\"><span style=\"font-weight: 400;\">Resistant to UV damage, chalking, and environmental degradation<\/span><\/li>\n<li style=\"font-weight: 400;\" aria-level=\"1\"><span style=\"font-weight: 400;\">Easy to apply with trowel or brush<\/span><\/li>\n<\/ul>\n<p><b>Cure Time:<\/b><span style=\"font-weight: 400;\"> Tack-free in 3\u20136 hours; full cure in 24 hours.<\/span><span style=\"font-weight: 400;\"><br \/><\/span><b>Note:<\/b><span style=\"font-weight: 400;\"> Not recommended for use over asphalt shingles.<\/span><span style=\"font-weight: 400;\"><br \/><\/span><b>Quantit\u00e9 et couleur :<\/b><span style=\"font-weight: 400;\"> Sold in 1-gallon pails. White finish.<\/span><\/p>\n<ul><\/ul>\n<p>[\/et_pb_text][et_pb_button button_url=&#8221;<a href=\"https:\/\/toppsproducts.myshopify.com\/collections\/roof-sealants-coatings\/products\/topps-high-build-silicone-coating&#038;#8221\" rel=\"nofollow\">https:\/\/toppsproducts.myshopify.com\/collections\/roof-sealants-coatings\/products\/topps-high-build-silicone-coating&#038;#8221<\/a>; button_text=&#8221;BUY NOW&#8221; admin_label=&#8221;Button&#8221; _builder_version=&#8221;4.10.5&#8243; custom_button=&#8221;on&#8221; button_text_color=&#8221;#ffffff&#8221; button_bg_color=&#8221;#0da0c5&#8243; button_border_color=&#8221;#0da0c5&#8243; button_font=&#8221;|700|||||||&#8221; hover_enabled=&#8221;0&#8243; global_colors_info=&#8221;{}&#8221; sticky_enabled=&#8221;0&#8243;][\/et_pb_button][\/et_pb_column][\/et_pb_row][\/et_pb_section][et_pb_section fb_built=&#8221;1&#8243; _builder_version=&#8221;4.0.9&#8243; background_color=&#8221;#d6d6d6&#8243; global_colors_info=&#8221;{}&#8221;][et_pb_row column_structure=&#8221;1_2,1_2&#8243; _builder_version=&#8221;4.0.9&#8243; background_color=&#8221;#ffffff&#8221; custom_padding=&#8221;|75px||75px||&#8221; global_colors_info=&#8221;{}&#8221;][et_pb_column type=&#8221;1_2&#8243; _builder_version=&#8221;4.0.9&#8243; global_colors_info=&#8221;{}&#8221;][et_pb_text _builder_version=&#8221;4.6.0&#8243; text_text_color=&#8221;#ffffff&#8221; header_text_color=&#8221;#ffffff&#8221; background_color=&#8221;#004d51&#8243; custom_padding=&#8221;32px|50px|50px|50px||&#8221; global_colors_info=&#8221;{}&#8221;]<\/p>\n<h2 class=\"headings\"><span style=\"color: #ffffff;\"><strong>Caract\u00e9ristiques<\/strong><\/span><\/h2>\n<p><span style=\"color: #ffffff;\"><strong>Caract\u00e9ristiques des mat\u00e9riaux humides\u00a0:<\/strong><\/span><\/p>\n<table class=\"product-table\">\n<tbody>\n<tr>\n<td width=\"312\"><span style=\"color: #ffffff;\">Viscosit\u00e9<\/span><\/td>\n<td width=\"312\"><span style=\"color: #ffffff;\"><span style=\"font-weight: 400;\">Heavy trowel-grade<\/span><\/span><\/td>\n<\/tr>\n<tr>\n<td width=\"312\"><span style=\"color: #ffffff;\">Poids par gallon<\/span><\/td>\n<td width=\"312\"><span style=\"color: #ffffff;\"><span style=\"font-weight: 400;\">~11.0 lb. (approx.)<\/span><\/span><\/td>\n<\/tr>\n<tr>\n<td width=\"312\"><span style=\"color: #ffffff;\">Solides<\/span><\/td>\n<td width=\"312\">\n<p><span style=\"font-weight: 400;\">&gt;90<\/span><\/p>\n<\/td>\n<\/tr>\n<tr>\n<td width=\"312\"><span style=\"color: #ffffff;\">Point d&#039;\u00e9clair du solvant<\/span><\/td>\n<td width=\"312\">\n<p><span style=\"color: #ffffff;\"><span style=\"color: #ffffff;\">104\u00b0 F<\/span><\/span><\/p>\n<p>&nbsp;<\/p>\n<\/td>\n<\/tr>\n<tr>\n<td width=\"312\"><span style=\"color: #ffffff;\">COV<\/span><\/td>\n<td width=\"312\"><span style=\"color: #ffffff;\">&lt;2<span>50 g\/L<\/span><\/span><\/td>\n<\/tr>\n<\/tbody>\n<\/table>\n<p>&nbsp;<\/p>\n<p><span style=\"color: #ffffff;\"><strong>Rev\u00eatement durci\u00a0:<\/strong><\/span><\/p>\n<table class=\"product-table\">\n<tbody>\n<tr>\n<td width=\"312\"><span style=\"color: #ffffff;\">Sec au toucher \u00e0 77 \u00b0F (humidit\u00e9 relative 50%)<\/span><\/td>\n<td width=\"312\">\n<p><span style=\"font-weight: 400;\">~3\u20136 hours<\/span><\/p>\n<\/td>\n<\/tr>\n<tr>\n<td width=\"312\"><span style=\"color: #ffffff;\">\u00c9longation ultime<\/span><\/td>\n<td width=\"312\"><span style=\"color: #ffffff;\">400-500%<\/span><\/td>\n<\/tr>\n<tr>\n<td width=\"312\"><span style=\"color: #ffffff;\">R\u00e9sistance \u00e0 la traction ultime<\/span><\/td>\n<td width=\"312\">\n<p><span style=\"font-weight: 400;\">250\u2013400 psi<\/span><\/p>\n<\/td>\n<\/tr>\n<tr>\n<td width=\"312\"><span style=\"color: #ffffff;\">Adh\u00e9sion au pelage<\/span><\/td>\n<td width=\"312\"><span style=\"color: #ffffff;\">2.0 pli<\/span><\/td>\n<\/tr>\n<tr>\n<td width=\"312\"><span style=\"color: #ffffff;\">Perm\u00e9abilit\u00e9 \u00e0 la vapeur d&#039;eau<\/span><\/td>\n<td width=\"312\"><span style=\"color: #ffffff;\">0.15 Perms<\/span><\/td>\n<\/tr>\n<tr>\n<td width=\"312\"><span style=\"color: #ffffff;\">Absorption d&#039;humidit\u00e9 -7 jours d&#039;immersion-<\/span><\/td>\n<td width=\"312\"><span style=\"color: #ffffff;\">&lt;0.40%&gt;<\/span><\/td>\n<\/tr>\n<tr>\n<td width=\"312\"><span style=\"color: #ffffff;\">La temp\u00e9rature de service<\/span><\/td>\n<td width=\"312\"><span style=\"color: #ffffff;\">-40\u00b0 &#8211; 350\u00b0 F<\/span><\/td>\n<\/tr>\n<\/tbody>\n<\/table>\n<p>[\/et_pb_text][\/et_pb_column][et_pb_column type=&#8221;1_2&#8243; _builder_version=&#8221;4.0.9&#8243; global_colors_info=&#8221;{}&#8221;][et_pb_text _builder_version=&#8221;4.6.0&#8243; link_font=&#8221;|700|||||||&#8221; background_color=&#8221;#dae5e7&#8243; custom_padding=&#8221;32px|50px|50px|50px||&#8221; global_colors_info=&#8221;{}&#8221;]<\/p>\n<h2 class=\"headings\"><span style=\"color: #004d51;\"><strong>FAQ<\/strong><\/span><\/h2>\n<p><span style=\"color: #000000;\"><strong>Q\u00a0: <b>What\u2019s the best way to apply the Roof Patch?<\/b><br \/><\/strong>UN: <span><span style=\"font-weight: 400;\">Use a trowel or brush for even application over cracks, seams, or blisters.<\/span><\/span><\/span><\/p>\n<p><span style=\"color: #000000;\"><strong>Q\u00a0: <span><b>Can it be used during winter?<\/b><\/span><br \/><\/strong>UN: <span style=\"font-weight: 400;\">Yes. It remains flexible and adheres well in both hot and cold climates.<\/span><\/span><\/p>\n<p><span style=\"color: #000000;\"><strong>Q\u00a0: <b>Will this work on ponding areas?<\/b><br \/><\/strong>UN: <span style=\"font-weight: 400;\">Yes. Once cured, it forms a seamless, ponding-resistant surface.<\/span><\/span><\/p>\n<p><span style=\"color: #000000;\"><span style=\"font-weight: 400;\"><strong>Q\u00a0: <b>Is it paintable?<\/b><br \/><\/strong>UN: <\/span><\/span><span style=\"font-weight: 400;\">No. Silicone products are not paintable. However, their natural UV resistance reduces need for painting.<\/span><\/p>\n<p>&nbsp;<\/p>\n<h3 class=\"headings\"><strong>Ressources<\/strong><\/h3>\n<ul>\n<li><a title=\"Skycoat-Tech-Donn\u00e9es\" href=\"https:\/\/toppsproducts.com\/wp-content\/uploads\/2020\/09\/Skycoat-Tech-Data.pdf\" target=\"_blank\" rel=\"noopener noreferrer\">Donn\u00e9es techniques<\/a><\/li>\n<li><a title=\"SkyCoat-Domestic-FDS\" href=\"https:\/\/toppsproducts.com\/wp-content\/uploads\/2020\/09\/SkyCoat-Domestic-SDS.pdf\" target=\"_blank\" rel=\"noopener noreferrer\">Fiche de donn\u00e9es de s\u00e9curit\u00e9 (domestique)<\/a><\/li>\n<li><a title=\"SkyCoat-International-FDS\" href=\"https:\/\/toppsproducts.com\/wp-content\/uploads\/2020\/09\/SkyCoat-International-SDS.pdf\" target=\"_blank\" rel=\"noopener noreferrer\">Fiche de donn\u00e9es de s\u00e9curit\u00e9 (internationale)<\/a><\/li>\n<\/ul>\n<p>&nbsp;<\/p>\n<p>&nbsp;<\/p>\n<p>[\/et_pb_text][\/et_pb_column][\/et_pb_row][\/et_pb_section][et_pb_section fb_built=&#8221;1&#8243; admin_label=&#8221;Bottom Colums&#8221; _builder_version=&#8221;4.10.5&#8243; background_color=&#8221;#004d51&#8243; custom_padding=&#8221;16px||0px|||&#8221; global_module=&#8221;1733&#8243; saved_tabs=&#8221;all&#8221; global_colors_info=&#8221;{}&#8221;][\/et_pb_section][et_pb_section fb_built=&#8221;1&#8243; admin_label=&#8221;Footer&#8221; _builder_version=&#8221;4.10.5&#8243; background_color=&#8221;#424242&#8243; custom_padding=&#8221;7px||0px|||&#8221; global_module=&#8221;1734&#8243; saved_tabs=&#8221;all&#8221; global_colors_info=&#8221;{}&#8221;][et_pb_row column_structure=&#8221;1_3,1_3,1_3&#8243; _builder_version=&#8221;4.0.9&#8243; custom_padding=&#8221;13px||18px|||&#8221; global_colors_info=&#8221;{}&#8221;][et_pb_column type=&#8221;1_3&#8243; _builder_version=&#8221;4.0.9&#8243; global_colors_info=&#8221;{}&#8221;][et_pb_text _builder_version=&#8221;4.10.5&#8243; global_colors_info=&#8221;{}&#8221;]<\/p>\n<p>&nbsp;<\/p>\n<p class=\"footer-bottom__copyright\"><span style=\"color: #ffffff;\">\u00a9 2024 Topps Products, Inc. All Rights Reserved.\u00a0<\/span><\/p>\n<p>[\/et_pb_text][\/et_pb_column][et_pb_column type=&#8221;1_3&#8243; _builder_version=&#8221;4.10.5&#8243; _module_preset=&#8221;default&#8221; global_colors_info=&#8221;{}&#8221;][\/et_pb_column][et_pb_column type=&#8221;1_3&#8243; _builder_version=&#8221;4.0.9&#8243; global_colors_info=&#8221;{}&#8221;][et_pb_image src=&#8221;<a href=\"https:\/\/toppsproducts.com\/wp-content\/uploads\/2022\/03\/Untitled-design-2-e1646777203869.png&#038;#8221\">https:\/\/toppsproducts.com\/wp-content\/uploads\/2022\/03\/Untitled-design-2-e1646777203869.png&#038;#8221<\/a>; title_text=&#8221;Untitled design (2)&#8221; _builder_version=&#8221;4.10.5&#8243; vertical_offset=&#8221;-70px&#8221; horizontal_offset=&#8221;10px&#8221; vertical_offset_tablet=&#8221;&#8221; vertical_offset_phone=&#8221;23px&#8221; vertical_offset_last_edited=&#8221;on|phone&#8221; horizontal_offset_tablet=&#8221;&#8221; horizontal_offset_phone=&#8221;6px&#8221; horizontal_offset_last_edited=&#8221;on|phone&#8221; position_origin_a_tablet=&#8221;&#8221; position_origin_a_phone=&#8221;&#8221; position_origin_a_last_edited=&#8221;on|phone&#8221; position_origin_f_tablet=&#8221;&#8221; position_origin_f_phone=&#8221;&#8221; position_origin_f_last_edited=&#8221;on|phone&#8221; position_origin_r_tablet=&#8221;&#8221; position_origin_r_phone=&#8221;&#8221; position_origin_r_last_edited=&#8221;on|phone&#8221; positioning_tablet=&#8221;&#8221; positioning_phone=&#8221;relative&#8221; positioning_last_edited=&#8221;on|phone&#8221; global_colors_info=&#8221;{}&#8221;][\/et_pb_image][\/et_pb_column][\/et_pb_row][\/et_pb_section]<\/p>","protected":false},"excerpt":{"rendered":"<p>SILICONE roof patch\u2122 Silicone Roof Patch\u2122 &#8211; Heavy-Duty Leak Protection Reference #\u00a0 &nbsp; DESCRIPTIONSilicone Roof Patch\u2122 is a heavy-bodied, rubberized sealant designed for long-term roof repair and leak prevention. This flexible, white silicone adheres to most roofing surfaces and provides a weatherproof, UV-resistant shield that stretches with building movement and withstands freeze\/thaw cycles. Whether you\u2019re [&hellip;]<\/p>","protected":false},"author":3,"featured_media":0,"parent":54,"menu_order":9,"comment_status":"closed","ping_status":"closed","template":"","meta":{"_et_pb_use_builder":"on","_et_pb_old_content":"","_et_gb_content_width":"","_crdt_document":"","footnotes":""},"class_list":["post-5925","page","type-page","status-publish","hentry"],"aioseo_notices":[],"jetpack_sharing_enabled":true,"_links":{"self":[{"href":"https:\/\/toppsproducts.com\/fr\/wp-json\/wp\/v2\/pages\/5925","targetHints":{"allow":["GET"]}}],"collection":[{"href":"https:\/\/toppsproducts.com\/fr\/wp-json\/wp\/v2\/pages"}],"about":[{"href":"https:\/\/toppsproducts.com\/fr\/wp-json\/wp\/v2\/types\/page"}],"author":[{"embeddable":true,"href":"https:\/\/toppsproducts.com\/fr\/wp-json\/wp\/v2\/users\/3"}],"replies":[{"embeddable":true,"href":"https:\/\/toppsproducts.com\/fr\/wp-json\/wp\/v2\/comments?post=5925"}],"version-history":[{"count":11,"href":"https:\/\/toppsproducts.com\/fr\/wp-json\/wp\/v2\/pages\/5925\/revisions"}],"predecessor-version":[{"id":5973,"href":"https:\/\/toppsproducts.com\/fr\/wp-json\/wp\/v2\/pages\/5925\/revisions\/5973"}],"up":[{"embeddable":true,"href":"https:\/\/toppsproducts.com\/fr\/wp-json\/wp\/v2\/pages\/54"}],"wp:attachment":[{"href":"https:\/\/toppsproducts.com\/fr\/wp-json\/wp\/v2\/media?parent=5925"}],"curies":[{"name":"wp","href":"https:\/\/api.w.org\/{rel}","templated":true}]}}