{"id":5893,"date":"2025-05-30T09:15:35","date_gmt":"2025-05-30T13:15:35","guid":{"rendered":"https:\/\/toppsproducts.com\/?page_id=5893"},"modified":"2026-02-25T12:36:49","modified_gmt":"2026-02-25T17:36:49","slug":"products-silicone-high-build-coating","status":"publish","type":"page","link":"https:\/\/toppsproducts.com\/fr\/products\/roof-sealants-and-coatings\/products-silicone-high-build-coating\/","title":{"rendered":"Silcone High Build Coating\u2122"},"content":{"rendered":"<div data-elementor-type=\"wp-page\" data-elementor-id=\"5893\" class=\"elementor elementor-5893\" data-elementor-post-type=\"page\">\n\t\t\t\t\t\t<section class=\"elementor-section elementor-top-section elementor-element elementor-element-40c2840c elementor-section-boxed elementor-section-height-default elementor-section-height-default\" data-id=\"40c2840c\" data-element_type=\"section\" data-e-type=\"section\">\n\t\t\t\t\t\t<div class=\"elementor-container elementor-column-gap-default\">\n\t\t\t\t\t<div class=\"elementor-column elementor-col-100 elementor-top-column elementor-element elementor-element-78177202\" data-id=\"78177202\" data-element_type=\"column\" data-e-type=\"column\">\n\t\t\t<div class=\"elementor-widget-wrap elementor-element-populated\">\n\t\t\t\t\t\t<div class=\"elementor-element elementor-element-14c44d4 elementor-widget elementor-widget-text-editor\" data-id=\"14c44d4\" data-element_type=\"widget\" data-e-type=\"widget\" data-widget_type=\"text-editor.default\">\n\t\t\t\t<div class=\"elementor-widget-container\">\n\t\t\t\t\t\t\t\t\t<p>[et_pb_section fb_built=&#8221;1&#8243; fullwidth=&#8221;on&#8221; _builder_version=&#8221;4.6.0&#8243; _module_preset=&#8221;default&#8221; global_colors_info=&#8221;{}&#8221;][et_pb_fullwidth_header title=&#8221;SILICONE HIGH BUILD COATING\u2122&#8221; _builder_version=&#8221;4.6.0&#8243; _module_preset=&#8221;default&#8221; title_font=&#8221;|700|||||||&#8221; title_text_color=&#8221;#ffffff&#8221; background_enable_color=&#8221;off&#8221; background_image=&#8221;<a href=\"https:\/\/toppsproducts.com\/wp-content\/uploads\/2020\/08\/header-background.jpg&#038;#8221\">https:\/\/toppsproducts.com\/wp-content\/uploads\/2020\/08\/header-background.jpg&#038;#8221<\/a>; title_text_shadow_style=&#8221;preset2&#8243; title_text_shadow_color=&#8221;#000000&#8243; global_colors_info=&#8221;{}&#8221;][\/et_pb_fullwidth_header][\/et_pb_section][et_pb_section fb_built=&#8221;1&#8243; _builder_version=&#8221;4.0.9&#8243; global_colors_info=&#8221;{}&#8221;][et_pb_row column_structure=&#8221;1_2,1_2&#8243; _builder_version=&#8221;4.0.9&#8243; global_colors_info=&#8221;{}&#8221;][et_pb_column type=&#8221;1_2&#8243; _builder_version=&#8221;4.0.9&#8243; global_colors_info=&#8221;{}&#8221;][et_pb_text _builder_version=&#8221;4.6.0&#8243; custom_margin=&#8221;||-3px|||&#8221; global_colors_info=&#8221;{}&#8221;]<\/p>\n<div data-finder-type=\"Web App\" data-finder-name=\"Page Control\" data-finder-id=\"4690453\">\n<div data-finder-type=\"Web App\" data-finder-name=\"Page Control\" data-finder-id=\"4690453\">\n<h1><span style=\"color: #004d51;\"><strong>SILICONE HIGH BUILD COATING\u2122<\/strong><\/span><\/h1>\n<\/div>\n<\/div>\n<div>\n<p><strong><span style=\"color: #000000;\">Silicone High Build Coating\u2122 &#8211; 100% Seamless Protection<\/span><\/strong><\/p>\n<\/div>\n<p><strong>R\u00e9f\u00e9rence # 18<\/strong><\/p>\n<div>&nbsp;<\/div>\n<p>[\/et_pb_text][et_pb_image src=&#8221;<a href=\"https:\/\/toppsproducts.com\/wp-content\/uploads\/2025\/05\/SILICONE-HIGH-BUILD-COATING.jpeg.webp&#038;#8221\">https:\/\/toppsproducts.com\/wp-content\/uploads\/2025\/05\/SILICONE-HIGH-BUILD-COATING.jpeg.webp&#038;#8221<\/a>; alt=&#8221;5-gallon pail of Silicone High Build Coating<span style=\"background-color: #ffffff; color: #000000; font-size: 14px;\">\u2122<\/span><span style=\"font-size: 14px;\">&nbsp;used for commercial flat roofs&#8221; title_text=&#8221;SILICONE HIGH BUILD COATING.jpeg&#8221; _builder_version=&#8221;4.10.5&#8243; global_colors_info=&#8221;{}&#8221;][\/et_pb_image][\/et_pb_column][et_pb_column type=&#8221;1_2&#8243; _builder_version=&#8221;4.0.9&#8243; global_colors_info=&#8221;{}&#8221;][et_pb_text _builder_version=&#8221;4.6.0&#8243; global_colors_info=&#8221;{}&#8221;]<\/span><\/p>\n<div>&nbsp;<\/div>\n<h2><span style=\"color: #004d51;\"><strong>DESCRIPTION<\/strong><\/span><\/h2>\n<p>[\/et_pb_text][et_pb_divider _builder_version=&#8221;4.0.9&#8243; global_colors_info=&#8221;{}&#8221;][\/et_pb_divider][et_pb_text _builder_version=&#8221;4.6.0&#8243; global_colors_info=&#8221;{}&#8221;]<\/p>\n<p>Silicone High Build Coating<span style=\"color: #000000;\">\u2122<\/span> is a premium-grade, high-solids roof coating engineered for extreme durability, waterproofing, and energy efficiency. This 100% silicone formula is solvent-free and moisture-cured, forming a seamless, flexible membrane that resists ponding water and harsh weather conditions. Its low viscosity makes application fast and clean, while its brilliant white finish reflects solar heat to lower rooftop temperatures and reduce energy costs. Approved for a wide range of roofing systems, this coating is the go-to solution for contractors seeking long-term protection and reduced maintenance needs.<\/p>\n<ul data-start=\"1013\" data-end=\"1331\">\n<li data-start=\"1013\" data-end=\"1081\">\n<p data-start=\"1015\" data-end=\"1081\">Creates a seamless waterproof barrier that resists ponding water<\/p>\n<\/li>\n<li data-start=\"1082\" data-end=\"1142\">\n<p data-start=\"1084\" data-end=\"1142\">Bright white, UV-reflective surface reduces energy loads<\/p>\n<\/li>\n<li data-start=\"1143\" data-end=\"1212\">\n<p data-start=\"1145\" data-end=\"1212\">Bonds to metal, TPO, EPDM, PVC, spray foam &amp; more \u2014 even unprimed<\/p>\n<\/li>\n<li data-start=\"1213\" data-end=\"1273\">\n<p data-start=\"1215\" data-end=\"1273\">Flexible and crack-resistant across temperature extremes<\/p>\n<\/li>\n<li data-start=\"1274\" data-end=\"1331\">\n<p data-start=\"1276\" data-end=\"1331\">Solvent-free and compliant with environmental standards<\/p>\n<\/li>\n<\/ul>\n<p data-start=\"1333\" data-end=\"1517\"><strong data-start=\"1333\" data-end=\"1347\">Cure Time:<\/strong> Tack-free in 2\u20134 hours depending on conditions.<br data-start=\"1395\" data-end=\"1398\"><strong data-start=\"1398\" data-end=\"1407\">Note:<\/strong> Not intended for use on asphalt shingle roofs.<br data-start=\"1454\" data-end=\"1457\"><strong data-start=\"1457\" data-end=\"1480\">Quantit\u00e9 et couleur :<\/strong> Sold in 5-gallon pails. Cures white.<\/p>\n<p>[\/et_pb_text][et_pb_button button_url=&#8221;<a href=\"https:\/\/toppsproducts.com\/fr\/products\/roof-sealants-and-coatings\/products-silicone-high-build-coating\/get-a-quote\/\">https:\/\/toppsproducts.com\/products\/roof-sealants-and-coatings\/products-silicone-high-build-coating\/get-a-quote\/<\/a><span style=\"font-size: 14px;\">&#8221; button_text=&#8221;GET A QUOTE&#8221; admin_label=&#8221;Button&#8221; _builder_version=&#8221;4.10.5&#8243; custom_button=&#8221;on&#8221; button_text_color=&#8221;#ffffff&#8221; button_bg_color=&#8221;#0da0c5&#8243; button_border_color=&#8221;#0da0c5&#8243; button_font=&#8221;|700|||||||&#8221; global_colors_info=&#8221;{}&#8221;][\/et_pb_button][\/et_pb_column][\/et_pb_row][\/et_pb_section][et_pb_section fb_built=&#8221;1&#8243; _builder_version=&#8221;4.0.9&#8243; background_color=&#8221;#d6d6d6&#8243; global_colors_info=&#8221;{}&#8221;][et_pb_row column_structure=&#8221;1_2,1_2&#8243; _builder_version=&#8221;4.0.9&#8243; background_color=&#8221;#ffffff&#8221; custom_padding=&#8221;|75px||75px||&#8221; global_colors_info=&#8221;{}&#8221;][et_pb_column type=&#8221;1_2&#8243; _builder_version=&#8221;4.0.9&#8243; global_colors_info=&#8221;{}&#8221;][et_pb_text _builder_version=&#8221;4.6.0&#8243; text_text_color=&#8221;#ffffff&#8221; header_text_color=&#8221;#ffffff&#8221; background_color=&#8221;#004d51&#8243; custom_padding=&#8221;32px|50px|50px|50px||&#8221; global_colors_info=&#8221;{}&#8221;]<\/span><\/p>\n<h2><span style=\"color: #ffffff;\"><strong>Caract\u00e9ristiques<\/strong><\/span><\/h2>\n<p><span style=\"color: #ffffff;\"><strong>Caract\u00e9ristiques des mat\u00e9riaux humides\u00a0:<\/strong><\/span><\/p>\n<table>\n<tbody>\n<tr>\n<td width=\"312\"><span style=\"color: #ffffff;\">Viscosit\u00e9<\/span><\/td>\n<td width=\"312\"><span style=\"color: #ffffff;\">105 \u2013 110 KU <\/span><\/td>\n<\/tr>\n<tr>\n<td width=\"312\"><span style=\"color: #ffffff;\">Poids par gallon<\/span><\/td>\n<td width=\"312\"><span style=\"color: #ffffff;\">8,4 \u00e0 8,8 livres.<\/span><\/td>\n<\/tr>\n<tr>\n<td width=\"312\"><span style=\"color: #ffffff;\">Solides<\/span><\/td>\n<td width=\"312\"><span style=\"color: #ffffff;\">90%<\/span><\/td>\n<\/tr>\n<tr>\n<td width=\"312\"><span style=\"color: #ffffff;\">Point d&#039;\u00e9clair du solvant<\/span><\/td>\n<td width=\"312\"><span style=\"color: #ffffff;\">104\u00b0 F<\/span><\/td>\n<\/tr>\n<tr>\n<td width=\"312\"><span style=\"color: #ffffff;\">COV<\/span><\/td>\n<td width=\"312\"><span style=\"color: #ffffff;\">&lt;50 g\/L<\/span><\/td>\n<\/tr>\n<\/tbody>\n<\/table>\n<p><span style=\"color: #ffffff;\"><strong>Rev\u00eatement durci\u00a0:<\/strong><\/span><\/p>\n<table>\n<tbody>\n<tr>\n<td width=\"312\"><span style=\"color: #ffffff;\">Sec au toucher \u00e0 77 \u00b0F (humidit\u00e9 relative 50%)<\/span><\/td>\n<td width=\"312\"><span style=\"color: #ffffff;\">~ 4 heures<\/span><\/td>\n<\/tr>\n<tr>\n<td width=\"312\"><span style=\"color: #ffffff;\">\u00c9longation ultime<\/span><\/td>\n<td width=\"312\"><span style=\"color: #ffffff;\">468% min.<\/span><\/td>\n<\/tr>\n<tr>\n<td width=\"312\"><span style=\"color: #ffffff;\">R\u00e9sistance \u00e0 la traction ultime<\/span><\/td>\n<td width=\"312\"><span style=\"color: #ffffff;\">205 psi min.<\/span><\/td>\n<\/tr>\n<tr>\n<td width=\"312\"><span style=\"color: #ffffff;\">Adh\u00e9sion au pelage<\/span><\/td>\n<td width=\"312\"><span style=\"color: #ffffff;\">2,4 plis<\/span><\/td>\n<\/tr>\n<tr>\n<td width=\"312\"><span style=\"color: #ffffff;\">Perm\u00e9abilit\u00e9 \u00e0 la vapeur d&#039;eau<\/span><\/td>\n<td width=\"312\"><span style=\"color: #ffffff;\">6.7 Perms<\/span><\/td>\n<\/tr>\n<tr>\n<td width=\"312\"><span style=\"color: #ffffff;\">Absorption d&#039;humidit\u00e9 -7 jours d&#039;immersion-<\/span><\/td>\n<td width=\"312\"><span style=\"color: #ffffff;\">&lt;0.45%&gt;<\/span><\/td>\n<\/tr>\n<tr>\n<td width=\"312\"><span style=\"color: #ffffff;\">La temp\u00e9rature de service<\/span><\/td>\n<td width=\"312\"><span style=\"color: #ffffff;\">-40\u00b0 \u2013 140\u00b0 F<\/span><\/td>\n<\/tr>\n<\/tbody>\n<\/table>\n<p>[\/et_pb_text][\/et_pb_column][et_pb_column type=&#8221;1_2&#8243; _builder_version=&#8221;4.0.9&#8243; global_colors_info=&#8221;{}&#8221;][et_pb_text _builder_version=&#8221;4.6.0&#8243; link_font=&#8221;|700|||||||&#8221; background_color=&#8221;#dae5e7&#8243; custom_padding=&#8221;32px|50px|50px|50px||&#8221; global_colors_info=&#8221;{}&#8221;]<\/p>\n<h2><span style=\"color: #004d51;\"><strong>FAQ<\/strong><\/span><\/h2>\n<p><span style=\"color: #000000;\"><strong>Q: Can this be applied over an existing elastomeric coating?<br><\/strong>A: Yes. Silicone High Build Coating\u2122 adheres well to elastomerics, aluminum coatings, and more.<\/span><\/p>\n<p><span style=\"color: #000000;\"><strong>Q: Is a primer needed for application?<br><\/strong>A: In most cases, no primer is needed\u2014especially on weathered TPO, EPDM, or foam.<\/span><\/p>\n<p><span style=\"color: #000000;\"><strong>Q: How long does Silicone High Build Coating\u2122 last?<br><\/strong>A: When properly applied and maintained, the coating can last 15\u201320 years.<\/span><\/p>\n<h3><strong>Ressources<\/strong><\/h3>\n<ul>\n<li><span style=\"font-size: 14px;\"><a href=\"https:\/\/toppsproducts.com\/wp-content\/uploads\/2026\/02\/Topps-High-Build-Silicone-Technical-Data.pdf\" target=\"_blank\" rel=\"noopener\">Donn\u00e9es techniques&nbsp;&nbsp;<\/a><\/span><\/li>\n<li><span style=\"font-size: 14px;\"><span style=\"font-size: 14px;\"><a href=\"https:\/\/toppsproducts.com\/wp-content\/uploads\/2026\/02\/Topps-High-Build-Silicone-SDS.pdf\" target=\"_blank\" rel=\"noopener\">Safety Data Sheet&nbsp; &nbsp;<\/a><br><\/span><\/span><br><p class=\"p1\" style=\"font-variant-numeric: normal; font-variant-east-asian: normal; font-variant-alternates: normal; font-size-adjust: none; font-language-override: normal; font-kerning: auto; font-optical-sizing: auto; font-feature-settings: normal; font-variation-settings: normal; font-variant-position: normal; font-variant-emoji: normal; font-stretch: normal; font-size: 13px; line-height: normal; font-family: 'Helvetica Neue'; min-height: 15px; color: #000000;\">\n<\/p><p>[\/et_pb_text][\/et_pb_column][\/et_pb_row][\/et_pb_section][et_pb_section fb_built=&#8221;1&#8243; admin_label=&#8221;Bottom Colums&#8221; _builder_version=&#8221;4.10.5&#8243; background_color=&#8221;#004d51&#8243; custom_padding=&#8221;16px||0px|||&#8221; global_module=&#8221;1733&#8243; saved_tabs=&#8221;all&#8221; global_colors_info=&#8221;{}&#8221;][\/et_pb_section][et_pb_section fb_built=&#8221;1&#8243; admin_label=&#8221;Footer&#8221; _builder_version=&#8221;4.10.5&#8243; background_color=&#8221;#424242&#8243; custom_padding=&#8221;7px||0px|||&#8221; global_module=&#8221;1734&#8243; saved_tabs=&#8221;all&#8221; global_colors_info=&#8221;{}&#8221;][et_pb_row column_structure=&#8221;1_3,1_3,1_3&#8243; _builder_version=&#8221;4.0.9&#8243; custom_padding=&#8221;13px||18px|||&#8221; global_colors_info=&#8221;{}&#8221;][et_pb_column type=&#8221;1_3&#8243; _builder_version=&#8221;4.0.9&#8243; global_colors_info=&#8221;{}&#8221;][et_pb_text _builder_version=&#8221;4.10.5&#8243; global_colors_info=&#8221;{}&#8221;]<\/p>\n<\/li>\n<\/ul>\n<p><span style=\"color: #ffffff;\">\u00a9 2024 Topps Products, Inc. All Rights Reserved.&nbsp;<\/span><\/p>\n<p>[\/et_pb_text][\/et_pb_column][et_pb_column type=&#8221;1_3&#8243; _builder_version=&#8221;4.10.5&#8243; _module_preset=&#8221;default&#8221; global_colors_info=&#8221;{}&#8221;][\/et_pb_column][et_pb_column type=&#8221;1_3&#8243; _builder_version=&#8221;4.0.9&#8243; global_colors_info=&#8221;{}&#8221;][et_pb_image src=&#8221;<a href=\"https:\/\/toppsproducts.com\/wp-content\/uploads\/2022\/03\/Untitled-design-2-e1646777203869.png&#038;#8221\">https:\/\/toppsproducts.com\/wp-content\/uploads\/2022\/03\/Untitled-design-2-e1646777203869.png&#038;#8221<\/a>; title_text=&#8221;Untitled design (2)&#8221; _builder_version=&#8221;4.10.5&#8243; vertical_offset=&#8221;-70px&#8221; horizontal_offset=&#8221;10px&#8221; vertical_offset_tablet=&#8221;&#8221; vertical_offset_phone=&#8221;23px&#8221; vertical_offset_last_edited=&#8221;on|phone&#8221; horizontal_offset_tablet=&#8221;&#8221; horizontal_offset_phone=&#8221;6px&#8221; horizontal_offset_last_edited=&#8221;on|phone&#8221; position_origin_a_tablet=&#8221;&#8221; position_origin_a_phone=&#8221;&#8221; position_origin_a_last_edited=&#8221;on|phone&#8221; position_origin_f_tablet=&#8221;&#8221; position_origin_f_phone=&#8221;&#8221; position_origin_f_last_edited=&#8221;on|phone&#8221; position_origin_r_tablet=&#8221;&#8221; position_origin_r_phone=&#8221;&#8221; position_origin_r_last_edited=&#8221;on|phone&#8221; positioning_tablet=&#8221;&#8221; positioning_phone=&#8221;relative&#8221; positioning_last_edited=&#8221;on|phone&#8221; global_colors_info=&#8221;{}&#8221;][\/et_pb_image][\/et_pb_column][\/et_pb_row][\/et_pb_section]<\/p>\n<p style=\"font-variant-numeric: normal; font-variant-east-asian: normal; font-variant-alternates: normal; font-size-adjust: none; font-language-override: normal; font-kerning: auto; font-optical-sizing: auto; font-feature-settings: normal; font-variation-settings: normal; font-variant-position: normal; font-variant-emoji: normal; font-stretch: normal; font-size: 13px; line-height: normal; font-family: 'Helvetica Neue'; min-height: 15px; color: #000000;\">\n<\/p>\t\t\t\t\t\t\t\t<\/div>\n\t\t\t\t<\/div>\n\t\t\t\t\t<\/div>\n\t\t<\/div>\n\t\t\t\t\t<\/div>\n\t\t<\/section>\n\t\t\t\t<\/div>","protected":false},"excerpt":{"rendered":"<p>SILICONE HIGH BUILD COATING\u2122 Silicone High Build Coating\u2122 &#8211; 100% Seamless Protection Reference # 18 &nbsp; &nbsp; DESCRIPTION Silicone High Build Coating\u2122 is a premium-grade, high-solids roof coating engineered for extreme durability, waterproofing, and energy efficiency. This 100% silicone formula is solvent-free and moisture-cured, forming a seamless, flexible membrane that resists ponding water and harsh [&hellip;]<\/p>","protected":false},"author":3,"featured_media":0,"parent":54,"menu_order":9,"comment_status":"closed","ping_status":"closed","template":"","meta":{"_et_pb_use_builder":"on","_et_pb_old_content":"","_et_gb_content_width":"","_crdt_document":"","footnotes":""},"class_list":["post-5893","page","type-page","status-publish","hentry"],"aioseo_notices":[],"jetpack_sharing_enabled":true,"_links":{"self":[{"href":"https:\/\/toppsproducts.com\/fr\/wp-json\/wp\/v2\/pages\/5893","targetHints":{"allow":["GET"]}}],"collection":[{"href":"https:\/\/toppsproducts.com\/fr\/wp-json\/wp\/v2\/pages"}],"about":[{"href":"https:\/\/toppsproducts.com\/fr\/wp-json\/wp\/v2\/types\/page"}],"author":[{"embeddable":true,"href":"https:\/\/toppsproducts.com\/fr\/wp-json\/wp\/v2\/users\/3"}],"replies":[{"embeddable":true,"href":"https:\/\/toppsproducts.com\/fr\/wp-json\/wp\/v2\/comments?post=5893"}],"version-history":[{"count":63,"href":"https:\/\/toppsproducts.com\/fr\/wp-json\/wp\/v2\/pages\/5893\/revisions"}],"predecessor-version":[{"id":6208,"href":"https:\/\/toppsproducts.com\/fr\/wp-json\/wp\/v2\/pages\/5893\/revisions\/6208"}],"up":[{"embeddable":true,"href":"https:\/\/toppsproducts.com\/fr\/wp-json\/wp\/v2\/pages\/54"}],"wp:attachment":[{"href":"https:\/\/toppsproducts.com\/fr\/wp-json\/wp\/v2\/media?parent=5893"}],"curies":[{"name":"wp","href":"https:\/\/api.w.org\/{rel}","templated":true}]}}