{"id":50,"date":"2020-06-26T21:36:16","date_gmt":"2020-06-26T21:36:16","guid":{"rendered":"http:\/\/toppsproducts.com\/?page_id=50"},"modified":"2022-09-28T20:51:15","modified_gmt":"2022-09-29T00:51:15","slug":"multi-use-cleaner","status":"publish","type":"page","link":"https:\/\/toppsproducts.com\/fr\/products\/roof-repair-products\/multi-use-cleaner\/","title":{"rendered":"Nettoyant multi-usage\u2122"},"content":{"rendered":"<p>[et_pb_section fb_built=&#8221;1&#8243; _builder_version=&#8221;4.0.9&#8243; global_colors_info=&#8221;{}&#8221;][et_pb_row column_structure=&#8221;1_2,1_2&#8243; _builder_version=&#8221;4.0.9&#8243; global_colors_info=&#8221;{}&#8221;][et_pb_column type=&#8221;1_2&#8243; _builder_version=&#8221;4.0.9&#8243; global_colors_info=&#8221;{}&#8221;][et_pb_text _builder_version=&#8221;4.6.0&#8243; custom_margin=&#8221;||-90px|||&#8221; custom_padding=&#8221;||1px|||&#8221; locked=&#8221;on&#8221; global_colors_info=&#8221;{}&#8221;]<\/p>\n<h2><span style=\"color: #004d51;\"><strong>NETTOYANT MULTI-USAGE\u2122<\/strong><\/span><\/h2>\n<div class=\"product-info__title\">\n<p class=\"subheader\"><span style=\"color: #000000;\">Force de nettoyage maximale<\/span><\/p>\n<\/div>\n<p><strong><span class=\"product-info__reference\">R\u00e9f\u00e9rence # 50<\/span><\/strong><\/p>\n<h2><span style=\"color: #004d51;\"><strong>\u00a0<\/strong><\/span><\/h2>\n<p>&nbsp;<\/p>\n<h2>\u00a0<\/h2>\n<p>[\/et_pb_text][et_pb_image src=&#8221;<a href=\"https:\/\/toppsproducts.com\/wp-content\/uploads\/2020\/08\/MultiUse-Cleaner-600.jpg&#038;#8221\">https:\/\/toppsproducts.com\/wp-content\/uploads\/2020\/08\/MultiUse-Cleaner-600.jpg&#038;#8221<\/a>; _builder_version=&#8221;4.0.9&#8243; custom_margin=&#8221;29px|||||&#8221; box_shadow_style=&#8221;preset2&#8243; global_colors_info=&#8221;{}&#8221;][\/et_pb_image][\/et_pb_column][et_pb_column type=&#8221;1_2&#8243; _builder_version=&#8221;4.0.9&#8243; global_colors_info=&#8221;{}&#8221;][et_pb_text _builder_version=&#8221;4.0.9&#8243; global_colors_info=&#8221;{}&#8221;]<\/p>\n<p>&nbsp;<\/p>\n<h2 class=\"headings\"><span style=\"color: #004d51;\"><strong>DESCRIPTION<\/strong><\/span><\/h2>\n<p>[\/et_pb_text][et_pb_divider _builder_version=&#8221;4.0.9&#8243; global_colors_info=&#8221;{}&#8221;][\/et_pb_divider][et_pb_text _builder_version=&#8221;4.0.9&#8243; global_colors_info=&#8221;{}&#8221;]<\/p>\n<p><span style=\"color: #000000;\">Comme nous avons tous affaire \u00e0 <span style=\"color: #ff0000;\"><strong>Corona virus<\/strong><\/span>, chez Topps, nous avons trouv\u00e9 un moyen d&#039;aider nos compatriotes am\u00e9ricains \u00e0 faire face aux p\u00e9nuries auxquelles nous sommes confront\u00e9s. <span style=\"color: #ff0000;\"><strong>Le nettoyant multi-usage Topps, une formule concentr\u00e9e, lorsqu&#039;il est dilu\u00e9 1 tasse de nettoyant pour 1 gallon d&#039;eau, r\u00e9pond aux directives recommand\u00e9es par le CDC pour les agents de blanchiment totaux pour les solutions de nettoyage pour aider \u00e0 pr\u00e9venir la propagation du coronavirus.<\/strong>.<\/span> Lorsqu&#039;il est m\u00e9lang\u00e9 de cette fa\u00e7on, un seau de 5 gallons produira environ 80 gallons de nettoyant.<\/span><\/p>\n<p><span style=\"color: #000000;\">Ce nettoyant \u00e9conomique \u00e0 base alcaline est incroyablement polyvalent. Aussi parfait pour les travaux lourds que pour le nettoyage r\u00e9gulier, un simple changement de concentration transforme la formule en une centrale de nettoyage qui peut \u00eatre adapt\u00e9e \u00e0 la plupart des projets.<\/span><\/p>\n<p><span style=\"color: #000000;\">Topps MultiUse Cleaner Concentrate s&#039;est av\u00e9r\u00e9 efficace dans une vari\u00e9t\u00e9 d&#039;applications commerciales et industrielles. Il coupera \u00e0 travers la crasse dans une vari\u00e9t\u00e9 de conditions.<\/span><\/p>\n<p><span style=\"color: #000000;\">La formule soigneusement con\u00e7ue combine 10 ingr\u00e9dients - deux fois plus que la plupart des nettoyants ordinaires. Trois tensioactifs uniques et un agent mouillant actif transportent le nettoyant en profondeur entre les particules de salet\u00e9, o\u00f9 il commence rapidement \u00e0 dissoudre la graisse, l&#039;huile et les autres polluants atmosph\u00e9riques qui lient la salet\u00e9 aux surfaces. La salet\u00e9 se lib\u00e8re alors sous forme de particules en suspension dans l&#039;eau, o\u00f9 elle est simultan\u00e9ment \u00e9limin\u00e9e lors du lavage, sans n\u00e9cessiter de rin\u00e7age dans la plupart des applications.<\/span><\/p>\n<p><span style=\"color: #000000;\">Commencez avec 4-6 oz. \u00e0 un gallon d&#039;eau propre lors de l&#039;utilisation d&#039;un lavage sous pression. Utilisez-en plus si n\u00e9cessaire. Appliquer \u00e0 pleine puissance directement sur les zones plus souill\u00e9es.<\/span><\/p>\n<p>[\/et_pb_text][et_pb_button button_url=&#8221;<a href=\"https:\/\/toppsproducts.myshopify.com\/collections\/roof-repair-products\/products\/mutliuse-cleaner%E2%84%A2-maximum-cleaning-strength&#038;#8221\" rel=\"nofollow\">https:\/\/toppsproducts.myshopify.com\/collections\/roof-repair-products\/products\/mutliuse-cleaner%E2%84%A2-maximum-cleaning-strength&#038;#8221<\/a>; url_new_window=&#8221;on&#8221; button_text=&#8221;BUY NOW&#8221; _builder_version=&#8221;4.6.1&#8243; custom_button=&#8221;on&#8221; button_text_color=&#8221;#ffffff&#8221; button_bg_color=&#8221;#0da0c5&#8243; button_border_color=&#8221;#0da0c5&#8243; button_font=&#8221;|700|||||||&#8221; global_colors_info=&#8221;{}&#8221;][\/et_pb_button][\/et_pb_column][\/et_pb_row][\/et_pb_section][et_pb_section fb_built=&#8221;1&#8243; _builder_version=&#8221;4.0.9&#8243; background_color=&#8221;#d6d6d6&#8243; global_colors_info=&#8221;{}&#8221;][et_pb_row column_structure=&#8221;1_2,1_2&#8243; _builder_version=&#8221;4.0.9&#8243; background_color=&#8221;#ffffff&#8221; custom_padding=&#8221;|40px||||&#8221; global_colors_info=&#8221;{}&#8221;][et_pb_column type=&#8221;1_2&#8243; _builder_version=&#8221;4.0.9&#8243; global_colors_info=&#8221;{}&#8221;][et_pb_text _builder_version=&#8221;4.6.0&#8243; background_color=&#8221;#004d51&#8243; min_height=&#8221;368px&#8221; custom_margin=&#8221;|||75px||&#8221; custom_padding=&#8221;33px|50px||48px||&#8221; global_colors_info=&#8221;{}&#8221;]<\/p>\n<div class=\"large-6 columns\">\n<div class=\"boxen-wrap\">\n<h2 class=\"headings\"><span style=\"color: #ffffff;\"><strong>Caract\u00e9ristiques<\/strong><\/span><\/h2>\n<p>&nbsp;<\/p>\n<table class=\"product-table\">\n<tbody>\n<tr>\n<td style=\"width: 263.767px;\"><span style=\"color: #ffffff;\">Poids par gallon<\/span><\/td>\n<td style=\"width: 260.233px;\"><span style=\"color: #ffffff;\">8,4 \u00e0 8,6 livres.<\/span><\/td>\n<\/tr>\n<tr>\n<td style=\"width: 263.767px;\"><span style=\"color: #ffffff;\">Viscosit\u00e9<\/span><\/td>\n<td style=\"width: 260.233px;\"><span style=\"color: #ffffff;\">mince \u00e0 l&#039;eau<\/span><\/td>\n<\/tr>\n<tr>\n<td style=\"width: 263.767px;\"><span style=\"color: #ffffff;\">COV<\/span><\/td>\n<td style=\"width: 260.233px;\"><span style=\"color: #ffffff;\">10g\/l<\/span><\/td>\n<\/tr>\n<tr>\n<td style=\"width: 263.767px;\"><span style=\"color: #ffffff;\">Couleur<\/span><\/td>\n<td style=\"width: 260.233px;\"><span style=\"color: #ffffff;\">rose<\/span><\/td>\n<\/tr>\n<tr>\n<td style=\"width: 263.767px;\"><span style=\"color: #ffffff;\">pH<\/span><\/td>\n<td style=\"width: 260.233px;\"><span style=\"color: #ffffff;\">9.5 &#8211; 11<\/span><\/td>\n<\/tr>\n<tr>\n<td style=\"width: 263.767px;\"><span style=\"color: #ffffff;\">Solides en poids<\/span><\/td>\n<td style=\"width: 260.233px;\"><span style=\"color: #ffffff;\">1.4%<\/span><\/td>\n<\/tr>\n<\/tbody>\n<\/table>\n<\/div>\n<\/div>\n<p>[\/et_pb_text][\/et_pb_column][et_pb_column type=&#8221;1_2&#8243; _builder_version=&#8221;4.0.9&#8243; global_colors_info=&#8221;{}&#8221;][et_pb_text _builder_version=&#8221;4.6.0&#8243; background_color=&#8221;#dae5e7&#8243; custom_padding=&#8221;29px|50px|50px|50px||&#8221; global_colors_info=&#8221;{}&#8221;]<\/p>\n<h2 class=\"headings\"><span style=\"color: #004d51;\"><strong>FAQ<\/strong><\/span><\/h2>\n<p>&nbsp;<\/p>\n<p><strong>Q : Sur quelles surfaces puis-je utiliser le Topps<\/strong><strong>\u00ae MultiUse Cleaner Concentrate pour nettoyer ?<br \/><\/strong>R : Ce nettoyant concentr\u00e9 peut \u00eatre utilis\u00e9 sur une vari\u00e9t\u00e9 de surfaces, telles que les planchers d&#039;entrep\u00f4t, les toits et les trottoirs. La concentration peut \u00eatre ajust\u00e9e en fonction de la surface et de la quantit\u00e9 de salet\u00e9 \u00e0 \u00e9liminer, ce qui la rend tr\u00e8s polyvalente.<\/p>\n<p><strong>Q : Dois-je nettoyer ma toiture avant d&#039;appliquer les rev\u00eatements ?<br \/><\/strong>R : Oui. Il est tr\u00e8s important que vous appliquiez des rev\u00eatements de toiture et des produits d&#039;\u00e9tanch\u00e9it\u00e9 sur un toit propre et sec. La salet\u00e9, les d\u00e9bris et la graisse peuvent interf\u00e9rer avec la capacit\u00e9 d&#039;un produit \u00e0 adh\u00e9rer compl\u00e8tement \u00e0 la surface de votre toit. Notre nettoyant concentr\u00e9 multi-usages est un excellent produit \u00e0 utiliser dans le cadre de votre lavage sous pression de votre toit avant d&#039;appliquer tout type de scellant ou de rev\u00eatement.<\/p>\n<p><strong>Q : Puis-je utiliser Topps<\/strong><strong>\u00ae MultiUse Cleaner Concentrate pour nettoyer ma maison ?<br \/><\/strong>Non. Nos produits sont con\u00e7us pour un usage commercial et industriel uniquement.<\/p>\n<p>&nbsp;<\/p>\n<h5 class=\"headings\"><strong>Ressources<\/strong><\/h5>\n<ul>\n<li><a title=\"Nettoyant multi-usages-122-MSDS\" href=\"https:\/\/toppsproducts.com\/wp-content\/uploads\/2020\/09\/Multi-Use-Cleaner-122-MSDS.pdf\" target=\"_blank\" rel=\"noopener noreferrer\"><span style=\"color: #3366ff;\">Fiche de donn\u00e9es de s\u00e9curit\u00e9 (domestique)<\/span><\/a><\/li>\n<\/ul>\n<p>[\/et_pb_text][\/et_pb_column][\/et_pb_row][\/et_pb_section][et_pb_section fb_built=&#8221;1&#8243; admin_label=&#8221;Bottom Colums&#8221; _builder_version=&#8221;4.0.9&#8243; background_color=&#8221;#004d51&#8243; custom_padding=&#8221;16px||0px|||&#8221; global_module=&#8221;1733&#8243; saved_tabs=&#8221;all&#8221; global_colors_info=&#8221;{}&#8221;][et_pb_row column_structure=&#8221;1_4,1_4,1_4,1_4&#8243; _builder_version=&#8221;4.0.9&#8243; custom_padding=&#8221;||5px|||&#8221; global_colors_info=&#8221;{}&#8221;][et_pb_column type=&#8221;1_4&#8243; _builder_version=&#8221;4.0.9&#8243; global_colors_info=&#8221;{}&#8221;][et_pb_text _builder_version=&#8221;4.0.9&#8243; header_font=&#8221;|||on|||||&#8221; global_colors_info=&#8221;{}&#8221;]<\/p>\n<h3><span style=\"color: #ffffff;\"><strong>CONTACTEZ-NOUS<\/strong><br \/><\/span><\/h3>\n<p>[\/et_pb_text][et_pb_blurb image=&#8221;<a href=\"https:\/\/toppsproducts.com\/wp-content\/uploads\/2020\/08\/2020-08-01_11-27-39.jpg&#038;#8221\">https:\/\/toppsproducts.com\/wp-content\/uploads\/2020\/08\/2020-08-01_11-27-39.jpg&#038;#8221<\/a>; icon_placement=&#8221;left&#8221; admin_label=&#8221;address&#8221; _builder_version=&#8221;4.0.9&#8243; body_text_align=&#8221;left&#8221; body_text_color=&#8221;#ffffff&#8221; background_layout=&#8221;dark&#8221; global_colors_info=&#8221;{}&#8221;]<\/p>\n<p><strong><span style=\"color: #ffffff;\">Case postale 1632<br \/>Canton, MS. 39046<\/span><\/strong><\/p>\n<p>[\/et_pb_blurb][et_pb_blurb image=&#8221;<a href=\"https:\/\/toppsproducts.com\/wp-content\/uploads\/2020\/08\/2020-08-01_11-28-29.jpg&#038;#8221\">https:\/\/toppsproducts.com\/wp-content\/uploads\/2020\/08\/2020-08-01_11-28-29.jpg&#038;#8221<\/a>; icon_placement=&#8221;left&#8221; admin_label=&#8221;support email&#8221; _builder_version=&#8221;4.0.9&#8243; body_text_align=&#8221;left&#8221; body_text_color=&#8221;#ffffff&#8221; background_layout=&#8221;dark&#8221; global_colors_info=&#8221;{}&#8221;]<\/p>\n<p><a href=\"mailto:support@toppsproducts.com\"><strong><span style=\"color: #ffffff;\">support@toppsproducts.com<\/span><\/strong><\/a><\/p>\n<p>[\/et_pb_blurb][et_pb_blurb image=&#8221;<a href=\"https:\/\/toppsproducts.com\/wp-content\/uploads\/2020\/08\/2020-08-01_11-28-50.jpg&#038;#8221\">https:\/\/toppsproducts.com\/wp-content\/uploads\/2020\/08\/2020-08-01_11-28-50.jpg&#038;#8221<\/a>; icon_placement=&#8221;left&#8221; admin_label=&#8221;telephone&#8221; _builder_version=&#8221;4.0.9&#8243; body_text_align=&#8221;left&#8221; body_text_color=&#8221;#ffffff&#8221; background_layout=&#8221;dark&#8221; global_colors_info=&#8221;{}&#8221;]<\/p>\n<h5><strong><span style=\"color: #ffffff;\"><a href=\"tel:8008677177\">800-867-7177<\/a><\/span><\/strong><\/h5>\n<p>[\/et_pb_blurb][\/et_pb_column][et_pb_column type=&#8221;1_4&#8243; _builder_version=&#8221;4.0.9&#8243; global_colors_info=&#8221;{}&#8221;][et_pb_text _builder_version=&#8221;4.0.9&#8243; header_font=&#8221;|||on|||||&#8221; global_colors_info=&#8221;{}&#8221;]<\/p>\n<h3><strong><span style=\"color: #ffffff;\">EMPLACEMENTS<\/span><\/strong><\/h3>\n<p>[\/et_pb_text][et_pb_text _builder_version=&#8221;4.0.9&#8243; header_font=&#8221;|||on|||||&#8221; global_colors_info=&#8221;{}&#8221;]<\/p>\n<p><span style=\"color: #ffffff;\"><a style=\"color: #ffffff;\" title=\"Produits Topps \u00c9tats-Unis\" href=\"https:\/\/toppsproducts.com\/fr\/\" target=\"_blank\" rel=\"noopener noreferrer\">Produits Topps - \u00c9tats-Unis<\/a><\/span><\/p>\n<p><span style=\"color: #ffffff;\"><a style=\"color: #ffffff;\" title=\"Produits Topps ASIE\" href=\"http:\/\/www.toppsproducts.co.th\/\" target=\"_blank\" rel=\"noopener noreferrer\">Produits Topps-Asie<\/a><\/span><\/p>\n<p><a title=\"Topps Produits Afrique\" href=\"https:\/\/www.toppsproductssa.co.za\/\" target=\"_blank\" rel=\"noopener noreferrer\"><span style=\"color: #ffffff;\">Produits Topps-Afrique<\/span><\/a><\/p>\n<p><span style=\"color: #ffffff;\"><a style=\"color: #ffffff;\" title=\"Topps Produits Europe\" href=\"https:\/\/www.toppseurope.com\/\" target=\"_blank\" rel=\"noopener noreferrer\">Produits Topps-Europe<\/a><\/span><\/p>\n<p><span style=\"color: #ffffff;\"><a style=\"color: #ffffff;\" title=\"Produits Topps Australie\" href=\"https:\/\/toppsproducts.com.au\/\" target=\"_blank\" rel=\"noopener noreferrer\">Topps Products-Australie<\/a><\/span><\/p>\n<p>&nbsp;<\/p>\n<p>[\/et_pb_text][\/et_pb_column][et_pb_column type=&#8221;1_4&#8243; _builder_version=&#8221;4.0.9&#8243; global_colors_info=&#8221;{}&#8221;][et_pb_text _builder_version=&#8221;4.0.9&#8243; header_font=&#8221;|||on|||||&#8221; global_colors_info=&#8221;{}&#8221;]<\/p>\n<h3><span style=\"color: #ffffff;\"><strong>DES PRODUITS<\/strong><\/span><\/h3>\n<p>[\/et_pb_text][et_pb_text _builder_version=&#8221;4.6.6&#8243; header_font=&#8221;|||on|||||&#8221; global_colors_info=&#8221;{}&#8221;]<\/p>\n<p><span style=\"color: #ffffff;\"><a style=\"color: #ffffff;\" title=\"Produits de r\u00e9paration de toiture\" href=\"https:\/\/toppsproducts.com\/fr\/products\/roof-repair-products\/\" target=\"_blank\" rel=\"noopener noreferrer\">Produits de r\u00e9paration de toiture<\/a><br \/><\/span><\/p>\n<p><span style=\"color: #ffffff;\"><a style=\"color: #ffffff;\" title=\"Syst\u00e8mes d&#039;entretien de toiture\" href=\"https:\/\/toppsproducts.com\/fr\/products\/roof-maintenance-systems\/\" target=\"_blank\" rel=\"noopener noreferrer\">Syst\u00e8mes d&#039;entretien de toiture<\/a><br \/><\/span><\/p>\n<p><span style=\"color: #ffffff;\"><a style=\"color: #ffffff;\" title=\"Scellants et rev\u00eatements de toiture\" href=\"https:\/\/toppsproducts.com\/fr\/products\/roof-sealants-and-coatings\/\" target=\"_blank\" rel=\"noopener noreferrer\">Scellants et rev\u00eatements de toiture<\/a><br \/><\/span><\/p>\n<p>&nbsp;<\/p>\n<p>[\/et_pb_text][\/et_pb_column][et_pb_column type=&#8221;1_4&#8243; _builder_version=&#8221;4.0.9&#8243; global_colors_info=&#8221;{}&#8221;][et_pb_text _builder_version=&#8221;4.0.9&#8243; header_font=&#8221;|||on|||||&#8221; global_colors_info=&#8221;{}&#8221;]<\/p>\n<h3><strong><span style=\"color: #ffffff;\">CONNECTE-TOI AVEC NOUS<br \/><\/span><\/strong><\/h3>\n<p>[\/et_pb_text][et_pb_button button_url=&#8221;<a href=\"https:\/\/toppsproducts.com\/fr\/contact\/&\/#038;#8221\">https:\/\/toppsproducts.com\/contact\/&#038;#8221<\/a>; button_text=&#8221;CONTACT US&#8221; button_alignment=&#8221;left&#8221; _builder_version=&#8221;4.0.9&#8243; custom_button=&#8221;on&#8221; button_text_size=&#8221;16px&#8221; button_text_color=&#8221;#ffffff&#8221; button_bg_color=&#8221;#0da0c5&#8243; button_border_color=&#8221;#0da0c5&#8243; button_font=&#8221;|700|||||||&#8221; button_icon=&#8221;%%28%%&#8221; background_layout=&#8221;dark&#8221; global_colors_info=&#8221;{}&#8221;][\/et_pb_button][et_pb_text _builder_version=&#8221;4.10.5&#8243; header_font=&#8221;|||on|||||&#8221; global_colors_info=&#8221;{}&#8221;]<\/p>\n<h3><span style=\"color: #ffffff;\"><strong>R\u00c9SEAUX SOCIAUX<\/strong><br \/>\n<\/span><\/h3>\n<p>&nbsp;<\/p>\n<p><a title=\"Produit Topps Facebook\" href=\"https:\/\/www.facebook.com\/toppsproducts\" target=\"_blank\" rel=\"noopener noreferrer\"><img data-recalc-dims=\"1\" decoding=\"async\" class=\"wp-image-1594 alignnone size-full\" src=\"https:\/\/i0.wp.com\/toppsproducts.com\/wp-content\/uploads\/2020\/08\/topps-products-facebook.png?resize=30%2C30&#038;ssl=1\" alt=\"\" width=\"30\" height=\"30\" \/><\/a> \u00a0 <a title=\"Topps Produit Instagram\" href=\"https:\/\/www.instagram.com\/toppsproducts\/\" target=\"_blank\" rel=\"noopener noreferrer\"><img data-recalc-dims=\"1\" decoding=\"async\" class=\"wp-image-1597 alignnone size-full\" src=\"https:\/\/i0.wp.com\/toppsproducts.com\/wp-content\/uploads\/2020\/08\/topps-products-instagram.png?resize=30%2C30&#038;ssl=1\" alt=\"\" width=\"30\" height=\"30\" \/><\/a> \u00a0 <a title=\"Topps Produits Gazouillement\" href=\"https:\/\/twitter.com\/toppsproducts\" target=\"_blank\" rel=\"noopener noreferrer\"><img data-recalc-dims=\"1\" decoding=\"async\" class=\"wp-image-1601 alignnone size-full\" src=\"https:\/\/i0.wp.com\/toppsproducts.com\/wp-content\/uploads\/2020\/08\/topps-products-twitter.png?resize=30%2C30&#038;ssl=1\" alt=\"\" width=\"30\" height=\"30\" \/><\/a> \u00a0 <a title=\"Produits Topp Cha\u00eene You Tube\" href=\"https:\/\/www.youtube.com\/user\/toppsproducts\" target=\"_blank\" rel=\"noopener noreferrer\"><img data-recalc-dims=\"1\" loading=\"lazy\" decoding=\"async\" class=\"wp-image-1605 alignnone size-full\" src=\"https:\/\/i0.wp.com\/toppsproducts.com\/wp-content\/uploads\/2020\/08\/topps-products-you-tube.png?resize=30%2C30&#038;ssl=1\" alt=\"\" width=\"30\" height=\"30\" \/><\/a> \u00a0 <a title=\"Produit Topps Linkedin\" href=\"https:\/\/www.linkedin.com\/company\/topps-products-inc-\/\" target=\"_blank\" rel=\"noopener noreferrer\"><img data-recalc-dims=\"1\" loading=\"lazy\" decoding=\"async\" class=\"wp-image-1609 alignnone size-full\" src=\"https:\/\/i0.wp.com\/toppsproducts.com\/wp-content\/uploads\/2020\/08\/topp-products-linked-in-1.png?resize=30%2C30&#038;ssl=1\" alt=\"\" width=\"30\" height=\"30\" \/><\/a>[\/et_pb_text][\/et_pb_column][\/et_pb_row][\/et_pb_section][et_pb_section fb_built=&#8221;1&#8243; admin_label=&#8221;Footer&#8221; _builder_version=&#8221;4.0.9&#8243; background_color=&#8221;#424242&#8243; custom_padding=&#8221;7px||0px|||&#8221; global_module=&#8221;1734&#8243; saved_tabs=&#8221;all&#8221; global_colors_info=&#8221;{}&#8221;][et_pb_row column_structure=&#8221;1_3,1_3,1_3&#8243; _builder_version=&#8221;4.0.9&#8243; custom_padding=&#8221;13px||18px|||&#8221; global_colors_info=&#8221;{}&#8221;][et_pb_column type=&#8221;1_3&#8243; _builder_version=&#8221;4.0.9&#8243; global_colors_info=&#8221;{}&#8221;][et_pb_text _builder_version=&#8221;4.0.9&#8243; global_colors_info=&#8221;{}&#8221;]<\/p>\n<p>&nbsp;<\/p>\n<p class=\"footer-bottom__copyright\"><span style=\"color: #ffffff;\">\u00a9 2022 Topps Products, Inc. Tous droits r\u00e9serv\u00e9s.\u00a0<\/span><\/p>\n<p>[\/et_pb_text][\/et_pb_column][et_pb_column type=&#8221;1_3&#8243; _builder_version=&#8221;4.10.5&#8243; _module_preset=&#8221;default&#8221; global_colors_info=&#8221;{}&#8221;][\/et_pb_column][et_pb_column type=&#8221;1_3&#8243; _builder_version=&#8221;4.0.9&#8243; global_colors_info=&#8221;{}&#8221;][et_pb_image src=&#8221;<a href=\"https:\/\/toppsproducts.com\/wp-content\/uploads\/2022\/03\/Untitled-design-2-e1646777203869.png&#038;#8221\">https:\/\/toppsproducts.com\/wp-content\/uploads\/2022\/03\/Untitled-design-2-e1646777203869.png&#038;#8221<\/a>; title_text=&#8221;Untitled design (2)&#8221; _builder_version=&#8221;4.10.5&#8243; vertical_offset=&#8221;-70px&#8221; horizontal_offset=&#8221;10px&#8221; vertical_offset_tablet=&#8221;&#8221; vertical_offset_phone=&#8221;23px&#8221; vertical_offset_last_edited=&#8221;on|phone&#8221; horizontal_offset_tablet=&#8221;&#8221; horizontal_offset_phone=&#8221;6px&#8221; horizontal_offset_last_edited=&#8221;on|phone&#8221; position_origin_a_tablet=&#8221;&#8221; position_origin_a_phone=&#8221;&#8221; position_origin_a_last_edited=&#8221;on|phone&#8221; position_origin_f_tablet=&#8221;&#8221; position_origin_f_phone=&#8221;&#8221; position_origin_f_last_edited=&#8221;on|phone&#8221; position_origin_r_tablet=&#8221;&#8221; position_origin_r_phone=&#8221;&#8221; position_origin_r_last_edited=&#8221;on|phone&#8221; positioning_tablet=&#8221;&#8221; positioning_phone=&#8221;relative&#8221; positioning_last_edited=&#8221;on|phone&#8221; global_colors_info=&#8221;{}&#8221;][\/et_pb_image][\/et_pb_column][\/et_pb_row][\/et_pb_section]<\/p>","protected":false},"excerpt":{"rendered":"<p>MULTIUSE CLEANER\u2122 Maximum Cleaning Strength Reference # 50 \u00a0 &nbsp; \u00a0&nbsp; DESCRIPTIONAs we are all dealing with Coronavirus, we at Topps have come up with a way to help our fellow Americans with the shortages we are facing. Topps Multi-Use Cleaner, a concentrated formula, when diluted 1 cup of cleaner per 1 gallon of water, [&hellip;]<\/p>","protected":false},"author":3,"featured_media":0,"parent":52,"menu_order":10,"comment_status":"closed","ping_status":"closed","template":"","meta":{"_et_pb_use_builder":"on","_et_pb_old_content":"","_et_gb_content_width":"","_crdt_document":"","footnotes":""},"class_list":["post-50","page","type-page","status-publish","hentry"],"aioseo_notices":[],"jetpack_sharing_enabled":true,"_links":{"self":[{"href":"https:\/\/toppsproducts.com\/fr\/wp-json\/wp\/v2\/pages\/50","targetHints":{"allow":["GET"]}}],"collection":[{"href":"https:\/\/toppsproducts.com\/fr\/wp-json\/wp\/v2\/pages"}],"about":[{"href":"https:\/\/toppsproducts.com\/fr\/wp-json\/wp\/v2\/types\/page"}],"author":[{"embeddable":true,"href":"https:\/\/toppsproducts.com\/fr\/wp-json\/wp\/v2\/users\/3"}],"replies":[{"embeddable":true,"href":"https:\/\/toppsproducts.com\/fr\/wp-json\/wp\/v2\/comments?post=50"}],"version-history":[{"count":21,"href":"https:\/\/toppsproducts.com\/fr\/wp-json\/wp\/v2\/pages\/50\/revisions"}],"predecessor-version":[{"id":4937,"href":"https:\/\/toppsproducts.com\/fr\/wp-json\/wp\/v2\/pages\/50\/revisions\/4937"}],"up":[{"embeddable":true,"href":"https:\/\/toppsproducts.com\/fr\/wp-json\/wp\/v2\/pages\/52"}],"wp:attachment":[{"href":"https:\/\/toppsproducts.com\/fr\/wp-json\/wp\/v2\/media?parent=50"}],"curies":[{"name":"wp","href":"https:\/\/api.w.org\/{rel}","templated":true}]}}