{"id":2529,"date":"2020-09-12T07:05:31","date_gmt":"2020-09-12T07:05:31","guid":{"rendered":"http:\/\/toppsproducts.com\/?page_id=2529"},"modified":"2020-09-24T06:07:20","modified_gmt":"2020-09-24T06:07:20","slug":"reflex-wall-coating-2","status":"publish","type":"page","link":"https:\/\/toppsproducts.com\/fr\/products\/reflex-wall-coating-2\/","title":{"rendered":"ReFlex\u2122 Wall Coating"},"content":{"rendered":"<p>[et_pb_section fb_built=&#8221;1&#8243; fullwidth=&#8221;on&#8221; _builder_version=&#8221;4.0.9&#8243;][et_pb_fullwidth_header title=&#8221;REFLEX\u2122 WALL COATING&#8221; _builder_version=&#8221;4.6.1&#8243; title_font=&#8221;|700|||||||&#8221; background_enable_color=&#8221;off&#8221; background_image=&#8221;<a href=\"https:\/\/toppsproducts.com\/wp-content\/uploads\/2020\/08\/header-background.jpg&#038;#8221\">https:\/\/toppsproducts.com\/wp-content\/uploads\/2020\/08\/header-background.jpg&#038;#8221<\/a>; title_text_shadow_style=&#8221;preset2&#8243; title_text_shadow_color=&#8221;#000000&#8243;][\/et_pb_fullwidth_header][\/et_pb_section][et_pb_section fb_built=&#8221;1&#8243; _builder_version=&#8221;4.0.9&#8243;][et_pb_row column_structure=&#8221;1_2,1_2&#8243; _builder_version=&#8221;4.0.9&#8243;][et_pb_column type=&#8221;1_2&#8243; _builder_version=&#8221;4.0.9&#8243;][et_pb_text _builder_version=&#8221;4.6.1&#8243;]<\/p>\n<h2><span style=\"color: #004d51;\"><strong>REFLEX\u2122 WALL COATING<br \/><\/strong><\/span><\/h2>\n<p><span style=\"color: #000000;\"><strong><span class=\"product-info__reference\">Reference # 9070<\/span><\/strong><\/span><\/p>\n<div class=\"product-info__title\">\n<p>&nbsp;<\/p>\n<\/div>\n<p>[\/et_pb_text][et_pb_image src=&#8221;<a href=\"https:\/\/toppsproducts.com\/wp-content\/uploads\/2020\/09\/reflexwallnew-600.jpg&#038;#8221\">https:\/\/toppsproducts.com\/wp-content\/uploads\/2020\/09\/reflexwallnew-600.jpg&#038;#8221<\/a>; title_text=&#8221;reflexwallnew 600&#8243; _builder_version=&#8221;4.6.1&#8243;][\/et_pb_image][\/et_pb_column][et_pb_column type=&#8221;1_2&#8243; _builder_version=&#8221;4.0.9&#8243;][et_pb_text _builder_version=&#8221;4.6.1&#8243;]<\/p>\n<h2 class=\"headings\"><span style=\"color: #004d51;\"><strong>$174.90<br \/>DESCRIPTION<\/strong><\/span><\/h2>\n<p>[\/et_pb_text][et_pb_divider _builder_version=&#8221;4.0.9&#8243;][\/et_pb_divider][et_pb_text _builder_version=&#8221;4.6.1&#8243;]<\/p>\n<p><span style=\"color: #000000;\">Moisture and weather invade tiny surface fissures of paints that break. Not so with ReFlex\u2122. With over 825% ultimate elongation, ReFlex\u2122 provides unsurpassed ability to tolerate thermal movement, and resists cracking or checking that typically result in the failure of conventional finishes. Made using the Topps\u00ae proven 100% rubber technology and ingredients of our world renowned Topps Seal\u00ae coating. The resulting beautiful, color-fast finish provides a durable seal against weather, UV, and all temperature swings. ReFlex\u2122 is ideal for exposures of commercial and industrial settings. Available in (12) twelve standard colors.<\/span><\/p>\n<h4>\u00a0<\/h4>\n<h4 class=\"headings\"><span style=\"color: #004d51;\"><strong>Volume Pricing<\/strong><\/span><\/h4>\n<div class=\"productVolumePricing\"><span style=\"color: #000000;\"><strong><span class=\"units\">1-3<\/span><\/strong> &#8211; <span class=\"price\">$174.90<\/span><\/span><br \/><span style=\"color: #000000;\"><strong><span class=\"units\">4-7<\/span><\/strong> &#8211; $153.00<\/span><br \/><span style=\"color: #000000;\"><strong><span class=\"units\">8+<\/span><\/strong> &#8211;\u00a0 <span class=\"price\">$140.00<\/span><\/span><\/div>\n<p>[\/et_pb_text][et_pb_button button_url=&#8221;<a href=\"https:\/\/toppsproducts.myshopify.com\/collections\/masonry-sealers-and-specialty-products\/products\/reflex%E2%84%A2-wall-coating&#038;#8221\" rel=\"nofollow\">https:\/\/toppsproducts.myshopify.com\/collections\/masonry-sealers-and-specialty-products\/products\/reflex%E2%84%A2-wall-coating&#038;#8221<\/a>; button_text=&#8221;BUY NOW&#8221; _builder_version=&#8221;4.6.1&#8243; custom_button=&#8221;on&#8221; button_text_color=&#8221;#ffffff&#8221; button_bg_color=&#8221;#0da0c5&#8243; button_border_color=&#8221;#0da0c5&#8243; button_font=&#8221;|700|||||||&#8221; hover_enabled=&#8221;0&#8243; url_new_window=&#8221;on&#8221; sticky_enabled=&#8221;0&#8243;][\/et_pb_button][\/et_pb_column][\/et_pb_row][\/et_pb_section][et_pb_section fb_built=&#8221;1&#8243; _builder_version=&#8221;4.0.9&#8243; background_color=&#8221;#d6d6d6&#8243;][et_pb_row column_structure=&#8221;1_2,1_2&#8243; _builder_version=&#8221;4.0.9&#8243; background_color=&#8221;#ffffff&#8221; custom_padding=&#8221;|75px||75px||&#8221;][et_pb_column type=&#8221;1_2&#8243; _builder_version=&#8221;4.0.9&#8243;][et_pb_text _builder_version=&#8221;4.6.1&#8243; background_color=&#8221;#004d51&#8243; custom_padding=&#8221;32px|50px|50px|50px|false|false&#8221;]<\/p>\n<h2 class=\"headings\"><span style=\"color: #ffffff;\"><strong>Caract\u00e9ristiques<\/strong><\/span><\/h2>\n<table class=\"product-table\">\n<tbody>\n<tr>\n<td width=\"312\">\n<p><span style=\"color: #ffffff;\">Viscosit\u00e9<\/span><\/p>\n<\/td>\n<td width=\"312\">\n<p><span style=\"color: #ffffff;\">115 &#8211; 125 K.U.<\/span><\/p>\n<\/td>\n<\/tr>\n<tr>\n<td width=\"312\">\n<p><span style=\"color: #ffffff;\">Solides en poids<\/span><\/p>\n<\/td>\n<td width=\"312\">\n<p><span style=\"color: #ffffff;\">54%<\/span><\/p>\n<\/td>\n<\/tr>\n<tr>\n<td width=\"312\">\n<p><span style=\"color: #ffffff;\">Solids by volume<\/span><\/p>\n<\/td>\n<td width=\"312\">\n<p><span style=\"color: #ffffff;\">40%<\/span><\/p>\n<\/td>\n<\/tr>\n<tr>\n<td width=\"312\">\n<p><span style=\"color: #ffffff;\">Point d&#039;\u00e9clair du solvant<\/span><\/p>\n<\/td>\n<td width=\"312\">\n<p><span style=\"color: #ffffff;\">104\u00b0 F<\/span><\/p>\n<\/td>\n<\/tr>\n<tr>\n<td width=\"312\">\n<p><span style=\"color: #ffffff;\">COV<\/span><\/p>\n<\/td>\n<td width=\"312\">\n<p><span style=\"color: #ffffff;\">&lt; 500 g\/l<\/span><\/p>\n<\/td>\n<\/tr>\n<tr>\n<td width=\"312\">\n<p><span style=\"color: #ffffff;\">\u00c9longation ultime<\/span><\/p>\n<\/td>\n<td width=\"312\">\n<p><span style=\"color: #ffffff;\">825% min.<\/span><\/p>\n<\/td>\n<\/tr>\n<tr>\n<td width=\"312\">\n<p><span style=\"color: #ffffff;\">R\u00e9sistance \u00e0 la traction ultime<\/span><\/p>\n<\/td>\n<td width=\"312\">\n<p><span style=\"color: #ffffff;\">485 psi min.<\/span><\/p>\n<\/td>\n<\/tr>\n<tr>\n<td width=\"312\">\n<p><span style=\"color: #ffffff;\">Adh\u00e9sion au pelage<\/span><\/p>\n<\/td>\n<td width=\"312\">\n<p><span style=\"color: #ffffff;\">3.0 pli<\/span><\/p>\n<\/td>\n<\/tr>\n<tr>\n<td width=\"312\">\n<p><span style=\"color: #ffffff;\">Perm\u00e9abilit\u00e9 \u00e0 la vapeur d&#039;eau<\/span><\/p>\n<\/td>\n<td width=\"312\">\n<p><span style=\"color: #ffffff;\">0,18 perm<\/span><\/p>\n<\/td>\n<\/tr>\n<tr>\n<td width=\"312\">\n<p><span style=\"color: #ffffff;\">Moisture Absorption (vertical, 48 hr)<\/span><\/p>\n<\/td>\n<td width=\"312\">\n<p><span style=\"color: #ffffff;\">&lt; 0.25%<\/span><\/p>\n<\/td>\n<\/tr>\n<tr>\n<td width=\"312\">\n<p><span style=\"color: #ffffff;\">La temp\u00e9rature de service<\/span><\/p>\n<\/td>\n<td width=\"312\">\n<p><span style=\"color: #ffffff;\">-40\u00b0 \u2013 140\u00b0 F<\/span><\/p>\n<\/td>\n<\/tr>\n<\/tbody>\n<\/table>\n<p>&nbsp;<\/p>\n<p>[\/et_pb_text][\/et_pb_column][et_pb_column type=&#8221;1_2&#8243; _builder_version=&#8221;4.0.9&#8243;][et_pb_text _builder_version=&#8221;4.6.1&#8243;]<\/p>\n<h2 class=\"headings\"><strong>Ressources<\/strong><\/h2>\n<ul>\n<li><a title=\"ReFlex-Technical-Data-171627\" href=\"https:\/\/toppsproducts.com\/wp-content\/uploads\/2020\/09\/ReFlex-Technical-Data-171627.pdf\" target=\"_blank\" rel=\"noopener noreferrer\">Donn\u00e9es techniques<\/a><\/li>\n<li><a title=\"Reflex-Wall-Coating-9070T-Topps-SDS\" href=\"https:\/\/toppsproducts.com\/wp-content\/uploads\/2020\/09\/Reflex-Wall-Coating-9070T-Topps-SDS.pdf\" target=\"_blank\" rel=\"noopener noreferrer\">Safety Data Sheet<\/a><\/li>\n<\/ul>\n<p>&nbsp;<\/p>\n<p>[\/et_pb_text][\/et_pb_column][\/et_pb_row][\/et_pb_section][et_pb_section fb_built=&#8221;1&#8243; admin_label=&#8221;Bottom Colums&#8221; _builder_version=&#8221;4.0.9&#8243; background_color=&#8221;#004d51&#8243; custom_padding=&#8221;16px||0px|||&#8221; global_module=&#8221;1733&#8243; saved_tabs=&#8221;all&#8221;][et_pb_row column_structure=&#8221;1_4,1_4,1_4,1_4&#8243; _builder_version=&#8221;4.0.9&#8243; custom_padding=&#8221;||5px|||&#8221;][et_pb_column type=&#8221;1_4&#8243; _builder_version=&#8221;4.0.9&#8243;][et_pb_text _builder_version=&#8221;4.0.9&#8243; header_font=&#8221;|||on|||||&#8221;]<\/p>\n<h3><span style=\"color: #ffffff;\"><strong>CONTACTEZ-NOUS<\/strong><br \/><\/span><\/h3>\n<p>[\/et_pb_text][et_pb_blurb image=&#8221;<a href=\"https:\/\/toppsproducts.com\/wp-content\/uploads\/2020\/08\/2020-08-01_11-27-39.jpg&#038;#8221\">https:\/\/toppsproducts.com\/wp-content\/uploads\/2020\/08\/2020-08-01_11-27-39.jpg&#038;#8221<\/a>; icon_placement=&#8221;left&#8221; admin_label=&#8221;address&#8221; _builder_version=&#8221;4.0.9&#8243; body_text_align=&#8221;left&#8221; body_text_color=&#8221;#ffffff&#8221; background_layout=&#8221;dark&#8221;]<\/p>\n<p><strong><span style=\"color: #ffffff;\">Case postale 1632<br \/>Canton, MS. 39046<\/span><\/strong><\/p>\n<p>[\/et_pb_blurb][et_pb_blurb image=&#8221;<a href=\"https:\/\/toppsproducts.com\/wp-content\/uploads\/2020\/08\/2020-08-01_11-28-29.jpg&#038;#8221\">https:\/\/toppsproducts.com\/wp-content\/uploads\/2020\/08\/2020-08-01_11-28-29.jpg&#038;#8221<\/a>; icon_placement=&#8221;left&#8221; admin_label=&#8221;support email&#8221; _builder_version=&#8221;4.0.9&#8243; body_text_align=&#8221;left&#8221; body_text_color=&#8221;#ffffff&#8221; background_layout=&#8221;dark&#8221;]<\/p>\n<p><a href=\"mailto:support@toppsproducts.com\"><strong><span style=\"color: #ffffff;\">support@toppsproducts.com<\/span><\/strong><\/a><\/p>\n<p>[\/et_pb_blurb][et_pb_blurb image=&#8221;<a href=\"https:\/\/toppsproducts.com\/wp-content\/uploads\/2020\/08\/2020-08-01_11-28-50.jpg&#038;#8221\">https:\/\/toppsproducts.com\/wp-content\/uploads\/2020\/08\/2020-08-01_11-28-50.jpg&#038;#8221<\/a>; icon_placement=&#8221;left&#8221; admin_label=&#8221;telephone&#8221; _builder_version=&#8221;4.0.9&#8243; body_text_align=&#8221;left&#8221; body_text_color=&#8221;#ffffff&#8221; background_layout=&#8221;dark&#8221;]<\/p>\n<h5><strong><span style=\"color: #ffffff;\"><a href=\"tel:8008677177\">800-867-7177<\/a><\/span><\/strong><\/h5>\n<p>[\/et_pb_blurb][\/et_pb_column][et_pb_column type=&#8221;1_4&#8243; _builder_version=&#8221;4.0.9&#8243;][et_pb_text _builder_version=&#8221;4.0.9&#8243; header_font=&#8221;|||on|||||&#8221;]<\/p>\n<h3><strong><span style=\"color: #ffffff;\">EMPLACEMENTS<\/span><\/strong><\/h3>\n<p>[\/et_pb_text][et_pb_text _builder_version=&#8221;4.0.9&#8243; header_font=&#8221;|||on|||||&#8221;]<\/p>\n<p><span style=\"color: #ffffff;\"><a style=\"color: #ffffff;\" title=\"Produits Topps \u00c9tats-Unis\" href=\"https:\/\/toppsproducts.com\/fr\/\" target=\"_blank\" rel=\"noopener noreferrer\">Produits Topps - \u00c9tats-Unis<\/a><\/span><\/p>\n<p><span style=\"color: #ffffff;\"><a style=\"color: #ffffff;\" title=\"Produits Topps ASIE\" href=\"http:\/\/www.toppsproducts.co.th\/\" target=\"_blank\" rel=\"noopener noreferrer\">Produits Topps-Asie<\/a><\/span><\/p>\n<p><a title=\"Topps Produits Afrique\" href=\"https:\/\/www.toppsproductssa.co.za\/\" target=\"_blank\" rel=\"noopener noreferrer\"><span style=\"color: #ffffff;\">Produits Topps-Afrique<\/span><\/a><\/p>\n<p><span style=\"color: #ffffff;\"><a style=\"color: #ffffff;\" title=\"Topps Produits Europe\" href=\"https:\/\/www.toppseurope.com\/\" target=\"_blank\" rel=\"noopener noreferrer\">Produits Topps-Europe<\/a><\/span><\/p>\n<p><span style=\"color: #ffffff;\"><a style=\"color: #ffffff;\" title=\"Produits Topps Australie\" href=\"https:\/\/toppsproducts.com.au\/\" target=\"_blank\" rel=\"noopener noreferrer\">Topps Products-Australie<\/a><\/span><\/p>\n<p>&nbsp;<\/p>\n<p>[\/et_pb_text][\/et_pb_column][et_pb_column type=&#8221;1_4&#8243; _builder_version=&#8221;4.0.9&#8243;][et_pb_text _builder_version=&#8221;4.0.9&#8243; header_font=&#8221;|||on|||||&#8221;]<\/p>\n<h3><span style=\"color: #ffffff;\"><strong>DES PRODUITS<\/strong><\/span><\/h3>\n<p>[\/et_pb_text][et_pb_text _builder_version=&#8221;4.6.0&#8243; header_font=&#8221;|||on|||||&#8221;]<\/p>\n<p><span style=\"color: #ffffff;\"><a style=\"color: #ffffff;\" title=\"Produits de r\u00e9paration de toiture\" href=\"https:\/\/toppsproducts.com\/fr\/products\/roof-repair-products\/\" target=\"_blank\" rel=\"noopener noreferrer\">Produits de r\u00e9paration de toiture<\/a><br \/><\/span><\/p>\n<p><span style=\"color: #ffffff;\"><a style=\"color: #ffffff;\" title=\"Syst\u00e8mes d&#039;entretien de toiture\" href=\"https:\/\/toppsproducts.com\/fr\/products\/roof-maintenance-systems\/\" target=\"_blank\" rel=\"noopener noreferrer\">Syst\u00e8mes d&#039;entretien de toiture<\/a><br \/><\/span><\/p>\n<p><span style=\"color: #ffffff;\"><a style=\"color: #ffffff;\" title=\"Scellants et rev\u00eatements de toiture\" href=\"https:\/\/toppsproducts.com\/fr\/products\/roof-sealants-and-coatings\/\" target=\"_blank\" rel=\"noopener noreferrer\">Scellants et rev\u00eatements de toiture<\/a><br \/><\/span><\/p>\n<p><span style=\"color: #ffffff;\"><a style=\"color: #ffffff;\" title=\"Masonry Sealers and Specialty Products\" href=\"https:\/\/toppsproducts.com\/fr\/products\/masonry-sealers-and-specialty-products\/\" target=\"_blank\" rel=\"noopener noreferrer\">Masonry Sealers &amp; Specialty Products<\/a><\/span><\/p>\n<p><span style=\"color: #000000;\"><a style=\"color: #000000;\" href=\"https:\/\/toppsproducts.com\/fr\/products\/rvs-mobile-homes-trailers\/\" target=\"_blank\" rel=\"noopener noreferrer\"><span style=\"color: #ffffff;\">RVs Mobile Homes and Trailers<\/span><br \/><\/a><\/span><br \/><span style=\"color: #000000;\">\u00a0<\/span><\/p>\n<p>&nbsp;<\/p>\n<p>[\/et_pb_text][\/et_pb_column][et_pb_column type=&#8221;1_4&#8243; _builder_version=&#8221;4.0.9&#8243;][et_pb_text _builder_version=&#8221;4.0.9&#8243; header_font=&#8221;|||on|||||&#8221;]<\/p>\n<h3><strong><span style=\"color: #ffffff;\">CONNECTE-TOI AVEC NOUS<br \/><\/span><\/strong><\/h3>\n<p>[\/et_pb_text][et_pb_button button_url=&#8221;<a href=\"https:\/\/toppsproducts.com\/fr\/contact\/&\/#038;#8221\">https:\/\/toppsproducts.com\/contact\/&#038;#8221<\/a>; button_text=&#8221;CONTACT US&#8221; button_alignment=&#8221;left&#8221; _builder_version=&#8221;4.0.9&#8243; custom_button=&#8221;on&#8221; button_text_size=&#8221;16px&#8221; button_text_color=&#8221;#ffffff&#8221; button_bg_color=&#8221;#0da0c5&#8243; button_border_color=&#8221;#0da0c5&#8243; button_font=&#8221;|700|||||||&#8221; button_icon=&#8221;%%28%%&#8221; background_layout=&#8221;dark&#8221;][\/et_pb_button][et_pb_text _builder_version=&#8221;4.0.9&#8243; header_font=&#8221;|||on|||||&#8221;]<\/p>\n<h3><span style=\"color: #ffffff;\"><strong>R\u00c9SEAUX SOCIAUX<\/strong><br \/><\/span><\/h3>\n<p>&nbsp;<\/p>\n<p><a title=\"Produit Topps Facebook\" href=\"https:\/\/www.facebook.com\/toppsproducts\" target=\"_blank\" rel=\"noopener noreferrer\"><img data-recalc-dims=\"1\" decoding=\"async\" class=\"wp-image-1594 alignnone size-full\" src=\"https:\/\/i0.wp.com\/toppsproducts.com\/wp-content\/uploads\/2020\/08\/topps-products-facebook.png?resize=30%2C30&#038;ssl=1\" alt=\"\" width=\"30\" height=\"30\" \/><\/a> \u00a0 <a title=\"Topps Produit Instagram\" href=\"https:\/\/www.instagram.com\/toppsproducts\/\" target=\"_blank\" rel=\"noopener noreferrer\"><img data-recalc-dims=\"1\" decoding=\"async\" class=\"wp-image-1597 alignnone size-full\" src=\"https:\/\/i0.wp.com\/toppsproducts.com\/wp-content\/uploads\/2020\/08\/topps-products-instagram.png?resize=30%2C30&#038;ssl=1\" alt=\"\" width=\"30\" height=\"30\" \/><\/a> \u00a0 <a title=\"Topps Produits Gazouillement\" href=\"https:\/\/twitter.com\/toppsproducts\" target=\"_blank\" rel=\"noopener noreferrer\"><img data-recalc-dims=\"1\" decoding=\"async\" class=\"wp-image-1601 alignnone size-full\" src=\"https:\/\/i0.wp.com\/toppsproducts.com\/wp-content\/uploads\/2020\/08\/topps-products-twitter.png?resize=30%2C30&#038;ssl=1\" alt=\"\" width=\"30\" height=\"30\" \/><\/a> \u00a0 <a title=\"Produits Topp Cha\u00eene You Tube\" href=\"https:\/\/www.youtube.com\/user\/toppsproducts\" target=\"_blank\" rel=\"noopener noreferrer\"><img data-recalc-dims=\"1\" loading=\"lazy\" decoding=\"async\" class=\"wp-image-1605 alignnone size-full\" src=\"https:\/\/i0.wp.com\/toppsproducts.com\/wp-content\/uploads\/2020\/08\/topps-products-you-tube.png?resize=30%2C30&#038;ssl=1\" alt=\"\" width=\"30\" height=\"30\" \/><\/a> \u00a0\u00a0<img data-recalc-dims=\"1\" loading=\"lazy\" decoding=\"async\" class=\"wp-image-1609 alignnone size-full\" src=\"https:\/\/i0.wp.com\/toppsproducts.com\/wp-content\/uploads\/2020\/08\/topp-products-linked-in-1.png?resize=30%2C30&#038;ssl=1\" alt=\"\" width=\"30\" height=\"30\" \/><\/p>\n<p>[\/et_pb_text][\/et_pb_column][\/et_pb_row][\/et_pb_section][et_pb_section fb_built=&#8221;1&#8243; admin_label=&#8221;Footer&#8221; _builder_version=&#8221;4.0.9&#8243; background_color=&#8221;#424242&#8243; custom_padding=&#8221;7px||0px|||&#8221; global_module=&#8221;1734&#8243;][et_pb_row column_structure=&#8221;3_5,2_5&#8243; _builder_version=&#8221;4.0.9&#8243; custom_padding=&#8221;13px||18px|||&#8221;][et_pb_column type=&#8221;3_5&#8243; _builder_version=&#8221;4.0.9&#8243;][et_pb_text _builder_version=&#8221;4.0.9&#8243;]<\/p>\n<p>&nbsp;<\/p>\n<p class=\"footer-bottom__copyright\"><span style=\"color: #ffffff;\">\u00a9 2020 Topps Products, Inc. All Rights Reserved. | <a style=\"color: #ffffff;\" href=\"https:\/\/toppsproducts.com\/fr\/sitemap\/\">Sitemap<\/a> | Powered &amp; Designed By: <\/span><a href=\"http:\/\/www.digitalsouthmediagroup.com\"><span style=\"color: #ffffff;\">Digital South Media Group<\/span><\/a><\/p>\n<p>[\/et_pb_text][\/et_pb_column][et_pb_column type=&#8221;2_5&#8243; _builder_version=&#8221;4.0.9&#8243;][et_pb_image src=&#8221;<a href=\"https:\/\/toppsproducts.com\/wp-content\/uploads\/2020\/08\/cc-logos-white-300&#215;73.png&#038;#8221\">https:\/\/toppsproducts.com\/wp-content\/uploads\/2020\/08\/cc-logos-white-300&#215;73.png&#038;#8221<\/a>; _builder_version=&#8221;4.0.9&#8243;][\/et_pb_image][\/et_pb_column][\/et_pb_row][\/et_pb_section]<\/p>","protected":false},"excerpt":{"rendered":"<p>REFLEX\u2122 WALL COATING Reference # 9070 &nbsp; $174.90DESCRIPTIONMoisture and weather invade tiny surface fissures of paints that break. Not so with ReFlex\u2122. With over 825% ultimate elongation, ReFlex\u2122 provides unsurpassed ability to tolerate thermal movement, and resists cracking or checking that typically result in the failure of conventional finishes. Made using the Topps\u00ae proven 100% [&hellip;]<\/p>","protected":false},"author":0,"featured_media":0,"parent":18,"menu_order":3,"comment_status":"closed","ping_status":"closed","template":"","meta":{"_et_pb_use_builder":"on","_et_pb_old_content":"","_et_gb_content_width":"","_crdt_document":"","footnotes":""},"class_list":["post-2529","page","type-page","status-publish","hentry"],"aioseo_notices":[],"jetpack_sharing_enabled":true,"_links":{"self":[{"href":"https:\/\/toppsproducts.com\/fr\/wp-json\/wp\/v2\/pages\/2529","targetHints":{"allow":["GET"]}}],"collection":[{"href":"https:\/\/toppsproducts.com\/fr\/wp-json\/wp\/v2\/pages"}],"about":[{"href":"https:\/\/toppsproducts.com\/fr\/wp-json\/wp\/v2\/types\/page"}],"replies":[{"embeddable":true,"href":"https:\/\/toppsproducts.com\/fr\/wp-json\/wp\/v2\/comments?post=2529"}],"version-history":[{"count":5,"href":"https:\/\/toppsproducts.com\/fr\/wp-json\/wp\/v2\/pages\/2529\/revisions"}],"predecessor-version":[{"id":3048,"href":"https:\/\/toppsproducts.com\/fr\/wp-json\/wp\/v2\/pages\/2529\/revisions\/3048"}],"up":[{"embeddable":true,"href":"https:\/\/toppsproducts.com\/fr\/wp-json\/wp\/v2\/pages\/18"}],"wp:attachment":[{"href":"https:\/\/toppsproducts.com\/fr\/wp-json\/wp\/v2\/media?parent=2529"}],"curies":[{"name":"wp","href":"https:\/\/api.w.org\/{rel}","templated":true}]}}