{"id":2255,"date":"2020-09-02T02:54:36","date_gmt":"2020-09-02T02:54:36","guid":{"rendered":"http:\/\/toppsproducts.com\/?page_id=2255"},"modified":"2024-09-15T13:29:45","modified_gmt":"2024-09-15T17:29:45","slug":"topps-seal-base-coat","status":"publish","type":"page","link":"https:\/\/toppsproducts.com\/fr\/products\/roof-sealants-and-coatings\/topps-seal-base-coat\/","title":{"rendered":"Couche de base Topps Seal\u00ae"},"content":{"rendered":"<p>[et_pb_section fb_built=&#8221;1&#8243; fullwidth=&#8221;on&#8221; _builder_version=&#8221;4.6.0&#8243; _module_preset=&#8221;default&#8221; global_colors_info=&#8221;{}&#8221;][et_pb_fullwidth_header title=&#8221; TOPPS SEAL\u00ae BASE COAT&#8221; _builder_version=&#8221;4.6.0&#8243; _module_preset=&#8221;default&#8221; title_font=&#8221;|700|||||||&#8221; title_text_color=&#8221;#ffffff&#8221; background_enable_color=&#8221;off&#8221; background_image=&#8221;<a href=\"https:\/\/toppsproducts.com\/wp-content\/uploads\/2020\/08\/header-background.jpg&#038;#8221\">https:\/\/toppsproducts.com\/wp-content\/uploads\/2020\/08\/header-background.jpg&#038;#8221<\/a>; title_text_shadow_style=&#8221;preset2&#8243; title_text_shadow_color=&#8221;#000000&#8243; global_colors_info=&#8221;{}&#8221;][\/et_pb_fullwidth_header][\/et_pb_section][et_pb_section fb_built=&#8221;1&#8243; _builder_version=&#8221;4.0.9&#8243; global_colors_info=&#8221;{}&#8221;][et_pb_row column_structure=&#8221;1_2,1_2&#8243; _builder_version=&#8221;4.0.9&#8243; global_colors_info=&#8221;{}&#8221;][et_pb_column type=&#8221;1_2&#8243; _builder_version=&#8221;4.0.9&#8243; global_colors_info=&#8221;{}&#8221;][et_pb_text _builder_version=&#8221;4.6.0&#8243; custom_margin=&#8221;||-3px|||&#8221; global_colors_info=&#8221;{}&#8221;]<\/p>\n<div class=\"row column\" data-finder-type=\"Web App\" data-finder-name=\"Page Control\" data-finder-id=\"4690453\">\n<h2 class=\"inner-header__title\"><span style=\"color: #004d51;\"><strong><span class=\"inner-header__headline\">COUCHE DE BASE TOPPS SEAL\u00ae<br \/><\/span><\/strong><\/span><\/h2>\n<\/div>\n<p><span style=\"color: #000000;\"><strong><span class=\"product-info__reference\">R\u00e9f\u00e9rence # 15<\/span><\/strong><\/span><\/p>\n<p>&nbsp;<\/p>\n<div class=\"product-info__title\">\n<h2 class=\"subheader\"><span style=\"color: #004d51;\"><strong>\u00a0<\/strong><\/span><\/h2>\n<p>&nbsp;<\/p>\n<\/div>\n<p>[\/et_pb_text][et_pb_image src=&#8221;<a href=\"https:\/\/toppsproducts.com\/wp-content\/uploads\/2020\/09\/Topps-Seal-Base-Coat-600.jpg&#038;#8221\">https:\/\/toppsproducts.com\/wp-content\/uploads\/2020\/09\/Topps-Seal-Base-Coat-600.jpg&#038;#8221<\/a>; title_text=&#8221;Topps-Seal-Base-Coat 600&#8243; _builder_version=&#8221;4.6.0&#8243; global_colors_info=&#8221;{}&#8221;][\/et_pb_image][\/et_pb_column][et_pb_column type=&#8221;1_2&#8243; _builder_version=&#8221;4.0.9&#8243; global_colors_info=&#8221;{}&#8221;][et_pb_text _builder_version=&#8221;4.6.0&#8243; global_colors_info=&#8221;{}&#8221;]<\/p>\n<div class=\"product-info__price\">\u00a0<\/div>\n<h2 class=\"headings\"><span style=\"color: #004d51;\"><strong>DESCRIPTION<\/strong><\/span><\/h2>\n<p>[\/et_pb_text][et_pb_divider _builder_version=&#8221;4.0.9&#8243; global_colors_info=&#8221;{}&#8221;][\/et_pb_divider][et_pb_text _builder_version=&#8221;4.6.0&#8243; global_colors_info=&#8221;{}&#8221;]<\/p>\n<p><span style=\"color: #000000;\">La couche de base Topps Seal\u00ae enti\u00e8rement en caoutchouc \u00e9lastom\u00e8re fournit une couche de base \u00e9conomique aux syst\u00e8mes de rev\u00eatement Topps Seal\u00ae. L&#039;emballage adh\u00e9sif am\u00e9lior\u00e9 fonctionne avec les caoutchoucs flexibles en permanence pour fournir une adh\u00e9rence sup\u00e9rieure. La couche de finition Topps Seal devient ins\u00e9parable lorsque ces deux couches se rencontrent et fusionnent. La combinaison compl\u00e8te des capacit\u00e9s d&#039;allongement et de r\u00e9sistance \u00e0 la traction offre une r\u00e9sistance sup\u00e9rieure pour r\u00e9pondre \u00e0 toutes les demandes de changement climatique et thermique. La couche de base Topps Seal\u00ae est une premi\u00e8re couche de substitution \u00ab blanc cass\u00e9 \u00bb contrast\u00e9e pour une plus grande \u00e9conomie sur les syst\u00e8mes \u00e0 deux couches. Construit sur les m\u00eames ingr\u00e9dients de qualit\u00e9 identique de Topps Seal\u00ae formul\u00e9s dans une premi\u00e8re couche plus \u00e9conomique.<\/span><\/p>\n<p><span style=\"color: #000000;\">La couche de base Topps Seal\u00ae peut \u00eatre utilis\u00e9e sur les toits en m\u00e9tal, en bitume modifi\u00e9, BUR, PUF et en b\u00e9ton.<\/span><\/p>\n<ul>\n<li><span style=\"color: #000000;\">Imperm\u00e9abilisation \u2013 perm\u00e9ation quasi nulle<\/span><\/li>\n<li><span style=\"color: #000000;\">Bloque la rouille, l&#039;humidit\u00e9<\/span><\/li>\n<li><span style=\"color: #000000;\">Joints m\u00e9tal, BUR, bitume modifi\u00e9, PUF, b\u00e9ton<\/span><\/li>\n<li><span style=\"color: #000000;\">Cr\u00e9e une \u00e9paisseur de mil plus \u00e9conomiquement sur les travaux blancs Topps Seal\u00ae<\/span><\/li>\n<li><span style=\"color: #000000;\">Liaison forte et construction \u00e9lev\u00e9e<\/span><\/li>\n<\/ul>\n<p>[\/et_pb_text][et_pb_button button_url=&#8221;<a href=\"https:\/\/toppsproducts.com\/fr\/products\/roof-sealants-and-coatings\/topps-seal-base-coat\/topps-seal-base-coat-get-a-quote\/&\/#038;#8221\">https:\/\/toppsproducts.com\/products\/roof-sealants-and-coatings\/topps-seal-base-coat\/topps-seal-base-coat-get-a-quote\/&#038;#8221<\/a>; button_text=&#8221;GET A QUOTE&#8221; _builder_version=&#8221;4.6.0&#8243; custom_button=&#8221;on&#8221; button_text_color=&#8221;#ffffff&#8221; button_bg_color=&#8221;#0da0c5&#8243; button_border_color=&#8221;#0da0c5&#8243; button_font=&#8221;|700|||||||&#8221; global_colors_info=&#8221;{}&#8221;][\/et_pb_button][\/et_pb_column][\/et_pb_row][\/et_pb_section][et_pb_section fb_built=&#8221;1&#8243; _builder_version=&#8221;4.0.9&#8243; background_color=&#8221;#d6d6d6&#8243; global_colors_info=&#8221;{}&#8221;][et_pb_row column_structure=&#8221;1_2,1_2&#8243; _builder_version=&#8221;4.0.9&#8243; background_color=&#8221;#ffffff&#8221; custom_padding=&#8221;|75px||75px||&#8221; global_colors_info=&#8221;{}&#8221;][et_pb_column type=&#8221;1_2&#8243; _builder_version=&#8221;4.0.9&#8243; global_colors_info=&#8221;{}&#8221;][et_pb_text _builder_version=&#8221;4.6.0&#8243; text_text_color=&#8221;#ffffff&#8221; header_text_color=&#8221;#ffffff&#8221; background_color=&#8221;#004d51&#8243; custom_padding=&#8221;32px|50px|50px|50px||&#8221; global_colors_info=&#8221;{}&#8221;]<\/p>\n<h2 class=\"headings\"><span style=\"color: #ffffff;\"><strong>Caract\u00e9ristiques<\/strong><\/span><\/h2>\n<p><span style=\"color: #ffffff;\"><strong>Mat\u00e9riau humide\u00a0: caract\u00e9ristiques typiques du produit<\/strong><\/span><\/p>\n<table class=\"product-table\">\n<tbody>\n<tr>\n<td width=\"312\">\n<p><span style=\"color: #ffffff;\">Viscosit\u00e9<\/span><\/p>\n<\/td>\n<td width=\"312\">\n<p><span style=\"color: #ffffff;\">115 \u2013 120 KU<\/span><\/p>\n<\/td>\n<\/tr>\n<tr>\n<td width=\"312\">\n<p><span style=\"color: #ffffff;\">Poids par gallon<\/span><\/p>\n<\/td>\n<td width=\"312\">\n<p><span style=\"color: #ffffff;\">8,9 \u00e0 9,3 livres.<\/span><\/p>\n<\/td>\n<\/tr>\n<tr>\n<td width=\"312\">\n<p><span style=\"color: #ffffff;\">Solides<\/span><\/p>\n<\/td>\n<td width=\"312\">\n<p><span style=\"color: #ffffff;\">50% min.<\/span><\/p>\n<\/td>\n<\/tr>\n<tr>\n<td width=\"312\">\n<p><span style=\"color: #ffffff;\">Point d&#039;\u00e9clair du solvant<\/span><\/p>\n<\/td>\n<td width=\"312\">\n<p><span style=\"color: #ffffff;\">104\u00b0 F<\/span><\/p>\n<\/td>\n<\/tr>\n<tr>\n<td width=\"312\">\n<p><span style=\"color: #ffffff;\">COV<\/span><\/p>\n<\/td>\n<td width=\"312\">\n<p><span style=\"color: #ffffff;\">&lt;500&gt;<\/span><\/p>\n<\/td>\n<\/tr>\n<tr>\n<td width=\"312\">\n<p><span style=\"color: #ffffff;\">Sec au toucher \u00e0 77 \u00b0F (humidit\u00e9 relative 50%)<\/span><\/p>\n<\/td>\n<td width=\"312\">\n<p><span style=\"color: #ffffff;\">~ 4 heures<\/span><\/p>\n<\/td>\n<\/tr>\n<\/tbody>\n<\/table>\n<p>&nbsp;<\/p>\n<p><span style=\"color: #ffffff;\"><strong>Rev\u00eatement durci\u00a0: propri\u00e9t\u00e9s de performance typiques<\/strong><\/span><\/p>\n<table class=\"product-table\">\n<tbody>\n<tr>\n<td width=\"312\">\n<p><span style=\"color: #ffffff;\">\u00c9longation ultime<\/span><\/p>\n<\/td>\n<td width=\"312\">\n<p><span style=\"color: #ffffff;\">550% min.<\/span><\/p>\n<\/td>\n<\/tr>\n<tr>\n<td width=\"312\">\n<p><span style=\"color: #ffffff;\">R\u00e9sistance \u00e0 la traction ultime<\/span><\/p>\n<\/td>\n<td width=\"312\">\n<p><span style=\"color: #ffffff;\">1000 psi min<\/span><\/p>\n<\/td>\n<\/tr>\n<tr>\n<td width=\"312\">\n<p><span style=\"color: #ffffff;\">Adh\u00e9sion au pelage<\/span><\/p>\n<\/td>\n<td width=\"312\">\n<p><span style=\"color: #ffffff;\">2,9 pli<\/span><\/p>\n<\/td>\n<\/tr>\n<tr>\n<td width=\"312\">\n<p><span style=\"color: #ffffff;\">Perm\u00e9abilit\u00e9 \u00e0 la vapeur d&#039;eau<\/span><\/p>\n<\/td>\n<td width=\"312\">\n<p><span style=\"color: #ffffff;\">0,25 perm<\/span><\/p>\n<\/td>\n<\/tr>\n<tr>\n<td width=\"312\">\n<p><span style=\"color: #ffffff;\">Absorption d&#039;humidit\u00e9 (7 jours d&#039;immersion)<\/span><\/p>\n<\/td>\n<td width=\"312\">\n<p><span style=\"color: #ffffff;\">0.50% max<\/span><\/p>\n<\/td>\n<\/tr>\n<tr>\n<td width=\"312\">\n<p><span style=\"color: #ffffff;\">La temp\u00e9rature de service<\/span><\/p>\n<\/td>\n<td width=\"312\">\n<p><span style=\"color: #ffffff;\">-40\u00b0 \u2013 140\u00b0 F<\/span><\/p>\n<\/td>\n<\/tr>\n<\/tbody>\n<\/table>\n<p>&nbsp;<\/p>\n<p>[\/et_pb_text][\/et_pb_column][et_pb_column type=&#8221;1_2&#8243; _builder_version=&#8221;4.0.9&#8243; global_colors_info=&#8221;{}&#8221;][et_pb_text _builder_version=&#8221;4.6.0&#8243; link_font=&#8221;|700|||||||&#8221; background_color=&#8221;#dae5e7&#8243; custom_padding=&#8221;32px|50px|50px|50px||&#8221; global_colors_info=&#8221;{}&#8221;]<\/p>\n<h2 class=\"headings\"><span style=\"color: #004d51;\"><strong>FAQ<\/strong><\/span><\/h2>\n<p><span style=\"color: #000000;\"><strong>Q\u00a0: Est-ce que l&#039;utilisation de Topps Seal\u00ae Base Coat signifie que je vais me retrouver avec des couches s\u00e9par\u00e9es pour mon rev\u00eatement de toiture\u00a0?<br \/><\/strong><\/span><span style=\"color: #000000;\">R : Non. La couche de finition Topps Seal\u00ae devient ins\u00e9parable de la couche de base lorsque ces deux couches se rencontrent et fusionnent. Le r\u00e9seau de composants interconnect\u00e9s s&#039;unifie en une couche de caoutchouc monocouche sans couture qui applique un verrou virtuel sur les surfaces de toiture existantes.<\/span><\/p>\n<p><span style=\"color: #000000;\"><strong>Q\u00a0: Puis-je utiliser cette couche de base Topps Seal\u00ae directement sur mon projet de toiture en bitume\u00a0?<br \/><\/strong><\/span><span style=\"color: #000000;\">R : Oui, mais en raison des probl\u00e8mes d&#039;infiltration des rev\u00eatements de toiture sur le bitume, vous devrez d&#039;abord appliquer le bloqueur d&#039;exsudation Bondit\u2122 sur le bitume avant d&#039;appliquer la couche de base.<\/span><\/p>\n<p><span style=\"color: #000000;\"><strong>Q : L&#039;humidit\u00e9 est un probl\u00e8me dans ma r\u00e9gion. \u00c0 quelle vitesse la couche de base Topps Seal\u00ae sera-t-elle r\u00e9sistante \u00e0 l&#039;humidit\u00e9\u00a0?<br \/><\/strong><\/span><span style=\"color: #000000;\">R : La r\u00e9sistance \u00e0 l&#039;humidit\u00e9 commence environ 1 \u00e0 4 heures apr\u00e8s l&#039;application.<\/span><\/p>\n<p>&nbsp;<\/p>\n<h3 class=\"headings\"><strong>Ressources<\/strong><\/h3>\n<ul>\n<li><a title=\"Topps Seal-Base-Coat-Tech-Donn\u00e9es\" href=\"https:\/\/toppsproducts.com\/wp-content\/uploads\/2020\/09\/Topps-Seal-Base-Coat-Tech-Data.pdf\" target=\"_blank\" rel=\"noopener noreferrer\">Donn\u00e9es techniques<\/a><\/li>\n<li><a title=\"Tops Seal Base-Coat-Domestic-SDS\" href=\"https:\/\/toppsproducts.com\/wp-content\/uploads\/2020\/09\/Topps-Seal-Base-Coat-Domestic-SDS.pdf\" target=\"_blank\" rel=\"noopener noreferrer\">Fiche de donn\u00e9es de s\u00e9curit\u00e9 (domestique)<\/a><\/li>\n<li><a title=\"Topps Seal-Base-Coat-International-FDS\" href=\"https:\/\/toppsproducts.com\/wp-content\/uploads\/2020\/09\/Topps-Seal-Base-Coat-International-SDS.pdf\" target=\"_blank\" rel=\"noopener noreferrer\">Fiche de donn\u00e9es de s\u00e9curit\u00e9 (internationale)<\/a><\/li>\n<\/ul>\n<p>&nbsp;<\/p>\n<p>&nbsp;<\/p>\n<p>[\/et_pb_text][\/et_pb_column][\/et_pb_row][\/et_pb_section][et_pb_section fb_built=&#8221;1&#8243; admin_label=&#8221;Bottom Colums&#8221; _builder_version=&#8221;4.10.5&#8243; background_color=&#8221;#004d51&#8243; custom_padding=&#8221;16px||0px|||&#8221; global_module=&#8221;1733&#8243; saved_tabs=&#8221;all&#8221; global_colors_info=&#8221;{}&#8221;][\/et_pb_section][et_pb_section fb_built=&#8221;1&#8243; admin_label=&#8221;Footer&#8221; _builder_version=&#8221;4.10.5&#8243; background_color=&#8221;#424242&#8243; custom_padding=&#8221;7px||0px|||&#8221; global_module=&#8221;1734&#8243; saved_tabs=&#8221;all&#8221; global_colors_info=&#8221;{}&#8221;][et_pb_row column_structure=&#8221;1_3,1_3,1_3&#8243; _builder_version=&#8221;4.0.9&#8243; custom_padding=&#8221;13px||18px|||&#8221; global_colors_info=&#8221;{}&#8221;][et_pb_column type=&#8221;1_3&#8243; _builder_version=&#8221;4.0.9&#8243; global_colors_info=&#8221;{}&#8221;][et_pb_text _builder_version=&#8221;4.10.5&#8243; global_colors_info=&#8221;{}&#8221;]<\/p>\n<p>&nbsp;<\/p>\n<p class=\"footer-bottom__copyright\"><span style=\"color: #ffffff;\">\u00a9 2024 Topps Products, Inc. All Rights Reserved.\u00a0<\/span><\/p>\n<p>[\/et_pb_text][\/et_pb_column][et_pb_column type=&#8221;1_3&#8243; _builder_version=&#8221;4.10.5&#8243; _module_preset=&#8221;default&#8221; global_colors_info=&#8221;{}&#8221;][\/et_pb_column][et_pb_column type=&#8221;1_3&#8243; _builder_version=&#8221;4.0.9&#8243; global_colors_info=&#8221;{}&#8221;][et_pb_image src=&#8221;<a href=\"https:\/\/toppsproducts.com\/wp-content\/uploads\/2022\/03\/Untitled-design-2-e1646777203869.png&#038;#8221\">https:\/\/toppsproducts.com\/wp-content\/uploads\/2022\/03\/Untitled-design-2-e1646777203869.png&#038;#8221<\/a>; title_text=&#8221;Untitled design (2)&#8221; _builder_version=&#8221;4.10.5&#8243; vertical_offset=&#8221;-70px&#8221; horizontal_offset=&#8221;10px&#8221; vertical_offset_tablet=&#8221;&#8221; vertical_offset_phone=&#8221;23px&#8221; vertical_offset_last_edited=&#8221;on|phone&#8221; horizontal_offset_tablet=&#8221;&#8221; horizontal_offset_phone=&#8221;6px&#8221; horizontal_offset_last_edited=&#8221;on|phone&#8221; position_origin_a_tablet=&#8221;&#8221; position_origin_a_phone=&#8221;&#8221; position_origin_a_last_edited=&#8221;on|phone&#8221; position_origin_f_tablet=&#8221;&#8221; position_origin_f_phone=&#8221;&#8221; position_origin_f_last_edited=&#8221;on|phone&#8221; position_origin_r_tablet=&#8221;&#8221; position_origin_r_phone=&#8221;&#8221; position_origin_r_last_edited=&#8221;on|phone&#8221; positioning_tablet=&#8221;&#8221; positioning_phone=&#8221;relative&#8221; positioning_last_edited=&#8221;on|phone&#8221; global_colors_info=&#8221;{}&#8221;][\/et_pb_image][\/et_pb_column][\/et_pb_row][\/et_pb_section]<\/p>","protected":false},"excerpt":{"rendered":"<p>TOPPS SEAL\u00ae BASE COAT Reference # 15 &nbsp; \u00a0 &nbsp; \u00a0 DESCRIPTIONTopps Seal\u00ae Base Coat all rubber elastomeric provides an economical foundation layer to Topps Seal\u00ae coating systems. The enhanced added adhesive package works with the permanently flexible rubbers to provide superior bonding. The Topps Seal finish coat becomes inseparable as these two layers meet [&hellip;]<\/p>","protected":false},"author":5,"featured_media":0,"parent":54,"menu_order":2,"comment_status":"closed","ping_status":"closed","template":"","meta":{"_et_pb_use_builder":"on","_et_pb_old_content":"","_et_gb_content_width":"","_crdt_document":"","footnotes":""},"class_list":["post-2255","page","type-page","status-publish","hentry"],"aioseo_notices":[],"jetpack_sharing_enabled":true,"_links":{"self":[{"href":"https:\/\/toppsproducts.com\/fr\/wp-json\/wp\/v2\/pages\/2255","targetHints":{"allow":["GET"]}}],"collection":[{"href":"https:\/\/toppsproducts.com\/fr\/wp-json\/wp\/v2\/pages"}],"about":[{"href":"https:\/\/toppsproducts.com\/fr\/wp-json\/wp\/v2\/types\/page"}],"author":[{"embeddable":true,"href":"https:\/\/toppsproducts.com\/fr\/wp-json\/wp\/v2\/users\/5"}],"replies":[{"embeddable":true,"href":"https:\/\/toppsproducts.com\/fr\/wp-json\/wp\/v2\/comments?post=2255"}],"version-history":[{"count":5,"href":"https:\/\/toppsproducts.com\/fr\/wp-json\/wp\/v2\/pages\/2255\/revisions"}],"predecessor-version":[{"id":5606,"href":"https:\/\/toppsproducts.com\/fr\/wp-json\/wp\/v2\/pages\/2255\/revisions\/5606"}],"up":[{"embeddable":true,"href":"https:\/\/toppsproducts.com\/fr\/wp-json\/wp\/v2\/pages\/54"}],"wp:attachment":[{"href":"https:\/\/toppsproducts.com\/fr\/wp-json\/wp\/v2\/media?parent=2255"}],"curies":[{"name":"wp","href":"https:\/\/api.w.org\/{rel}","templated":true}]}}