{"id":2225,"date":"2020-09-02T02:27:39","date_gmt":"2020-09-02T02:27:39","guid":{"rendered":"http:\/\/toppsproducts.com\/?page_id=2225"},"modified":"2022-02-04T13:23:15","modified_gmt":"2022-02-04T18:23:15","slug":"gutterguard","status":"publish","type":"page","link":"https:\/\/toppsproducts.com\/fr\/products\/roof-repair-products\/gutterguard\/","title":{"rendered":"GutterGuard\u00ae"},"content":{"rendered":"<p>[et_pb_section fb_built=&#8221;1&#8243; fullwidth=&#8221;on&#8221; _builder_version=&#8221;4.6.0&#8243; _module_preset=&#8221;default&#8221; global_colors_info=&#8221;{}&#8221;][et_pb_fullwidth_header title=&#8221;GutterGuard\u00ae&#8221; _builder_version=&#8221;4.6.0&#8243; _module_preset=&#8221;default&#8221; title_font=&#8221;|700|||||||&#8221; title_text_color=&#8221;#ffffff&#8221; background_enable_color=&#8221;off&#8221; background_image=&#8221;<a href=\"https:\/\/toppsproducts.com\/wp-content\/uploads\/2020\/08\/header-background.jpg&#038;#8221\">https:\/\/toppsproducts.com\/wp-content\/uploads\/2020\/08\/header-background.jpg&#038;#8221<\/a>; title_text_shadow_style=&#8221;preset2&#8243; title_text_shadow_color=&#8221;#000000&#8243; global_colors_info=&#8221;{}&#8221;][\/et_pb_fullwidth_header][\/et_pb_section][et_pb_section fb_built=&#8221;1&#8243; _builder_version=&#8221;4.0.9&#8243; global_colors_info=&#8221;{}&#8221;][et_pb_row column_structure=&#8221;1_2,1_2&#8243; _builder_version=&#8221;4.0.9&#8243; global_colors_info=&#8221;{}&#8221;][et_pb_column type=&#8221;1_2&#8243; _builder_version=&#8221;4.0.9&#8243; global_colors_info=&#8221;{}&#8221;][et_pb_text _builder_version=&#8221;4.6.0&#8243; custom_margin=&#8221;||-3px|||&#8221; global_colors_info=&#8221;{}&#8221;]<\/p>\n<div class=\"row column\" data-finder-type=\"Web App\" data-finder-name=\"Page Control\" data-finder-id=\"4690453\">\n<h2 class=\"inner-header__title\"><span style=\"color: #004d51;\"><strong><span class=\"inner-header__headline\">GUTTERGUARD\u00ae\u00a0<\/span><\/strong><\/span><\/h2>\n<\/div>\n<div class=\"product-info__title\">\n<p class=\"subheader\"><span style=\"color: #000000;\"><strong>R\u00e9pare les fuites de goutti\u00e8re et pr\u00e9vient les dommages au toit<\/strong><\/span><\/p>\n<\/div>\n<p><span style=\"color: #000000;\"><strong><span class=\"product-info__reference\">R\u00e9f\u00e9rence # 6<\/span><\/strong><\/span><\/p>\n<p>&nbsp;<\/p>\n<div class=\"product-info__title\">\n<h2 class=\"subheader\"><span style=\"color: #004d51;\"><strong>\u00a0<\/strong><\/span><\/h2>\n<p>&nbsp;<\/p>\n<\/div>\n<p>[\/et_pb_text][et_pb_image src=&#8221;<a href=\"https:\/\/toppsproducts.com\/wp-content\/uploads\/2020\/09\/GutterGuard-600.jpg&#038;#8221\">https:\/\/toppsproducts.com\/wp-content\/uploads\/2020\/09\/GutterGuard-600.jpg&#038;#8221<\/a>; title_text=&#8221;GutterGuard 600&#8243; _builder_version=&#8221;4.6.0&#8243; global_colors_info=&#8221;{}&#8221;][\/et_pb_image][et_pb_text _builder_version=&#8221;4.6.0&#8243; _module_preset=&#8221;default&#8221; global_colors_info=&#8221;{}&#8221;]<\/p>\n<p><strong>Sp\u00e9cial Familiarisez-vous \u2013 Seau de 3 gallons<\/strong><\/p>\n<p><strong><span style=\"color: #000000;\">Options d&#039;achat\u00a0:<\/span><\/strong><\/p>\n<p><span style=\"font-size: 14px;\"><span style=\"color: #000000;\">GutterGuard\u00ae Rapide 1<\/span><\/span><span style=\"font-size: 14px;\"><span style=\"color: #000000;\"> &#8211;\u00a0<\/span><\/span><\/p>\n<p><span style=\"font-size: 14px;\"><span style=\"color: #000000;\">\u00a0GutterGuard\u00ae Rapide 3 \u2013<\/span><\/span><br \/><span style=\"font-size: 14px;\"><span style=\"color: #000000;\"><\/span><\/span><\/p>\n<p><strong><\/strong><\/p>\n<p>[\/et_pb_text][\/et_pb_column][et_pb_column type=&#8221;1_2&#8243; _builder_version=&#8221;4.0.9&#8243; global_colors_info=&#8221;{}&#8221;][et_pb_text _builder_version=&#8221;4.6.0&#8243; global_colors_info=&#8221;{}&#8221;]<\/p>\n<div class=\"product-info__price\"><\/div>\n<div class=\"product-info__includes\">\n<p>&nbsp;<\/p>\n<\/div>\n<h2>\u00a0<\/h2>\n<h2 class=\"headings\"><span style=\"color: #004d51;\"><strong>DESCRIPTION<\/strong><\/span><\/h2>\n<p>[\/et_pb_text][et_pb_divider _builder_version=&#8221;4.0.9&#8243; global_colors_info=&#8221;{}&#8221;][\/et_pb_divider][et_pb_text _builder_version=&#8221;4.6.0&#8243; global_colors_info=&#8221;{}&#8221;]<\/p>\n<p><span style=\"color: #000000;\">Lorsque les goutti\u00e8res fuient, les probl\u00e8mes ne font que commencer. La d\u00e9t\u00e9rioration augmente rapidement, les fuites augmentent et le remplacement devient rapidement in\u00e9vitable.<\/span><\/p>\n<p><span style=\"color: #000000;\">Cependant, il existe une alternative : regarnir vos goutti\u00e8res avec un syst\u00e8me de caoutchouc sans joint. Topps\u00ae GutterGuard\u00ae est la r\u00e9ponse. Utilisez GutterGuard\u00ae pour sceller et regarnir tous les types de goutti\u00e8res.<\/span><\/p>\n<p><span style=\"color: #000000;\">Cette doublure en caoutchouc extr\u00eamement r\u00e9sistante et remarquable s&#039;applique par pulv\u00e9risation ou au pinceau, ce qui permet un ajustement personnalis\u00e9 parfait \u00e0 chaque fois. Parce qu&#039;il est fabriqu\u00e9 \u00e0 partir de caoutchouc 100%, GutterGuard\u00ae emp\u00eache d&#039;autres attaques d&#039;humidit\u00e9, donnant \u00e0 votre goutti\u00e8re une \u00e9tanch\u00e9it\u00e9 durable. L&#039;incroyable capacit\u00e9 de GutterGuard \u00e0 s&#039;accrocher aux bords fonctionne l\u00e0 o\u00f9 vous en avez le plus besoin, offrant une protection suppl\u00e9mentaire au niveau des coutures et des rivets.<\/span><\/p>\n<p><span style=\"color: #000000;\">Avec GutterGuard\u00ae, l&#039;accumulation d&#039;eau et de d\u00e9bris - une source courante de d\u00e9veloppement de la rouille et de la corrosion - est bloqu\u00e9e. Apr\u00e8s l&#039;installation de GutterGuard\u00ae, votre syst\u00e8me coulera mieux et n\u00e9cessitera moins de nettoyage.<\/span><\/p>\n<p><span style=\"color: #000000;\">GutterGuard\u00ae est le premier scellant liquide pour goutti\u00e8res.<\/span><\/p>\n<ul>\n<li><span style=\"color: #000000;\">Scelle et regarnit tous types de goutti\u00e8res<\/span><\/li>\n<li><span style=\"color: #000000;\">Doublure en caoutchouc r\u00e9sistante, dure et flexible qui s&#039;\u00e9coule avec un spray ou une brosse et devient transparente lorsqu&#039;elle est durcie sur du vieux m\u00e9tal propre.<\/span><\/li>\n<li><span style=\"color: #000000;\">Emp\u00eache d&#039;autres attaques d&#039;humidit\u00e9 - assure une \u00e9tanch\u00e9it\u00e9 parfaite pour les goutti\u00e8res<\/span><\/li>\n<\/ul>\n<p>&nbsp;<\/p>\n<div class=\"product-info__actions--off\">\n<div class=\"product-info__groupings--end\">\n<div class=\"dropit dropit--groupings\">\n<p class=\"mb2 test\"><span style=\"color: #000000;\"><strong>Quantit\u00e9 et couleur :<br \/>(Vendu en seaux de 3 gallons.)<\/strong><\/span><\/p>\n<\/div>\n<\/div>\n<\/div>\n<p>[\/et_pb_text][et_pb_button button_url=&#8221;<a href=\"https:\/\/toppsproducts.myshopify.com\/collections\/roof-repair-products\/products\/gutterguard%C2%AE-repairs-gutter-leaks-and-prevents-roof-damage&#038;#8221\" rel=\"nofollow\">https:\/\/toppsproducts.myshopify.com\/collections\/roof-repair-products\/products\/gutterguard%C2%AE-repairs-gutter-leaks-and-prevents-roof-damage&#038;#8221<\/a>; url_new_window=&#8221;on&#8221; button_text=&#8221;BUY NOW&#8221; _builder_version=&#8221;4.7.4&#8243; custom_button=&#8221;on&#8221; button_text_color=&#8221;#ffffff&#8221; button_bg_color=&#8221;#0da0c5&#8243; button_border_color=&#8221;#0da0c5&#8243; button_font=&#8221;|700|||||||&#8221; global_colors_info=&#8221;{}&#8221;][\/et_pb_button][\/et_pb_column][\/et_pb_row][\/et_pb_section][et_pb_section fb_built=&#8221;1&#8243; _builder_version=&#8221;4.0.9&#8243; background_color=&#8221;#d6d6d6&#8243; global_colors_info=&#8221;{}&#8221;][et_pb_row column_structure=&#8221;1_2,1_2&#8243; _builder_version=&#8221;4.0.9&#8243; background_color=&#8221;#ffffff&#8221; custom_padding=&#8221;|75px||75px||&#8221; global_colors_info=&#8221;{}&#8221;][et_pb_column type=&#8221;1_2&#8243; _builder_version=&#8221;4.0.9&#8243; global_colors_info=&#8221;{}&#8221;][et_pb_text _builder_version=&#8221;4.6.0&#8243; text_text_color=&#8221;#ffffff&#8221; header_text_color=&#8221;#ffffff&#8221; background_color=&#8221;#004d51&#8243; custom_padding=&#8221;32px|50px|50px|50px||&#8221; global_colors_info=&#8221;{}&#8221;]<\/p>\n<h2 class=\"headings\"><span style=\"color: #ffffff;\"><strong>Caract\u00e9ristiques<\/strong><\/span><\/h2>\n<table class=\"product-table\">\n<tbody>\n<tr>\n<td width=\"312\">\n<p><span style=\"color: #ffffff;\">\u00c9longation ultime<\/span><\/p>\n<\/td>\n<td width=\"312\">\n<p><span style=\"color: #ffffff;\">550%<\/span><\/p>\n<\/td>\n<\/tr>\n<tr>\n<td width=\"312\">\n<p><span style=\"color: #ffffff;\">R\u00e9sistance \u00e0 la traction ultime<\/span><\/p>\n<\/td>\n<td width=\"312\">\n<p><span style=\"color: #ffffff;\">1000 psi<\/span><\/p>\n<\/td>\n<\/tr>\n<tr>\n<td width=\"312\">\n<p><span style=\"color: #ffffff;\">Perm\u00e9abilit\u00e9 \u00e0 la vapeur d&#039;eau<\/span><\/p>\n<\/td>\n<td width=\"312\">\n<p><span style=\"color: #ffffff;\">0,25 perm<\/span><\/p>\n<\/td>\n<\/tr>\n<tr>\n<td width=\"312\">\n<p><span style=\"color: #ffffff;\">Solides<\/span><\/p>\n<\/td>\n<td width=\"312\">\n<p><span style=\"color: #ffffff;\">50% min.<\/span><\/p>\n<\/td>\n<\/tr>\n<tr>\n<td width=\"312\">\n<p><span style=\"color: #ffffff;\">COV<\/span><\/p>\n<\/td>\n<td width=\"312\">\n<p><span style=\"color: #ffffff;\">&lt;500&gt;<\/span><\/p>\n<\/td>\n<\/tr>\n<\/tbody>\n<\/table>\n<p>&nbsp;<\/p>\n<p>[\/et_pb_text][\/et_pb_column][et_pb_column type=&#8221;1_2&#8243; _builder_version=&#8221;4.0.9&#8243; global_colors_info=&#8221;{}&#8221;][et_pb_text _builder_version=&#8221;4.6.0&#8243; link_font=&#8221;|700|||||||&#8221; background_color=&#8221;#dae5e7&#8243; custom_padding=&#8221;32px|50px|50px|50px||&#8221; global_colors_info=&#8221;{}&#8221;]<\/p>\n<h2 class=\"headings\"><span style=\"color: #004d51;\"><strong>FAQ<\/strong><\/span><\/h2>\n<p><span style=\"color: #000000;\"><strong>Q : Quelle quantit\u00e9 de scellant de goutti\u00e8re ai-je besoin pour mon projet de toiture ?<br \/><\/strong><\/span><span style=\"color: #000000;\">R : Attendez-vous \u00e0 utiliser environ deux gallons de GutterGuard\u00ae par 100 pieds carr\u00e9s de goutti\u00e8re.<\/span><\/p>\n<p><span style=\"color: #000000;\"><strong>Q\u00a0: Comment GutterGuard\u00ae est-il appliqu\u00e9\u00a0?<br \/><\/strong><\/span><span style=\"color: #000000;\">R : GutterGuard\u00ae doit \u00eatre appliqu\u00e9 avec un pinceau ou par pulv\u00e9risation.<\/span><br \/><span style=\"color: #000000;\"><strong><br \/>Q\u00a0: Que se passe-t-il si j&#039;ai de la rouille tenace sur la surface de ma goutti\u00e8re\u00a0?<br \/><\/strong><\/span><span style=\"color: #000000;\">R : Avant d&#039;utiliser GutterGuard\u00ae, traitez les zones rouill\u00e9es avec Topps\u00ae RustArrestor\u2122 et rincez abondamment. Les goutti\u00e8res doivent \u00eatre compl\u00e8tement propres et s\u00e8ches avant l&#039;application.<\/span><\/p>\n<p>&nbsp;<\/p>\n<h3 class=\"headings\"><strong>Ressources<\/strong><\/h3>\n<ul>\n<li><a title=\"Gutterguard-Tech-Donn\u00e9es\" href=\"https:\/\/toppsproducts.com\/wp-content\/uploads\/2020\/09\/GutterGuard-Tech-Data.pdf\" target=\"_blank\" rel=\"noopener noreferrer\">Donn\u00e9es techniques<\/a><\/li>\n<li><a title=\"Goutti\u00e8re-Domestique-SDS\" href=\"https:\/\/toppsproducts.com\/wp-content\/uploads\/2020\/09\/GutterGuard-Domestic-SDS.pdf\" target=\"_blank\" rel=\"noopener noreferrer\">Fiche de donn\u00e9es de s\u00e9curit\u00e9 (domestique)<\/a><\/li>\n<li><a title=\"Gutterguard-International-FDS\" href=\"https:\/\/toppsproducts.com\/wp-content\/uploads\/2020\/09\/GutterGuard-International-SDS.pdf\" target=\"_blank\" rel=\"noopener noreferrer\">Fiche de donn\u00e9es de s\u00e9curit\u00e9 (internationale)<\/a><\/li>\n<\/ul>\n<p>&nbsp;<\/p>\n<p>[\/et_pb_text][\/et_pb_column][\/et_pb_row][\/et_pb_section][et_pb_section fb_built=&#8221;1&#8243; admin_label=&#8221;Bottom Colums&#8221; _builder_version=&#8221;4.0.9&#8243; background_color=&#8221;#004d51&#8243; custom_padding=&#8221;16px||0px|||&#8221; global_module=&#8221;1733&#8243; saved_tabs=&#8221;all&#8221; global_colors_info=&#8221;{}&#8221;][et_pb_row column_structure=&#8221;1_4,1_4,1_4,1_4&#8243; _builder_version=&#8221;4.0.9&#8243; custom_padding=&#8221;||5px|||&#8221; global_colors_info=&#8221;{}&#8221;][et_pb_column type=&#8221;1_4&#8243; _builder_version=&#8221;4.0.9&#8243; global_colors_info=&#8221;{}&#8221;][et_pb_text _builder_version=&#8221;4.0.9&#8243; header_font=&#8221;|||on|||||&#8221; global_colors_info=&#8221;{}&#8221;]<\/p>\n<h3><span style=\"color: #ffffff;\"><strong>CONTACTEZ-NOUS<\/strong><br \/><\/span><\/h3>\n<p>[\/et_pb_text][et_pb_blurb image=&#8221;<a href=\"https:\/\/toppsproducts.com\/wp-content\/uploads\/2020\/08\/2020-08-01_11-27-39.jpg&#038;#8221\">https:\/\/toppsproducts.com\/wp-content\/uploads\/2020\/08\/2020-08-01_11-27-39.jpg&#038;#8221<\/a>; icon_placement=&#8221;left&#8221; admin_label=&#8221;address&#8221; _builder_version=&#8221;4.0.9&#8243; body_text_align=&#8221;left&#8221; body_text_color=&#8221;#ffffff&#8221; background_layout=&#8221;dark&#8221; global_colors_info=&#8221;{}&#8221;]<\/p>\n<p><strong><span style=\"color: #ffffff;\">Case postale 1632<br \/>Canton, MS. 39046<\/span><\/strong><\/p>\n<p>[\/et_pb_blurb][et_pb_blurb image=&#8221;<a href=\"https:\/\/toppsproducts.com\/wp-content\/uploads\/2020\/08\/2020-08-01_11-28-29.jpg&#038;#8221\">https:\/\/toppsproducts.com\/wp-content\/uploads\/2020\/08\/2020-08-01_11-28-29.jpg&#038;#8221<\/a>; icon_placement=&#8221;left&#8221; admin_label=&#8221;support email&#8221; _builder_version=&#8221;4.0.9&#8243; body_text_align=&#8221;left&#8221; body_text_color=&#8221;#ffffff&#8221; background_layout=&#8221;dark&#8221; global_colors_info=&#8221;{}&#8221;]<\/p>\n<p><a href=\"mailto:support@toppsproducts.com\"><strong><span style=\"color: #ffffff;\">support@toppsproducts.com<\/span><\/strong><\/a><\/p>\n<p>[\/et_pb_blurb][et_pb_blurb image=&#8221;<a href=\"https:\/\/toppsproducts.com\/wp-content\/uploads\/2020\/08\/2020-08-01_11-28-50.jpg&#038;#8221\">https:\/\/toppsproducts.com\/wp-content\/uploads\/2020\/08\/2020-08-01_11-28-50.jpg&#038;#8221<\/a>; icon_placement=&#8221;left&#8221; admin_label=&#8221;telephone&#8221; _builder_version=&#8221;4.0.9&#8243; body_text_align=&#8221;left&#8221; body_text_color=&#8221;#ffffff&#8221; background_layout=&#8221;dark&#8221; global_colors_info=&#8221;{}&#8221;]<\/p>\n<h5><strong><span style=\"color: #ffffff;\"><a href=\"tel:8008677177\">800-867-7177<\/a><\/span><\/strong><\/h5>\n<p>[\/et_pb_blurb][\/et_pb_column][et_pb_column type=&#8221;1_4&#8243; _builder_version=&#8221;4.0.9&#8243; global_colors_info=&#8221;{}&#8221;][et_pb_text _builder_version=&#8221;4.0.9&#8243; header_font=&#8221;|||on|||||&#8221; global_colors_info=&#8221;{}&#8221;]<\/p>\n<h3><strong><span style=\"color: #ffffff;\">EMPLACEMENTS<\/span><\/strong><\/h3>\n<p>[\/et_pb_text][et_pb_text _builder_version=&#8221;4.0.9&#8243; header_font=&#8221;|||on|||||&#8221; global_colors_info=&#8221;{}&#8221;]<\/p>\n<p><span style=\"color: #ffffff;\"><a style=\"color: #ffffff;\" title=\"Produits Topps \u00c9tats-Unis\" href=\"https:\/\/toppsproducts.com\/fr\/\" target=\"_blank\" rel=\"noopener noreferrer\">Produits Topps - \u00c9tats-Unis<\/a><\/span><\/p>\n<p><span style=\"color: #ffffff;\"><a style=\"color: #ffffff;\" title=\"Produits Topps ASIE\" href=\"http:\/\/www.toppsproducts.co.th\/\" target=\"_blank\" rel=\"noopener noreferrer\">Produits Topps-Asie<\/a><\/span><\/p>\n<p><a title=\"Topps Produits Afrique\" href=\"https:\/\/www.toppsproductssa.co.za\/\" target=\"_blank\" rel=\"noopener noreferrer\"><span style=\"color: #ffffff;\">Produits Topps-Afrique<\/span><\/a><\/p>\n<p><span style=\"color: #ffffff;\"><a style=\"color: #ffffff;\" title=\"Topps Produits Europe\" href=\"https:\/\/www.toppseurope.com\/\" target=\"_blank\" rel=\"noopener noreferrer\">Produits Topps-Europe<\/a><\/span><\/p>\n<p><span style=\"color: #ffffff;\"><a style=\"color: #ffffff;\" title=\"Produits Topps Australie\" href=\"https:\/\/toppsproducts.com.au\/\" target=\"_blank\" rel=\"noopener noreferrer\">Topps Products-Australie<\/a><\/span><\/p>\n<p>&nbsp;<\/p>\n<p>[\/et_pb_text][\/et_pb_column][et_pb_column type=&#8221;1_4&#8243; _builder_version=&#8221;4.0.9&#8243; global_colors_info=&#8221;{}&#8221;][et_pb_text _builder_version=&#8221;4.0.9&#8243; header_font=&#8221;|||on|||||&#8221; global_colors_info=&#8221;{}&#8221;]<\/p>\n<h3><span style=\"color: #ffffff;\"><strong>DES PRODUITS<\/strong><\/span><\/h3>\n<p>[\/et_pb_text][et_pb_text _builder_version=&#8221;4.6.6&#8243; header_font=&#8221;|||on|||||&#8221; global_colors_info=&#8221;{}&#8221;]<\/p>\n<p><span style=\"color: #ffffff;\"><a style=\"color: #ffffff;\" title=\"Produits de r\u00e9paration de toiture\" href=\"https:\/\/toppsproducts.com\/fr\/products\/roof-repair-products\/\" target=\"_blank\" rel=\"noopener noreferrer\">Produits de r\u00e9paration de toiture<\/a><br \/><\/span><\/p>\n<p><span style=\"color: #ffffff;\"><a style=\"color: #ffffff;\" title=\"Syst\u00e8mes d&#039;entretien de toiture\" href=\"https:\/\/toppsproducts.com\/fr\/products\/roof-maintenance-systems\/\" target=\"_blank\" rel=\"noopener noreferrer\">Syst\u00e8mes d&#039;entretien de toiture<\/a><br \/><\/span><\/p>\n<p><span style=\"color: #ffffff;\"><a style=\"color: #ffffff;\" title=\"Scellants et rev\u00eatements de toiture\" href=\"https:\/\/toppsproducts.com\/fr\/products\/roof-sealants-and-coatings\/\" target=\"_blank\" rel=\"noopener noreferrer\">Scellants et rev\u00eatements de toiture<\/a><br \/><\/span><\/p>\n<p><span style=\"color: #ffffff;\"><a style=\"color: #ffffff;\" title=\"Masonry Sealers and Specialty Products\" href=\"https:\/\/toppsproducts.com\/fr\/products\/masonry-sealers-and-specialty-products\/\" target=\"_blank\" rel=\"noopener noreferrer\">Masonry Sealers &amp; Specialty Products<\/a><\/span><\/p>\n<p>[\/et_pb_text][\/et_pb_column][et_pb_column type=&#8221;1_4&#8243; _builder_version=&#8221;4.0.9&#8243; global_colors_info=&#8221;{}&#8221;][et_pb_text _builder_version=&#8221;4.0.9&#8243; header_font=&#8221;|||on|||||&#8221; global_colors_info=&#8221;{}&#8221;]<\/p>\n<h3><strong><span style=\"color: #ffffff;\">CONNECTE-TOI AVEC NOUS<br \/><\/span><\/strong><\/h3>\n<p>[\/et_pb_text][et_pb_button button_url=&#8221;<a href=\"https:\/\/toppsproducts.com\/fr\/contact\/&\/#038;#8221\">https:\/\/toppsproducts.com\/contact\/&#038;#8221<\/a>; button_text=&#8221;CONTACT US&#8221; button_alignment=&#8221;left&#8221; _builder_version=&#8221;4.0.9&#8243; custom_button=&#8221;on&#8221; button_text_size=&#8221;16px&#8221; button_text_color=&#8221;#ffffff&#8221; button_bg_color=&#8221;#0da0c5&#8243; button_border_color=&#8221;#0da0c5&#8243; button_font=&#8221;|700|||||||&#8221; button_icon=&#8221;%%28%%&#8221; background_layout=&#8221;dark&#8221; global_colors_info=&#8221;{}&#8221;][\/et_pb_button][et_pb_text _builder_version=&#8221;4.0.9&#8243; header_font=&#8221;|||on|||||&#8221; global_colors_info=&#8221;{}&#8221;]<\/p>\n<h3><span style=\"color: #ffffff;\"><strong>R\u00c9SEAUX SOCIAUX<\/strong><br \/><\/span><\/h3>\n<p>&nbsp;<\/p>\n<p><a title=\"Produit Topps Facebook\" href=\"https:\/\/www.facebook.com\/toppsproducts\" target=\"_blank\" rel=\"noopener noreferrer\"><img data-recalc-dims=\"1\" decoding=\"async\" class=\"wp-image-1594 alignnone size-full\" src=\"https:\/\/i0.wp.com\/toppsproducts.com\/wp-content\/uploads\/2020\/08\/topps-products-facebook.png?resize=30%2C30&#038;ssl=1\" alt=\"\" width=\"30\" height=\"30\" \/><\/a> \u00a0 <a title=\"Topps Produit Instagram\" href=\"https:\/\/www.instagram.com\/toppsproducts\/\" target=\"_blank\" rel=\"noopener noreferrer\"><img data-recalc-dims=\"1\" decoding=\"async\" class=\"wp-image-1597 alignnone size-full\" src=\"https:\/\/i0.wp.com\/toppsproducts.com\/wp-content\/uploads\/2020\/08\/topps-products-instagram.png?resize=30%2C30&#038;ssl=1\" alt=\"\" width=\"30\" height=\"30\" \/><\/a> \u00a0 <a title=\"Topps Produits Gazouillement\" href=\"https:\/\/twitter.com\/toppsproducts\" target=\"_blank\" rel=\"noopener noreferrer\"><img data-recalc-dims=\"1\" decoding=\"async\" class=\"wp-image-1601 alignnone size-full\" src=\"https:\/\/i0.wp.com\/toppsproducts.com\/wp-content\/uploads\/2020\/08\/topps-products-twitter.png?resize=30%2C30&#038;ssl=1\" alt=\"\" width=\"30\" height=\"30\" \/><\/a> \u00a0 <a title=\"Produits Topp Cha\u00eene You Tube\" href=\"https:\/\/www.youtube.com\/user\/toppsproducts\" target=\"_blank\" rel=\"noopener noreferrer\"><img data-recalc-dims=\"1\" loading=\"lazy\" decoding=\"async\" class=\"wp-image-1605 alignnone size-full\" src=\"https:\/\/i0.wp.com\/toppsproducts.com\/wp-content\/uploads\/2020\/08\/topps-products-you-tube.png?resize=30%2C30&#038;ssl=1\" alt=\"\" width=\"30\" height=\"30\" \/><\/a> \u00a0\u00a0<img data-recalc-dims=\"1\" loading=\"lazy\" decoding=\"async\" class=\"wp-image-1609 alignnone size-full\" src=\"https:\/\/i0.wp.com\/toppsproducts.com\/wp-content\/uploads\/2020\/08\/topp-products-linked-in-1.png?resize=30%2C30&#038;ssl=1\" alt=\"\" width=\"30\" height=\"30\" \/><\/p>\n<p>[\/et_pb_text][\/et_pb_column][\/et_pb_row][\/et_pb_section][et_pb_section fb_built=&#8221;1&#8243; admin_label=&#8221;Footer&#8221; _builder_version=&#8221;4.0.9&#8243; background_color=&#8221;#424242&#8243; custom_padding=&#8221;7px||0px|||&#8221; global_module=&#8221;1734&#8243; global_colors_info=&#8221;{}&#8221;][et_pb_row column_structure=&#8221;3_5,2_5&#8243; _builder_version=&#8221;4.0.9&#8243; custom_padding=&#8221;13px||18px|||&#8221; global_colors_info=&#8221;{}&#8221;][et_pb_column type=&#8221;3_5&#8243; _builder_version=&#8221;4.0.9&#8243; global_colors_info=&#8221;{}&#8221;][et_pb_text _builder_version=&#8221;4.0.9&#8243; global_colors_info=&#8221;{}&#8221;]<\/p>\n<p>&nbsp;<\/p>\n<p class=\"footer-bottom__copyright\"><span style=\"color: #ffffff;\">\u00a9 2020 Topps Products, Inc. All Rights Reserved. | <a style=\"color: #ffffff;\" href=\"https:\/\/toppsproducts.com\/fr\/sitemap\/\">Sitemap<\/a> | Powered &amp; Designed By: <\/span><a href=\"http:\/\/www.digitalsouthmediagroup.com\"><span style=\"color: #ffffff;\">Digital South Media Group<\/span><\/a><\/p>\n<p>[\/et_pb_text][\/et_pb_column][et_pb_column type=&#8221;2_5&#8243; _builder_version=&#8221;4.0.9&#8243; global_colors_info=&#8221;{}&#8221;][et_pb_image src=&#8221;<a href=\"https:\/\/toppsproducts.com\/wp-content\/uploads\/2020\/08\/cc-logos-white-300&#215;73.png&#038;#8221\">https:\/\/toppsproducts.com\/wp-content\/uploads\/2020\/08\/cc-logos-white-300&#215;73.png&#038;#8221<\/a>; _builder_version=&#8221;4.0.9&#8243; global_colors_info=&#8221;{}&#8221;][\/et_pb_image][\/et_pb_column][\/et_pb_row][\/et_pb_section]<\/p>","protected":false},"excerpt":{"rendered":"<p>GUTTERGUARD\u00ae\u00a0 Repairs Gutter Leaks and Prevents Roof Damage Reference # 6 &nbsp; \u00a0 &nbsp; Get Acquainted Special &#8211; 3 Gallon Pail Purchase Options: GutterGuard\u00ae Quick 1 &#8211;\u00a0 \u00a0GutterGuard\u00ae Quick 3 &#8211; &nbsp; \u00a0 DESCRIPTIONWhen gutters leak, problems are just beginning. Deterioration rapidly grows, leaks increase, and replacement soon becomes inevitable. However, there is an alternative: [&hellip;]<\/p>","protected":false},"author":3,"featured_media":0,"parent":52,"menu_order":7,"comment_status":"closed","ping_status":"closed","template":"","meta":{"_et_pb_use_builder":"on","_et_pb_old_content":"","_et_gb_content_width":"","_crdt_document":"","footnotes":""},"class_list":["post-2225","page","type-page","status-publish","hentry"],"aioseo_notices":[],"jetpack_sharing_enabled":true,"_links":{"self":[{"href":"https:\/\/toppsproducts.com\/fr\/wp-json\/wp\/v2\/pages\/2225","targetHints":{"allow":["GET"]}}],"collection":[{"href":"https:\/\/toppsproducts.com\/fr\/wp-json\/wp\/v2\/pages"}],"about":[{"href":"https:\/\/toppsproducts.com\/fr\/wp-json\/wp\/v2\/types\/page"}],"author":[{"embeddable":true,"href":"https:\/\/toppsproducts.com\/fr\/wp-json\/wp\/v2\/users\/3"}],"replies":[{"embeddable":true,"href":"https:\/\/toppsproducts.com\/fr\/wp-json\/wp\/v2\/comments?post=2225"}],"version-history":[{"count":8,"href":"https:\/\/toppsproducts.com\/fr\/wp-json\/wp\/v2\/pages\/2225\/revisions"}],"predecessor-version":[{"id":3674,"href":"https:\/\/toppsproducts.com\/fr\/wp-json\/wp\/v2\/pages\/2225\/revisions\/3674"}],"up":[{"embeddable":true,"href":"https:\/\/toppsproducts.com\/fr\/wp-json\/wp\/v2\/pages\/52"}],"wp:attachment":[{"href":"https:\/\/toppsproducts.com\/fr\/wp-json\/wp\/v2\/media?parent=2225"}],"curies":[{"name":"wp","href":"https:\/\/api.w.org\/{rel}","templated":true}]}}