{"id":2187,"date":"2020-09-02T01:44:22","date_gmt":"2020-09-02T01:44:22","guid":{"rendered":"http:\/\/toppsproducts.com\/?page_id=2187"},"modified":"2022-02-04T14:03:59","modified_gmt":"2022-02-04T19:03:59","slug":"polyprene-for-epdm-pvc-tpo","status":"publish","type":"page","link":"https:\/\/toppsproducts.com\/fr\/products\/roof-repair-products\/polyprene-for-epdm-pvc-tpo\/","title":{"rendered":"Polyprene\u00ae pour EPDM\/PVC\/TPO"},"content":{"rendered":"<p>[et_pb_section fb_built=&#8221;1&#8243; fullwidth=&#8221;on&#8221; _builder_version=&#8221;4.6.0&#8243; _module_preset=&#8221;default&#8221; global_colors_info=&#8221;{}&#8221;][et_pb_fullwidth_header title=&#8221;POLYPRENE\u00ae FOR EPDM\/PVC\/TPO&#8221; _builder_version=&#8221;4.6.0&#8243; _module_preset=&#8221;default&#8221; title_font=&#8221;|700|||||||&#8221; title_text_color=&#8221;#ffffff&#8221; background_enable_color=&#8221;off&#8221; background_image=&#8221;<a href=\"https:\/\/toppsproducts.com\/wp-content\/uploads\/2020\/08\/header-background.jpg&#038;#8221\">https:\/\/toppsproducts.com\/wp-content\/uploads\/2020\/08\/header-background.jpg&#038;#8221<\/a>; title_text_shadow_style=&#8221;preset2&#8243; title_text_shadow_color=&#8221;#000000&#8243; global_colors_info=&#8221;{}&#8221;][\/et_pb_fullwidth_header][\/et_pb_section][et_pb_section fb_built=&#8221;1&#8243; _builder_version=&#8221;4.0.9&#8243; global_colors_info=&#8221;{}&#8221;][et_pb_row column_structure=&#8221;1_2,1_2&#8243; _builder_version=&#8221;4.0.9&#8243; global_colors_info=&#8221;{}&#8221;][et_pb_column type=&#8221;1_2&#8243; _builder_version=&#8221;4.0.9&#8243; global_colors_info=&#8221;{}&#8221;][et_pb_text _builder_version=&#8221;4.6.0&#8243; custom_margin=&#8221;||-3px|||&#8221; global_colors_info=&#8221;{}&#8221;]<\/p>\n<div class=\"row column\" data-finder-type=\"Web App\" data-finder-name=\"Page Control\" data-finder-id=\"4690453\">\n<h2 class=\"inner-header__title\"><span style=\"color: #004d51;\"><strong><span class=\"inner-header__headline\">POLYPRENE\u00ae POUR EPDM\/PVC\/TPO<br \/><\/span><\/strong><\/span><\/h2>\n<\/div>\n<p><strong><span class=\"product-info__reference\">R\u00e9f\u00e9rence # 2<\/span><\/strong><\/p>\n<p>&nbsp;<\/p>\n<div class=\"product-info__title\">\n<h2 class=\"subheader\"><span style=\"color: #004d51;\"><strong>\u00a0<\/strong><\/span><\/h2>\n<p>&nbsp;<\/p>\n<\/div>\n<p>[\/et_pb_text][et_pb_image src=&#8221;<a href=\"https:\/\/toppsproducts.com\/wp-content\/uploads\/2020\/09\/Polyprene-for-EPDM-and-PVC-600.jpg&#038;#8221\">https:\/\/toppsproducts.com\/wp-content\/uploads\/2020\/09\/Polyprene-for-EPDM-and-PVC-600.jpg&#038;#8221<\/a>; title_text=&#8221;Polyprene-for-EPDM-and-PVC 600&#8243; _builder_version=&#8221;4.6.0&#8243; global_colors_info=&#8221;{}&#8221;][\/et_pb_image][\/et_pb_column][et_pb_column type=&#8221;1_2&#8243; _builder_version=&#8221;4.0.9&#8243; global_colors_info=&#8221;{}&#8221;][et_pb_text _builder_version=&#8221;4.6.0&#8243; global_colors_info=&#8221;{}&#8221;]<\/p>\n<div class=\"product-info__price\">\n<h2><span style=\"font-size: 26px;\">\u00a0<\/span><\/h2>\n<\/div>\n<h2 class=\"headings\"><span style=\"color: #004d51;\"><strong>DESCRIPTION<\/strong><\/span><\/h2>\n<p>[\/et_pb_text][et_pb_divider _builder_version=&#8221;4.0.9&#8243; global_colors_info=&#8221;{}&#8221;][\/et_pb_divider][et_pb_text _builder_version=&#8221;4.10.5&#8243; hover_enabled=&#8221;0&#8243; global_colors_info=&#8221;{}&#8221; admin_label=&#8221;Text&#8221; sticky_enabled=&#8221;0&#8243;]<\/p>\n<p><strong><span style=\"color: #000000;\">Quantit\u00e9 et couleur :<\/span><\/strong><\/p>\n<p>&nbsp;<\/p>\n<p><span style=\"color: #000000;\">Polyprene\u00ae est un ciment de r\u00e9paration de toiture universel en caoutchouc utilis\u00e9 pour les solins, les joints, les pans de pente, les fissures, les fentes et pour effectuer diverses r\u00e9parations sur les toits en EPDM\/PVC\/TPO. Nous proposons un Polyprene\u00ae sp\u00e9cial avec des agents suppl\u00e9mentaires qui offrent une adh\u00e9rence maximis\u00e9e sp\u00e9cifiquement pour les r\u00e9parations de toiture en EPDM\/PVC\/TPO. Polyprene\u00ae pour EPDM\/PVC\/TPO offre un joint \u00e9tanche et durable. La teneur \u00e9lev\u00e9e en fibres et en solides emp\u00eache la fissuration de la boue, ce qui la rend id\u00e9ale pour les bacs \u00e0 poix ainsi que pour sceller les joints, les fissures, autour des \u00e9quipements de toit vibrants, les puits de lumi\u00e8re, les \u00e9vents, les solins, etc. Polyprene\u00ae pour EPDM\/PVC\/TPO est disponible uniquement en qualit\u00e9 brosse lourde.<\/span><\/p>\n<ul>\n<li><span style=\"color: #000000;\">Renforce rapidement et facilement les zones critiques<\/span><\/li>\n<li><span style=\"color: #000000;\">Tout en caoutchouc, renforc\u00e9 de fibres - reste flexible et ne se fissure pas \u00e0 froid<\/span><\/li>\n<li><span style=\"color: #000000;\">Peut \u00eatre utilis\u00e9 avec ou sans renfort PolyCore\u2122, selon les besoins<\/span><\/li>\n<li><span style=\"color: #000000;\">Peut \u00eatre appliqu\u00e9 en couche \u00e9paisse, en une seule couche, sans risque de fissures de boue<\/span><\/li>\n<\/ul>\n<p>&nbsp;<\/p>\n<div class=\"product-info__actions--off\">\n<div class=\"product-info__groupings--end\">\n<div class=\"dropit dropit--groupings\">\n<p class=\"mb2 test\"><strong><span style=\"color: #000000;\">Quantit\u00e9 et couleur :<\/span><br \/>(Vendu en seaux de 3 gallons.)<\/strong><\/p>\n<p class=\"mb2 test\"><strong><span style=\"color: #000000;\">Variantes\u00a0:<\/span><br \/><\/strong><span style=\"color: #000000;\">1\u00d73 gal PolyPrene\u00ae pour EPDM\/PVC\/TPO 1 - Gris<strong><br \/><\/strong>6\u00d73 gal PolyPrene\u00ae pour EPDM\/PVC\/TPO 6 - Gris<strong><br \/><\/strong>12\u00d73 gal PolyPrene\u00ae pour EPDM\/PVC\/TPO 12-Gris<br \/><\/span><\/p>\n<p class=\"mb2 test\">\n<\/div>\n<\/div>\n<\/div>\n<p>[\/et_pb_text][et_pb_button button_url=&#8221;<a href=\"https:\/\/toppsproducts.myshopify.com\/collections\/roof-repair-products\/products\/polyprene%C2%AE-for-epdm-pvc-tpo&#038;#8221\" rel=\"nofollow\">https:\/\/toppsproducts.myshopify.com\/collections\/roof-repair-products\/products\/polyprene%C2%AE-for-epdm-pvc-tpo&#038;#8221<\/a>; url_new_window=&#8221;on&#8221; button_text=&#8221;BUY NOW&#8221; _builder_version=&#8221;4.6.1&#8243; custom_button=&#8221;on&#8221; button_text_color=&#8221;#ffffff&#8221; button_bg_color=&#8221;#0da0c5&#8243; button_border_color=&#8221;#0da0c5&#8243; button_font=&#8221;|700|||||||&#8221; global_colors_info=&#8221;{}&#8221;][\/et_pb_button][\/et_pb_column][\/et_pb_row][\/et_pb_section][et_pb_section fb_built=&#8221;1&#8243; _builder_version=&#8221;4.0.9&#8243; background_color=&#8221;#d6d6d6&#8243; global_colors_info=&#8221;{}&#8221;][et_pb_row column_structure=&#8221;1_2,1_2&#8243; _builder_version=&#8221;4.0.9&#8243; background_color=&#8221;#ffffff&#8221; custom_padding=&#8221;|75px||75px||&#8221; global_colors_info=&#8221;{}&#8221;][et_pb_column type=&#8221;1_2&#8243; _builder_version=&#8221;4.0.9&#8243; global_colors_info=&#8221;{}&#8221;][et_pb_text _builder_version=&#8221;4.6.0&#8243; text_text_color=&#8221;#ffffff&#8221; header_text_color=&#8221;#ffffff&#8221; background_color=&#8221;#004d51&#8243; custom_padding=&#8221;32px|50px|50px|50px||&#8221; global_colors_info=&#8221;{}&#8221;]<\/p>\n<h2 class=\"headings\"><span style=\"color: #ffffff;\"><strong>Caract\u00e9ristiques<\/strong><\/span><\/h2>\n<table class=\"product-table\">\n<tbody>\n<tr>\n<td width=\"312\">\n<p><span style=\"color: #ffffff;\">\u00c9longation<\/span><\/p>\n<\/td>\n<td width=\"312\">\n<p><span style=\"color: #ffffff;\">850% min\u00a0<\/span><\/p>\n<\/td>\n<\/tr>\n<tr>\n<td width=\"312\">\n<p><span style=\"color: #ffffff;\">Perm\u00e9abilit\u00e9 \u00e0 la vapeur d&#039;eau<\/span><\/p>\n<\/td>\n<td width=\"312\">\n<p><span style=\"color: #ffffff;\">.25 perm<\/span><\/p>\n<\/td>\n<\/tr>\n<tr>\n<td width=\"312\">\n<p><span style=\"color: #ffffff;\">Viscosit\u00e9<\/span><\/p>\n<\/td>\n<td width=\"312\">\n<p><span style=\"color: #ffffff;\">400 stylo<\/span><\/p>\n<\/td>\n<\/tr>\n<tr>\n<td width=\"312\">\n<p><span style=\"color: #ffffff;\">Poids par gallon<\/span><\/p>\n<\/td>\n<td width=\"312\">\n<p><span style=\"color: #ffffff;\">8,8 \u00e0 9,3 livres.<\/span><\/p>\n<\/td>\n<\/tr>\n<tr>\n<td width=\"312\">\n<p><span style=\"color: #ffffff;\">Solides totaux<\/span><\/p>\n<\/td>\n<td width=\"312\">\n<p><span style=\"color: #ffffff;\">70%<\/span><\/p>\n<\/td>\n<\/tr>\n<tr>\n<td width=\"312\">\n<p><span style=\"color: #ffffff;\">Point d&#039;\u00e9clair du solvant<\/span><\/p>\n<\/td>\n<td width=\"312\">\n<p><span style=\"color: #ffffff;\">104\u00b0 F<\/span><\/p>\n<\/td>\n<\/tr>\n<tr>\n<td width=\"312\">\n<p><span style=\"color: #ffffff;\">Sec au toucher \u00e0 77 \u00b0F (humidit\u00e9 relative 50%)<\/span><\/p>\n<\/td>\n<td width=\"312\">\n<p><span style=\"color: #ffffff;\">~ 12 heures<\/span><\/p>\n<\/td>\n<\/tr>\n<tr>\n<td width=\"312\">\n<p><span style=\"color: #ffffff;\">\u00c9longation ultime<\/span><\/p>\n<\/td>\n<td width=\"312\">\n<p><span style=\"color: #ffffff;\">850%<\/span><\/p>\n<\/td>\n<\/tr>\n<tr>\n<td width=\"312\">\n<p><span style=\"color: #ffffff;\">R\u00e9sistance \u00e0 la traction ultime<\/span><\/p>\n<\/td>\n<td width=\"312\">\n<p><span style=\"color: #ffffff;\">600 psi min.<\/span><\/p>\n<\/td>\n<\/tr>\n<tr>\n<td width=\"312\">\n<p><span style=\"color: #ffffff;\">Adh\u00e9sion au pelage<\/span><\/p>\n<\/td>\n<td width=\"312\">\n<p><span style=\"color: #ffffff;\">4,3 pli min.<\/span><\/p>\n<\/td>\n<\/tr>\n<tr>\n<td width=\"312\">\n<p><span style=\"color: #ffffff;\">Perm\u00e9abilit\u00e9 \u00e0 la vapeur d&#039;eau<\/span><\/p>\n<\/td>\n<td width=\"312\">\n<p><span style=\"color: #ffffff;\">0,25 perm<\/span><\/p>\n<\/td>\n<\/tr>\n<tr>\n<td width=\"312\">\n<p><span style=\"color: #ffffff;\">La temp\u00e9rature de service:<\/span><\/p>\n<\/td>\n<td width=\"312\">\n<p><span style=\"color: #ffffff;\">-40\u00b0 \u2013 140\u00b0 F<\/span><\/p>\n<\/td>\n<\/tr>\n<tr>\n<td width=\"312\">\n<p><span style=\"color: #ffffff;\">R\u00e9sistance \u00e0 l&#039;humidit\u00e9\u00a0:<\/span><\/p>\n<\/td>\n<td width=\"312\">\n<p><span style=\"color: #ffffff;\">Imm\u00e9diat<\/span><\/p>\n<\/td>\n<\/tr>\n<\/tbody>\n<\/table>\n<p>&nbsp;<\/p>\n<p>[\/et_pb_text][\/et_pb_column][et_pb_column type=&#8221;1_2&#8243; _builder_version=&#8221;4.0.9&#8243; global_colors_info=&#8221;{}&#8221;][et_pb_text _builder_version=&#8221;4.6.0&#8243; link_font=&#8221;|700|||||||&#8221; background_color=&#8221;#dae5e7&#8243; custom_padding=&#8221;32px|50px|50px|50px||&#8221; global_colors_info=&#8221;{}&#8221;]<\/p>\n<h2 class=\"headings\"><span style=\"color: #004d51;\"><strong>FAQ<\/strong><\/span><\/h2>\n<p><span style=\"color: #000000;\"><strong>Q\u00a0: Comment puis-je r\u00e9parer les cloques sur la surface de mon toit\u00a0?<br \/><\/strong><\/span><span style=\"color: #000000;\">R\u00a0: R\u00e9parez les cloques en faisant une coupe en \u00ab\u00a0X\u00a0\u00bb, en ouvrant les rabats pour les nettoyer\/les s\u00e9cher, puis remplissez et tassez pour fermer et ajoutez plus de Polyprene\u00ae pour couvrir tous les bords.<\/span><\/p>\n<p><span style=\"color: #000000;\"><strong>Q\u00a0: Que dois-je faire si j&#039;ai des coutures d&#039;une largeur sup\u00e9rieure \u00e0 1\/16\u00a0po\u00a0?<br \/><\/strong><\/span><span style=\"color: #000000;\">R : Lorsque vous travaillez avec du Polyprene\u00ae, les espaces \u00e0 sceller ne doivent pas d\u00e9passer 1\/16 po de largeur. Cependant, nous avons une solution solide pour le scellement d&#039;espaces plus importants. La sieste de la membrane PolyCore\u2122 peut \u00eatre appliqu\u00e9e pour couvrir les espaces originaux de plus de 1\/16&quot; avant d&#039;appliquer le Polyprene\u00ae. Cela renforce l&#039;espace et permet un joint propre et \u00e9tanche.<\/span><\/p>\n<p>&nbsp;<\/p>\n<h3 class=\"headings\"><strong>Ressources<\/strong><\/h3>\n<ul>\n<li><a title=\"Polypr\u00e8ne pour EPDM-TECH-DATA\" href=\"https:\/\/toppsproducts.com\/wp-content\/uploads\/2020\/09\/polyprene-for-epdm-tech-data.pdf\" target=\"_blank\" rel=\"noopener noreferrer\">Donn\u00e9es techniques<\/a><\/li>\n<li><a title=\"Polypr\u00e8ne Pour EPDM-Domestic-SDS\" href=\"https:\/\/toppsproducts.com\/wp-content\/uploads\/2020\/09\/Polyprene-for-EPDM-PVC-Domestic-SDS.pdf\" target=\"_blank\" rel=\"noopener noreferrer\">Fiche de donn\u00e9es de s\u00e9curit\u00e9 (domestique)<\/a><\/li>\n<li><a title=\"Polyprene-International-FDS\" href=\"https:\/\/toppsproducts.com\/wp-content\/uploads\/2020\/09\/Polyprene-for-EPDM-PVC-International-SDS.pdf\" target=\"_blank\" rel=\"noopener noreferrer\">Fiche de donn\u00e9es de s\u00e9curit\u00e9 (internationale)<\/a><\/li>\n<\/ul>\n<p>&nbsp;<\/p>\n<p>[\/et_pb_text][\/et_pb_column][\/et_pb_row][\/et_pb_section][et_pb_section fb_built=&#8221;1&#8243; admin_label=&#8221;Bottom Colums&#8221; _builder_version=&#8221;4.0.9&#8243; background_color=&#8221;#004d51&#8243; custom_padding=&#8221;16px||0px|||&#8221; global_module=&#8221;1733&#8243; saved_tabs=&#8221;all&#8221; global_colors_info=&#8221;{}&#8221;][et_pb_row column_structure=&#8221;1_4,1_4,1_4,1_4&#8243; _builder_version=&#8221;4.0.9&#8243; custom_padding=&#8221;||5px|||&#8221; global_colors_info=&#8221;{}&#8221;][et_pb_column type=&#8221;1_4&#8243; _builder_version=&#8221;4.0.9&#8243; global_colors_info=&#8221;{}&#8221;][et_pb_text _builder_version=&#8221;4.0.9&#8243; header_font=&#8221;|||on|||||&#8221; global_colors_info=&#8221;{}&#8221;]<\/p>\n<h3><span style=\"color: #ffffff;\"><strong>CONTACTEZ-NOUS<\/strong><br \/><\/span><\/h3>\n<p>[\/et_pb_text][et_pb_blurb image=&#8221;<a href=\"https:\/\/toppsproducts.com\/wp-content\/uploads\/2020\/08\/2020-08-01_11-27-39.jpg&#038;#8221\">https:\/\/toppsproducts.com\/wp-content\/uploads\/2020\/08\/2020-08-01_11-27-39.jpg&#038;#8221<\/a>; icon_placement=&#8221;left&#8221; admin_label=&#8221;address&#8221; _builder_version=&#8221;4.0.9&#8243; body_text_align=&#8221;left&#8221; body_text_color=&#8221;#ffffff&#8221; background_layout=&#8221;dark&#8221; global_colors_info=&#8221;{}&#8221;]<\/p>\n<p><strong><span style=\"color: #ffffff;\">Case postale 1632<br \/>Canton, MS. 39046<\/span><\/strong><\/p>\n<p>[\/et_pb_blurb][et_pb_blurb image=&#8221;<a href=\"https:\/\/toppsproducts.com\/wp-content\/uploads\/2020\/08\/2020-08-01_11-28-29.jpg&#038;#8221\">https:\/\/toppsproducts.com\/wp-content\/uploads\/2020\/08\/2020-08-01_11-28-29.jpg&#038;#8221<\/a>; icon_placement=&#8221;left&#8221; admin_label=&#8221;support email&#8221; _builder_version=&#8221;4.0.9&#8243; body_text_align=&#8221;left&#8221; body_text_color=&#8221;#ffffff&#8221; background_layout=&#8221;dark&#8221; global_colors_info=&#8221;{}&#8221;]<\/p>\n<p><a href=\"mailto:support@toppsproducts.com\"><strong><span style=\"color: #ffffff;\">support@toppsproducts.com<\/span><\/strong><\/a><\/p>\n<p>[\/et_pb_blurb][et_pb_blurb image=&#8221;<a href=\"https:\/\/toppsproducts.com\/wp-content\/uploads\/2020\/08\/2020-08-01_11-28-50.jpg&#038;#8221\">https:\/\/toppsproducts.com\/wp-content\/uploads\/2020\/08\/2020-08-01_11-28-50.jpg&#038;#8221<\/a>; icon_placement=&#8221;left&#8221; admin_label=&#8221;telephone&#8221; _builder_version=&#8221;4.0.9&#8243; body_text_align=&#8221;left&#8221; body_text_color=&#8221;#ffffff&#8221; background_layout=&#8221;dark&#8221; global_colors_info=&#8221;{}&#8221;]<\/p>\n<h5><strong><span style=\"color: #ffffff;\"><a href=\"tel:8008677177\">800-867-7177<\/a><\/span><\/strong><\/h5>\n<p>[\/et_pb_blurb][\/et_pb_column][et_pb_column type=&#8221;1_4&#8243; _builder_version=&#8221;4.0.9&#8243; global_colors_info=&#8221;{}&#8221;][et_pb_text _builder_version=&#8221;4.0.9&#8243; header_font=&#8221;|||on|||||&#8221; global_colors_info=&#8221;{}&#8221;]<\/p>\n<h3><strong><span style=\"color: #ffffff;\">EMPLACEMENTS<\/span><\/strong><\/h3>\n<p>[\/et_pb_text][et_pb_text _builder_version=&#8221;4.0.9&#8243; header_font=&#8221;|||on|||||&#8221; global_colors_info=&#8221;{}&#8221;]<\/p>\n<p><span style=\"color: #ffffff;\"><a style=\"color: #ffffff;\" title=\"Produits Topps \u00c9tats-Unis\" href=\"https:\/\/toppsproducts.com\/fr\/\" target=\"_blank\" rel=\"noopener noreferrer\">Produits Topps - \u00c9tats-Unis<\/a><\/span><\/p>\n<p><span style=\"color: #ffffff;\"><a style=\"color: #ffffff;\" title=\"Produits Topps ASIE\" href=\"http:\/\/www.toppsproducts.co.th\/\" target=\"_blank\" rel=\"noopener noreferrer\">Produits Topps-Asie<\/a><\/span><\/p>\n<p><a title=\"Topps Produits Afrique\" href=\"https:\/\/www.toppsproductssa.co.za\/\" target=\"_blank\" rel=\"noopener noreferrer\"><span style=\"color: #ffffff;\">Produits Topps-Afrique<\/span><\/a><\/p>\n<p><span style=\"color: #ffffff;\"><a style=\"color: #ffffff;\" title=\"Topps Produits Europe\" href=\"https:\/\/www.toppseurope.com\/\" target=\"_blank\" rel=\"noopener noreferrer\">Produits Topps-Europe<\/a><\/span><\/p>\n<p><span style=\"color: #ffffff;\"><a style=\"color: #ffffff;\" title=\"Produits Topps Australie\" href=\"https:\/\/toppsproducts.com.au\/\" target=\"_blank\" rel=\"noopener noreferrer\">Topps Products-Australie<\/a><\/span><\/p>\n<p>&nbsp;<\/p>\n<p>[\/et_pb_text][\/et_pb_column][et_pb_column type=&#8221;1_4&#8243; _builder_version=&#8221;4.0.9&#8243; global_colors_info=&#8221;{}&#8221;][et_pb_text _builder_version=&#8221;4.0.9&#8243; header_font=&#8221;|||on|||||&#8221; global_colors_info=&#8221;{}&#8221;]<\/p>\n<h3><span style=\"color: #ffffff;\"><strong>DES PRODUITS<\/strong><\/span><\/h3>\n<p>[\/et_pb_text][et_pb_text _builder_version=&#8221;4.6.6&#8243; header_font=&#8221;|||on|||||&#8221; global_colors_info=&#8221;{}&#8221;]<\/p>\n<p><span style=\"color: #ffffff;\"><a style=\"color: #ffffff;\" title=\"Produits de r\u00e9paration de toiture\" href=\"https:\/\/toppsproducts.com\/fr\/products\/roof-repair-products\/\" target=\"_blank\" rel=\"noopener noreferrer\">Produits de r\u00e9paration de toiture<\/a><br \/><\/span><\/p>\n<p><span style=\"color: #ffffff;\"><a style=\"color: #ffffff;\" title=\"Syst\u00e8mes d&#039;entretien de toiture\" href=\"https:\/\/toppsproducts.com\/fr\/products\/roof-maintenance-systems\/\" target=\"_blank\" rel=\"noopener noreferrer\">Syst\u00e8mes d&#039;entretien de toiture<\/a><br \/><\/span><\/p>\n<p><span style=\"color: #ffffff;\"><a style=\"color: #ffffff;\" title=\"Scellants et rev\u00eatements de toiture\" href=\"https:\/\/toppsproducts.com\/fr\/products\/roof-sealants-and-coatings\/\" target=\"_blank\" rel=\"noopener noreferrer\">Scellants et rev\u00eatements de toiture<\/a><br \/><\/span><\/p>\n<p><span style=\"color: #ffffff;\"><a style=\"color: #ffffff;\" title=\"Masonry Sealers and Specialty Products\" href=\"https:\/\/toppsproducts.com\/fr\/products\/masonry-sealers-and-specialty-products\/\" target=\"_blank\" rel=\"noopener noreferrer\">Masonry Sealers &amp; Specialty Products<\/a><\/span><\/p>\n<p>[\/et_pb_text][\/et_pb_column][et_pb_column type=&#8221;1_4&#8243; _builder_version=&#8221;4.0.9&#8243; global_colors_info=&#8221;{}&#8221;][et_pb_text _builder_version=&#8221;4.0.9&#8243; header_font=&#8221;|||on|||||&#8221; global_colors_info=&#8221;{}&#8221;]<\/p>\n<h3><strong><span style=\"color: #ffffff;\">CONNECTE-TOI AVEC NOUS<br \/><\/span><\/strong><\/h3>\n<p>[\/et_pb_text][et_pb_button button_url=&#8221;<a href=\"https:\/\/toppsproducts.com\/fr\/contact\/&\/#038;#8221\">https:\/\/toppsproducts.com\/contact\/&#038;#8221<\/a>; button_text=&#8221;CONTACT US&#8221; button_alignment=&#8221;left&#8221; _builder_version=&#8221;4.0.9&#8243; custom_button=&#8221;on&#8221; button_text_size=&#8221;16px&#8221; button_text_color=&#8221;#ffffff&#8221; button_bg_color=&#8221;#0da0c5&#8243; button_border_color=&#8221;#0da0c5&#8243; button_font=&#8221;|700|||||||&#8221; button_icon=&#8221;%%28%%&#8221; background_layout=&#8221;dark&#8221; global_colors_info=&#8221;{}&#8221;][\/et_pb_button][et_pb_text _builder_version=&#8221;4.0.9&#8243; header_font=&#8221;|||on|||||&#8221; global_colors_info=&#8221;{}&#8221;]<\/p>\n<h3><span style=\"color: #ffffff;\"><strong>R\u00c9SEAUX SOCIAUX<\/strong><br \/><\/span><\/h3>\n<p>&nbsp;<\/p>\n<p><a title=\"Produit Topps Facebook\" href=\"https:\/\/www.facebook.com\/toppsproducts\" target=\"_blank\" rel=\"noopener noreferrer\"><img data-recalc-dims=\"1\" decoding=\"async\" class=\"wp-image-1594 alignnone size-full\" src=\"https:\/\/i0.wp.com\/toppsproducts.com\/wp-content\/uploads\/2020\/08\/topps-products-facebook.png?resize=30%2C30&#038;ssl=1\" alt=\"\" width=\"30\" height=\"30\" \/><\/a> \u00a0 <a title=\"Topps Produit Instagram\" href=\"https:\/\/www.instagram.com\/toppsproducts\/\" target=\"_blank\" rel=\"noopener noreferrer\"><img data-recalc-dims=\"1\" decoding=\"async\" class=\"wp-image-1597 alignnone size-full\" src=\"https:\/\/i0.wp.com\/toppsproducts.com\/wp-content\/uploads\/2020\/08\/topps-products-instagram.png?resize=30%2C30&#038;ssl=1\" alt=\"\" width=\"30\" height=\"30\" \/><\/a> \u00a0 <a title=\"Topps Produits Gazouillement\" href=\"https:\/\/twitter.com\/toppsproducts\" target=\"_blank\" rel=\"noopener noreferrer\"><img data-recalc-dims=\"1\" decoding=\"async\" class=\"wp-image-1601 alignnone size-full\" src=\"https:\/\/i0.wp.com\/toppsproducts.com\/wp-content\/uploads\/2020\/08\/topps-products-twitter.png?resize=30%2C30&#038;ssl=1\" alt=\"\" width=\"30\" height=\"30\" \/><\/a> \u00a0 <a title=\"Produits Topp Cha\u00eene You Tube\" href=\"https:\/\/www.youtube.com\/user\/toppsproducts\" target=\"_blank\" rel=\"noopener noreferrer\"><img data-recalc-dims=\"1\" loading=\"lazy\" decoding=\"async\" class=\"wp-image-1605 alignnone size-full\" src=\"https:\/\/i0.wp.com\/toppsproducts.com\/wp-content\/uploads\/2020\/08\/topps-products-you-tube.png?resize=30%2C30&#038;ssl=1\" alt=\"\" width=\"30\" height=\"30\" \/><\/a> \u00a0\u00a0<img data-recalc-dims=\"1\" loading=\"lazy\" decoding=\"async\" class=\"wp-image-1609 alignnone size-full\" src=\"https:\/\/i0.wp.com\/toppsproducts.com\/wp-content\/uploads\/2020\/08\/topp-products-linked-in-1.png?resize=30%2C30&#038;ssl=1\" alt=\"\" width=\"30\" height=\"30\" \/><\/p>\n<p>[\/et_pb_text][\/et_pb_column][\/et_pb_row][\/et_pb_section][et_pb_section fb_built=&#8221;1&#8243; admin_label=&#8221;Footer&#8221; _builder_version=&#8221;4.0.9&#8243; background_color=&#8221;#424242&#8243; custom_padding=&#8221;7px||0px|||&#8221; global_module=&#8221;1734&#8243; global_colors_info=&#8221;{}&#8221;][et_pb_row column_structure=&#8221;3_5,2_5&#8243; _builder_version=&#8221;4.0.9&#8243; custom_padding=&#8221;13px||18px|||&#8221; global_colors_info=&#8221;{}&#8221;][et_pb_column type=&#8221;3_5&#8243; _builder_version=&#8221;4.0.9&#8243; global_colors_info=&#8221;{}&#8221;][et_pb_text _builder_version=&#8221;4.0.9&#8243; global_colors_info=&#8221;{}&#8221;]<\/p>\n<p>&nbsp;<\/p>\n<p class=\"footer-bottom__copyright\"><span style=\"color: #ffffff;\">\u00a9 2020 Topps Products, Inc. All Rights Reserved. | <a style=\"color: #ffffff;\" href=\"https:\/\/toppsproducts.com\/fr\/sitemap\/\">Sitemap<\/a> | Powered &amp; Designed By: <\/span><a href=\"http:\/\/www.digitalsouthmediagroup.com\"><span style=\"color: #ffffff;\">Digital South Media Group<\/span><\/a><\/p>\n<p>[\/et_pb_text][\/et_pb_column][et_pb_column type=&#8221;2_5&#8243; _builder_version=&#8221;4.0.9&#8243; global_colors_info=&#8221;{}&#8221;][et_pb_image src=&#8221;<a href=\"https:\/\/toppsproducts.com\/wp-content\/uploads\/2020\/08\/cc-logos-white-300&#215;73.png&#038;#8221\">https:\/\/toppsproducts.com\/wp-content\/uploads\/2020\/08\/cc-logos-white-300&#215;73.png&#038;#8221<\/a>; _builder_version=&#8221;4.0.9&#8243; global_colors_info=&#8221;{}&#8221;][\/et_pb_image][\/et_pb_column][\/et_pb_row][\/et_pb_section]<\/p>","protected":false},"excerpt":{"rendered":"<p>POLYPRENE\u00ae FOR EPDM\/PVC\/TPO Reference # 2 &nbsp; \u00a0 &nbsp; \u00a0 DESCRIPTIONQuantity and Color: &nbsp; Polyprene\u00ae is a rubber, universal roof repair cement used for flashings, seams, pitch pans, cracks, splits and making various repairs on EPDM\/PVC\/TPO roofs. We offer a special Polyprene\u00ae with extra agents that provide maximized adhesion specifically for EPDM\/PVC\/TPO roof repairs. Polyprene\u00ae [&hellip;]<\/p>","protected":false},"author":3,"featured_media":0,"parent":52,"menu_order":3,"comment_status":"closed","ping_status":"closed","template":"","meta":{"_et_pb_use_builder":"on","_et_pb_old_content":"","_et_gb_content_width":"","_crdt_document":"","footnotes":""},"class_list":["post-2187","page","type-page","status-publish","hentry"],"aioseo_notices":[],"jetpack_sharing_enabled":true,"_links":{"self":[{"href":"https:\/\/toppsproducts.com\/fr\/wp-json\/wp\/v2\/pages\/2187","targetHints":{"allow":["GET"]}}],"collection":[{"href":"https:\/\/toppsproducts.com\/fr\/wp-json\/wp\/v2\/pages"}],"about":[{"href":"https:\/\/toppsproducts.com\/fr\/wp-json\/wp\/v2\/types\/page"}],"author":[{"embeddable":true,"href":"https:\/\/toppsproducts.com\/fr\/wp-json\/wp\/v2\/users\/3"}],"replies":[{"embeddable":true,"href":"https:\/\/toppsproducts.com\/fr\/wp-json\/wp\/v2\/comments?post=2187"}],"version-history":[{"count":9,"href":"https:\/\/toppsproducts.com\/fr\/wp-json\/wp\/v2\/pages\/2187\/revisions"}],"predecessor-version":[{"id":3686,"href":"https:\/\/toppsproducts.com\/fr\/wp-json\/wp\/v2\/pages\/2187\/revisions\/3686"}],"up":[{"embeddable":true,"href":"https:\/\/toppsproducts.com\/fr\/wp-json\/wp\/v2\/pages\/52"}],"wp:attachment":[{"href":"https:\/\/toppsproducts.com\/fr\/wp-json\/wp\/v2\/media?parent=2187"}],"curies":[{"name":"wp","href":"https:\/\/api.w.org\/{rel}","templated":true}]}}