{"id":2165,"date":"2020-09-02T01:03:57","date_gmt":"2020-09-02T01:03:57","guid":{"rendered":"http:\/\/toppsproducts.com\/?page_id=2165"},"modified":"2022-02-17T11:13:10","modified_gmt":"2022-02-17T16:13:10","slug":"polyprene","status":"publish","type":"page","link":"https:\/\/toppsproducts.com\/fr\/products\/roof-repair-products\/polyprene\/","title":{"rendered":"Polypr\u00e8ne\u00ae"},"content":{"rendered":"<p>[et_pb_section fb_built=&#8221;1&#8243; fullwidth=&#8221;on&#8221; _builder_version=&#8221;4.6.0&#8243; _module_preset=&#8221;default&#8221; global_colors_info=&#8221;{}&#8221;][et_pb_fullwidth_header title=&#8221; Polyprene\u00ae&#8221; _builder_version=&#8221;4.6.0&#8243; _module_preset=&#8221;default&#8221; title_font=&#8221;|700|||||||&#8221; title_text_color=&#8221;#ffffff&#8221; background_enable_color=&#8221;off&#8221; background_image=&#8221;<a href=\"https:\/\/toppsproducts.com\/wp-content\/uploads\/2020\/08\/header-background.jpg&#038;#8221\">https:\/\/toppsproducts.com\/wp-content\/uploads\/2020\/08\/header-background.jpg&#038;#8221<\/a>; title_text_shadow_style=&#8221;preset2&#8243; title_text_shadow_color=&#8221;#000000&#8243; global_colors_info=&#8221;{}&#8221;][\/et_pb_fullwidth_header][\/et_pb_section][et_pb_section fb_built=&#8221;1&#8243; _builder_version=&#8221;4.0.9&#8243; global_colors_info=&#8221;{}&#8221;][et_pb_row column_structure=&#8221;1_2,1_2&#8243; _builder_version=&#8221;4.0.9&#8243; hover_enabled=&#8221;0&#8243; global_colors_info=&#8221;{}&#8221; sticky_enabled=&#8221;0&#8243;][et_pb_column type=&#8221;1_2&#8243; _builder_version=&#8221;4.0.9&#8243; global_colors_info=&#8221;{}&#8221;][et_pb_text _builder_version=&#8221;4.6.0&#8243; custom_margin=&#8221;||-3px|||&#8221; global_colors_info=&#8221;{}&#8221;]<\/p>\n<div class=\"row column\" data-finder-type=\"Web App\" data-finder-name=\"Page Control\" data-finder-id=\"4690453\">\n<h2 class=\"inner-header__title\"><span style=\"color: #004d51;\"><strong><span class=\"inner-header__headline\">POLYPR\u00c8NE\u00ae<\/span><\/strong><\/span><\/h2>\n<\/div>\n<div class=\"product-info__title\">\n<p class=\"subheader\"><strong>Pour tous les toits sauf EPDM\/PVC\/TPO<\/strong><\/p>\n<\/div>\n<p><strong><span class=\"product-info__reference\">R\u00e9f\u00e9rence # 4HB74151X4<\/span><\/strong><\/p>\n<div class=\"product-info__title\">\n<h2 class=\"subheader\"><span style=\"color: #004d51;\"><strong>\u00a0<\/strong><\/span><\/h2>\n<p>&nbsp;<\/p>\n<\/div>\n<p>[\/et_pb_text][et_pb_image src=&#8221;<a href=\"https:\/\/toppsproducts.com\/wp-content\/uploads\/2020\/09\/Polyprene-600.jpg&#038;#8221\">https:\/\/toppsproducts.com\/wp-content\/uploads\/2020\/09\/Polyprene-600.jpg&#038;#8221<\/a>; title_text=&#8221;Polyprene 600&#8243; _builder_version=&#8221;4.6.0&#8243; global_colors_info=&#8221;{}&#8221;][\/et_pb_image][\/et_pb_column][et_pb_column type=&#8221;1_2&#8243; _builder_version=&#8221;4.0.9&#8243; global_colors_info=&#8221;{}&#8221;][et_pb_text _builder_version=&#8221;4.6.0&#8243; global_colors_info=&#8221;{}&#8221;]<\/p>\n<div class=\"product-info__price\"><\/div>\n<h2><\/h2>\n<h2 class=\"headings\"><span style=\"color: #004d51;\"><strong>DESCRIPTION<\/strong><\/span><\/h2>\n<p>[\/et_pb_text][et_pb_divider _builder_version=&#8221;4.0.9&#8243; global_colors_info=&#8221;{}&#8221;][\/et_pb_divider][et_pb_text _builder_version=&#8221;4.6.0&#8243; global_colors_info=&#8221;{}&#8221;]<\/p>\n<p><span style=\"color: #000000;\"><strong>Tout le caoutchouc Polyprene\u00ae effectue des r\u00e9parations efficaces sur les solins, les joints, les pans de pente, les fissures et les fentes. Utilisation sur la plupart des types de toit.<\/strong> Le Polyprene\u00ae a \u00e9t\u00e9 \u00e9lu compos\u00e9 de r\u00e9paration #1 parmi les professionnels de la toiture. La teneur \u00e9lev\u00e9e en solides fortement fibreuse emp\u00eache la fissuration de la boue, ce qui la rend id\u00e9ale pour les bacs \u00e0 poix ainsi que pour sceller les joints, les fissures, autour des \u00e9quipements de toit vibrants, des puits de lumi\u00e8re, des \u00e9vents, des solins, etc. Dans les situations d&#039;urgence, les agents adh\u00e9sifs pour surfaces humides permettent des r\u00e9parations m\u00eame sur du m\u00e9tal humide.<\/span><\/p>\n<ul>\n<li><span style=\"color: #000000;\">Renforce rapidement et facilement les zones critiques<\/span><\/li>\n<li><span style=\"color: #000000;\">Tout en caoutchouc, renforc\u00e9 de fibres - reste flexible et ne se fissure pas \u00e0 froid<\/span><\/li>\n<li><span style=\"color: #000000;\">Les agents adh\u00e9sifs pour surfaces humides permettent de r\u00e9parer le m\u00e9tal humide, si n\u00e9cessaire<\/span><\/li>\n<li><span style=\"color: #000000;\">Int\u00e8gre facilement le polyester de renfort PolyCore\u2122, si n\u00e9cessaire, pour plus de solidit\u00e9<\/span><\/li>\n<li><span style=\"color: #000000;\">Peut \u00eatre appliqu\u00e9 en couche \u00e9paisse, en une seule couche, sans risque de fissures de boue<\/span><\/li>\n<li><span style=\"color: #000000;\">Disponible en qualit\u00e9 brosse lourde dans des seaux de 3 gallons<\/span><\/li>\n<li><span style=\"color: #000000;\">Fret inclus dans les \u00c9tats-Unis continentaux uniquement (CA et AK exclus)<\/span><\/li>\n<\/ul>\n<div><strong><a title=\"Polypr\u00e8ne Pour EPDM-Domestic-SDS\" href=\"https:\/\/toppsproducts.com\/fr\/products\/roof-repair-products\/polyprene-for-epdm-pvc-tpo\/\">Cliquez ici<\/a><\/strong> <span style=\"color: #000000;\">pour toitures EPDM\/PVC\/TPO<\/span><\/div>\n<p>[\/et_pb_text][et_pb_button button_url=&#8221;<a href=\"https:\/\/toppsproducts.myshopify.com\/collections\/roof-repair-products\/products\/multi-repair-compound&#038;#8221\" rel=\"nofollow\">https:\/\/toppsproducts.myshopify.com\/collections\/roof-repair-products\/products\/multi-repair-compound&#038;#8221<\/a>; url_new_window=&#8221;on&#8221; button_text=&#8221;BUY NOW&#8221; _builder_version=&#8221;4.6.0&#8243; custom_button=&#8221;on&#8221; button_text_color=&#8221;#ffffff&#8221; button_bg_color=&#8221;#0da0c5&#8243; button_border_color=&#8221;#0da0c5&#8243; button_font=&#8221;|700|||||||&#8221; global_colors_info=&#8221;{}&#8221;][\/et_pb_button][\/et_pb_column][\/et_pb_row][\/et_pb_section][et_pb_section fb_built=&#8221;1&#8243; _builder_version=&#8221;4.0.9&#8243; background_color=&#8221;#d6d6d6&#8243; global_colors_info=&#8221;{}&#8221;][et_pb_row column_structure=&#8221;1_2,1_2&#8243; _builder_version=&#8221;4.0.9&#8243; background_color=&#8221;#ffffff&#8221; custom_padding=&#8221;|75px||75px||&#8221; global_colors_info=&#8221;{}&#8221;][et_pb_column type=&#8221;1_2&#8243; _builder_version=&#8221;4.0.9&#8243; global_colors_info=&#8221;{}&#8221;][et_pb_text _builder_version=&#8221;4.6.0&#8243; text_text_color=&#8221;#ffffff&#8221; header_text_color=&#8221;#ffffff&#8221; background_color=&#8221;#004d51&#8243; custom_padding=&#8221;32px|50px|50px|50px||&#8221; global_colors_info=&#8221;{}&#8221;]<\/p>\n<h2 class=\"headings\"><span style=\"color: #ffffff;\"><strong>Caract\u00e9ristiques<\/strong><\/span><\/h2>\n<table class=\"product-table\">\n<tbody>\n<tr>\n<td width=\"312\"><span style=\"color: #ffffff;\">\u00c9longation<\/span><\/td>\n<td width=\"312\"><span style=\"color: #ffffff;\">850% min<\/span><\/td>\n<\/tr>\n<tr>\n<td width=\"312\"><span style=\"color: #ffffff;\">Perm\u00e9abilit\u00e9 \u00e0 la vapeur d&#039;eau<\/span><\/td>\n<td width=\"312\"><span style=\"color: #ffffff;\">.25 perm<\/span><\/td>\n<\/tr>\n<tr>\n<td width=\"312\"><span style=\"color: #ffffff;\">Viscosit\u00e9<\/span><\/td>\n<td width=\"312\"><span style=\"color: #ffffff;\">400 stylo<\/span><\/td>\n<\/tr>\n<tr>\n<td width=\"312\"><span style=\"color: #ffffff;\">Poids par gallon<\/span><\/td>\n<td width=\"312\"><span style=\"color: #ffffff;\">8,8 \u00e0 9,3 livres.<\/span><\/td>\n<\/tr>\n<tr>\n<td width=\"312\"><span style=\"color: #ffffff;\">Solides totaux<\/span><\/td>\n<td width=\"312\"><span style=\"color: #ffffff;\">70%<\/span><\/td>\n<\/tr>\n<tr>\n<td width=\"312\"><span style=\"color: #ffffff;\">Point d&#039;\u00e9clair du solvant<\/span><\/td>\n<td width=\"312\"><span style=\"color: #ffffff;\">104\u00b0 F<\/span><\/td>\n<\/tr>\n<tr>\n<td width=\"312\"><span style=\"color: #ffffff;\">\u00c9longation ultime<\/span><\/td>\n<td width=\"312\"><span style=\"color: #ffffff;\">850%<\/span><\/td>\n<\/tr>\n<tr>\n<td width=\"312\"><span style=\"color: #ffffff;\">R\u00e9sistance \u00e0 la traction ultime<\/span><\/td>\n<td width=\"312\"><span style=\"color: #ffffff;\">600 psi min.<\/span><\/td>\n<\/tr>\n<tr>\n<td width=\"312\"><span style=\"color: #ffffff;\">Adh\u00e9sion au pelage<\/span><\/td>\n<td width=\"312\"><span style=\"color: #ffffff;\">4,3 pli min.<\/span><\/td>\n<\/tr>\n<tr>\n<td width=\"312\"><span style=\"color: #ffffff;\">La temp\u00e9rature de service:<\/span><\/td>\n<td width=\"312\"><span style=\"color: #ffffff;\">-40\u00b0 \u2013 140\u00b0 F<\/span><\/td>\n<\/tr>\n<tr>\n<td width=\"312\"><span style=\"color: #ffffff;\">R\u00e9sistance \u00e0 l&#039;humidit\u00e9\u00a0:<\/span><\/td>\n<td width=\"312\"><span style=\"color: #ffffff;\">&lt;4&gt;<\/span><\/td>\n<\/tr>\n<\/tbody>\n<\/table>\n<p>&nbsp;<\/p>\n<p>[\/et_pb_text][\/et_pb_column][et_pb_column type=&#8221;1_2&#8243; _builder_version=&#8221;4.0.9&#8243; global_colors_info=&#8221;{}&#8221;][et_pb_text _builder_version=&#8221;4.6.0&#8243; link_font=&#8221;|700|||||||&#8221; background_color=&#8221;#dae5e7&#8243; custom_padding=&#8221;32px|50px|50px|50px||&#8221; global_colors_info=&#8221;{}&#8221;]<\/p>\n<h2 class=\"headings\"><span style=\"color: #004d51;\"><strong>FAQ<\/strong><\/span><\/h2>\n<p><span style=\"color: #000000;\"><strong>Q : J&#039;ai une fuite dans l&#039;un des joints de ma toiture, quel est le meilleur produit \u00e0 utiliser pour la r\u00e9parer ?<br \/><\/strong><\/span><span style=\"color: #000000;\">R : Pour r\u00e9parer un joint qui fuit, le meilleur produit pour le travail est un produit de toiture en caoutchouc \u00e9lastom\u00e8re 100% sans bitume ni autres ingr\u00e9dients, qui peuvent facilement se fissurer. Fixez toute couture l\u00e2che avec Polyprene sous le joint. Sceller toutes les coutures \u00e0 l&#039;aide de polyester PolyCore int\u00e9gr\u00e9 dans une couche de Polyprene. Parce qu&#039;il conserve sa souplesse, Polyprene\u00ae ne se fendra pas ou ne se fissurera pas avec le temps, ce qui pourrait entra\u00eener la r\u00e9p\u00e9tition de fuites.<\/span><\/p>\n<p><span style=\"color: #000000;\"><strong>Q\u00a0: Quel polypropyl\u00e8ne<\/strong><strong>\u00ae dois-je utiliser pour sceller les grands espaces dans la surface de mon toit ?<br \/><\/strong><\/span><span style=\"color: #000000;\">R\u00a0: Polyprene Truwel Grade est plus \u00e9pais avec suffisamment de corps pour combler les espaces jusqu&#039;\u00e0 \u00bc\u00a0po sans s&#039;affaisser. Il durcit en un joint en caoutchouc r\u00e9sistant et solide. Vous pouvez utiliser un mat\u00e9riau de support tel que de la mousse dans une bombe a\u00e9rosol pour remplir les vides avant de sceller.<\/span><\/p>\n<p><span style=\"color: #000000;\"><strong>Q : Existe-t-il diff\u00e9rentes qualit\u00e9s de Polyprene pour diff\u00e9rents types de toits et utilisations ?<br \/><\/strong><\/span><span style=\"color: #000000;\">R : Oui.\u00a0<a style=\"color: #000000;\" title=\"Polypr\u00e8ne pour toitures EPDM\/PVC\" href=\"https:\/\/toppsproducts.com\/fr\/roofing-supplies\/roof-repairs-roof-caulk\/polyprene-for-edpm-and-pvc\/\">Polypr\u00e8ne pour EPDM\/PVC<\/a> est sp\u00e9cialement con\u00e7u pour les membranes EPDM et PVC. Notre polypr\u00e8ne de qualit\u00e9 brosse standard est populaire pour la plupart des autres r\u00e9parations (coutures, fissures, solins, etc.). Il s&#039;\u00e9tale rapidement et facilement autour des p\u00e9n\u00e9trations et des coutures tout en maintenant fermement pour sceller l&#039;humidit\u00e9. Polyprene Truwel Grade est un ciment plus visqueux. \u00c0 utiliser lorsque vous avez besoin de corps, d&#039;accumulation ou de remplissage d&#039;espaces plus grands jusqu&#039;\u00e0 \u00bc&quot;.<\/span><\/p>\n<h3>\u00a0<\/h3>\n<h3 class=\"headings\"><strong><span style=\"color: #000000;\">Ressources<\/span><\/strong><\/h3>\n<ul>\n<li><a title=\"Donn\u00e9es Polyprene-Tech\" href=\"https:\/\/toppsproducts.com\/wp-content\/uploads\/2020\/09\/Polyprene-Tech-Data.pdf\" target=\"_blank\" rel=\"noopener noreferrer\">Donn\u00e9es techniques<\/a><\/li>\n<li><a title=\"Polypr\u00e8ne-Domestique-SDS\" href=\"https:\/\/toppsproducts.com\/wp-content\/uploads\/2020\/09\/polyprene-domestic-sds-updated.pdf\" target=\"_blank\" rel=\"noopener noreferrer\">Fiche de donn\u00e9es de s\u00e9curit\u00e9 (domestique)<\/a><\/li>\n<li><a title=\"Polyprene-International-FDS\" href=\"https:\/\/toppsproducts.com\/wp-content\/uploads\/2020\/09\/Polyprene-International-SDS.pdf\" target=\"_blank\" rel=\"noopener noreferrer\">Fiche de donn\u00e9es de s\u00e9curit\u00e9 (internationale)<\/a><\/li>\n<\/ul>\n<p>[\/et_pb_text][\/et_pb_column][\/et_pb_row][\/et_pb_section][et_pb_section fb_built=&#8221;1&#8243; admin_label=&#8221;Bottom Colums&#8221; _builder_version=&#8221;4.0.9&#8243; background_color=&#8221;#004d51&#8243; custom_padding=&#8221;16px||0px|||&#8221; global_module=&#8221;1733&#8243; saved_tabs=&#8221;all&#8221; global_colors_info=&#8221;{}&#8221;][et_pb_row column_structure=&#8221;1_4,1_4,1_4,1_4&#8243; _builder_version=&#8221;4.0.9&#8243; custom_padding=&#8221;||5px|||&#8221; global_colors_info=&#8221;{}&#8221;][et_pb_column type=&#8221;1_4&#8243; _builder_version=&#8221;4.0.9&#8243; global_colors_info=&#8221;{}&#8221;][et_pb_text _builder_version=&#8221;4.0.9&#8243; header_font=&#8221;|||on|||||&#8221; global_colors_info=&#8221;{}&#8221;]<\/p>\n<h3><span style=\"color: #ffffff;\"><strong>CONTACTEZ-NOUS<\/strong><br \/><\/span><\/h3>\n<p>[\/et_pb_text][et_pb_blurb image=&#8221;<a href=\"https:\/\/toppsproducts.com\/wp-content\/uploads\/2020\/08\/2020-08-01_11-27-39.jpg&#038;#8221\">https:\/\/toppsproducts.com\/wp-content\/uploads\/2020\/08\/2020-08-01_11-27-39.jpg&#038;#8221<\/a>; icon_placement=&#8221;left&#8221; admin_label=&#8221;address&#8221; _builder_version=&#8221;4.0.9&#8243; body_text_align=&#8221;left&#8221; body_text_color=&#8221;#ffffff&#8221; background_layout=&#8221;dark&#8221; global_colors_info=&#8221;{}&#8221;]<\/p>\n<p><strong><span style=\"color: #ffffff;\">Case postale 1632<br \/>Canton, MS. 39046<\/span><\/strong><\/p>\n<p>[\/et_pb_blurb][et_pb_blurb image=&#8221;<a href=\"https:\/\/toppsproducts.com\/wp-content\/uploads\/2020\/08\/2020-08-01_11-28-29.jpg&#038;#8221\">https:\/\/toppsproducts.com\/wp-content\/uploads\/2020\/08\/2020-08-01_11-28-29.jpg&#038;#8221<\/a>; icon_placement=&#8221;left&#8221; admin_label=&#8221;support email&#8221; _builder_version=&#8221;4.0.9&#8243; body_text_align=&#8221;left&#8221; body_text_color=&#8221;#ffffff&#8221; background_layout=&#8221;dark&#8221; global_colors_info=&#8221;{}&#8221;]<\/p>\n<p><a href=\"mailto:support@toppsproducts.com\"><strong><span style=\"color: #ffffff;\">support@toppsproducts.com<\/span><\/strong><\/a><\/p>\n<p>[\/et_pb_blurb][et_pb_blurb image=&#8221;<a href=\"https:\/\/toppsproducts.com\/wp-content\/uploads\/2020\/08\/2020-08-01_11-28-50.jpg&#038;#8221\">https:\/\/toppsproducts.com\/wp-content\/uploads\/2020\/08\/2020-08-01_11-28-50.jpg&#038;#8221<\/a>; icon_placement=&#8221;left&#8221; admin_label=&#8221;telephone&#8221; _builder_version=&#8221;4.0.9&#8243; body_text_align=&#8221;left&#8221; body_text_color=&#8221;#ffffff&#8221; background_layout=&#8221;dark&#8221; global_colors_info=&#8221;{}&#8221;]<\/p>\n<h5><strong><span style=\"color: #ffffff;\"><a href=\"tel:8008677177\">800-867-7177<\/a><\/span><\/strong><\/h5>\n<p>[\/et_pb_blurb][\/et_pb_column][et_pb_column type=&#8221;1_4&#8243; _builder_version=&#8221;4.0.9&#8243; global_colors_info=&#8221;{}&#8221;][et_pb_text _builder_version=&#8221;4.0.9&#8243; header_font=&#8221;|||on|||||&#8221; global_colors_info=&#8221;{}&#8221;]<\/p>\n<h3><strong><span style=\"color: #ffffff;\">EMPLACEMENTS<\/span><\/strong><\/h3>\n<p>[\/et_pb_text][et_pb_text _builder_version=&#8221;4.0.9&#8243; header_font=&#8221;|||on|||||&#8221; global_colors_info=&#8221;{}&#8221;]<\/p>\n<p><span style=\"color: #ffffff;\"><a style=\"color: #ffffff;\" title=\"Produits Topps \u00c9tats-Unis\" href=\"https:\/\/toppsproducts.com\/fr\/\" target=\"_blank\" rel=\"noopener noreferrer\">Produits Topps - \u00c9tats-Unis<\/a><\/span><\/p>\n<p><span style=\"color: #ffffff;\"><a style=\"color: #ffffff;\" title=\"Produits Topps ASIE\" href=\"http:\/\/www.toppsproducts.co.th\/\" target=\"_blank\" rel=\"noopener noreferrer\">Produits Topps-Asie<\/a><\/span><\/p>\n<p><a title=\"Topps Produits Afrique\" href=\"https:\/\/www.toppsproductssa.co.za\/\" target=\"_blank\" rel=\"noopener noreferrer\"><span style=\"color: #ffffff;\">Produits Topps-Afrique<\/span><\/a><\/p>\n<p><span style=\"color: #ffffff;\"><a style=\"color: #ffffff;\" title=\"Topps Produits Europe\" href=\"https:\/\/www.toppseurope.com\/\" target=\"_blank\" rel=\"noopener noreferrer\">Produits Topps-Europe<\/a><\/span><\/p>\n<p><span style=\"color: #ffffff;\"><a style=\"color: #ffffff;\" title=\"Produits Topps Australie\" href=\"https:\/\/toppsproducts.com.au\/\" target=\"_blank\" rel=\"noopener noreferrer\">Topps Products-Australie<\/a><\/span><\/p>\n<p>&nbsp;<\/p>\n<p>[\/et_pb_text][\/et_pb_column][et_pb_column type=&#8221;1_4&#8243; _builder_version=&#8221;4.0.9&#8243; global_colors_info=&#8221;{}&#8221;][et_pb_text _builder_version=&#8221;4.0.9&#8243; header_font=&#8221;|||on|||||&#8221; global_colors_info=&#8221;{}&#8221;]<\/p>\n<h3><span style=\"color: #ffffff;\"><strong>DES PRODUITS<\/strong><\/span><\/h3>\n<p>[\/et_pb_text][et_pb_text _builder_version=&#8221;4.6.6&#8243; header_font=&#8221;|||on|||||&#8221; global_colors_info=&#8221;{}&#8221;]<\/p>\n<p><span style=\"color: #ffffff;\"><a style=\"color: #ffffff;\" title=\"Produits de r\u00e9paration de toiture\" href=\"https:\/\/toppsproducts.com\/fr\/products\/roof-repair-products\/\" target=\"_blank\" rel=\"noopener noreferrer\">Produits de r\u00e9paration de toiture<\/a><br \/><\/span><\/p>\n<p><span style=\"color: #ffffff;\"><a style=\"color: #ffffff;\" title=\"Syst\u00e8mes d&#039;entretien de toiture\" href=\"https:\/\/toppsproducts.com\/fr\/products\/roof-maintenance-systems\/\" target=\"_blank\" rel=\"noopener noreferrer\">Syst\u00e8mes d&#039;entretien de toiture<\/a><br \/><\/span><\/p>\n<p><span style=\"color: #ffffff;\"><a style=\"color: #ffffff;\" title=\"Scellants et rev\u00eatements de toiture\" href=\"https:\/\/toppsproducts.com\/fr\/products\/roof-sealants-and-coatings\/\" target=\"_blank\" rel=\"noopener noreferrer\">Scellants et rev\u00eatements de toiture<\/a><br \/><\/span><\/p>\n<p>&nbsp;<\/p>\n<p>[\/et_pb_text][\/et_pb_column][et_pb_column type=&#8221;1_4&#8243; _builder_version=&#8221;4.0.9&#8243; global_colors_info=&#8221;{}&#8221;][et_pb_text _builder_version=&#8221;4.0.9&#8243; header_font=&#8221;|||on|||||&#8221; global_colors_info=&#8221;{}&#8221;]<\/p>\n<h3><strong><span style=\"color: #ffffff;\">CONNECTE-TOI AVEC NOUS<br \/><\/span><\/strong><\/h3>\n<p>[\/et_pb_text][et_pb_button button_url=&#8221;<a href=\"https:\/\/toppsproducts.com\/fr\/contact\/&\/#038;#8221\">https:\/\/toppsproducts.com\/contact\/&#038;#8221<\/a>; button_text=&#8221;CONTACT US&#8221; button_alignment=&#8221;left&#8221; _builder_version=&#8221;4.0.9&#8243; custom_button=&#8221;on&#8221; button_text_size=&#8221;16px&#8221; button_text_color=&#8221;#ffffff&#8221; button_bg_color=&#8221;#0da0c5&#8243; button_border_color=&#8221;#0da0c5&#8243; button_font=&#8221;|700|||||||&#8221; button_icon=&#8221;%%28%%&#8221; background_layout=&#8221;dark&#8221; global_colors_info=&#8221;{}&#8221;][\/et_pb_button][et_pb_text _builder_version=&#8221;4.10.5&#8243; header_font=&#8221;|||on|||||&#8221; global_colors_info=&#8221;{}&#8221;]<\/p>\n<h3><span style=\"color: #ffffff;\"><strong>R\u00c9SEAUX SOCIAUX<\/strong><br \/>\n<\/span><\/h3>\n<p>&nbsp;<\/p>\n<p><a title=\"Produit Topps Facebook\" href=\"https:\/\/www.facebook.com\/toppsproducts\" target=\"_blank\" rel=\"noopener noreferrer\"><img data-recalc-dims=\"1\" decoding=\"async\" class=\"wp-image-1594 alignnone size-full\" src=\"https:\/\/i0.wp.com\/toppsproducts.com\/wp-content\/uploads\/2020\/08\/topps-products-facebook.png?resize=30%2C30&#038;ssl=1\" alt=\"\" width=\"30\" height=\"30\" \/><\/a> \u00a0 <a title=\"Topps Produit Instagram\" href=\"https:\/\/www.instagram.com\/toppsproducts\/\" target=\"_blank\" rel=\"noopener noreferrer\"><img data-recalc-dims=\"1\" decoding=\"async\" class=\"wp-image-1597 alignnone size-full\" src=\"https:\/\/i0.wp.com\/toppsproducts.com\/wp-content\/uploads\/2020\/08\/topps-products-instagram.png?resize=30%2C30&#038;ssl=1\" alt=\"\" width=\"30\" height=\"30\" \/><\/a> \u00a0 <a title=\"Topps Produits Gazouillement\" href=\"https:\/\/twitter.com\/toppsproducts\" target=\"_blank\" rel=\"noopener noreferrer\"><img data-recalc-dims=\"1\" decoding=\"async\" class=\"wp-image-1601 alignnone size-full\" src=\"https:\/\/i0.wp.com\/toppsproducts.com\/wp-content\/uploads\/2020\/08\/topps-products-twitter.png?resize=30%2C30&#038;ssl=1\" alt=\"\" width=\"30\" height=\"30\" \/><\/a> \u00a0 <a title=\"Produits Topp Cha\u00eene You Tube\" href=\"https:\/\/www.youtube.com\/user\/toppsproducts\" target=\"_blank\" rel=\"noopener noreferrer\"><img data-recalc-dims=\"1\" loading=\"lazy\" decoding=\"async\" class=\"wp-image-1605 alignnone size-full\" src=\"https:\/\/i0.wp.com\/toppsproducts.com\/wp-content\/uploads\/2020\/08\/topps-products-you-tube.png?resize=30%2C30&#038;ssl=1\" alt=\"\" width=\"30\" height=\"30\" \/><\/a> \u00a0 <a title=\"Produit Topps Linkedin\" href=\"https:\/\/www.linkedin.com\/company\/topps-products-inc-\/\" target=\"_blank\" rel=\"noopener noreferrer\"><img data-recalc-dims=\"1\" loading=\"lazy\" decoding=\"async\" class=\"wp-image-1609 alignnone size-full\" src=\"https:\/\/i0.wp.com\/toppsproducts.com\/wp-content\/uploads\/2020\/08\/topp-products-linked-in-1.png?resize=30%2C30&#038;ssl=1\" alt=\"\" width=\"30\" height=\"30\" \/><\/a>[\/et_pb_text][\/et_pb_column][\/et_pb_row][\/et_pb_section][et_pb_section fb_built=&#8221;1&#8243; admin_label=&#8221;Footer&#8221; _builder_version=&#8221;4.0.9&#8243; background_color=&#8221;#424242&#8243; custom_padding=&#8221;7px||0px|||&#8221; global_module=&#8221;1734&#8243; saved_tabs=&#8221;all&#8221; global_colors_info=&#8221;{}&#8221;][et_pb_row column_structure=&#8221;3_5,2_5&#8243; _builder_version=&#8221;4.0.9&#8243; custom_padding=&#8221;13px||18px|||&#8221; global_colors_info=&#8221;{}&#8221;][et_pb_column type=&#8221;3_5&#8243; _builder_version=&#8221;4.0.9&#8243; global_colors_info=&#8221;{}&#8221;][et_pb_text _builder_version=&#8221;4.0.9&#8243; global_colors_info=&#8221;{}&#8221;]<\/p>\n<p>&nbsp;<\/p>\n<p class=\"footer-bottom__copyright\"><span style=\"color: #ffffff;\">\u00a9 2020 Topps Products, Inc. All Rights Reserved.\u00a0<\/span><\/p>\n<p>[\/et_pb_text][\/et_pb_column][et_pb_column type=&#8221;2_5&#8243; _builder_version=&#8221;4.0.9&#8243; global_colors_info=&#8221;{}&#8221;][et_pb_image src=&#8221;<a href=\"https:\/\/toppsproducts.com\/wp-content\/uploads\/2020\/08\/cc-logos-white-300&#215;73.png&#038;#8221\">https:\/\/toppsproducts.com\/wp-content\/uploads\/2020\/08\/cc-logos-white-300&#215;73.png&#038;#8221<\/a>; _builder_version=&#8221;4.0.9&#8243; global_colors_info=&#8221;{}&#8221;][\/et_pb_image][\/et_pb_column][\/et_pb_row][\/et_pb_section]<\/p>","protected":false},"excerpt":{"rendered":"<p>POLYPRENE\u00ae For All Roofs Except EPDM\/PVC\/TPO Reference # 4HB74151X4 \u00a0 &nbsp; DESCRIPTIONAll rubber Polyprene\u00ae makes effective repairs to flashings, seams, pitch pans, cracks, and splits. Use on most roof types. Polyprene\u00ae was voted the #1 repair compound among roofing professionals. The heavily fibered high-solids content prevents mud cracking, making it ideal for pitch pans as [&hellip;]<\/p>","protected":false},"author":3,"featured_media":0,"parent":52,"menu_order":1,"comment_status":"closed","ping_status":"closed","template":"","meta":{"_et_pb_use_builder":"on","_et_pb_old_content":"","_et_gb_content_width":"","_crdt_document":"","footnotes":""},"class_list":["post-2165","page","type-page","status-publish","hentry"],"aioseo_notices":[],"jetpack_sharing_enabled":true,"_links":{"self":[{"href":"https:\/\/toppsproducts.com\/fr\/wp-json\/wp\/v2\/pages\/2165","targetHints":{"allow":["GET"]}}],"collection":[{"href":"https:\/\/toppsproducts.com\/fr\/wp-json\/wp\/v2\/pages"}],"about":[{"href":"https:\/\/toppsproducts.com\/fr\/wp-json\/wp\/v2\/types\/page"}],"author":[{"embeddable":true,"href":"https:\/\/toppsproducts.com\/fr\/wp-json\/wp\/v2\/users\/3"}],"replies":[{"embeddable":true,"href":"https:\/\/toppsproducts.com\/fr\/wp-json\/wp\/v2\/comments?post=2165"}],"version-history":[{"count":8,"href":"https:\/\/toppsproducts.com\/fr\/wp-json\/wp\/v2\/pages\/2165\/revisions"}],"predecessor-version":[{"id":4379,"href":"https:\/\/toppsproducts.com\/fr\/wp-json\/wp\/v2\/pages\/2165\/revisions\/4379"}],"up":[{"embeddable":true,"href":"https:\/\/toppsproducts.com\/fr\/wp-json\/wp\/v2\/pages\/52"}],"wp:attachment":[{"href":"https:\/\/toppsproducts.com\/fr\/wp-json\/wp\/v2\/media?parent=2165"}],"curies":[{"name":"wp","href":"https:\/\/api.w.org\/{rel}","templated":true}]}}