{"id":1017,"date":"2020-08-13T02:15:27","date_gmt":"2020-08-13T02:15:27","guid":{"rendered":"http:\/\/toppsproducts.com\/?page_id=1017"},"modified":"2020-09-02T00:40:02","modified_gmt":"2020-09-02T00:40:02","slug":"seamguard-wb-water-based-seam-sealer","status":"publish","type":"page","link":"https:\/\/toppsproducts.com\/fr\/products\/roof-repair-products\/seamguard-wb-water-based-seam-sealer\/","title":{"rendered":"SeamGuard\u2122 WB-WATER-BASED SEAM SEALER"},"content":{"rendered":"<p>[et_pb_section fb_built=&#8221;1&#8243; _builder_version=&#8221;4.0.9&#8243;][et_pb_row column_structure=&#8221;1_2,1_2&#8243; _builder_version=&#8221;4.0.9&#8243;][et_pb_column type=&#8221;1_2&#8243; _builder_version=&#8221;4.0.9&#8243;][et_pb_text _builder_version=&#8221;4.6.0&#8243; custom_margin=&#8221;||-22px|||&#8221; hover_enabled=&#8221;0&#8243; sticky_enabled=&#8221;0&#8243;]<\/p>\n<h2><span style=\"color: #004d51;\"><strong>SCELLANT DE JOINT \u00c0 BASE D&#039;EAU SEAMGUARD\u2122 WB<\/strong><\/span><\/h2>\n<div class=\"product-info__title\">\n<p class=\"subheader\"><span style=\"color: #000000;\"><strong>Offrant un scellement de couture \u00e0 base d&#039;eau \u00e0 la pointe de l&#039;industrie<\/strong><\/span><\/p>\n<\/div>\n<p><span style=\"color: #000000;\"><strong><span class=\"product-info__reference\">R\u00e9f\u00e9rence # 4<\/span><\/strong><\/span><\/p>\n<p>&nbsp;<\/p>\n<p>&nbsp;<\/p>\n<p>[\/et_pb_text][et_pb_image src=&#8221;<a href=\"https:\/\/toppsproducts.com\/wp-content\/uploads\/2020\/08\/SeamGuard-WB-600.jpg&#038;#8221\">https:\/\/toppsproducts.com\/wp-content\/uploads\/2020\/08\/SeamGuard-WB-600.jpg&#038;#8221<\/a>; _builder_version=&#8221;4.0.9&#8243;][\/et_pb_image][\/et_pb_column][et_pb_column type=&#8221;1_2&#8243; _builder_version=&#8221;4.0.9&#8243;][et_pb_text _builder_version=&#8221;4.0.9&#8243;]<\/p>\n<h2 class=\"headings\"><span style=\"color: #004d51;\"><strong>DESCRIPTION<\/strong><\/span><\/h2>\n<p>[\/et_pb_text][et_pb_divider _builder_version=&#8221;4.0.9&#8243;][\/et_pb_divider][et_pb_text _builder_version=&#8221;4.0.9&#8243;]<\/p>\n<p><span style=\"color: #000000;\">SeamGuard \u2122 WB augmente l&#039;efficacit\u00e9 des joints d&#039;\u00e9tanch\u00e9it\u00e9 et des fixations avec des syst\u00e8mes de rev\u00eatement \u00e0 base d&#039;eau en ajoutant un allongement 750% et un ensemble d&#039;adh\u00e9rence am\u00e9lior\u00e9. L&#039;allongement sup\u00e9rieur et les performances am\u00e9lior\u00e9es aident \u00e0 arr\u00eater les fuites et \u00e0 pr\u00e9venir l&#039;action capillaire future qui peut entra\u00eener des probl\u00e8mes plus tard.<\/span><\/p>\n<p><span style=\"color: #000000;\">SeamGuard WB, qui s&#039;applique \u00e0 l&#039;aide d&#039;un pulv\u00e9risateur sans air ou d&#039;une brosse \u00e0 toiture, permet d&#039;\u00e9conomiser le travail co\u00fbteux d&#039;\u00eatre sur les mains et les genoux, associ\u00e9 aux rubans plus g\u00e9n\u00e9ralement requis avec les rev\u00eatements \u00e0 base d&#039;eau. SeamGuard WB peut combler jusqu&#039;\u00e0 1\/16\u2033 d&#039;espaces que vous ne verriez peut-\u00eatre pas autrement. Ce scellant liquide s&#039;applique en deux couches apr\u00e8s que toutes les coutures et les fixations ont \u00e9t\u00e9 serr\u00e9es \u00e0 ras pendant la pr\u00e9paration du toit.<\/span><\/p>\n<p><span style=\"color: #000000;\">Ce scellant de couture fournit un scellant liquide \u00e0 vaporiser ou \u00e0 appliquer au pinceau.<\/span><\/p>\n<ul>\n<li><span style=\"color: #000000;\">Scellant pour joints et fixations \u00e0 utiliser sur les applications Topps Seal\u00ae WB (\u00e0 base d&#039;eau)<\/span><\/li>\n<li><span style=\"color: #000000;\">S&#039;applique en deux couches pour former un joint efficace semblable \u00e0 une membrane qui emp\u00eache l&#039;\u00e9vacuation de l&#039;humidit\u00e9<\/span><\/li>\n<li><span style=\"color: #000000;\">Accepte le tissu PolyCore\u2122 pour effectuer des r\u00e9parations et ajouter des renforts l\u00e0 o\u00f9 une r\u00e9sistance suppl\u00e9mentaire est requise<\/span><\/li>\n<\/ul>\n<p>[\/et_pb_text][et_pb_button button_url=&#8221;<a href=\"https:\/\/toppsproducts.com\/fr\/products\/roof-repair-sealant-compounds\/seamguard-wb-water-based-seam-sealer\/seamguard-wb-get-a-quote\/&\/#038;#8221\">https:\/\/toppsproducts.com\/products\/roof-repair-sealant-compounds\/seamguard-wb-water-based-seam-sealer\/seamguard-wb-get-a-quote\/&#038;#8221<\/a>; button_text=&#8221;GET A QUOTE&#8221; _builder_version=&#8221;4.0.9&#8243; custom_button=&#8221;on&#8221; button_text_color=&#8221;#ffffff&#8221; button_bg_color=&#8221;#0da0c5&#8243; button_border_color=&#8221;#0da0c5&#8243; button_font=&#8221;|700|||||||&#8221;][\/et_pb_button][\/et_pb_column][\/et_pb_row][\/et_pb_section][et_pb_section fb_built=&#8221;1&#8243; _builder_version=&#8221;4.0.9&#8243; background_color=&#8221;#d6d6d6&#8243;][et_pb_row column_structure=&#8221;1_2,1_2&#8243; _builder_version=&#8221;4.0.9&#8243; background_color=&#8221;#ffffff&#8221; custom_padding=&#8221;|75px||75px||&#8221;][et_pb_column type=&#8221;1_2&#8243; _builder_version=&#8221;4.0.9&#8243;][et_pb_text _builder_version=&#8221;4.0.9&#8243; background_color=&#8221;#004d51&#8243; custom_padding=&#8221;34px|50px|16px|50px||&#8221;]<\/p>\n<h2 class=\"headings\"><span style=\"color: #ffffff;\"><strong>Caract\u00e9ristiques<\/strong><\/span><\/h2>\n<table class=\"product-table\">\n<tbody>\n<tr>\n<td width=\"303\"><span style=\"color: #ffffff;\">Viscosit\u00e9<\/span><\/td>\n<td width=\"297\"><span style=\"color: #ffffff;\">90 \u2013 105 KU<\/span><\/td>\n<\/tr>\n<tr>\n<td width=\"303\"><span style=\"color: #ffffff;\">Poids par gallon<\/span><\/td>\n<td width=\"297\"><span style=\"color: #ffffff;\">9 \u00e0 10 livres<\/span><\/td>\n<\/tr>\n<tr>\n<td width=\"303\"><span style=\"color: #ffffff;\">Solides<\/span><\/td>\n<td width=\"297\"><span style=\"color: #ffffff;\">37.5 \u2013 40%<\/span><\/td>\n<\/tr>\n<tr>\n<td width=\"303\"><span style=\"color: #ffffff;\">Point d&#039;\u00e9clair du solvant<\/span><\/td>\n<td width=\"297\"><span style=\"color: #ffffff;\">N \/ A<\/span><\/td>\n<\/tr>\n<tr>\n<td width=\"303\"><span style=\"color: #ffffff;\">COV<\/span><\/td>\n<td width=\"297\"><span style=\"color: #ffffff;\">0<\/span><\/td>\n<\/tr>\n<tr>\n<td width=\"303\"><span style=\"color: #ffffff;\">pH<\/span><\/td>\n<td width=\"297\"><span style=\"color: #ffffff;\">&gt;8.5<\/span><\/td>\n<\/tr>\n<tr>\n<td width=\"303\"><span style=\"color: #ffffff;\">Taux de couverture<\/span><\/td>\n<td width=\"297\"><span style=\"color: #ffffff;\">200-300 pieds lin\u00e9aires\/gal. @ 4\u2033 largeur par couche (2)<\/span><\/td>\n<\/tr>\n<tr>\n<td width=\"303\"><span style=\"color: #ffffff;\">Sec au toucher \u00e0 77 \u00b0F (humidit\u00e9 relative 50%)<\/span><\/td>\n<td width=\"297\"><span style=\"color: #ffffff;\">4 heures.<\/span><\/td>\n<\/tr>\n<tr>\n<td width=\"303\"><span style=\"color: #ffffff;\">\u00c9longation ultime<\/span><\/td>\n<td width=\"297\"><span style=\"color: #ffffff;\">750%<\/span><\/td>\n<\/tr>\n<tr>\n<td width=\"303\"><span style=\"color: #ffffff;\">R\u00e9sistance \u00e0 la traction ultime<\/span><\/td>\n<td width=\"297\"><span style=\"color: #ffffff;\">300 psi<\/span><\/td>\n<\/tr>\n<tr>\n<td width=\"303\"><span style=\"color: #ffffff;\">Perm\u00e9abilit\u00e9 \u00e0 la vapeur d&#039;eau<\/span><\/td>\n<td width=\"297\"><span style=\"color: #ffffff;\">17,0 perm.<\/span><\/td>\n<\/tr>\n<\/tbody>\n<\/table>\n<p>&nbsp;<\/p>\n<p>[\/et_pb_text][\/et_pb_column][et_pb_column type=&#8221;1_2&#8243; _builder_version=&#8221;4.0.9&#8243;][et_pb_text _builder_version=&#8221;4.0.9&#8243; background_color=&#8221;#dae5e7&#8243; custom_padding=&#8221;34px|50px|49px|50px||&#8221;]<\/p>\n<h2 class=\"headings\"><span style=\"color: #004d51;\"><strong>FAQ<\/strong><\/span><\/h2>\n<p><span style=\"color: #000000;\"><strong>Q. Qu&#039;est-ce qui rend SGWB si sp\u00e9cial ?<br \/><\/strong><\/span><span style=\"color: #000000;\">A: \u00c9conomies de main-d&#039;\u0153uvre pour un. Efficacit\u00e9 contre les infiltrations d&#039;humidit\u00e9 pour deux. Tous les concurrents traditionnels exigent de coller toutes les coutures pour aider \u00e0 pr\u00e9venir les fuites \u00e0 ces points d&#039;entr\u00e9e communs. C&#039;est beaucoup d&#039;heures pass\u00e9es sur les mains et les genoux pour accomplir ce que SGWB fait beaucoup plus rapidement avec une application par pulv\u00e9risation ou au pinceau \u00e0 l&#039;aide d&#039;une brosse \u00e0 toiture \u00e0 long manche. L&#039;action capillaire provoque la plupart des fuites le long des coutures autrement resserr\u00e9es. Une bande SGWB le long des coutures ajoute un produit ayant un allongement sup\u00e9rieur \u00e0 750% et une r\u00e9sistance ultime de 350 psi. Les rev\u00eatements \u00e0 base d&#039;eau typiques fournissent aussi peu que 1\/3 de cela. En incorporant SGWB, vous am\u00e9liorez vos r\u00e9sultats dans les domaines les plus critiques de votre projet.<\/span><\/p>\n<p><span style=\"color: #000000;\"><strong>Q. Qu&#039;en est-il des zones plus critiques, comme les coutures suspectes ou les terminaisons\u00a0? Puis-je renforcer ceux qui utilisent des mailles comme votre tissu en polyester PolyCore\u2122 qui se pr\u00e9sente en rouleaux de 4&quot; ou 6&quot; de large\u00a0?<br \/><\/strong><\/span><span style=\"color: #000000;\">R : Absolument. Vous utilisez simplement le maillage l\u00e0 o\u00f9 vous en avez le plus besoin. Cela vous permet d&#039;\u00e9conomiser davantage et d&#039;am\u00e9liorer davantage vos r\u00e9sultats, car SGWB ajoute la protection n\u00e9cessaire contre les mouvements mineurs dus \u00e0 la dilatation\/contraction thermique.<\/span><\/p>\n<p><span style=\"color: #000000;\"><strong>Q. Le SGWB est-il compatible avec Topps Seal WB ainsi qu&#039;avec les produits acryliques 100% comme l&#039;acrylique TS Commercial WB 100% ?<br \/><\/strong><\/span><span style=\"color: #000000;\">R : Oui<\/span><\/p>\n<p><span style=\"color: #000000;\"><strong>Q. Puis-je utiliser SGWB avec le rev\u00eatement de toit phare de Topps sans base d&#039;eau comme Topps Seal ?<br \/><\/strong><\/span><span style=\"color: #000000;\">R : Non. Lorsque vous utilisez nos produits sans eau, passez \u00e0 Topps Seam\/RivetGuard\u2122.<\/span><\/p>\n<h5>\u00a0<\/h5>\n<h5 class=\"headings\"><strong><span style=\"color: #000000;\">Ressources<\/span><\/strong><\/h5>\n<ul>\n<li><span style=\"color: #3366ff;\"><a style=\"color: #3366ff;\" title=\"SeamGuard-WB-Tech-Donn\u00e9es\" href=\"https:\/\/toppsproducts.com\/wp-content\/uploads\/2020\/09\/Seamguard-WB-Tech-Data.pdf\" target=\"_blank\" rel=\"noopener noreferrer\">Donn\u00e9es techniques<\/a><\/span><\/li>\n<li><a title=\"SeamGuard-WB-Domestic-FDS\" href=\"https:\/\/toppsproducts.com\/wp-content\/uploads\/2020\/09\/SeamGuard-WB-Domestic-SDS.pdf\" target=\"_blank\" rel=\"noopener noreferrer\"><span style=\"color: #000000;\"><span style=\"color: #3366ff;\">Fiche de donn\u00e9es de s\u00e9curit\u00e9 (domestique)<\/span><\/span><\/a><\/li>\n<li><a title=\"SeamGuard-WB-International-FDS\" href=\"https:\/\/toppsproducts.com\/wp-content\/uploads\/2020\/09\/SeamGuard-WB-International-SDS.pdf\" target=\"_blank\" rel=\"noopener noreferrer\"><span style=\"color: #000000;\"><span style=\"color: #3366ff;\">Fiche de donn\u00e9es de s\u00e9curit\u00e9 (internationale)<\/span><\/span><\/a><\/li>\n<\/ul>\n<p>[\/et_pb_text][\/et_pb_column][\/et_pb_row][\/et_pb_section][et_pb_section fb_built=&#8221;1&#8243; admin_label=&#8221;Bottom Colums&#8221; _builder_version=&#8221;4.0.9&#8243; background_color=&#8221;#004d51&#8243; custom_padding=&#8221;16px||0px|||&#8221; global_module=&#8221;1733&#8243;][et_pb_row column_structure=&#8221;1_4,1_4,1_4,1_4&#8243; _builder_version=&#8221;4.0.9&#8243; custom_padding=&#8221;||5px|||&#8221;][et_pb_column type=&#8221;1_4&#8243; _builder_version=&#8221;4.0.9&#8243;][et_pb_text _builder_version=&#8221;4.0.9&#8243; header_font=&#8221;|||on|||||&#8221;]<\/p>\n<h3><span style=\"color: #ffffff;\"><strong>CONTACTEZ-NOUS<\/strong><br \/><\/span><\/h3>\n<p>[\/et_pb_text][et_pb_blurb image=&#8221;<a href=\"https:\/\/toppsproducts.com\/wp-content\/uploads\/2020\/08\/2020-08-01_11-27-39.jpg&#038;#8221\">https:\/\/toppsproducts.com\/wp-content\/uploads\/2020\/08\/2020-08-01_11-27-39.jpg&#038;#8221<\/a>; icon_placement=&#8221;left&#8221; admin_label=&#8221;address&#8221; _builder_version=&#8221;4.0.9&#8243; body_text_align=&#8221;left&#8221; body_text_color=&#8221;#ffffff&#8221; background_layout=&#8221;dark&#8221;]<\/p>\n<p><strong><span style=\"color: #ffffff;\">Case postale 1632<br \/>Canton, MS. 39046<\/span><\/strong><\/p>\n<p>[\/et_pb_blurb][et_pb_blurb image=&#8221;<a href=\"https:\/\/toppsproducts.com\/wp-content\/uploads\/2020\/08\/2020-08-01_11-28-29.jpg&#038;#8221\">https:\/\/toppsproducts.com\/wp-content\/uploads\/2020\/08\/2020-08-01_11-28-29.jpg&#038;#8221<\/a>; icon_placement=&#8221;left&#8221; admin_label=&#8221;support email&#8221; _builder_version=&#8221;4.0.9&#8243; body_text_align=&#8221;left&#8221; body_text_color=&#8221;#ffffff&#8221; background_layout=&#8221;dark&#8221;]<\/p>\n<p><a href=\"mailto:support@toppsproducts.com\"><strong><span style=\"color: #ffffff;\">support@toppsproducts.com<\/span><\/strong><\/a><\/p>\n<p>[\/et_pb_blurb][et_pb_blurb image=&#8221;<a href=\"https:\/\/toppsproducts.com\/wp-content\/uploads\/2020\/08\/2020-08-01_11-28-50.jpg&#038;#8221\">https:\/\/toppsproducts.com\/wp-content\/uploads\/2020\/08\/2020-08-01_11-28-50.jpg&#038;#8221<\/a>; icon_placement=&#8221;left&#8221; admin_label=&#8221;telephone&#8221; _builder_version=&#8221;4.0.9&#8243; body_text_align=&#8221;left&#8221; body_text_color=&#8221;#ffffff&#8221; background_layout=&#8221;dark&#8221;]<\/p>\n<h5><strong><span style=\"color: #ffffff;\"><a href=\"tel:8008677177\">800-867-7177<\/a><\/span><\/strong><\/h5>\n<p>[\/et_pb_blurb][\/et_pb_column][et_pb_column type=&#8221;1_4&#8243; _builder_version=&#8221;4.0.9&#8243;][et_pb_text _builder_version=&#8221;4.0.9&#8243; header_font=&#8221;|||on|||||&#8221;]<\/p>\n<h3><strong><span style=\"color: #ffffff;\">EMPLACEMENTS<\/span><\/strong><\/h3>\n<p>[\/et_pb_text][et_pb_text _builder_version=&#8221;4.0.9&#8243; header_font=&#8221;|||on|||||&#8221;]<\/p>\n<p><span style=\"color: #ffffff;\"><a style=\"color: #ffffff;\" title=\"Produits Topps \u00c9tats-Unis\" href=\"https:\/\/toppsproducts.com\/fr\/\" target=\"_blank\" rel=\"noopener noreferrer\">Produits Topps - \u00c9tats-Unis<\/a><\/span><\/p>\n<p><span style=\"color: #ffffff;\"><a style=\"color: #ffffff;\" title=\"Produits Topps ASIE\" href=\"http:\/\/www.toppsproducts.co.th\/\" target=\"_blank\" rel=\"noopener noreferrer\">Produits Topps-Asie<\/a><\/span><\/p>\n<p><a title=\"Topps Produits Afrique\" href=\"https:\/\/www.toppsproductssa.co.za\/\" target=\"_blank\" rel=\"noopener noreferrer\"><span style=\"color: #ffffff;\">Produits Topps-Afrique<\/span><\/a><\/p>\n<p><span style=\"color: #ffffff;\"><a style=\"color: #ffffff;\" title=\"Topps Produits Europe\" href=\"https:\/\/www.toppseurope.com\/\" target=\"_blank\" rel=\"noopener noreferrer\">Produits Topps-Europe<\/a><\/span><\/p>\n<p><span style=\"color: #ffffff;\"><a style=\"color: #ffffff;\" title=\"Produits Topps Australie\" href=\"https:\/\/toppsproducts.com.au\/\" target=\"_blank\" rel=\"noopener noreferrer\">Topps Products-Australie<\/a><\/span><\/p>\n<p>&nbsp;<\/p>\n<p>[\/et_pb_text][\/et_pb_column][et_pb_column type=&#8221;1_4&#8243; _builder_version=&#8221;4.0.9&#8243;][et_pb_text _builder_version=&#8221;4.0.9&#8243; header_font=&#8221;|||on|||||&#8221;]<\/p>\n<h3><span style=\"color: #ffffff;\"><strong>DES PRODUITS<\/strong><\/span><\/h3>\n<p>[\/et_pb_text][et_pb_text _builder_version=&#8221;4.0.9&#8243; header_font=&#8221;|||on|||||&#8221;]<\/p>\n<p><span style=\"color: #ffffff;\"><a style=\"color: #ffffff;\" title=\"Produits de r\u00e9paration de toiture\" href=\"https:\/\/toppsproducts.com\/fr\/products\/roof-repair-sealant-compounds\/\" target=\"_blank\" rel=\"noopener noreferrer\">Produits de r\u00e9paration de toiture<\/a><br \/><\/span><\/p>\n<p><span style=\"color: #ffffff;\"><a style=\"color: #ffffff;\" title=\"Syst\u00e8mes d&#039;entretien de toiture\" href=\"https:\/\/toppsproducts.com\/fr\/products\/roof-maintenance-systems\/\" target=\"_blank\" rel=\"noopener noreferrer\">Syst\u00e8mes d&#039;entretien de toiture<\/a><br \/><\/span><\/p>\n<p><span style=\"color: #ffffff;\"><a style=\"color: #ffffff;\" title=\"Scellants et rev\u00eatements de toiture\" href=\"https:\/\/toppsproducts.com\/fr\/products\/roof-sealants-and-coatings\/\" target=\"_blank\" rel=\"noopener noreferrer\">Scellants et rev\u00eatements de toiture<\/a><br \/><\/span><\/p>\n<p><span style=\"color: #ffffff;\"><a style=\"color: #ffffff;\" title=\"Masonry Sealers and Specialty Products\" href=\"https:\/\/toppsproducts.com\/fr\/products\/masonry-sealers-and-specialty-products\/\" target=\"_blank\" rel=\"noopener noreferrer\">Masonry Sealers &amp; Specialty Products<\/a><\/span><\/p>\n<p><span style=\"color: #000000;\"><a style=\"color: #000000;\" href=\"https:\/\/toppsproducts.com\/fr\/products\/rvs-mobile-homes-trailers\/\" target=\"_blank\" rel=\"noopener noreferrer\"><span style=\"color: #ffffff;\">RVs Mobile Homes and Trailers<\/span><br \/><\/a><\/span><br \/><span style=\"color: #000000;\">\u00a0<\/span><\/p>\n<p>&nbsp;<\/p>\n<p>[\/et_pb_text][\/et_pb_column][et_pb_column type=&#8221;1_4&#8243; _builder_version=&#8221;4.0.9&#8243;][et_pb_text _builder_version=&#8221;4.0.9&#8243; header_font=&#8221;|||on|||||&#8221;]<\/p>\n<h3><strong><span style=\"color: #ffffff;\">CONNECTE-TOI AVEC NOUS<br \/><\/span><\/strong><\/h3>\n<p>[\/et_pb_text][et_pb_button button_url=&#8221;<a href=\"https:\/\/toppsproducts.com\/fr\/contact\/&\/#038;#8221\">https:\/\/toppsproducts.com\/contact\/&#038;#8221<\/a>; button_text=&#8221;CONTACT US&#8221; button_alignment=&#8221;left&#8221; _builder_version=&#8221;4.0.9&#8243; custom_button=&#8221;on&#8221; button_text_size=&#8221;16px&#8221; button_text_color=&#8221;#ffffff&#8221; button_bg_color=&#8221;#0da0c5&#8243; button_border_color=&#8221;#0da0c5&#8243; button_font=&#8221;|700|||||||&#8221; button_icon=&#8221;%%28%%&#8221; background_layout=&#8221;dark&#8221;][\/et_pb_button][et_pb_text _builder_version=&#8221;4.0.9&#8243; header_font=&#8221;|||on|||||&#8221;]<\/p>\n<h3><span style=\"color: #ffffff;\"><strong>R\u00c9SEAUX SOCIAUX<\/strong><br \/><\/span><\/h3>\n<p>&nbsp;<\/p>\n<p><a title=\"Produit Topps Facebook\" href=\"https:\/\/www.facebook.com\/toppsproducts\" target=\"_blank\" rel=\"noopener noreferrer\"><img data-recalc-dims=\"1\" decoding=\"async\" class=\"wp-image-1594 alignnone size-full\" src=\"https:\/\/i0.wp.com\/toppsproducts.com\/wp-content\/uploads\/2020\/08\/topps-products-facebook.png?resize=30%2C30&#038;ssl=1\" alt=\"\" width=\"30\" height=\"30\" \/><\/a> \u00a0 <a title=\"Topps Produit Instagram\" href=\"https:\/\/www.instagram.com\/toppsproducts\/\" target=\"_blank\" rel=\"noopener noreferrer\"><img data-recalc-dims=\"1\" decoding=\"async\" class=\"wp-image-1597 alignnone size-full\" src=\"https:\/\/i0.wp.com\/toppsproducts.com\/wp-content\/uploads\/2020\/08\/topps-products-instagram.png?resize=30%2C30&#038;ssl=1\" alt=\"\" width=\"30\" height=\"30\" \/><\/a> \u00a0 <a title=\"Topps Produits Gazouillement\" href=\"https:\/\/twitter.com\/toppsproducts\" target=\"_blank\" rel=\"noopener noreferrer\"><img data-recalc-dims=\"1\" decoding=\"async\" class=\"wp-image-1601 alignnone size-full\" src=\"https:\/\/i0.wp.com\/toppsproducts.com\/wp-content\/uploads\/2020\/08\/topps-products-twitter.png?resize=30%2C30&#038;ssl=1\" alt=\"\" width=\"30\" height=\"30\" \/><\/a> \u00a0 <a title=\"Produits Topp Cha\u00eene You Tube\" href=\"https:\/\/www.youtube.com\/user\/toppsproducts\" target=\"_blank\" rel=\"noopener noreferrer\"><img data-recalc-dims=\"1\" loading=\"lazy\" decoding=\"async\" class=\"wp-image-1605 alignnone size-full\" src=\"https:\/\/i0.wp.com\/toppsproducts.com\/wp-content\/uploads\/2020\/08\/topps-products-you-tube.png?resize=30%2C30&#038;ssl=1\" alt=\"\" width=\"30\" height=\"30\" \/><\/a> \u00a0\u00a0<img data-recalc-dims=\"1\" loading=\"lazy\" decoding=\"async\" class=\"wp-image-1609 alignnone size-full\" src=\"https:\/\/i0.wp.com\/toppsproducts.com\/wp-content\/uploads\/2020\/08\/topp-products-linked-in-1.png?resize=30%2C30&#038;ssl=1\" alt=\"\" width=\"30\" height=\"30\" \/><\/p>\n<p>[\/et_pb_text][\/et_pb_column][\/et_pb_row][\/et_pb_section][et_pb_section fb_built=&#8221;1&#8243; admin_label=&#8221;Footer&#8221; _builder_version=&#8221;4.0.9&#8243; background_color=&#8221;#424242&#8243; custom_padding=&#8221;7px||0px|||&#8221; global_module=&#8221;1734&#8243;][et_pb_row column_structure=&#8221;3_5,2_5&#8243; _builder_version=&#8221;4.0.9&#8243; custom_padding=&#8221;13px||18px|||&#8221;][et_pb_column type=&#8221;3_5&#8243; _builder_version=&#8221;4.0.9&#8243;][et_pb_text _builder_version=&#8221;4.0.9&#8243;]<\/p>\n<p>&nbsp;<\/p>\n<p class=\"footer-bottom__copyright\"><span style=\"color: #ffffff;\">\u00a9 2020 Topps Products, Inc. All Rights Reserved. | <a style=\"color: #ffffff;\" href=\"https:\/\/toppsproducts.com\/fr\/sitemap\/\">Sitemap<\/a> | Powered &amp; Designed By: <\/span><a href=\"http:\/\/www.digitalsouthmediagroup.com\"><span style=\"color: #ffffff;\">Digital South Media Group<\/span><\/a><\/p>\n<p>[\/et_pb_text][\/et_pb_column][et_pb_column type=&#8221;2_5&#8243; _builder_version=&#8221;4.0.9&#8243;][et_pb_image src=&#8221;<a href=\"https:\/\/toppsproducts.com\/wp-content\/uploads\/2020\/08\/cc-logos-white-300&#215;73.png&#038;#8221\">https:\/\/toppsproducts.com\/wp-content\/uploads\/2020\/08\/cc-logos-white-300&#215;73.png&#038;#8221<\/a>; _builder_version=&#8221;4.0.9&#8243;][\/et_pb_image][\/et_pb_column][\/et_pb_row][\/et_pb_section]<\/p>","protected":false},"excerpt":{"rendered":"<p>SEAMGUARD\u2122 WB-WATER-BASED SEAM SEALER Offering Industry-Leading, Water-Based Seam Sealing Reference # 4 &nbsp; &nbsp; DESCRIPTIONSeamGuard\u2122 WB expands the effectiveness of sealing seams and fasteners with water-based coating systems by adding 750% elongation and an enhanced adhesion package. The greater elongation and enhanced performance helps stop leaks and prevent future capillary action which can result in [&hellip;]<\/p>","protected":false},"author":0,"featured_media":0,"parent":52,"menu_order":4,"comment_status":"closed","ping_status":"closed","template":"","meta":{"_et_pb_use_builder":"on","_et_pb_old_content":"","_et_gb_content_width":"","_crdt_document":"","footnotes":""},"class_list":["post-1017","page","type-page","status-publish","hentry"],"aioseo_notices":[],"jetpack_sharing_enabled":true,"_links":{"self":[{"href":"https:\/\/toppsproducts.com\/fr\/wp-json\/wp\/v2\/pages\/1017","targetHints":{"allow":["GET"]}}],"collection":[{"href":"https:\/\/toppsproducts.com\/fr\/wp-json\/wp\/v2\/pages"}],"about":[{"href":"https:\/\/toppsproducts.com\/fr\/wp-json\/wp\/v2\/types\/page"}],"replies":[{"embeddable":true,"href":"https:\/\/toppsproducts.com\/fr\/wp-json\/wp\/v2\/comments?post=1017"}],"version-history":[{"count":19,"href":"https:\/\/toppsproducts.com\/fr\/wp-json\/wp\/v2\/pages\/1017\/revisions"}],"predecessor-version":[{"id":2054,"href":"https:\/\/toppsproducts.com\/fr\/wp-json\/wp\/v2\/pages\/1017\/revisions\/2054"}],"up":[{"embeddable":true,"href":"https:\/\/toppsproducts.com\/fr\/wp-json\/wp\/v2\/pages\/52"}],"wp:attachment":[{"href":"https:\/\/toppsproducts.com\/fr\/wp-json\/wp\/v2\/media?parent=1017"}],"curies":[{"name":"wp","href":"https:\/\/api.w.org\/{rel}","templated":true}]}}