{"id":68,"date":"2020-06-26T21:41:57","date_gmt":"2020-06-26T21:41:57","guid":{"rendered":"http:\/\/toppsproducts.com\/?page_id=68"},"modified":"2020-09-01T05:08:36","modified_gmt":"2020-09-01T05:08:36","slug":"common-faqs","status":"publish","type":"page","link":"https:\/\/toppsproducts.com\/es\/resources\/common-faqs\/","title":{"rendered":"Preguntas frecuentes comunes"},"content":{"rendered":"<p>[et_pb_section fb_built=\u201d1\u2033 fullwidth=\u201don\u201d _builder_version=\u201d4.0.9\u2033][et_pb_fullwidth_header title=\u201dPREGUNTAS FRECUENTES\u201d _builder_version=\u201d4.0.9\u2033 title_font=\u201d|700|||||||\u201d title_text_color=\u201d#ffffff\u201d background_enable_color=\u201doff\u201d background_image=\u201d<a href=\"https:\/\/toppsproducts.com\/wp-content\/uploads\/2020\/08\/header-background.jpg&#038;#8221\">https:\/\/toppsproducts.com\/wp-content\/uploads\/2020\/08\/header-background.jpg&#038;#8221<\/a>; title_text_shadow_style=\u201dpreset2\u2033 title_text_shadow_color=\u201d#000000\u2033][\/et_pb_fullwidth_header][\/et_pb_section][et_pb_section fb_built=\u201d1\u2033 _builder_version=\u201d4.0.9\u2033][et_pb_row column_structure=\u201d1_4,3_4\u2033 _builder_ versi\u00f3n=\u201d4.0.9\u2033 ][et_pb_column type=\u201d1_4\u2033 _builder_version=\u201d4.0.9\u2033][et_pb_menu menu_id=\u201d54\u2033 _builder_version=\u201d4.0.9\u2033 background_color=\u201d#d6d6d6\u2033][\/et_pb_menu][et_pb_text _builder_version=\u201d4.0.9\u2033]<\/p>\n<div class=\"columns\">\n<h5><strong>Lista parcial de clientes<\/strong><\/h5>\n<ul class=\"bullet-a\">\n<li><strong>cintas<\/strong> Varios lugares<\/li>\n<li><strong>Aerol\u00edneas delta<\/strong> Varios lugares<\/li>\n<li><strong>Comandante de pato<\/strong> Monroe, LA<\/li>\n<li><strong>Oficina Federal de Prisiones<\/strong> Pensilvania<\/li>\n<li><strong>FedEX<\/strong> Varios lugares<\/li>\n<li><strong>Frito Lay<\/strong> Texas<\/li>\n<li><strong>molinos generales<\/strong> Arkansas<\/li>\n<li><strong>Hewlett Packard<\/strong> Texas<\/li>\n<li><strong>Productos para exteriores Husqvarna<\/strong> Georgia<\/li>\n<li><strong>Estar protegido<\/strong> Espa\u00f1a<\/li>\n<li><strong>Raytheon<\/strong> Varios lugares<\/li>\n<li><strong>delicia soleada<\/strong> Georgia<\/li>\n<li><strong>Universidad de Guelph<\/strong> Ontario, Canad\u00e1<\/li>\n<li><strong>UPS<\/strong> Varios lugares<\/li>\n<\/ul>\n<\/div>\n<p>[\/et_pb_text][\/et_pb_column][et_pb_column type=\u201d3_4\u2033 _builder_version=\u201d4.0.9\u2033][et_pb_text _builder_version=\u201d4.0.9\u2033]<\/p>\n<h1><span style=\"color: #004d51;\"><strong>preguntas frecuentes<\/strong><\/span><\/h1>\n<p>[\/et_pb_text][et_pb_text _builder_version=\u201d4.0.9\u2033 text_font_size=\u201d16px\u201d hover_enabled=\u201d0\u2033]<\/p>\n<p><strong>P. \u00bfQu\u00e9 son los recubrimientos protectores elastom\u00e9ricos y por qu\u00e9 son importantes?<\/strong><\/p>\n<p><strong>A.<\/strong> Los revestimientos elastom\u00e9ricos son de naturaleza el\u00e1stica, lo que significa que son m\u00e1s propensos a moverse seg\u00fan sea necesario.<\/p>\n<p>&nbsp;<\/p>\n<p><strong>P. \u00bfAlgunos recubrimientos elastom\u00e9ricos son mejores que otros y por qu\u00e9?<\/strong><\/p>\n<p><strong>A.<\/strong> S\u00ed. Algunos tienen mayores caracter\u00edsticas f\u00edsicas que otros. Algunos conservan esas caracter\u00edsticas por m\u00e1s tiempo. Estos factores proporcionan un buen valor predictivo y comparativo de un producto en relaci\u00f3n con otro.<\/p>\n<p>&nbsp;<\/p>\n<p><strong>P. Observ\u00e9 espec\u00edficamente que los recubrimientos elastom\u00e9ricos para techos se venden en funci\u00f3n de m\u00e1s de una caracter\u00edstica. \u00bfPor qu\u00e9 es esto? <\/strong><\/p>\n<p><strong>A.<\/strong> ASTM y todas las dem\u00e1s pruebas nacionales e internacionales requieren varias caracter\u00edsticas f\u00edsicas m\u00ednimas, como resistencia a la tracci\u00f3n, absorci\u00f3n de humedad, tasas de transmisi\u00f3n de humedad... capacidad para enfriar un techo y m\u00e1s. Las pruebas incluso informan c\u00f3mo elementos como la temperatura afectar\u00e1n a los elementos m\u00e1s cr\u00edticos, como el alargamiento y la resistencia, o c\u00f3mo el envejecimiento afecta esto. Algunas empresas no revelar\u00e1n esto si no es a su favor. Por lo tanto, es aconsejable comparar todas las funciones y desconfiar si no est\u00e1n impresas en la documentaci\u00f3n de la empresa al considerar productos de la competencia.<\/p>\n<p>&nbsp;<\/p>\n<p><strong>P. \u00bfHay alguna caracter\u00edstica f\u00edsica que se considere m\u00e1s importante?<\/strong><\/p>\n<p><strong>A.<\/strong> No. Es por eso que ASTM, el condado de Miami\/Dade y todos los dem\u00e1s incluyen m\u00faltiples propiedades f\u00edsicas en sus est\u00e1ndares para productos de revestimiento de techos. Desafortunadamente, nadie puede predecir con precisi\u00f3n cu\u00e1l ser\u00e1 m\u00e1s necesario que otro para cualquier situaci\u00f3n. Los &quot;m\u00ednimos&quot; no siempre lo manejan, por lo que cualquier trabajo con ellos es un negocio arriesgado. Esto explica por qu\u00e9 nuestros recubrimientos, como Topps Seal\u00ae, superan con creces todos los est\u00e1ndares de desempe\u00f1o nacionales o internacionales para recubrimientos protectores elastom\u00e9ricos para techos. Esto no significa que har\u00e1n milagros. Sin embargo, se desempe\u00f1ar\u00e1n mejor en situaciones en las que otros con est\u00e1ndares m\u00e1s bajos fallar\u00e1n.<\/p>\n<p>&nbsp;<\/p>\n<p><strong>P. \u00bfQu\u00e9 pasa con las mediciones informadas despu\u00e9s de que un producto es nuevo, como en las pruebas de productos envejecidos? \u00bfQu\u00e9 implica esto y por qu\u00e9 es importante?<\/strong><\/p>\n<p><strong>A.<\/strong> Es importante que las propiedades b\u00e1sicas como el alargamiento y la resistencia a la tracci\u00f3n se eval\u00faen DESPU\u00c9S del envejecimiento. Esta prueba avanzada es necesaria para aprobar las normas m\u00e1s estrictas, como la norma ASTM modificada del condado de Miami\/Dade. Muchos productos no informan esto si los resultados son desfavorables. Esto es valioso porque esas caracter\u00edsticas son m\u00e1s cruciales con respecto a la protecci\u00f3n contra la intemperie y, a menudo, se encuentran entre las que fallan m\u00e1s r\u00e1pidamente. Los productos que disminuyen m\u00e1s r\u00e1pido no son simplemente m\u00e1s d\u00e9biles y menos capaces en comparaci\u00f3n con otros. Es muy probable que brinden a\u00fan menos protecci\u00f3n m\u00e1s adelante.<\/p>\n<p>&nbsp;<\/p>\n<p><strong>P. Los productos que contienen agua siempre parecen ser m\u00e1s d\u00e9biles en todas sus capacidades. \u00bfPor qu\u00e9 se usa un producto a base de agua cuando otro producto puede hacer mucho m\u00e1s?<\/strong><\/p>\n<p><strong>A.<\/strong> En la mayor\u00eda de los casos, esta es la preferencia del contratista para la limpieza usando solo agua jabonosa en lugar del solvente adecuado (nuestros productos a base de solventes solo involucran alcoholes minerales simples comunes que se encuentran en la mayor\u00eda de las ferreter\u00edas o tiendas de pintura). California solo requiere productos a base de agua, por lo que tambi\u00e9n ofrecemos aquellos para este mercado. En circunstancias especiales, como la aplicaci\u00f3n sobre un revestimiento de techo de fibra de aluminio, recomendaremos solo el uso de una base de agua. Todos nuestros productos se encuentran dentro de los l\u00edmites nacionales de VOC y, por lo tanto, son ampliamente utilizados.<\/p>\n<p>&nbsp;<\/p>\n<p><strong>P. \u00bfQu\u00e9 pasa con los productos a base de silicona? Son costosos, pero \u00bfson valiosos?<\/strong><\/p>\n<p><strong>A.<\/strong> La naturaleza de las siliconas las hace deseables para algunos techos planos que acumulan agua durante per\u00edodos prolongados. Sin embargo, su elongaci\u00f3n y resistencia a la tracci\u00f3n limitadas los ponen a la par con los revestimientos que cuestan significativamente menos para otros techos y peores frente a otros que brindan soluciones m\u00e1s fuertes con necesidades m\u00e1s t\u00edpicas. La reflectividad junto con otros factores utilizados para medir la capacidad de enfriamiento de los recubrimientos de silicona, seg\u00fan lo informado por Energy Star\u00ae, CRRC\u00ae, disminuye r\u00e1pida y significativamente. En consecuencia, pierden favor. Tenga en cuenta que los revestimientos de silicona no evitan que una costura u otro componente se suelte y permita da\u00f1os. Una vez que el agua se mete debajo de la membrana de un techo plano con techo enrollado, la descomposici\u00f3n se acelera al igual que la necesidad de un reemplazo total del techo.<\/p>\n<p>Para m\u00e1s informaci\u00f3n lee nuestra publicaci\u00f3n <a href=\"https:\/\/toppsproducts.com\/es\/topp-products-blog\/comparing-topps-seal-to-100-silicone-coatings\/\"><strong>Comparaci\u00f3n de Topps Seal\u00ae con los revestimientos de silicona 100%.<\/strong><\/a><\/p>\n<p>&nbsp;<\/p>\n<p><strong>P. Entonces, adem\u00e1s de las caracter\u00edsticas adicionales, \u00bfhay alguna caracter\u00edstica principal que distinga a los productos Topps\u00ae?<\/strong><\/p>\n<p><strong>A.<\/strong> S\u00ed. Con cada uno de nuestros productos, utilizamos una qu\u00edmica que se modifica muy lentamente durante la intemperie, incluida la exposici\u00f3n a los rayos UV. Debido a que nuestros productos se utilizan en climas tan variados, desde los desiertos del Medio Oriente, la aplicaci\u00f3n en la Ant\u00e1rtida, los tr\u00f3picos de Asia y \u00c1frica... hasta todos los climas imaginables intermedios... sabemos que debemos ser capaces de soportar condiciones m\u00e1s exigentes y proporcionar una soluci\u00f3n realista y rentable. opci\u00f3n dondequiera que se utilice el producto. En consecuencia, incluso la base acr\u00edlica de nuestro TS Commercial WB se selecciona entre los miles disponibles, espec\u00edficamente para la intemperie de techos, incluso cuando hay disponibles resinas acr\u00edlicas m\u00e1s baratas.<\/p>\n<p>&nbsp;<\/p>\n<p><strong>P. Veo d\u00f3nde los productos designados como ahorradores de energ\u00eda\/techados fr\u00edos pueden producir ahorros de energ\u00eda. \u00bfEs esto algo que deber\u00eda considerar? Son algunos mejores que otros?<\/strong><\/p>\n<p><strong>A.<\/strong> Considere esto solo si comprar un producto para reducir las temperaturas del techo y la transferencia de esa energ\u00eda t\u00e9rmica al edificio son valiosos para usted. Todos los productos que est\u00e1n listados en Energy Star\u00ae o CRRC mostrar\u00e1n su cambio de valor informado despu\u00e9s de 3 a\u00f1os, lo que indica c\u00f3mo se desempe\u00f1an con el tiempo. Como se espera que todos los productos cambien con el tiempo, se han establecido est\u00e1ndares de rendimiento reducidos. Cabe se\u00f1alar que nuestro buque insignia, Topps Seal\u00ae, incluso despu\u00e9s del envejecimiento de los techos, contin\u00faa excediendo los requisitos m\u00ednimos de laboratorio esperados solo para revestimientos de techos antes de la exposici\u00f3n. Este nivel de rendimiento es 50% superior al que se requiere que alcancen los productos de la competencia despu\u00e9s del envejecimiento.<\/p>\n<p>&nbsp;<\/p>\n<p><strong>P. Veo d\u00f3nde Topps ofrece selladores de uniones\/sujetadores l\u00edquidos instalados y compuestos para tapajuntas, adem\u00e1s de una malla de refuerzo. Otros ofrecen solo cintas para aplicar a mano en las costuras, etc. \u00bfPor qu\u00e9?<\/strong><\/p>\n<p><strong>A.<\/strong> Las juntas proporcionan potencial para fugas. Nuestra qu\u00edmica nos permite proporcionar selladores en forma l\u00edquida para una aplicaci\u00f3n m\u00e1s eficiente de esos sellos. Esto permite un nivel adicional de sellado que a menudo se ignora por razones de costo (ofertas) cuando requiere trabajadores de manos y rodillas para instalar un sello. Proporcionamos una malla para uso opcional donde se necesite un mayor refuerzo.<\/p>\n<p>&nbsp;<\/p>\n<p><strong>P. Los recubrimientos de Topps en gran medida son incluso m\u00e1s el\u00e1sticos y resistentes que los compuestos de reparaci\u00f3n vendidos por otros. \u00bfHay alguna raz\u00f3n para esto?<\/strong><\/p>\n<p><strong>A.<\/strong> S\u00ed. Esto vuelve a nuestra qu\u00edmica b\u00e1sica. Est\u00e1 anclado en materiales sint\u00e9ticos que no son f\u00e1cilmente atacados por los elementos de la naturaleza. Para lograr esto, comenzamos con el desarrollo de nuestros compuestos de reparaci\u00f3n y construimos. El cemento para tapajuntas Polyprene\u00ae se dise\u00f1\u00f3 hace unos 40 a\u00f1os. A partir de ah\u00ed construimos nuestros revestimientos. Esto es contrario, ya que la mayor\u00eda primero presentar\u00e1 un recubrimiento para vender, luego agregar\u00e1 selladores y compuestos de reparaci\u00f3n para que el recubrimiento funcione mejor. En consecuencia, se puede decir que nuestros recubrimientos insignia se desarrollan a partir de nuestros compuestos de reparaci\u00f3n. Esto los hace destacados e insuperables.<\/p>\n<p>&nbsp;<\/p>\n<p><strong>P. \u00bfLos productos Topps est\u00e1n disponibles a trav\u00e9s de puntos de distribuci\u00f3n?<\/strong><\/p>\n<p><strong>A.<\/strong> Est\u00e1n disponibles en ciertos puntos de venta estrat\u00e9gicamente ubicados. Le recomendamos que se ponga en contacto con Topps para localizar uno. Podemos trabajar a trav\u00e9s de su distribuidor preferido, pero tambi\u00e9n podemos realizar env\u00edos directos regulares a sitios que no cuentan con el servicio de distribuci\u00f3n.<\/p>\n<p>[\/et_pb_text][\/et_pb_column][\/et_pb_row][\/et_pb_section][et_pb_section fb_built=\u201d1\u2033 admin_label=\u201dBottom Colums\u201d _builder_version=\u201d4.0.9\u2033 background_color=\u201d#004d51\u2033 custom_padding=\u201d16px||0px|| |\u201d global_module=\u201d1733\u2033][et_pb_row column_structure=\u201d1_4,1_4,1_4,1_4\u2033 _builder_version=\u201d4.0.9\u2033 custom_padding=\u201d||5px|||\u201d][et_pb_column type=\u201d1_4\u2033 _builder_version=\u201d4.0.9 \u2033][et_pb_text _builder_version=\u201d4.0.9\u2033 header_font=\u201d|||on|||||\u201d]<\/p>\n<h3><span style=\"color: #ffffff;\"><strong>CONT\u00c1CTENOS<\/strong><br \/><\/span><\/h3>\n<p>[\/et_pb_text][et_pb_blurb imagen=\u201d<a href=\"https:\/\/toppsproducts.com\/wp-content\/uploads\/2020\/08\/2020-08-01_11-27-39.jpg&#038;#8221\">https:\/\/toppsproducts.com\/wp-content\/uploads\/2020\/08\/2020-08-01_11-27-39.jpg&#038;#8221<\/a>; icon_placement=\u201dizquierda\u201d admin_label=\u201ddirecci\u00f3n\u201d _builder_version=\u201d4.0.9\u2033 body_text_align=\u201dizquierda\u201d body_text_color=\u201d#ffffff\u201d background_layout=\u201doscuro\u201d]<\/p>\n<p><strong><span style=\"color: #ffffff;\">apartado de correos 1632<br \/>Cant\u00f3n, MS. 39046<\/span><\/strong><\/p>\n<p>[\/et_pb_blurb][et_pb_blurb imagen=\u201d<a href=\"https:\/\/toppsproducts.com\/wp-content\/uploads\/2020\/08\/2020-08-01_11-28-29.jpg&#038;#8221\">https:\/\/toppsproducts.com\/wp-content\/uploads\/2020\/08\/2020-08-01_11-28-29.jpg&#038;#8221<\/a>; icon_placement=\u201dizquierda\u201d admin_label=\u201dcorreo electr\u00f3nico de soporte\u201d _builder_version=\u201d4.0.9\u2033 body_text_align=\u201dizquierda\u201d body_text_color=\u201d#ffffff\u201d background_layout=\u201doscuro\u201d]<\/p>\n<p><a href=\"mailto:support@toppsproducts.com\"><strong><span style=\"color: #ffffff;\">support@toppsproducts.com<\/span><\/strong><\/a><\/p>\n<p>[\/et_pb_blurb][et_pb_blurb imagen=\u201d<a href=\"https:\/\/toppsproducts.com\/wp-content\/uploads\/2020\/08\/2020-08-01_11-28-50.jpg&#038;#8221\">https:\/\/toppsproducts.com\/wp-content\/uploads\/2020\/08\/2020-08-01_11-28-50.jpg&#038;#8221<\/a>; icon_placement=\u201dizquierda\u201d admin_label=\u201dtel\u00e9fono\u201d _builder_version=\u201d4.0.9\u2033 body_text_align=\u201dizquierda\u201d body_text_color=\u201d#ffffff\u201d background_layout=\u201doscuro\u201d]<\/p>\n<h5><strong><span style=\"color: #ffffff;\"><a href=\"tel:8008677177\">800-867-7177<\/a><\/span><\/strong><\/h5>\n<p>[\/et_pb_blurb][\/et_pb_column][et_pb_column type=\u201d1_4\u2033 _builder_version=\u201d4.0.9\u2033][et_pb_text _builder_version=\u201d4.0.9\u2033 header_font=\u201d|||on|||||\u201d]<\/p>\n<h3><strong><span style=\"color: #ffffff;\">UBICACIONES<\/span><\/strong><\/h3>\n<p>[\/et_pb_text][et_pb_text _builder_version=\u201d4.0.9\u2033 header_font=\u201d|||en|||||\u201d]<\/p>\n<p><span style=\"color: #ffffff;\"><a style=\"color: #ffffff;\" title=\"Productos Topps EE. UU.\" href=\"https:\/\/toppsproducts.com\/es\/\" target=\"_blank\" rel=\"noopener noreferrer\">Productos Topps-EE. UU.<\/a><\/span><\/p>\n<p><span style=\"color: #ffffff;\"><a style=\"color: #ffffff;\" title=\"Topps Productos ASIA\" href=\"http:\/\/www.toppsproducts.co.th\/\" target=\"_blank\" rel=\"noopener noreferrer\">Topps Productos-Asia<\/a><\/span><\/p>\n<p><a title=\"Topps Productos \u00c1frica\" href=\"https:\/\/www.toppsproductssa.co.za\/\" target=\"_blank\" rel=\"noopener noreferrer\"><span style=\"color: #ffffff;\">Topps Products-\u00c1frica<\/span><\/a><\/p>\n<p><span style=\"color: #ffffff;\"><a style=\"color: #ffffff;\" title=\"Topps Productos Europa\" href=\"https:\/\/www.toppseurope.com\/\" target=\"_blank\" rel=\"noopener noreferrer\">Topps Products-Europa<\/a><\/span><\/p>\n<p><span style=\"color: #ffffff;\"><a style=\"color: #ffffff;\" title=\"Productos Topps Australia\" href=\"https:\/\/toppsproducts.com.au\/\" target=\"_blank\" rel=\"noopener noreferrer\">Topps Products-Australia<\/a><\/span><\/p>\n<p>&nbsp;<\/p>\n<p>[\/et_pb_text][\/et_pb_column][et_pb_column type=\u201d1_4\u2033 _builder_version=\u201d4.0.9\u2033][et_pb_text _builder_version=\u201d4.0.9\u2033 header_font=\u201d|||on|||||\u201d]<\/p>\n<h3><span style=\"color: #ffffff;\"><strong>PRODUCTOS<\/strong><\/span><\/h3>\n<p>[\/et_pb_text][et_pb_text _builder_version=\u201d4.0.9\u2033 header_font=\u201d|||en|||||\u201d]<\/p>\n<p><span style=\"color: #ffffff;\"><a style=\"color: #ffffff;\" title=\"Productos de reparaci\u00f3n de techos\" href=\"https:\/\/toppsproducts.com\/es\/products\/roof-repair-sealant-compounds\/\" target=\"_blank\" rel=\"noopener noreferrer\">Productos de reparaci\u00f3n de techos<\/a><br \/><\/span><\/p>\n<p><span style=\"color: #ffffff;\"><a style=\"color: #ffffff;\" title=\"Sistemas de mantenimiento de techos\" href=\"https:\/\/toppsproducts.com\/es\/products\/roof-maintenance-systems\/\" target=\"_blank\" rel=\"noopener noreferrer\">Sistemas de mantenimiento de techos<\/a><br \/><\/span><\/p>\n<p><span style=\"color: #ffffff;\"><a style=\"color: #ffffff;\" title=\"Selladores y revestimientos para techos\" href=\"https:\/\/toppsproducts.com\/es\/products\/roof-sealants-and-coatings\/\" target=\"_blank\" rel=\"noopener noreferrer\">Selladores y revestimientos para techos<\/a><br \/><\/span><\/p>\n<p><span style=\"color: #ffffff;\"><a style=\"color: #ffffff;\" title=\"Selladores de mamposter\u00eda y productos especiales\" href=\"https:\/\/toppsproducts.com\/es\/products\/masonry-sealers-and-specialty-products\/\" target=\"_blank\" rel=\"noopener noreferrer\">Selladores de mamposter\u00eda y productos especiales<\/a><\/span><\/p>\n<p><span style=\"color: #000000;\"><a style=\"color: #000000;\" href=\"https:\/\/toppsproducts.com\/es\/products\/rvs-mobile-homes-trailers\/\" target=\"_blank\" rel=\"noopener noreferrer\"><span style=\"color: #ffffff;\">RV Casas m\u00f3viles y remolques<\/span><br \/><\/a><\/span><br \/><span style=\"color: #000000;\">\u00a0<\/span><\/p>\n<p>&nbsp;<\/p>\n<p>[\/et_pb_text][\/et_pb_column][et_pb_column type=\u201d1_4\u2033 _builder_version=\u201d4.0.9\u2033][et_pb_text _builder_version=\u201d4.0.9\u2033 header_font=\u201d|||on|||||\u201d]<\/p>\n<h3><strong><span style=\"color: #ffffff;\">CON\u00c9CTATE CON NOSOTROS<br \/><\/span><\/strong><\/h3>\n<p>[\/et_pb_text][et_pb_button button_url=\u201d<a href=\"https:\/\/toppsproducts.com\/es\/contact\/&\/#038;#8221\">https:\/\/toppsproducts.com\/contact\/&#038;#8221<\/a>; button_text=&#8221;CONTACT US&#8221; button_alignment=&#8221;left&#8221; _builder_version=&#8221;4.0.9&#8243; custom_button=&#8221;on&#8221; button_text_size=&#8221;16px&#8221; button_text_color=&#8221;#ffffff&#8221; button_bg_color=&#8221;#0da0c5&#8243; button_border_color=&#8221;#0da0c5&#8243; button_font=&#8221;|700|||||||&#8221; button_icon=&#8221;%%28%%&#8221; background_layout=&#8221;dark&#8221;][\/et_pb_button][et_pb_text _builder_version=&#8221;4.0.9&#8243; header_font=&#8221;|||on|||||&#8221;]<\/p>\n<h3><span style=\"color: #ffffff;\"><strong>MEDIOS DE COMUNICACI\u00d3N SOCIAL<\/strong><br \/><\/span><\/h3>\n<p>&nbsp;<\/p>\n<p><a title=\"Topps Producto Facebook\" href=\"https:\/\/www.facebook.com\/toppsproducts\" target=\"_blank\" rel=\"noopener noreferrer\"><img data-recalc-dims=\"1\" decoding=\"async\" class=\"wp-image-1594 alignnone size-full\" src=\"https:\/\/i0.wp.com\/toppsproducts.com\/wp-content\/uploads\/2020\/08\/topps-products-facebook.png?resize=30%2C30&#038;ssl=1\" alt=\"\" width=\"30\" height=\"30\" \/><\/a> \u00a0 <a title=\"Topps Producto Instagram\" href=\"https:\/\/www.instagram.com\/toppsproducts\/\" target=\"_blank\" rel=\"noopener noreferrer\"><img data-recalc-dims=\"1\" decoding=\"async\" class=\"wp-image-1597 alignnone size-full\" src=\"https:\/\/i0.wp.com\/toppsproducts.com\/wp-content\/uploads\/2020\/08\/topps-products-instagram.png?resize=30%2C30&#038;ssl=1\" alt=\"\" width=\"30\" height=\"30\" \/><\/a> \u00a0 <a title=\"Topps Productos Gorjeo\" href=\"https:\/\/twitter.com\/toppsproducts\" target=\"_blank\" rel=\"noopener noreferrer\"><img data-recalc-dims=\"1\" decoding=\"async\" class=\"wp-image-1601 alignnone size-full\" src=\"https:\/\/i0.wp.com\/toppsproducts.com\/wp-content\/uploads\/2020\/08\/topps-products-twitter.png?resize=30%2C30&#038;ssl=1\" alt=\"\" width=\"30\" height=\"30\" \/><\/a> \u00a0 <a title=\"Canal de You Tube de Topp Products\" href=\"https:\/\/www.youtube.com\/user\/toppsproducts\" target=\"_blank\" rel=\"noopener noreferrer\"><img data-recalc-dims=\"1\" loading=\"lazy\" decoding=\"async\" class=\"wp-image-1605 alignnone size-full\" src=\"https:\/\/i0.wp.com\/toppsproducts.com\/wp-content\/uploads\/2020\/08\/topps-products-you-tube.png?resize=30%2C30&#038;ssl=1\" alt=\"\" width=\"30\" height=\"30\" \/><\/a> \u00a0\u00a0<img data-recalc-dims=\"1\" loading=\"lazy\" decoding=\"async\" class=\"wp-image-1609 alignnone size-full\" src=\"https:\/\/i0.wp.com\/toppsproducts.com\/wp-content\/uploads\/2020\/08\/topp-products-linked-in-1.png?resize=30%2C30&#038;ssl=1\" alt=\"\" width=\"30\" height=\"30\" \/><\/p>\n<p>[\/et_pb_text][\/et_pb_column][\/et_pb_row][\/et_pb_section][et_pb_section fb_built=\u201d1\u2033 admin_label=\u201dPie de p\u00e1gina\u201d _builder_version=\u201d4.0.9\u2033 background_color=\u201d#424242\u2033 custom_padding=\u201d7px||0px||| \u201d global_module=\u201d1734\u2033][et_pb_row column_structure=\u201d3_5,2_5\u2033 _builder_version=\u201d4.0.9\u2033 custom_padding=\u201d13px||18px|||\u201d][et_pb_column type=\u201d3_5\u2033 _builder_version=\u201d4.0.9\u2033][ et_pb_text _builder_version=\u201d4.0.9\u2033]<\/p>\n<p>&nbsp;<\/p>\n<p class=\"footer-bottom__copyright\"><span style=\"color: #ffffff;\">\u00a9 2020 Topps Products, Inc. Todos los derechos reservados. | <a style=\"color: #ffffff;\" href=\"https:\/\/toppsproducts.com\/es\/sitemap\/\">mapa del sitio<\/a> | Impulsado y dise\u00f1ado por: <\/span><a href=\"http:\/\/www.digitalsouthmediagroup.com\"><span style=\"color: #ffffff;\">Grupo de medios del sur digital<\/span><\/a><\/p>\n<p>[\/et_pb_text][\/et_pb_column][et_pb_column type=\u201d2_5\u2033 _builder_version=\u201d4.0.9\u2033][et_pb_image src=\u201d<a href=\"https:\/\/toppsproducts.com\/wp-content\/uploads\/2020\/08\/cc-logos-white-300&#215;73.png&#038;#8221\">https:\/\/toppsproducts.com\/wp-content\/uploads\/2020\/08\/cc-logos-white-300&#215;73.png&#038;#8221<\/a>; _builder_version=\u201d4.0.9\u2033][\/et_pb_image][\/et_pb_column][\/et_pb_row][\/et_pb_section]<\/p>","protected":false},"excerpt":{"rendered":"<p>Lista parcial de clientes Cintas Varias ubicaciones Delta Airlines Varias ubicaciones Duck Commander Monroe, LA Oficina Federal de Prisiones Pensilvania FedEX Varias ubicaciones Frito Lay Texas General Mills Arkansas Hewlett Packard Texas Husqvarna Outdoor Products Georgia Nestle Espa\u00f1a Raytheon Varias ubicaciones Sunny Delight GA Universidad de Guelph Ontario, Canad\u00e1 Preguntas frecuentes sobre varias ubicaciones de UPSQ. \u00bfQu\u00e9 son elastom\u00e9ricos [\u2026]<\/p>","protected":false},"author":0,"featured_media":0,"parent":28,"menu_order":0,"comment_status":"closed","ping_status":"closed","template":"","meta":{"_et_pb_use_builder":"on","_et_pb_old_content":"","_et_gb_content_width":"","_crdt_document":"","footnotes":""},"class_list":["post-68","page","type-page","status-publish","hentry"],"aioseo_notices":[],"jetpack_sharing_enabled":true,"_links":{"self":[{"href":"https:\/\/toppsproducts.com\/es\/wp-json\/wp\/v2\/pages\/68","targetHints":{"allow":["GET"]}}],"collection":[{"href":"https:\/\/toppsproducts.com\/es\/wp-json\/wp\/v2\/pages"}],"about":[{"href":"https:\/\/toppsproducts.com\/es\/wp-json\/wp\/v2\/types\/page"}],"replies":[{"embeddable":true,"href":"https:\/\/toppsproducts.com\/es\/wp-json\/wp\/v2\/comments?post=68"}],"version-history":[{"count":13,"href":"https:\/\/toppsproducts.com\/es\/wp-json\/wp\/v2\/pages\/68\/revisions"}],"predecessor-version":[{"id":6164,"href":"https:\/\/toppsproducts.com\/es\/wp-json\/wp\/v2\/pages\/68\/revisions\/6164"}],"up":[{"embeddable":true,"href":"https:\/\/toppsproducts.com\/es\/wp-json\/wp\/v2\/pages\/28"}],"wp:attachment":[{"href":"https:\/\/toppsproducts.com\/es\/wp-json\/wp\/v2\/media?parent=68"}],"curies":[{"name":"wp","href":"https:\/\/api.w.org\/{rel}","templated":true}]}}