{"id":2293,"date":"2020-09-02T03:28:56","date_gmt":"2020-09-02T03:28:56","guid":{"rendered":"http:\/\/toppsproducts.com\/?page_id=2293"},"modified":"2020-09-02T03:32:42","modified_gmt":"2020-09-02T03:32:42","slug":"topps-seal-pf","status":"publish","type":"page","link":"https:\/\/toppsproducts.com\/es\/products\/roof-sealants-and-coatings\/topps-seal-pf\/","title":{"rendered":"Topps Seal\u00ae PF"},"content":{"rendered":"<p>[et_pb_section fb_built=&#8221;1&#8243; fullwidth=&#8221;on&#8221; _builder_version=&#8221;4.6.0&#8243; _module_preset=&#8221;default&#8221;][et_pb_fullwidth_header title=&#8221;TOPPS SEAL\u00ae PF&#8221; _builder_version=&#8221;4.6.0&#8243; _module_preset=&#8221;default&#8221; title_font=&#8221;|700|||||||&#8221; title_text_color=&#8221;#ffffff&#8221; background_enable_color=&#8221;off&#8221; background_image=&#8221;<a href=\"https:\/\/toppsproducts.com\/wp-content\/uploads\/2020\/08\/header-background.jpg&#038;#8221\">https:\/\/toppsproducts.com\/wp-content\/uploads\/2020\/08\/header-background.jpg&#038;#8221<\/a>; title_text_shadow_style=&#8221;preset2&#8243; title_text_shadow_color=&#8221;#000000&#8243;][\/et_pb_fullwidth_header][\/et_pb_section][et_pb_section fb_built=&#8221;1&#8243; _builder_version=&#8221;4.0.9&#8243;][et_pb_row column_structure=&#8221;1_2,1_2&#8243; _builder_version=&#8221;4.0.9&#8243;][et_pb_column type=&#8221;1_2&#8243; _builder_version=&#8221;4.0.9&#8243;][et_pb_text _builder_version=&#8221;4.6.0&#8243; custom_margin=&#8221;||-60px|||&#8221; custom_padding=&#8221;||0px|||&#8221;]<\/p>\n<div class=\"row column\" data-finder-type=\"Web App\" data-finder-name=\"Page Control\" data-finder-id=\"4690453\">\n<h2 class=\"inner-header__title\"><span style=\"color: #004d51;\"><strong><span class=\"inner-header__headline\">TOPPS SEAL\u00ae PF<br \/><\/span><\/strong><\/span><\/h2>\n<\/div>\n<div class=\"product-info__title\">\n<p class=\"subheader\"><strong>Para sellar techos con agua estancada<\/strong><\/p>\n<\/div>\n<p><strong><span class=\"product-info__reference\">Referencia # 19<\/span><\/strong><\/p>\n<p>&nbsp;<\/p>\n<p>&nbsp;<\/p>\n<div class=\"product-info__title\">\n<h2 class=\"subheader\"><span style=\"color: #004d51;\"><strong>\u00a0<\/strong><\/span><\/h2>\n<p>&nbsp;<\/p>\n<\/div>\n<p>[\/et_pb_text][et_pb_image src=&#8221;<a href=\"https:\/\/toppsproducts.com\/wp-content\/uploads\/2020\/09\/Topps-Seal-Ponding-Formula-600.jpg&#038;#8221\">https:\/\/toppsproducts.com\/wp-content\/uploads\/2020\/09\/Topps-Seal-Ponding-Formula-600.jpg&#038;#8221<\/a>; title_text=&#8221;Topps-Seal-Ponding-Formula 600&#8243; _builder_version=&#8221;4.6.0&#8243;][\/et_pb_image][\/et_pb_column][et_pb_column type=&#8221;1_2&#8243; _builder_version=&#8221;4.0.9&#8243;][et_pb_text _builder_version=&#8221;4.6.0&#8243;]<\/p>\n<div class=\"product-info__price\">\u00a0<\/div>\n<h2 class=\"headings\"><span style=\"color: #004d51;\"><strong>DESCRIPCI\u00d3N<\/strong><\/span><\/h2>\n<p>[\/et_pb_text][et_pb_divider _builder_version=&#8221;4.0.9&#8243;][\/et_pb_divider][et_pb_text _builder_version=&#8221;4.6.0&#8243;]<\/p>\n<p><span style=\"color: #000000;\">Topps Seal\u00ae PF (Ponding Formula) brinda toda la protecci\u00f3n impermeable de Topps Seal\u00ae, pero con una qu\u00edmica que agrega resistencia al agua estancada. Topps Seal PF es para todas las capas en cualquier techo que acumule agua en cualquier \u00e1rea aislada hasta siete d\u00edas despu\u00e9s de la lluvia. Este compuesto elastom\u00e9rico de goma para techos 100%, efectivo y extremadamente duradero, combina amplias capacidades de elongaci\u00f3n y resistencia a la tracci\u00f3n extrema, lo que le permite cumplir con todas las demandas de cambios clim\u00e1ticos y t\u00e9rmicos que causan fallas prematuras en productos m\u00e1s d\u00e9biles. Este revestimiento, en blanco, cumple o supera todas las especificaciones federales de ENERGY STAR\u00ae en cuanto a su capacidad comprobada para reducir los costos de enfriamiento en momentos de calor extremo. Tolera todos los climas y temperaturas de -40\u00b0 a 140\u00b0F.<\/span><\/p>\n<ul>\n<li><span style=\"color: #000000;\">Flexibilidad permanente<\/span><\/li>\n<li><span style=\"color: #000000;\">Excelente resistencia a la intemperie, la contaminaci\u00f3n y el moho.<\/span><\/li>\n<li><span style=\"color: #000000;\">Repele toda el agua: no absorber\u00e1 ni transmitir\u00e1 la humedad.<\/span><\/li>\n<li><span style=\"color: #000000;\">Se usa para todas las capas en techos que acumulan agua en cualquier \u00e1rea aislada por hasta 7 d\u00edas que permanecen h\u00famedos despu\u00e9s de la lluvia<\/span><\/li>\n<li><span style=\"color: #000000;\">Ahorro de energ\u00eda: cumple o supera los est\u00e1ndares de ENERGY STAR\u00ae<\/span><\/li>\n<\/ul>\n<p>[\/et_pb_text][et_pb_button button_url=\u201d<a href=\"https:\/\/toppsproducts.com\/es\/products\/roof-sealants-and-coatings\/topps-seal-pf\/topps-seal-pf-get-a-quote\/&\/#038;#8221\">https:\/\/toppsproducts.com\/products\/roof-sealants-and-coatings\/topps-seal-pf\/topps-seal-pf-get-a-quote\/&#038;#8221<\/a>; button_text=&#8221;GET A QUOTE&#8221; _builder_version=&#8221;4.6.0&#8243; custom_button=&#8221;on&#8221; button_text_color=&#8221;#ffffff&#8221; button_bg_color=&#8221;#0da0c5&#8243; button_border_color=&#8221;#0da0c5&#8243; button_font=&#8221;|700|||||||&#8221;][\/et_pb_button][\/et_pb_column][\/et_pb_row][\/et_pb_section][et_pb_section fb_built=&#8221;1&#8243; _builder_version=&#8221;4.0.9&#8243; background_color=&#8221;#d6d6d6&#8243;][et_pb_row column_structure=&#8221;1_2,1_2&#8243; _builder_version=&#8221;4.0.9&#8243; background_color=&#8221;#ffffff&#8221; custom_padding=&#8221;|75px||75px||&#8221;][et_pb_column type=&#8221;1_2&#8243; _builder_version=&#8221;4.0.9&#8243;][et_pb_text _builder_version=&#8221;4.6.0&#8243; text_text_color=&#8221;#ffffff&#8221; header_text_color=&#8221;#ffffff&#8221; background_color=&#8221;#004d51&#8243; custom_padding=&#8221;32px|50px|50px|50px||&#8221;]<\/p>\n<h2 class=\"headings\"><span style=\"color: #ffffff;\"><strong>Especificaciones<\/strong><\/span><\/h2>\n<p><span style=\"color: #ffffff;\"><strong>Material h\u00famedo: caracter\u00edsticas t\u00edpicas del producto<\/strong><\/span><\/p>\n<table class=\"product-table\">\n<tbody>\n<tr>\n<td width=\"312\">\n<p><span style=\"color: #ffffff;\">Viscosidad<\/span><\/p>\n<\/td>\n<td width=\"312\">\n<p><span style=\"color: #ffffff;\">118 \u2013 125 KU<\/span><\/p>\n<\/td>\n<\/tr>\n<tr>\n<td width=\"312\">\n<p><span style=\"color: #ffffff;\">Peso por gal\u00f3n<\/span><\/p>\n<\/td>\n<td width=\"312\">\n<p><span style=\"color: #ffffff;\">8.6 \u2013 9.0 libras<\/span><\/p>\n<\/td>\n<\/tr>\n<tr>\n<td width=\"312\">\n<p><span style=\"color: #ffffff;\">S\u00f3lidos totales<\/span><\/p>\n<\/td>\n<td width=\"312\">\n<p><span style=\"color: #ffffff;\">49 &#8211; 52%<\/span><\/p>\n<\/td>\n<\/tr>\n<tr>\n<td width=\"312\">\n<p><span style=\"color: #ffffff;\">Punto de inflamaci\u00f3n del solvente<\/span><\/p>\n<\/td>\n<td width=\"312\">\n<p><span style=\"color: #ffffff;\">104\u00b0F<\/span><\/p>\n<\/td>\n<\/tr>\n<tr>\n<td width=\"312\">\n<p><span style=\"color: #ffffff;\">COV<\/span><\/p>\n<\/td>\n<td width=\"312\">\n<p><span style=\"color: #ffffff;\">&lt;500&gt;<\/span><\/p>\n<\/td>\n<\/tr>\n<tr>\n<td width=\"312\">\n<p><span style=\"color: #ffffff;\">Secado al tacto @ 77\u00b0 F (50% humedad relativa)<\/span><\/p>\n<\/td>\n<td width=\"312\">\n<p><span style=\"color: #ffffff;\">4 horas<\/span><\/p>\n<\/td>\n<\/tr>\n<\/tbody>\n<\/table>\n<p>&nbsp;<\/p>\n<p><span style=\"color: #ffffff;\"><strong>Revestimiento curado: propiedades de rendimiento t\u00edpicas<\/strong><\/span><\/p>\n<table class=\"product-table\">\n<tbody>\n<tr>\n<td width=\"312\">\n<p><span style=\"color: #ffffff;\">Elongaci\u00f3n m\u00e1xima<\/span><\/p>\n<\/td>\n<td width=\"312\">\n<p><span style=\"color: #ffffff;\">900% m\u00edn.<\/span><\/p>\n<\/td>\n<\/tr>\n<tr>\n<td width=\"312\">\n<p><span style=\"color: #ffffff;\">Resistencia a la tracci\u00f3n<\/span><\/p>\n<\/td>\n<td width=\"312\">\n<p><span style=\"color: #ffffff;\">1500 psi m\u00edn. (10,3N\/mm2)\u00a0<\/span><\/p>\n<\/td>\n<\/tr>\n<tr>\n<td width=\"312\">\n<p><span style=\"color: #ffffff;\">Peel Adhesi\u00f3n<\/span><\/p>\n<\/td>\n<td width=\"312\">\n<p><span style=\"color: #ffffff;\">3,4 pl<\/span><\/p>\n<\/td>\n<\/tr>\n<tr>\n<td width=\"312\">\n<p><span style=\"color: #ffffff;\">Permeabilidad al vapor de agua<\/span><\/p>\n<\/td>\n<td width=\"312\">\n<p><span style=\"color: #ffffff;\">0.1 permanentes<\/span><\/p>\n<\/td>\n<\/tr>\n<tr>\n<td width=\"312\">\n<p><span style=\"color: #ffffff;\">Absorci\u00f3n de humedad (inmersi\u00f3n de 7 d\u00edas)<\/span><\/p>\n<\/td>\n<td width=\"312\">\n<p><span style=\"color: #ffffff;\">&lt;0.1%&gt;<\/span><\/p>\n<\/td>\n<\/tr>\n<tr>\n<td width=\"312\">\n<p><span style=\"color: #ffffff;\">Temperatura de servicio<\/span><\/p>\n<\/td>\n<td width=\"312\">\n<p><span style=\"color: #ffffff;\">-40\u00b0 - 140\u00b0 F<\/span><\/p>\n<\/td>\n<\/tr>\n<\/tbody>\n<\/table>\n<p>&nbsp;<\/p>\n<p>[\/et_pb_text][\/et_pb_column][et_pb_column type=&#8221;1_2&#8243; _builder_version=&#8221;4.0.9&#8243;][et_pb_text _builder_version=&#8221;4.6.0&#8243; link_font=&#8221;|700|||||||&#8221; background_color=&#8221;#dae5e7&#8243; custom_padding=&#8221;32px|50px|50px|50px||&#8221;]<\/p>\n<h2 class=\"headings\"><span style=\"color: #004d51;\"><strong>preguntas frecuentes<\/strong><\/span><\/h2>\n<p><span style=\"color: #000000;\"><strong>P: \u00bfA\u00fan durar\u00e1 un revestimiento de techo si se acumula agua en mi techo, a veces durante d\u00edas?<br \/><\/strong><\/span><span style=\"color: #000000;\">R: Para techos con agua estancada y humedad residual, es fundamental que utilice un producto de sellado que est\u00e9 dise\u00f1ado para resistir el agua estancada. Topps Seal\u00ae PF (Ponding Formula) est\u00e1 dise\u00f1ado espec\u00edficamente para resistir el estr\u00e9s del agua estancada en su techo en cualquier \u00e1rea aislada por hasta 7 d\u00edas y permanecer h\u00famedo despu\u00e9s de la lluvia. La red interconectada de componentes se unifica en una capa de caucho de una sola capa sin costuras que aplica un bloqueo virtual a las membranas para techos existentes. El resultado: una capa superior altamente el\u00e1stica y sin costuras que agrega nueva protecci\u00f3n contra la intemperie a su techo existente, sin costos de techo nuevo.<\/span><\/p>\n<p><span style=\"color: #000000;\"><strong>P: \u00bfPuedo usar una f\u00f3rmula de sellado para proteger contra el agua estancada y aun as\u00ed obtener los beneficios refrescantes de otros selladores reflectantes?<br \/><\/strong><\/span><span style=\"color: #000000;\">R: S\u00ed. Topps Seal\u00ae PF no solo brinda una excelente impermeabilizaci\u00f3n y protecci\u00f3n contra el agua a largo plazo, sino que tambi\u00e9n protege contra los rayos UV y cumple con los est\u00e1ndares ENERGY STAR\u00ae para refrigeraci\u00f3n.<\/span><\/p>\n<p><span style=\"color: #000000;\"><strong>P: \u00bfPara qu\u00e9 tipo de techo es adecuado Topps Seal\u00ae PF?<br \/><\/strong><\/span><span style=\"color: #000000;\">R: Topps Seal\u00ae PF sella techos de metal, BUR, bet\u00fan modificado y hormig\u00f3n. NO es un producto adecuado para usar sobre revestimientos de techos de aluminio.<\/span><\/p>\n<p><span style=\"color: #000000;\"><strong>P: Si mi techo retiene agua por m\u00e1s de 7 d\u00edas, \u00bfme ayudar\u00e1 Topps Seal PF?<br \/><\/strong><\/span><span style=\"color: #000000;\">R: No recomendamos este producto para un \u00e1rea que tenga agua estancada por m\u00e1s de 7 d\u00edas.<\/span><\/p>\n<p>&nbsp;<\/p>\n<h3 class=\"headings\"><strong>Recursos<\/strong><\/h3>\n<ul>\n<li><a title=\"Topps-Seal-PF-Tech-Data\" href=\"https:\/\/toppsproducts.com\/wp-content\/uploads\/2020\/09\/Topps-Seal-PF-Tech-Data.pdf\" target=\"_blank\" rel=\"noopener noreferrer\">Datos t\u00e9cnicos<\/a><\/li>\n<li><a title=\"Topps-Seal-PF-Dom\u00e9stico-SDS\" href=\"https:\/\/toppsproducts.com\/wp-content\/uploads\/2020\/09\/Topps-Seal-PF-Domestic-SDS.pdf\" target=\"_blank\" rel=\"noopener noreferrer\">Ficha de datos de seguridad (nacional)<\/a><\/li>\n<li><a title=\"Topps-Seal-PF-International-SDS\" href=\"https:\/\/toppsproducts.com\/wp-content\/uploads\/2020\/09\/Topps-Seal-PF-International-SDS.pdf\" target=\"_blank\" rel=\"noopener noreferrer\">Ficha de datos de seguridad (internacional)<\/a><\/li>\n<\/ul>\n<p>&nbsp;<\/p>\n<p>&nbsp;<\/p>\n<p>[\/et_pb_text][\/et_pb_column][\/et_pb_row][\/et_pb_section][et_pb_section fb_built=\u201d1\u2033 admin_label=\u201dBottom Colums\u201d _builder_version=\u201d4.0.9\u2033 background_color=\u201d#004d51\u2033 custom_padding=\u201d16px||0px|| |\u201d global_module=\u201d1733\u2033][et_pb_row column_structure=\u201d1_4,1_4,1_4,1_4\u2033 _builder_version=\u201d4.0.9\u2033 custom_padding=\u201d||5px|||\u201d][et_pb_column type=\u201d1_4\u2033 _builder_version=\u201d4.0.9 \u2033][et_pb_text _builder_version=\u201d4.0.9\u2033 header_font=\u201d|||on|||||\u201d]<\/p>\n<h3><span style=\"color: #ffffff;\"><strong>CONT\u00c1CTENOS<\/strong><br \/><\/span><\/h3>\n<p>[\/et_pb_text][et_pb_blurb imagen=\u201d<a href=\"https:\/\/toppsproducts.com\/wp-content\/uploads\/2020\/08\/2020-08-01_11-27-39.jpg&#038;#8221\">https:\/\/toppsproducts.com\/wp-content\/uploads\/2020\/08\/2020-08-01_11-27-39.jpg&#038;#8221<\/a>; icon_placement=\u201dizquierda\u201d admin_label=\u201ddirecci\u00f3n\u201d _builder_version=\u201d4.0.9\u2033 body_text_align=\u201dizquierda\u201d body_text_color=\u201d#ffffff\u201d background_layout=\u201doscuro\u201d]<\/p>\n<p><strong><span style=\"color: #ffffff;\">apartado de correos 1632<br \/>Cant\u00f3n, MS. 39046<\/span><\/strong><\/p>\n<p>[\/et_pb_blurb][et_pb_blurb imagen=\u201d<a href=\"https:\/\/toppsproducts.com\/wp-content\/uploads\/2020\/08\/2020-08-01_11-28-29.jpg&#038;#8221\">https:\/\/toppsproducts.com\/wp-content\/uploads\/2020\/08\/2020-08-01_11-28-29.jpg&#038;#8221<\/a>; icon_placement=\u201dizquierda\u201d admin_label=\u201dcorreo electr\u00f3nico de soporte\u201d _builder_version=\u201d4.0.9\u2033 body_text_align=\u201dizquierda\u201d body_text_color=\u201d#ffffff\u201d background_layout=\u201doscuro\u201d]<\/p>\n<p><a href=\"mailto:support@toppsproducts.com\"><strong><span style=\"color: #ffffff;\">support@toppsproducts.com<\/span><\/strong><\/a><\/p>\n<p>[\/et_pb_blurb][et_pb_blurb imagen=\u201d<a href=\"https:\/\/toppsproducts.com\/wp-content\/uploads\/2020\/08\/2020-08-01_11-28-50.jpg&#038;#8221\">https:\/\/toppsproducts.com\/wp-content\/uploads\/2020\/08\/2020-08-01_11-28-50.jpg&#038;#8221<\/a>; icon_placement=\u201dizquierda\u201d admin_label=\u201dtel\u00e9fono\u201d _builder_version=\u201d4.0.9\u2033 body_text_align=\u201dizquierda\u201d body_text_color=\u201d#ffffff\u201d background_layout=\u201doscuro\u201d]<\/p>\n<h5><strong><span style=\"color: #ffffff;\"><a href=\"tel:8008677177\">800-867-7177<\/a><\/span><\/strong><\/h5>\n<p>[\/et_pb_blurb][\/et_pb_column][et_pb_column type=\u201d1_4\u2033 _builder_version=\u201d4.0.9\u2033][et_pb_text _builder_version=\u201d4.0.9\u2033 header_font=\u201d|||on|||||\u201d]<\/p>\n<h3><strong><span style=\"color: #ffffff;\">UBICACIONES<\/span><\/strong><\/h3>\n<p>[\/et_pb_text][et_pb_text _builder_version=\u201d4.0.9\u2033 header_font=\u201d|||en|||||\u201d]<\/p>\n<p><span style=\"color: #ffffff;\"><a style=\"color: #ffffff;\" title=\"Productos Topps EE. UU.\" href=\"https:\/\/toppsproducts.com\/es\/\" target=\"_blank\" rel=\"noopener noreferrer\">Productos Topps-EE. UU.<\/a><\/span><\/p>\n<p><span style=\"color: #ffffff;\"><a style=\"color: #ffffff;\" title=\"Topps Productos ASIA\" href=\"http:\/\/www.toppsproducts.co.th\/\" target=\"_blank\" rel=\"noopener noreferrer\">Topps Productos-Asia<\/a><\/span><\/p>\n<p><a title=\"Topps Productos \u00c1frica\" href=\"https:\/\/www.toppsproductssa.co.za\/\" target=\"_blank\" rel=\"noopener noreferrer\"><span style=\"color: #ffffff;\">Topps Products-\u00c1frica<\/span><\/a><\/p>\n<p><span style=\"color: #ffffff;\"><a style=\"color: #ffffff;\" title=\"Topps Productos Europa\" href=\"https:\/\/www.toppseurope.com\/\" target=\"_blank\" rel=\"noopener noreferrer\">Topps Products-Europa<\/a><\/span><\/p>\n<p><span style=\"color: #ffffff;\"><a style=\"color: #ffffff;\" title=\"Productos Topps Australia\" href=\"https:\/\/toppsproducts.com.au\/\" target=\"_blank\" rel=\"noopener noreferrer\">Topps Products-Australia<\/a><\/span><\/p>\n<p>&nbsp;<\/p>\n<p>[\/et_pb_text][\/et_pb_column][et_pb_column type=\u201d1_4\u2033 _builder_version=\u201d4.0.9\u2033][et_pb_text _builder_version=\u201d4.0.9\u2033 header_font=\u201d|||on|||||\u201d]<\/p>\n<h3><span style=\"color: #ffffff;\"><strong>PRODUCTOS<\/strong><\/span><\/h3>\n<p>[\/et_pb_text][et_pb_text _builder_version=\u201d4.0.9\u2033 header_font=\u201d|||en|||||\u201d]<\/p>\n<p><span style=\"color: #ffffff;\"><a style=\"color: #ffffff;\" title=\"Productos de reparaci\u00f3n de techos\" href=\"https:\/\/toppsproducts.com\/es\/products\/roof-repair-sealant-compounds\/\" target=\"_blank\" rel=\"noopener noreferrer\">Productos de reparaci\u00f3n de techos<\/a><br \/><\/span><\/p>\n<p><span style=\"color: #ffffff;\"><a style=\"color: #ffffff;\" title=\"Sistemas de mantenimiento de techos\" href=\"https:\/\/toppsproducts.com\/es\/products\/roof-maintenance-systems\/\" target=\"_blank\" rel=\"noopener noreferrer\">Sistemas de mantenimiento de techos<\/a><br \/><\/span><\/p>\n<p><span style=\"color: #ffffff;\"><a style=\"color: #ffffff;\" title=\"Selladores y revestimientos para techos\" href=\"https:\/\/toppsproducts.com\/es\/products\/roof-sealants-and-coatings\/\" target=\"_blank\" rel=\"noopener noreferrer\">Selladores y revestimientos para techos<\/a><br \/><\/span><\/p>\n<p><span style=\"color: #ffffff;\"><a style=\"color: #ffffff;\" title=\"Selladores de mamposter\u00eda y productos especiales\" href=\"https:\/\/toppsproducts.com\/es\/products\/masonry-sealers-and-specialty-products\/\" target=\"_blank\" rel=\"noopener noreferrer\">Selladores de mamposter\u00eda y productos especiales<\/a><\/span><\/p>\n<p><span style=\"color: #000000;\"><a style=\"color: #000000;\" href=\"https:\/\/toppsproducts.com\/es\/products\/rvs-mobile-homes-trailers\/\" target=\"_blank\" rel=\"noopener noreferrer\"><span style=\"color: #ffffff;\">RV Casas m\u00f3viles y remolques<\/span><br \/><\/a><\/span><br \/><span style=\"color: #000000;\">\u00a0<\/span><\/p>\n<p>&nbsp;<\/p>\n<p>[\/et_pb_text][\/et_pb_column][et_pb_column type=\u201d1_4\u2033 _builder_version=\u201d4.0.9\u2033][et_pb_text _builder_version=\u201d4.0.9\u2033 header_font=\u201d|||on|||||\u201d]<\/p>\n<h3><strong><span style=\"color: #ffffff;\">CON\u00c9CTATE CON NOSOTROS<br \/><\/span><\/strong><\/h3>\n<p>[\/et_pb_text][et_pb_button button_url=\u201d<a href=\"https:\/\/toppsproducts.com\/es\/contact\/&\/#038;#8221\">https:\/\/toppsproducts.com\/contact\/&#038;#8221<\/a>; button_text=&#8221;CONTACT US&#8221; button_alignment=&#8221;left&#8221; _builder_version=&#8221;4.0.9&#8243; custom_button=&#8221;on&#8221; button_text_size=&#8221;16px&#8221; button_text_color=&#8221;#ffffff&#8221; button_bg_color=&#8221;#0da0c5&#8243; button_border_color=&#8221;#0da0c5&#8243; button_font=&#8221;|700|||||||&#8221; button_icon=&#8221;%%28%%&#8221; background_layout=&#8221;dark&#8221;][\/et_pb_button][et_pb_text _builder_version=&#8221;4.0.9&#8243; header_font=&#8221;|||on|||||&#8221;]<\/p>\n<h3><span style=\"color: #ffffff;\"><strong>MEDIOS DE COMUNICACI\u00d3N SOCIAL<\/strong><br \/><\/span><\/h3>\n<p>&nbsp;<\/p>\n<p><a title=\"Topps Producto Facebook\" href=\"https:\/\/www.facebook.com\/toppsproducts\" target=\"_blank\" rel=\"noopener noreferrer\"><img data-recalc-dims=\"1\" decoding=\"async\" class=\"wp-image-1594 alignnone size-full\" src=\"https:\/\/i0.wp.com\/toppsproducts.com\/wp-content\/uploads\/2020\/08\/topps-products-facebook.png?resize=30%2C30&#038;ssl=1\" alt=\"\" width=\"30\" height=\"30\" \/><\/a> \u00a0 <a title=\"Topps Producto Instagram\" href=\"https:\/\/www.instagram.com\/toppsproducts\/\" target=\"_blank\" rel=\"noopener noreferrer\"><img data-recalc-dims=\"1\" decoding=\"async\" class=\"wp-image-1597 alignnone size-full\" src=\"https:\/\/i0.wp.com\/toppsproducts.com\/wp-content\/uploads\/2020\/08\/topps-products-instagram.png?resize=30%2C30&#038;ssl=1\" alt=\"\" width=\"30\" height=\"30\" \/><\/a> \u00a0 <a title=\"Topps Productos Gorjeo\" href=\"https:\/\/twitter.com\/toppsproducts\" target=\"_blank\" rel=\"noopener noreferrer\"><img data-recalc-dims=\"1\" decoding=\"async\" class=\"wp-image-1601 alignnone size-full\" src=\"https:\/\/i0.wp.com\/toppsproducts.com\/wp-content\/uploads\/2020\/08\/topps-products-twitter.png?resize=30%2C30&#038;ssl=1\" alt=\"\" width=\"30\" height=\"30\" \/><\/a> \u00a0 <a title=\"Canal de You Tube de Topp Products\" href=\"https:\/\/www.youtube.com\/user\/toppsproducts\" target=\"_blank\" rel=\"noopener noreferrer\"><img data-recalc-dims=\"1\" loading=\"lazy\" decoding=\"async\" class=\"wp-image-1605 alignnone size-full\" src=\"https:\/\/i0.wp.com\/toppsproducts.com\/wp-content\/uploads\/2020\/08\/topps-products-you-tube.png?resize=30%2C30&#038;ssl=1\" alt=\"\" width=\"30\" height=\"30\" \/><\/a> \u00a0\u00a0<img data-recalc-dims=\"1\" loading=\"lazy\" decoding=\"async\" class=\"wp-image-1609 alignnone size-full\" src=\"https:\/\/i0.wp.com\/toppsproducts.com\/wp-content\/uploads\/2020\/08\/topp-products-linked-in-1.png?resize=30%2C30&#038;ssl=1\" alt=\"\" width=\"30\" height=\"30\" \/><\/p>\n<p>[\/et_pb_text][\/et_pb_column][\/et_pb_row][\/et_pb_section][et_pb_section fb_built=\u201d1\u2033 admin_label=\u201dPie de p\u00e1gina\u201d _builder_version=\u201d4.0.9\u2033 background_color=\u201d#424242\u2033 custom_padding=\u201d7px||0px||| \u201d global_module=\u201d1734\u2033][et_pb_row column_structure=\u201d3_5,2_5\u2033 _builder_version=\u201d4.0.9\u2033 custom_padding=\u201d13px||18px|||\u201d][et_pb_column type=\u201d3_5\u2033 _builder_version=\u201d4.0.9\u2033][ et_pb_text _builder_version=\u201d4.0.9\u2033]<\/p>\n<p>&nbsp;<\/p>\n<p class=\"footer-bottom__copyright\"><span style=\"color: #ffffff;\">\u00a9 2020 Topps Products, Inc. Todos los derechos reservados. | <a style=\"color: #ffffff;\" href=\"https:\/\/toppsproducts.com\/es\/sitemap\/\">mapa del sitio<\/a> | Impulsado y dise\u00f1ado por: <\/span><a href=\"http:\/\/www.digitalsouthmediagroup.com\"><span style=\"color: #ffffff;\">Grupo de medios del sur digital<\/span><\/a><\/p>\n<p>[\/et_pb_text][\/et_pb_column][et_pb_column type=\u201d2_5\u2033 _builder_version=\u201d4.0.9\u2033][et_pb_image src=\u201d<a href=\"https:\/\/toppsproducts.com\/wp-content\/uploads\/2020\/08\/cc-logos-white-300&#215;73.png&#038;#8221\">https:\/\/toppsproducts.com\/wp-content\/uploads\/2020\/08\/cc-logos-white-300&#215;73.png&#038;#8221<\/a>; _builder_version=\u201d4.0.9\u2033][\/et_pb_image][\/et_pb_column][\/et_pb_row][\/et_pb_section]<\/p>","protected":false},"excerpt":{"rendered":"<p>TOPPS SEAL\u00ae PF For Sealing Roofs With Ponding Water Reference # 19 &nbsp; &nbsp; \u00a0 &nbsp; \u00a0 DESCRIPTIONTopps Seal\u00ae PF (Ponding Formula) provides all the weatherproofing protection of Topps Seal\u00ae, but with chemistry that adds ponding water resistance. Topps Seal PF is for all coats on any roof that ponds water in any isolated area [&hellip;]<\/p>","protected":false},"author":0,"featured_media":0,"parent":54,"menu_order":4,"comment_status":"closed","ping_status":"closed","template":"","meta":{"_et_pb_use_builder":"on","_et_pb_old_content":"","_et_gb_content_width":"","_crdt_document":"","footnotes":""},"class_list":["post-2293","page","type-page","status-publish","hentry"],"aioseo_notices":[],"jetpack_sharing_enabled":true,"_links":{"self":[{"href":"https:\/\/toppsproducts.com\/es\/wp-json\/wp\/v2\/pages\/2293","targetHints":{"allow":["GET"]}}],"collection":[{"href":"https:\/\/toppsproducts.com\/es\/wp-json\/wp\/v2\/pages"}],"about":[{"href":"https:\/\/toppsproducts.com\/es\/wp-json\/wp\/v2\/types\/page"}],"replies":[{"embeddable":true,"href":"https:\/\/toppsproducts.com\/es\/wp-json\/wp\/v2\/comments?post=2293"}],"version-history":[{"count":4,"href":"https:\/\/toppsproducts.com\/es\/wp-json\/wp\/v2\/pages\/2293\/revisions"}],"predecessor-version":[{"id":2308,"href":"https:\/\/toppsproducts.com\/es\/wp-json\/wp\/v2\/pages\/2293\/revisions\/2308"}],"up":[{"embeddable":true,"href":"https:\/\/toppsproducts.com\/es\/wp-json\/wp\/v2\/pages\/54"}],"wp:attachment":[{"href":"https:\/\/toppsproducts.com\/es\/wp-json\/wp\/v2\/media?parent=2293"}],"curies":[{"name":"wp","href":"https:\/\/api.w.org\/{rel}","templated":true}]}}