{"id":2255,"date":"2020-09-02T02:54:36","date_gmt":"2020-09-02T02:54:36","guid":{"rendered":"http:\/\/toppsproducts.com\/?page_id=2255"},"modified":"2024-09-15T13:29:45","modified_gmt":"2024-09-15T17:29:45","slug":"topps-seal-base-coat","status":"publish","type":"page","link":"https:\/\/toppsproducts.com\/es\/products\/roof-sealants-and-coatings\/topps-seal-base-coat\/","title":{"rendered":"Capa base Topps Seal\u00ae"},"content":{"rendered":"<p>[et_pb_section fb_built=&#8221;1&#8243; fullwidth=&#8221;on&#8221; _builder_version=&#8221;4.6.0&#8243; _module_preset=&#8221;default&#8221; global_colors_info=&#8221;{}&#8221;][et_pb_fullwidth_header title=&#8221; TOPPS SEAL\u00ae BASE COAT&#8221; _builder_version=&#8221;4.6.0&#8243; _module_preset=&#8221;default&#8221; title_font=&#8221;|700|||||||&#8221; title_text_color=&#8221;#ffffff&#8221; background_enable_color=&#8221;off&#8221; background_image=&#8221;<a href=\"https:\/\/toppsproducts.com\/wp-content\/uploads\/2020\/08\/header-background.jpg&#038;#8221\">https:\/\/toppsproducts.com\/wp-content\/uploads\/2020\/08\/header-background.jpg&#038;#8221<\/a>; title_text_shadow_style=&#8221;preset2&#8243; title_text_shadow_color=&#8221;#000000&#8243; global_colors_info=&#8221;{}&#8221;][\/et_pb_fullwidth_header][\/et_pb_section][et_pb_section fb_built=&#8221;1&#8243; _builder_version=&#8221;4.0.9&#8243; global_colors_info=&#8221;{}&#8221;][et_pb_row column_structure=&#8221;1_2,1_2&#8243; _builder_version=&#8221;4.0.9&#8243; global_colors_info=&#8221;{}&#8221;][et_pb_column type=&#8221;1_2&#8243; _builder_version=&#8221;4.0.9&#8243; global_colors_info=&#8221;{}&#8221;][et_pb_text _builder_version=&#8221;4.6.0&#8243; custom_margin=&#8221;||-3px|||&#8221; global_colors_info=&#8221;{}&#8221;]<\/p>\n<div class=\"row column\" data-finder-type=\"Web App\" data-finder-name=\"Page Control\" data-finder-id=\"4690453\">\n<h2 class=\"inner-header__title\"><span style=\"color: #004d51;\"><strong><span class=\"inner-header__headline\">CAPA BASE TOPPS SEAL\u00ae<br \/><\/span><\/strong><\/span><\/h2>\n<\/div>\n<p><span style=\"color: #000000;\"><strong><span class=\"product-info__reference\">Referencia # 15<\/span><\/strong><\/span><\/p>\n<p>&nbsp;<\/p>\n<div class=\"product-info__title\">\n<h2 class=\"subheader\"><span style=\"color: #004d51;\"><strong>\u00a0<\/strong><\/span><\/h2>\n<p>&nbsp;<\/p>\n<\/div>\n<p>[\/et_pb_text][et_pb_image src=&#8221;<a href=\"https:\/\/toppsproducts.com\/wp-content\/uploads\/2020\/09\/Topps-Seal-Base-Coat-600.jpg&#038;#8221\">https:\/\/toppsproducts.com\/wp-content\/uploads\/2020\/09\/Topps-Seal-Base-Coat-600.jpg&#038;#8221<\/a>; title_text=&#8221;Topps-Seal-Base-Coat 600&#8243; _builder_version=&#8221;4.6.0&#8243; global_colors_info=&#8221;{}&#8221;][\/et_pb_image][\/et_pb_column][et_pb_column type=&#8221;1_2&#8243; _builder_version=&#8221;4.0.9&#8243; global_colors_info=&#8221;{}&#8221;][et_pb_text _builder_version=&#8221;4.6.0&#8243; global_colors_info=&#8221;{}&#8221;]<\/p>\n<div class=\"product-info__price\">\u00a0<\/div>\n<h2 class=\"headings\"><span style=\"color: #004d51;\"><strong>DESCRIPCI\u00d3N<\/strong><\/span><\/h2>\n<p>[\/et_pb_text][et_pb_divider _builder_version=&#8221;4.0.9&#8243; global_colors_info=&#8221;{}&#8221;][\/et_pb_divider][et_pb_text _builder_version=&#8221;4.6.0&#8243; global_colors_info=&#8221;{}&#8221;]<\/p>\n<p><span style=\"color: #000000;\">Topps Seal\u00ae Base Coat, todo caucho elastom\u00e9rico, proporciona una capa de base econ\u00f3mica para los sistemas de revestimiento Topps Seal\u00ae. El paquete de adhesivo a\u00f1adido mejorado funciona con las gomas permanentemente flexibles para proporcionar una uni\u00f3n superior. La capa de acabado Topps Seal se vuelve inseparable a medida que estas dos capas se encuentran y se fusionan. La combinaci\u00f3n completa de capacidades de elongaci\u00f3n y resistencia a la tracci\u00f3n proporciona una resistencia superior para satisfacer todas las demandas de cambios clim\u00e1ticos y t\u00e9rmicos. La capa base Topps Seal\u00ae es un sustituto de la primera capa contrastante &quot;blanco roto&quot; para una mayor econom\u00eda en los sistemas de dos capas. Construido con los mismos ingredientes de grado id\u00e9ntico de Topps Seal\u00ae formulado en una capa de primera capa m\u00e1s econ\u00f3mica.<\/span><\/p>\n<p><span style=\"color: #000000;\">Topps Seal\u00ae Base Coat se puede utilizar en techos de metal, bet\u00fan modificado, BUR, PUF y hormig\u00f3n.<\/span><\/p>\n<ul>\n<li><span style=\"color: #000000;\">Impermeabilizaci\u00f3n: permeaci\u00f3n casi nula<\/span><\/li>\n<li><span style=\"color: #000000;\">Bloquea el \u00f3xido, la humedad.<\/span><\/li>\n<li><span style=\"color: #000000;\">Sella metal, BUR, bet\u00fan modificado, PUF, hormig\u00f3n<\/span><\/li>\n<li><span style=\"color: #000000;\">Construye espesores de mil\u00e9simas de pulgada de la manera m\u00e1s econ\u00f3mica en trabajos Topps Seal\u00ae blancos<\/span><\/li>\n<li><span style=\"color: #000000;\">Uni\u00f3n fuerte y construcci\u00f3n alta.<\/span><\/li>\n<\/ul>\n<p>[\/et_pb_text][et_pb_button button_url=\u201d<a href=\"https:\/\/toppsproducts.com\/es\/products\/roof-sealants-and-coatings\/topps-seal-base-coat\/topps-seal-base-coat-get-a-quote\/&\/#038;#8221\">https:\/\/toppsproducts.com\/products\/roof-sealants-and-coatings\/topps-seal-base-coat\/topps-seal-base-coat-get-a-quote\/&#038;#8221<\/a>; button_text=&#8221;GET A QUOTE&#8221; _builder_version=&#8221;4.6.0&#8243; custom_button=&#8221;on&#8221; button_text_color=&#8221;#ffffff&#8221; button_bg_color=&#8221;#0da0c5&#8243; button_border_color=&#8221;#0da0c5&#8243; button_font=&#8221;|700|||||||&#8221; global_colors_info=&#8221;{}&#8221;][\/et_pb_button][\/et_pb_column][\/et_pb_row][\/et_pb_section][et_pb_section fb_built=&#8221;1&#8243; _builder_version=&#8221;4.0.9&#8243; background_color=&#8221;#d6d6d6&#8243; global_colors_info=&#8221;{}&#8221;][et_pb_row column_structure=&#8221;1_2,1_2&#8243; _builder_version=&#8221;4.0.9&#8243; background_color=&#8221;#ffffff&#8221; custom_padding=&#8221;|75px||75px||&#8221; global_colors_info=&#8221;{}&#8221;][et_pb_column type=&#8221;1_2&#8243; _builder_version=&#8221;4.0.9&#8243; global_colors_info=&#8221;{}&#8221;][et_pb_text _builder_version=&#8221;4.6.0&#8243; text_text_color=&#8221;#ffffff&#8221; header_text_color=&#8221;#ffffff&#8221; background_color=&#8221;#004d51&#8243; custom_padding=&#8221;32px|50px|50px|50px||&#8221; global_colors_info=&#8221;{}&#8221;]<\/p>\n<h2 class=\"headings\"><span style=\"color: #ffffff;\"><strong>Especificaciones<\/strong><\/span><\/h2>\n<p><span style=\"color: #ffffff;\"><strong>Material h\u00famedo: caracter\u00edsticas t\u00edpicas del producto<\/strong><\/span><\/p>\n<table class=\"product-table\">\n<tbody>\n<tr>\n<td width=\"312\">\n<p><span style=\"color: #ffffff;\">Viscosidad<\/span><\/p>\n<\/td>\n<td width=\"312\">\n<p><span style=\"color: #ffffff;\">115 \u2013 120 KU<\/span><\/p>\n<\/td>\n<\/tr>\n<tr>\n<td width=\"312\">\n<p><span style=\"color: #ffffff;\">Peso por gal\u00f3n<\/span><\/p>\n<\/td>\n<td width=\"312\">\n<p><span style=\"color: #ffffff;\">8.9 - 9.3 libras<\/span><\/p>\n<\/td>\n<\/tr>\n<tr>\n<td width=\"312\">\n<p><span style=\"color: #ffffff;\">S\u00f3lidos<\/span><\/p>\n<\/td>\n<td width=\"312\">\n<p><span style=\"color: #ffffff;\">50% m\u00edn.<\/span><\/p>\n<\/td>\n<\/tr>\n<tr>\n<td width=\"312\">\n<p><span style=\"color: #ffffff;\">Punto de inflamaci\u00f3n del solvente<\/span><\/p>\n<\/td>\n<td width=\"312\">\n<p><span style=\"color: #ffffff;\">104\u00b0F<\/span><\/p>\n<\/td>\n<\/tr>\n<tr>\n<td width=\"312\">\n<p><span style=\"color: #ffffff;\">COV<\/span><\/p>\n<\/td>\n<td width=\"312\">\n<p><span style=\"color: #ffffff;\">&lt;500&gt;<\/span><\/p>\n<\/td>\n<\/tr>\n<tr>\n<td width=\"312\">\n<p><span style=\"color: #ffffff;\">Secado al tacto @ 77\u00b0 F (50% humedad relativa)<\/span><\/p>\n<\/td>\n<td width=\"312\">\n<p><span style=\"color: #ffffff;\">~ 4 horas<\/span><\/p>\n<\/td>\n<\/tr>\n<\/tbody>\n<\/table>\n<p>&nbsp;<\/p>\n<p><span style=\"color: #ffffff;\"><strong>Revestimiento curado: propiedades de rendimiento t\u00edpicas<\/strong><\/span><\/p>\n<table class=\"product-table\">\n<tbody>\n<tr>\n<td width=\"312\">\n<p><span style=\"color: #ffffff;\">Elongaci\u00f3n m\u00e1xima<\/span><\/p>\n<\/td>\n<td width=\"312\">\n<p><span style=\"color: #ffffff;\">550% m\u00edn.<\/span><\/p>\n<\/td>\n<\/tr>\n<tr>\n<td width=\"312\">\n<p><span style=\"color: #ffffff;\">Resistencia a la tracci\u00f3n<\/span><\/p>\n<\/td>\n<td width=\"312\">\n<p><span style=\"color: #ffffff;\">1000 psi m\u00edn.<\/span><\/p>\n<\/td>\n<\/tr>\n<tr>\n<td width=\"312\">\n<p><span style=\"color: #ffffff;\">Peel Adhesi\u00f3n<\/span><\/p>\n<\/td>\n<td width=\"312\">\n<p><span style=\"color: #ffffff;\">2,9 pl<\/span><\/p>\n<\/td>\n<\/tr>\n<tr>\n<td width=\"312\">\n<p><span style=\"color: #ffffff;\">Permeabilidad al vapor de agua<\/span><\/p>\n<\/td>\n<td width=\"312\">\n<p><span style=\"color: #ffffff;\">0.25 permanentes<\/span><\/p>\n<\/td>\n<\/tr>\n<tr>\n<td width=\"312\">\n<p><span style=\"color: #ffffff;\">Absorci\u00f3n de humedad (inmersi\u00f3n de 7 d\u00edas)<\/span><\/p>\n<\/td>\n<td width=\"312\">\n<p><span style=\"color: #ffffff;\">0.50% m\u00e1x.<\/span><\/p>\n<\/td>\n<\/tr>\n<tr>\n<td width=\"312\">\n<p><span style=\"color: #ffffff;\">Temperatura de servicio<\/span><\/p>\n<\/td>\n<td width=\"312\">\n<p><span style=\"color: #ffffff;\">-40\u00b0 - 140\u00b0 F<\/span><\/p>\n<\/td>\n<\/tr>\n<\/tbody>\n<\/table>\n<p>&nbsp;<\/p>\n<p>[\/et_pb_text][\/et_pb_column][et_pb_column type=&#8221;1_2&#8243; _builder_version=&#8221;4.0.9&#8243; global_colors_info=&#8221;{}&#8221;][et_pb_text _builder_version=&#8221;4.6.0&#8243; link_font=&#8221;|700|||||||&#8221; background_color=&#8221;#dae5e7&#8243; custom_padding=&#8221;32px|50px|50px|50px||&#8221; global_colors_info=&#8221;{}&#8221;]<\/p>\n<h2 class=\"headings\"><span style=\"color: #004d51;\"><strong>preguntas frecuentes<\/strong><\/span><\/h2>\n<p><span style=\"color: #000000;\"><strong>P: \u00bfUsar Topps Seal\u00ae Base Coat significa que voy a terminar con capas separadas para el revestimiento de mi techo?<br \/><\/strong><\/span><span style=\"color: #000000;\">R: No. La capa de acabado Topps Seal\u00ae se vuelve inseparable de la capa base a medida que estas dos capas se unen y fusionan. La red interconectada de componentes se unifica en una capa de caucho de una sola capa sin costuras que aplica un bloqueo virtual a las superficies de los techos existentes.<\/span><\/p>\n<p><span style=\"color: #000000;\"><strong>P: \u00bfPuedo usar esta capa base Topps Seal\u00ae directamente en mi proyecto de techado bituminoso?<br \/><\/strong><\/span><span style=\"color: #000000;\">R: S\u00ed, pero debido a los problemas de sangrado de los revestimientos para techos sobre el bet\u00fan, deber\u00e1 aplicar el bloqueador de sangrado Bondit\u2122 primero sobre el bet\u00fan antes de aplicar la capa base.<\/span><\/p>\n<p><span style=\"color: #000000;\"><strong>P: La humedad es un problema en mi \u00e1rea. \u00bfCon qu\u00e9 rapidez la capa base Topps Seal\u00ae ser\u00e1 resistente a la humedad?<br \/><\/strong><\/span><span style=\"color: #000000;\">R: La resistencia a la humedad comienza aproximadamente de 1 a 4 horas despu\u00e9s de la aplicaci\u00f3n.<\/span><\/p>\n<p>&nbsp;<\/p>\n<h3 class=\"headings\"><strong>Recursos<\/strong><\/h3>\n<ul>\n<li><a title=\"Topps Seal-Base-Coat-Tech-Data\" href=\"https:\/\/toppsproducts.com\/wp-content\/uploads\/2020\/09\/Topps-Seal-Base-Coat-Tech-Data.pdf\" target=\"_blank\" rel=\"noopener noreferrer\">Datos t\u00e9cnicos<\/a><\/li>\n<li><a title=\"Tops Seal Base-Coat-Dom\u00e9stico-SDS\" href=\"https:\/\/toppsproducts.com\/wp-content\/uploads\/2020\/09\/Topps-Seal-Base-Coat-Domestic-SDS.pdf\" target=\"_blank\" rel=\"noopener noreferrer\">Ficha de datos de seguridad (nacional)<\/a><\/li>\n<li><a title=\"Topps Seal-Base-Coat-International-SDS\" href=\"https:\/\/toppsproducts.com\/wp-content\/uploads\/2020\/09\/Topps-Seal-Base-Coat-International-SDS.pdf\" target=\"_blank\" rel=\"noopener noreferrer\">Ficha de datos de seguridad (internacional)<\/a><\/li>\n<\/ul>\n<p>&nbsp;<\/p>\n<p>&nbsp;<\/p>\n<p>[\/et_pb_text][\/et_pb_column][\/et_pb_row][\/et_pb_section][et_pb_section fb_built=&#8221;1&#8243; admin_label=&#8221;Bottom Colums&#8221; _builder_version=&#8221;4.10.5&#8243; background_color=&#8221;#004d51&#8243; custom_padding=&#8221;16px||0px|||&#8221; global_module=&#8221;1733&#8243; saved_tabs=&#8221;all&#8221; global_colors_info=&#8221;{}&#8221;][\/et_pb_section][et_pb_section fb_built=&#8221;1&#8243; admin_label=&#8221;Footer&#8221; _builder_version=&#8221;4.10.5&#8243; background_color=&#8221;#424242&#8243; custom_padding=&#8221;7px||0px|||&#8221; global_module=&#8221;1734&#8243; saved_tabs=&#8221;all&#8221; global_colors_info=&#8221;{}&#8221;][et_pb_row column_structure=&#8221;1_3,1_3,1_3&#8243; _builder_version=&#8221;4.0.9&#8243; custom_padding=&#8221;13px||18px|||&#8221; global_colors_info=&#8221;{}&#8221;][et_pb_column type=&#8221;1_3&#8243; _builder_version=&#8221;4.0.9&#8243; global_colors_info=&#8221;{}&#8221;][et_pb_text _builder_version=&#8221;4.10.5&#8243; global_colors_info=&#8221;{}&#8221;]<\/p>\n<p>&nbsp;<\/p>\n<p class=\"footer-bottom__copyright\"><span style=\"color: #ffffff;\">\u00a9 2024 Topps Products, Inc. All Rights Reserved.\u00a0<\/span><\/p>\n<p>[\/et_pb_text][\/et_pb_column][et_pb_column type=\u201d1_3\u2033 _builder_version=\u201d4.10.5\u2033 _module_preset=\u201ddefault\u201d global_colors_info=\u201d{}\u201d][\/et_pb_column][et_pb_column type=\u201d1_3\u2033 _builder_version=\u201d4.0. 9\u2033 global_colors_info=\u201d{}\u201d][et_pb_image src=\u201d<a href=\"https:\/\/toppsproducts.com\/wp-content\/uploads\/2022\/03\/Untitled-design-2-e1646777203869.png&#038;#8221\">https:\/\/toppsproducts.com\/wp-content\/uploads\/2022\/03\/Untitled-design-2-e1646777203869.png&#038;#8221<\/a>; title_text=\u201dDise\u00f1o sin t\u00edtulo (2)\u201d _builder_version=\u201d4.10.5\u2033 vertical_offset=\u201d-70px\u201d horizontal_offset=\u201d10px\u201d vertical_offset_tablet=\u201d\u201d vertical_offset_phone=\u201d23px\u201d vertical_offset_last_edited=\u201don|phone\u201d horizontal_offset_tablet=\u201d\u201d horizontal_offset_phone=\u201d 6px\u201d horizontal_offset_last_edited=\u201den|tel\u00e9fono\u201d position_origin_a_tablet=\u201d\u201d position_origin_a_phone=\u201d\u201d position_origin_a_last_edited=\u201den|tel\u00e9fono\u201d position_origin_f_tablet=\u201d\u201d position_origin_f_phone=\u201d\u201d position_origin_f_last_edited=\u201den|tel\u00e9fono\u201d position_origin_r_tablet=\u201d\u201d position_origin_r_phone =\u201d\u201d position_origin_r_last_edited=\u201d en|tel\u00e9fono\u201dposition_tablet=\u201d\u201dposition_phone=\u201drelative\u201dpositioning_last_edited=\u201den|tel\u00e9fono\u201d global_colors_info=\u201d{}\u201d][\/et_pb_image][\/et_pb_column][\/et_pb_row][\/et_pb_section]<\/p>","protected":false},"excerpt":{"rendered":"<p>TOPPS SEAL\u00ae BASE COAT Reference # 15 &nbsp; \u00a0 &nbsp; \u00a0 DESCRIPTIONTopps Seal\u00ae Base Coat all rubber elastomeric provides an economical foundation layer to Topps Seal\u00ae coating systems. The enhanced added adhesive package works with the permanently flexible rubbers to provide superior bonding. The Topps Seal finish coat becomes inseparable as these two layers meet [&hellip;]<\/p>","protected":false},"author":5,"featured_media":0,"parent":54,"menu_order":2,"comment_status":"closed","ping_status":"closed","template":"","meta":{"_et_pb_use_builder":"on","_et_pb_old_content":"","_et_gb_content_width":"","_crdt_document":"","footnotes":""},"class_list":["post-2255","page","type-page","status-publish","hentry"],"aioseo_notices":[],"jetpack_sharing_enabled":true,"_links":{"self":[{"href":"https:\/\/toppsproducts.com\/es\/wp-json\/wp\/v2\/pages\/2255","targetHints":{"allow":["GET"]}}],"collection":[{"href":"https:\/\/toppsproducts.com\/es\/wp-json\/wp\/v2\/pages"}],"about":[{"href":"https:\/\/toppsproducts.com\/es\/wp-json\/wp\/v2\/types\/page"}],"author":[{"embeddable":true,"href":"https:\/\/toppsproducts.com\/es\/wp-json\/wp\/v2\/users\/5"}],"replies":[{"embeddable":true,"href":"https:\/\/toppsproducts.com\/es\/wp-json\/wp\/v2\/comments?post=2255"}],"version-history":[{"count":5,"href":"https:\/\/toppsproducts.com\/es\/wp-json\/wp\/v2\/pages\/2255\/revisions"}],"predecessor-version":[{"id":5606,"href":"https:\/\/toppsproducts.com\/es\/wp-json\/wp\/v2\/pages\/2255\/revisions\/5606"}],"up":[{"embeddable":true,"href":"https:\/\/toppsproducts.com\/es\/wp-json\/wp\/v2\/pages\/54"}],"wp:attachment":[{"href":"https:\/\/toppsproducts.com\/es\/wp-json\/wp\/v2\/media?parent=2255"}],"curies":[{"name":"wp","href":"https:\/\/api.w.org\/{rel}","templated":true}]}}