{"id":2236,"date":"2020-09-02T02:41:27","date_gmt":"2020-09-02T02:41:27","guid":{"rendered":"http:\/\/toppsproducts.com\/?page_id=2236"},"modified":"2020-09-03T06:25:47","modified_gmt":"2020-09-03T06:25:47","slug":"topps-seal","status":"publish","type":"page","link":"https:\/\/toppsproducts.com\/es\/products\/roof-sealants-and-coatings\/topps-seal\/","title":{"rendered":"Sello Topps\u00ae"},"content":{"rendered":"<p>[et_pb_section fb_built=&#8221;1&#8243; fullwidth=&#8221;on&#8221; _builder_version=&#8221;4.6.0&#8243; _module_preset=&#8221;default&#8221;][et_pb_fullwidth_header title=&#8221;TOPPS SEAL\u00ae&#8221; _builder_version=&#8221;4.6.0&#8243; _module_preset=&#8221;default&#8221; title_font=&#8221;|700|||||||&#8221; title_text_color=&#8221;#ffffff&#8221; background_enable_color=&#8221;off&#8221; background_image=&#8221;<a href=\"https:\/\/toppsproducts.com\/wp-content\/uploads\/2020\/08\/header-background.jpg&#038;#8221\">https:\/\/toppsproducts.com\/wp-content\/uploads\/2020\/08\/header-background.jpg&#038;#8221<\/a>; title_text_shadow_style=&#8221;preset2&#8243; title_text_shadow_color=&#8221;#000000&#8243;][\/et_pb_fullwidth_header][\/et_pb_section][et_pb_section fb_built=&#8221;1&#8243; _builder_version=&#8221;4.0.9&#8243;][et_pb_row column_structure=&#8221;1_2,1_2&#8243; _builder_version=&#8221;4.0.9&#8243;][et_pb_column type=&#8221;1_2&#8243; _builder_version=&#8221;4.0.9&#8243;][et_pb_text _builder_version=&#8221;4.6.0&#8243; custom_margin=&#8221;||-3px|||&#8221;]<\/p>\n<div class=\"row column\" data-finder-type=\"Web App\" data-finder-name=\"Page Control\" data-finder-id=\"4690453\">\n<h2 class=\"inner-header__title\"><span style=\"color: #004d51;\"><strong><span class=\"inner-header__headline\">TOPPS SEAL\u00ae<\/span><\/strong><\/span><\/h2>\n<\/div>\n<div class=\"product-info__title\">\n<p class=\"subheader\"><strong>El revestimiento protector para techos de alto rendimiento<\/strong><\/p>\n<\/div>\n<p><strong><span class=\"product-info__reference\">Referencia # 12<\/span><\/strong><\/p>\n<p>&nbsp;<\/p>\n<div class=\"product-info__title\">\n<h2 class=\"subheader\"><span style=\"color: #004d51;\"><strong>\u00a0<\/strong><\/span><\/h2>\n<p>&nbsp;<\/p>\n<\/div>\n<p>[\/et_pb_text][et_pb_image src=&#8221;<a href=\"https:\/\/toppsproducts.com\/wp-content\/uploads\/2020\/09\/Topps-Seal-600.jpg&#038;#8221\">https:\/\/toppsproducts.com\/wp-content\/uploads\/2020\/09\/Topps-Seal-600.jpg&#038;#8221<\/a>; title_text=&#8221;Topps-Seal 600&#8243; _builder_version=&#8221;4.6.0&#8243;][\/et_pb_image][\/et_pb_column][et_pb_column type=&#8221;1_2&#8243; _builder_version=&#8221;4.0.9&#8243;][et_pb_text _builder_version=&#8221;4.6.0&#8243;]<\/p>\n<div class=\"product-info__price\">\u00a0<\/div>\n<h2 class=\"headings\"><span style=\"color: #004d51;\"><strong>DESCRIPCI\u00d3N<\/strong><\/span><\/h2>\n<p>[\/et_pb_text][et_pb_divider _builder_version=&#8221;4.0.9&#8243;][\/et_pb_divider][et_pb_text _builder_version=&#8221;4.6.0&#8243;]<\/p>\n<p><span style=\"color: #000000;\">Al sellar un techo comercial o industrial, no busque m\u00e1s que Topps Seal\u00ae para obtener la mejor protecci\u00f3n disponible. Topps Seal\u00ae es el buque insignia de la l\u00ednea de revestimiento protector de mantenimiento de techos Topps\u00ae, que utiliza la tecnolog\u00eda termopl\u00e1stica sint\u00e9tica 100% formulada exclusivamente por Topps.<\/span><\/p>\n<p><span style=\"color: #000000;\">Las caracter\u00edsticas extraordinarias de Topps Seal\u00ae lo convierten en el revestimiento protector para mantenimiento de techos m\u00e1s ampliamente reconocido y que ahora se usa en todos los continentes y en todos los climas. La combinaci\u00f3n de alta elongaci\u00f3n y resistencia superior permite que Topps Seal\u00ae resista cambios t\u00e9rmicos desafiantes e inclemencias del tiempo. El sello tambi\u00e9n proporciona una excelente resistencia a la intemperie con extrema resistencia a la humedad y la transmisi\u00f3n.<\/span><\/p>\n<p><span style=\"color: #000000;\">Topps Seal\u00ae se puede utilizar en techos de metal, bet\u00fan modificado, BUR, PUF, hormig\u00f3n y EPDM. Proporciona un sello que es:<\/span><\/p>\n<ul>\n<li><span style=\"color: #000000;\">Resistente al agua: permeabilidad casi nula<\/span><\/li>\n<li><span style=\"color: #000000;\">El mejor paquete de elongaci\u00f3n, resistencia, uni\u00f3n, prevenci\u00f3n de la humedad y adhesivo<\/span><\/li>\n<li><span style=\"color: #000000;\">Altamente reflexivo<\/span><\/li>\n<li><span style=\"color: #000000;\">El ahorro de energ\u00eda<\/span><\/li>\n<li><span style=\"color: #000000;\">Resiste el lavado del techo durante la aplicaci\u00f3n.<\/span><\/li>\n<li><span style=\"color: #000000;\">Flexibilidad permanente<\/span><\/li>\n<li><span style=\"color: #000000;\">Calificaci\u00f3n ENERGY STAR\u00ae<\/span><\/li>\n<li><span style=\"color: #000000;\">T\u00edtulo 24<\/span><\/li>\n<li><span style=\"color: #000000;\">\u00a0CRRC<\/span><\/li>\n<li><span style=\"color: #000000;\">Certificado por Miami-Dade para uso en condiciones tropicales: ahorro de energ\u00eda superior (en blanco)<\/span><\/li>\n<li><span style=\"color: #000000;\">Disponible en 12 colores est\u00e1ndar sin actualizaci\u00f3n de precio<\/span><\/li>\n<\/ul>\n<p>[\/et_pb_text][et_pb_button button_url=\u201d<a href=\"https:\/\/toppsproducts.com\/es\/products\/roof-sealants-and-coatings\/topps-seal\/topps-seal-get-a-quote\/&\/#038;#8221\">https:\/\/toppsproducts.com\/products\/roof-sealants-and-coatings\/topps-seal\/topps-seal-get-a-quote\/&#038;#8221<\/a>; button_text=&#8221;GET A QUOTE&#8221; _builder_version=&#8221;4.6.0&#8243; custom_button=&#8221;on&#8221; button_text_color=&#8221;#ffffff&#8221; button_bg_color=&#8221;#0da0c5&#8243; button_border_color=&#8221;#0da0c5&#8243; button_font=&#8221;|700|||||||&#8221; hover_enabled=&#8221;0&#8243; sticky_enabled=&#8221;0&#8243;][\/et_pb_button][\/et_pb_column][\/et_pb_row][\/et_pb_section][et_pb_section fb_built=&#8221;1&#8243; _builder_version=&#8221;4.0.9&#8243; background_color=&#8221;#d6d6d6&#8243;][et_pb_row column_structure=&#8221;1_2,1_2&#8243; _builder_version=&#8221;4.0.9&#8243; background_color=&#8221;#ffffff&#8221; custom_padding=&#8221;|75px||75px||&#8221;][et_pb_column type=&#8221;1_2&#8243; _builder_version=&#8221;4.0.9&#8243;][et_pb_text _builder_version=&#8221;4.6.0&#8243; text_text_color=&#8221;#ffffff&#8221; header_text_color=&#8221;#ffffff&#8221; background_color=&#8221;#004d51&#8243; custom_padding=&#8221;32px|50px|50px|50px||&#8221;]<\/p>\n<div class=\"large-6 columns\">\n<div class=\"boxen-wrap\">\n<h2 class=\"headings\"><span style=\"color: #ffffff;\"><strong>Especificaciones<\/strong><\/span><\/h2>\n<table class=\"product-table\">\n<tbody>\n<tr>\n<td width=\"312\">\n<p><span style=\"color: #ffffff;\">Elongaci\u00f3n m\u00e1xima<\/span><\/p>\n<\/td>\n<td width=\"312\">\n<p><span style=\"color: #ffffff;\">900% m\u00edn.<\/span><\/p>\n<\/td>\n<\/tr>\n<tr>\n<td width=\"312\">\n<p><span style=\"color: #ffffff;\">Resistencia a la tracci\u00f3n<\/span><\/p>\n<\/td>\n<td width=\"312\">\n<p><span style=\"color: #ffffff;\">1500 psi m\u00edn.<\/span><\/p>\n<\/td>\n<\/tr>\n<tr>\n<td width=\"312\">\n<p><span style=\"color: #ffffff;\">Calificaci\u00f3n permanente<\/span><\/p>\n<\/td>\n<td width=\"312\">\n<p><span style=\"color: #ffffff;\">0.18 permanentes<\/span><\/p>\n<\/td>\n<\/tr>\n<tr>\n<td width=\"312\">\n<p><span style=\"color: #ffffff;\">Uni\u00f3n adhesiva (clasificaci\u00f3n 1-5)<\/span><\/p>\n<\/td>\n<td width=\"312\">\n<p><span style=\"color: #ffffff;\">5 (mejor)<\/span><\/p>\n<\/td>\n<\/tr>\n<tr>\n<td width=\"312\">\n<p><span style=\"color: #ffffff;\">Estabilidad al calor<\/span><\/p>\n<\/td>\n<td width=\"312\">\n<p><span style=\"color: #ffffff;\">140 \u00b0F<\/span><\/p>\n<\/td>\n<\/tr>\n<tr>\n<td width=\"312\">\n<p><span style=\"color: #ffffff;\">Estabilidad en fr\u00edo<\/span><\/p>\n<\/td>\n<td width=\"312\">\n<p><span style=\"color: #ffffff;\">-40 \u00b0F<\/span><\/p>\n<\/td>\n<\/tr>\n<tr>\n<td width=\"312\">\n<p><span style=\"color: #ffffff;\">Permeabilidad al vapor de agua<\/span><\/p>\n<\/td>\n<td width=\"312\">\n<p><span style=\"color: #ffffff;\">0.18 permanentes\u00a0<\/span><\/p>\n<\/td>\n<\/tr>\n<tr>\n<td width=\"312\">\n<p><span style=\"color: #ffffff;\">Reflectividad<\/span><\/p>\n<\/td>\n<td width=\"312\">\n<p><span style=\"color: #ffffff;\">86.00%\u00a0<\/span><\/p>\n<\/td>\n<\/tr>\n<tr>\n<td width=\"312\">\n<p><span style=\"color: #ffffff;\">Emitancia t\u00e9rmica (nueva\/envejecida)<\/span><\/p>\n<\/td>\n<td width=\"312\">\n<p><span style=\"color: #ffffff;\">.88\/.89<\/span><\/p>\n<\/td>\n<\/tr>\n<tr>\n<td width=\"312\">\n<p><span style=\"color: #ffffff;\">Resistente a la corrosi\u00f3n<\/span><\/p>\n<\/td>\n<td width=\"312\">\n<p><span style=\"color: #ffffff;\">Excelente<\/span><\/p>\n<\/td>\n<\/tr>\n<tr>\n<td width=\"312\">\n<p><span style=\"color: #ffffff;\">Contaminantes industriales<\/span><\/p>\n<\/td>\n<td width=\"312\">\n<p><span style=\"color: #ffffff;\">Excelente<\/span><\/p>\n<\/td>\n<\/tr>\n<tr>\n<td width=\"312\">\n<p><span style=\"color: #ffffff;\">ultravioleta<\/span><\/p>\n<\/td>\n<td width=\"312\">\n<p><span style=\"color: #ffffff;\">Excelente<\/span><\/p>\n<\/td>\n<\/tr>\n<\/tbody>\n<\/table>\n<p><span style=\"color: #ffffff;\">*Para una mayor resistencia a la tracci\u00f3n, elongaci\u00f3n y reflectividad, consulte Topps Seal\ufffd Excel.<\/span><\/p>\n<\/div>\n<\/div>\n<p>[\/et_pb_text][\/et_pb_column][et_pb_column type=&#8221;1_2&#8243; _builder_version=&#8221;4.0.9&#8243;][et_pb_text _builder_version=&#8221;4.6.0&#8243; link_font=&#8221;|700|||||||&#8221; background_color=&#8221;#dae5e7&#8243; custom_padding=&#8221;32px|50px|50px|50px||&#8221;]<\/p>\n<h2 class=\"headings\"><span style=\"color: #004d51;\"><strong>preguntas frecuentes<\/strong><\/span><\/h2>\n<p><span style=\"color: #000000;\"><strong>P: \u00bfPor qu\u00e9 usar un revestimiento para techos?<br \/><\/strong><\/span><span style=\"color: #000000;\">R: Los revestimientos para techos como Topps Seal\u00ae son parte de un sistema de mantenimiento para restaurar y prolongar la vida \u00fatil de su techo. Junto con las reparaciones, utilizando la l\u00ednea Topps de materiales de reparaci\u00f3n de techos, se puede restaurar y proteger un techo s\u00f3lido con el sistema de revestimiento Topps. Adem\u00e1s, Topps Seal puede evitar da\u00f1os mayores, mejorar la impermeabilizaci\u00f3n y proporcionar una mejor eficiencia energ\u00e9tica. Topps Seal\u00ae realmente puede proporcionarle una mejor superficie de techo.<\/span><\/p>\n<p><span style=\"color: #000000;\"><strong>P: \u00bfPor qu\u00e9 debo recubrir mi techo en lugar de simplemente reemplazarlo?<br \/><\/strong><\/span><span style=\"color: #000000;\">R: La mayor\u00eda de los problemas de techos comerciales provienen de menos de 10% de la superficie de los techos. Entonces, \u00bfpor qu\u00e9 reemplazar todo el techo? Arregle y repare las \u00e1reas da\u00f1adas con los materiales de reparaci\u00f3n de Topps, cubra toda la superficie con uno de los revestimientos Topps Seal y prolongue la vida \u00fatil de su techo por aproximadamente 1\/3 del costo de uno nuevo.<\/span><\/p>\n<p><span style=\"color: #000000;\"><strong>P: \u00bfRevestir mi techo tiene un impacto en la calificaci\u00f3n ENERGY STAR\u00ae de mi edificio?<br \/><\/strong><\/span><span style=\"color: #000000;\">R: S\u00ed. Pero solo si utiliza un producto como Topps Seal\u00ae que cumple con los estrictos requisitos de ENERGY STAR&#039;S\u00ae. Topps Seal white cumple o supera todas las especificaciones federales de ENERGY STAR\u00ae (nuevo y despu\u00e9s del envejecimiento) por su capacidad comprobada para reducir los costos de enfriamiento en momentos de calor extremo.<\/span><\/p>\n<p>&nbsp;<\/p>\n<h3 class=\"headings\"><strong>Recursos<\/strong><\/h3>\n<ul>\n<li><a title=\"Topps Seal-Tech-Data\" href=\"https:\/\/toppsproducts.com\/wp-content\/uploads\/2020\/09\/Topps-Seal-Tech-Data.pdf\" target=\"_blank\" rel=\"noopener noreferrer\">Datos t\u00e9cnicos<\/a><\/li>\n<li><a title=\"Topps Seal-Dom\u00e9stico-SDS\" href=\"https:\/\/toppsproducts.com\/wp-content\/uploads\/2020\/09\/Topps-Seal-Domestic-SDS.pdf\" target=\"_blank\" rel=\"noopener noreferrer\">Ficha de datos de seguridad (nacional)<\/a><\/li>\n<li><a title=\"Topps Seal-International-SDS\" href=\"https:\/\/toppsproducts.com\/wp-content\/uploads\/2020\/09\/Topps-Seal-International-SDS.pdf\" target=\"_blank\" rel=\"noopener noreferrer\">Ficha de datos de seguridad (internacional)<\/a><\/li>\n<\/ul>\n<p>&nbsp;<\/p>\n<p>[\/et_pb_text][\/et_pb_column][\/et_pb_row][\/et_pb_section][et_pb_section fb_built=\u201d1\u2033 admin_label=\u201dBottom Colums\u201d _builder_version=\u201d4.0.9\u2033 background_color=\u201d#004d51\u2033 custom_padding=\u201d16px||0px|| |\u201d global_module=\u201d1733\u2033][et_pb_row column_structure=\u201d1_4,1_4,1_4,1_4\u2033 _builder_version=\u201d4.0.9\u2033 custom_padding=\u201d||5px|||\u201d][et_pb_column type=\u201d1_4\u2033 _builder_version=\u201d4.0.9 \u2033][et_pb_text _builder_version=\u201d4.0.9\u2033 header_font=\u201d|||on|||||\u201d]<\/p>\n<h3><span style=\"color: #ffffff;\"><strong>CONT\u00c1CTENOS<\/strong><br \/><\/span><\/h3>\n<p>[\/et_pb_text][et_pb_blurb imagen=\u201d<a href=\"https:\/\/toppsproducts.com\/wp-content\/uploads\/2020\/08\/2020-08-01_11-27-39.jpg&#038;#8221\">https:\/\/toppsproducts.com\/wp-content\/uploads\/2020\/08\/2020-08-01_11-27-39.jpg&#038;#8221<\/a>; icon_placement=\u201dizquierda\u201d admin_label=\u201ddirecci\u00f3n\u201d _builder_version=\u201d4.0.9\u2033 body_text_align=\u201dizquierda\u201d body_text_color=\u201d#ffffff\u201d background_layout=\u201doscuro\u201d]<\/p>\n<p><strong><span style=\"color: #ffffff;\">apartado de correos 1632<br \/>Cant\u00f3n, MS. 39046<\/span><\/strong><\/p>\n<p>[\/et_pb_blurb][et_pb_blurb imagen=\u201d<a href=\"https:\/\/toppsproducts.com\/wp-content\/uploads\/2020\/08\/2020-08-01_11-28-29.jpg&#038;#8221\">https:\/\/toppsproducts.com\/wp-content\/uploads\/2020\/08\/2020-08-01_11-28-29.jpg&#038;#8221<\/a>; icon_placement=\u201dizquierda\u201d admin_label=\u201dcorreo electr\u00f3nico de soporte\u201d _builder_version=\u201d4.0.9\u2033 body_text_align=\u201dizquierda\u201d body_text_color=\u201d#ffffff\u201d background_layout=\u201doscuro\u201d]<\/p>\n<p><a href=\"mailto:support@toppsproducts.com\"><strong><span style=\"color: #ffffff;\">support@toppsproducts.com<\/span><\/strong><\/a><\/p>\n<p>[\/et_pb_blurb][et_pb_blurb imagen=\u201d<a href=\"https:\/\/toppsproducts.com\/wp-content\/uploads\/2020\/08\/2020-08-01_11-28-50.jpg&#038;#8221\">https:\/\/toppsproducts.com\/wp-content\/uploads\/2020\/08\/2020-08-01_11-28-50.jpg&#038;#8221<\/a>; icon_placement=\u201dizquierda\u201d admin_label=\u201dtel\u00e9fono\u201d _builder_version=\u201d4.0.9\u2033 body_text_align=\u201dizquierda\u201d body_text_color=\u201d#ffffff\u201d background_layout=\u201doscuro\u201d]<\/p>\n<h5><strong><span style=\"color: #ffffff;\"><a href=\"tel:8008677177\">800-867-7177<\/a><\/span><\/strong><\/h5>\n<p>[\/et_pb_blurb][\/et_pb_column][et_pb_column type=\u201d1_4\u2033 _builder_version=\u201d4.0.9\u2033][et_pb_text _builder_version=\u201d4.0.9\u2033 header_font=\u201d|||on|||||\u201d]<\/p>\n<h3><strong><span style=\"color: #ffffff;\">UBICACIONES<\/span><\/strong><\/h3>\n<p>[\/et_pb_text][et_pb_text _builder_version=\u201d4.0.9\u2033 header_font=\u201d|||en|||||\u201d]<\/p>\n<p><span style=\"color: #ffffff;\"><a style=\"color: #ffffff;\" title=\"Productos Topps EE. UU.\" href=\"https:\/\/toppsproducts.com\/es\/\" target=\"_blank\" rel=\"noopener noreferrer\">Productos Topps-EE. UU.<\/a><\/span><\/p>\n<p><span style=\"color: #ffffff;\"><a style=\"color: #ffffff;\" title=\"Topps Productos ASIA\" href=\"http:\/\/www.toppsproducts.co.th\/\" target=\"_blank\" rel=\"noopener noreferrer\">Topps Productos-Asia<\/a><\/span><\/p>\n<p><a title=\"Topps Productos \u00c1frica\" href=\"https:\/\/www.toppsproductssa.co.za\/\" target=\"_blank\" rel=\"noopener noreferrer\"><span style=\"color: #ffffff;\">Topps Products-\u00c1frica<\/span><\/a><\/p>\n<p><span style=\"color: #ffffff;\"><a style=\"color: #ffffff;\" title=\"Topps Productos Europa\" href=\"https:\/\/www.toppseurope.com\/\" target=\"_blank\" rel=\"noopener noreferrer\">Topps Products-Europa<\/a><\/span><\/p>\n<p><span style=\"color: #ffffff;\"><a style=\"color: #ffffff;\" title=\"Productos Topps Australia\" href=\"https:\/\/toppsproducts.com.au\/\" target=\"_blank\" rel=\"noopener noreferrer\">Topps Products-Australia<\/a><\/span><\/p>\n<p>&nbsp;<\/p>\n<p>[\/et_pb_text][\/et_pb_column][et_pb_column type=\u201d1_4\u2033 _builder_version=\u201d4.0.9\u2033][et_pb_text _builder_version=\u201d4.0.9\u2033 header_font=\u201d|||on|||||\u201d]<\/p>\n<h3><span style=\"color: #ffffff;\"><strong>PRODUCTOS<\/strong><\/span><\/h3>\n<p>[\/et_pb_text][et_pb_text _builder_version=\u201d4.0.9\u2033 header_font=\u201d|||en|||||\u201d]<\/p>\n<p><span style=\"color: #ffffff;\"><a style=\"color: #ffffff;\" title=\"Productos de reparaci\u00f3n de techos\" href=\"https:\/\/toppsproducts.com\/es\/products\/roof-repair-sealant-compounds\/\" target=\"_blank\" rel=\"noopener noreferrer\">Productos de reparaci\u00f3n de techos<\/a><br \/><\/span><\/p>\n<p><span style=\"color: #ffffff;\"><a style=\"color: #ffffff;\" title=\"Sistemas de mantenimiento de techos\" href=\"https:\/\/toppsproducts.com\/es\/products\/roof-maintenance-systems\/\" target=\"_blank\" rel=\"noopener noreferrer\">Sistemas de mantenimiento de techos<\/a><br \/><\/span><\/p>\n<p><span style=\"color: #ffffff;\"><a style=\"color: #ffffff;\" title=\"Selladores y revestimientos para techos\" href=\"https:\/\/toppsproducts.com\/es\/products\/roof-sealants-and-coatings\/\" target=\"_blank\" rel=\"noopener noreferrer\">Selladores y revestimientos para techos<\/a><br \/><\/span><\/p>\n<p><span style=\"color: #ffffff;\"><a style=\"color: #ffffff;\" title=\"Selladores de mamposter\u00eda y productos especiales\" href=\"https:\/\/toppsproducts.com\/es\/products\/masonry-sealers-and-specialty-products\/\" target=\"_blank\" rel=\"noopener noreferrer\">Selladores de mamposter\u00eda y productos especiales<\/a><\/span><\/p>\n<p><span style=\"color: #000000;\"><a style=\"color: #000000;\" href=\"https:\/\/toppsproducts.com\/es\/products\/rvs-mobile-homes-trailers\/\" target=\"_blank\" rel=\"noopener noreferrer\"><span style=\"color: #ffffff;\">RV Casas m\u00f3viles y remolques<\/span><br \/><\/a><\/span><br \/><span style=\"color: #000000;\">\u00a0<\/span><\/p>\n<p>&nbsp;<\/p>\n<p>[\/et_pb_text][\/et_pb_column][et_pb_column type=\u201d1_4\u2033 _builder_version=\u201d4.0.9\u2033][et_pb_text _builder_version=\u201d4.0.9\u2033 header_font=\u201d|||on|||||\u201d]<\/p>\n<h3><strong><span style=\"color: #ffffff;\">CON\u00c9CTATE CON NOSOTROS<br \/><\/span><\/strong><\/h3>\n<p>[\/et_pb_text][et_pb_button button_url=\u201d<a href=\"https:\/\/toppsproducts.com\/es\/contact\/&\/#038;#8221\">https:\/\/toppsproducts.com\/contact\/&#038;#8221<\/a>; button_text=&#8221;CONTACT US&#8221; button_alignment=&#8221;left&#8221; _builder_version=&#8221;4.0.9&#8243; custom_button=&#8221;on&#8221; button_text_size=&#8221;16px&#8221; button_text_color=&#8221;#ffffff&#8221; button_bg_color=&#8221;#0da0c5&#8243; button_border_color=&#8221;#0da0c5&#8243; button_font=&#8221;|700|||||||&#8221; button_icon=&#8221;%%28%%&#8221; background_layout=&#8221;dark&#8221;][\/et_pb_button][et_pb_text _builder_version=&#8221;4.0.9&#8243; header_font=&#8221;|||on|||||&#8221;]<\/p>\n<h3><span style=\"color: #ffffff;\"><strong>MEDIOS DE COMUNICACI\u00d3N SOCIAL<\/strong><br \/><\/span><\/h3>\n<p>&nbsp;<\/p>\n<p><a title=\"Topps Producto Facebook\" href=\"https:\/\/www.facebook.com\/toppsproducts\" target=\"_blank\" rel=\"noopener noreferrer\"><img data-recalc-dims=\"1\" decoding=\"async\" class=\"wp-image-1594 alignnone size-full\" src=\"https:\/\/i0.wp.com\/toppsproducts.com\/wp-content\/uploads\/2020\/08\/topps-products-facebook.png?resize=30%2C30&#038;ssl=1\" alt=\"\" width=\"30\" height=\"30\" \/><\/a> \u00a0 <a title=\"Topps Producto Instagram\" href=\"https:\/\/www.instagram.com\/toppsproducts\/\" target=\"_blank\" rel=\"noopener noreferrer\"><img data-recalc-dims=\"1\" decoding=\"async\" class=\"wp-image-1597 alignnone size-full\" src=\"https:\/\/i0.wp.com\/toppsproducts.com\/wp-content\/uploads\/2020\/08\/topps-products-instagram.png?resize=30%2C30&#038;ssl=1\" alt=\"\" width=\"30\" height=\"30\" \/><\/a> \u00a0 <a title=\"Topps Productos Gorjeo\" href=\"https:\/\/twitter.com\/toppsproducts\" target=\"_blank\" rel=\"noopener noreferrer\"><img data-recalc-dims=\"1\" decoding=\"async\" class=\"wp-image-1601 alignnone size-full\" src=\"https:\/\/i0.wp.com\/toppsproducts.com\/wp-content\/uploads\/2020\/08\/topps-products-twitter.png?resize=30%2C30&#038;ssl=1\" alt=\"\" width=\"30\" height=\"30\" \/><\/a> \u00a0 <a title=\"Canal de You Tube de Topp Products\" href=\"https:\/\/www.youtube.com\/user\/toppsproducts\" target=\"_blank\" rel=\"noopener noreferrer\"><img data-recalc-dims=\"1\" loading=\"lazy\" decoding=\"async\" class=\"wp-image-1605 alignnone size-full\" src=\"https:\/\/i0.wp.com\/toppsproducts.com\/wp-content\/uploads\/2020\/08\/topps-products-you-tube.png?resize=30%2C30&#038;ssl=1\" alt=\"\" width=\"30\" height=\"30\" \/><\/a> \u00a0\u00a0<img data-recalc-dims=\"1\" loading=\"lazy\" decoding=\"async\" class=\"wp-image-1609 alignnone size-full\" src=\"https:\/\/i0.wp.com\/toppsproducts.com\/wp-content\/uploads\/2020\/08\/topp-products-linked-in-1.png?resize=30%2C30&#038;ssl=1\" alt=\"\" width=\"30\" height=\"30\" \/><\/p>\n<p>[\/et_pb_text][\/et_pb_column][\/et_pb_row][\/et_pb_section][et_pb_section fb_built=\u201d1\u2033 admin_label=\u201dPie de p\u00e1gina\u201d _builder_version=\u201d4.0.9\u2033 background_color=\u201d#424242\u2033 custom_padding=\u201d7px||0px||| \u201d global_module=\u201d1734\u2033][et_pb_row column_structure=\u201d3_5,2_5\u2033 _builder_version=\u201d4.0.9\u2033 custom_padding=\u201d13px||18px|||\u201d][et_pb_column type=\u201d3_5\u2033 _builder_version=\u201d4.0.9\u2033][ et_pb_text _builder_version=\u201d4.0.9\u2033]<\/p>\n<p>&nbsp;<\/p>\n<p class=\"footer-bottom__copyright\"><span style=\"color: #ffffff;\">\u00a9 2020 Topps Products, Inc. Todos los derechos reservados. | <a style=\"color: #ffffff;\" href=\"https:\/\/toppsproducts.com\/es\/sitemap\/\">mapa del sitio<\/a> | Impulsado y dise\u00f1ado por: <\/span><a href=\"http:\/\/www.digitalsouthmediagroup.com\"><span style=\"color: #ffffff;\">Grupo de medios del sur digital<\/span><\/a><\/p>\n<p>[\/et_pb_text][\/et_pb_column][et_pb_column type=\u201d2_5\u2033 _builder_version=\u201d4.0.9\u2033][et_pb_image src=\u201d<a href=\"https:\/\/toppsproducts.com\/wp-content\/uploads\/2020\/08\/cc-logos-white-300&#215;73.png&#038;#8221\">https:\/\/toppsproducts.com\/wp-content\/uploads\/2020\/08\/cc-logos-white-300&#215;73.png&#038;#8221<\/a>; _builder_version=\u201d4.0.9\u2033][\/et_pb_image][\/et_pb_column][\/et_pb_row][\/et_pb_section]<\/p>","protected":false},"excerpt":{"rendered":"<p>TOPPS SEAL\u00ae The High Performance Protective Roof Coating Reference # 12 &nbsp; \u00a0 &nbsp; \u00a0 DESCRIPTIONWhen sealing a commercial or industrial roof, look no further than Topps Seal\u00ae for the best protection available. Topps Seal\u00ae is the flagship of the Topps\u00ae protective roof maintenance coating line, utilizing the Topps\u2019 exclusively formulated 100% synthetic thermoplastic technology. [&hellip;]<\/p>","protected":false},"author":0,"featured_media":0,"parent":54,"menu_order":1,"comment_status":"closed","ping_status":"closed","template":"","meta":{"_et_pb_use_builder":"on","_et_pb_old_content":"","_et_gb_content_width":"","_crdt_document":"","footnotes":""},"class_list":["post-2236","page","type-page","status-publish","hentry"],"aioseo_notices":[],"jetpack_sharing_enabled":true,"_links":{"self":[{"href":"https:\/\/toppsproducts.com\/es\/wp-json\/wp\/v2\/pages\/2236","targetHints":{"allow":["GET"]}}],"collection":[{"href":"https:\/\/toppsproducts.com\/es\/wp-json\/wp\/v2\/pages"}],"about":[{"href":"https:\/\/toppsproducts.com\/es\/wp-json\/wp\/v2\/types\/page"}],"replies":[{"embeddable":true,"href":"https:\/\/toppsproducts.com\/es\/wp-json\/wp\/v2\/comments?post=2236"}],"version-history":[{"count":5,"href":"https:\/\/toppsproducts.com\/es\/wp-json\/wp\/v2\/pages\/2236\/revisions"}],"predecessor-version":[{"id":2432,"href":"https:\/\/toppsproducts.com\/es\/wp-json\/wp\/v2\/pages\/2236\/revisions\/2432"}],"up":[{"embeddable":true,"href":"https:\/\/toppsproducts.com\/es\/wp-json\/wp\/v2\/pages\/54"}],"wp:attachment":[{"href":"https:\/\/toppsproducts.com\/es\/wp-json\/wp\/v2\/media?parent=2236"}],"curies":[{"name":"wp","href":"https:\/\/api.w.org\/{rel}","templated":true}]}}