{"id":2209,"date":"2020-09-02T02:08:48","date_gmt":"2020-09-02T02:08:48","guid":{"rendered":"http:\/\/toppsproducts.com\/?page_id=2209"},"modified":"2022-02-04T20:18:45","modified_gmt":"2022-02-05T01:18:45","slug":"polycore","status":"publish","type":"page","link":"https:\/\/toppsproducts.com\/es\/products\/roof-repair-products\/polycore\/","title":{"rendered":"PolyCore\u2122"},"content":{"rendered":"<p>[et_pb_section fb_built=&#8221;1&#8243; fullwidth=&#8221;on&#8221; _builder_version=&#8221;4.6.0&#8243; _module_preset=&#8221;default&#8221; global_colors_info=&#8221;{}&#8221;][et_pb_fullwidth_header title=&#8221;POLYCORE\u2122&#8221; _builder_version=&#8221;4.6.0&#8243; _module_preset=&#8221;default&#8221; title_font=&#8221;|700|||||||&#8221; title_text_color=&#8221;#ffffff&#8221; background_enable_color=&#8221;off&#8221; background_image=&#8221;<a href=\"https:\/\/toppsproducts.com\/wp-content\/uploads\/2020\/08\/header-background.jpg&#038;#8221\">https:\/\/toppsproducts.com\/wp-content\/uploads\/2020\/08\/header-background.jpg&#038;#8221<\/a>; title_text_shadow_style=&#8221;preset2&#8243; title_text_shadow_color=&#8221;#000000&#8243; global_colors_info=&#8221;{}&#8221;][\/et_pb_fullwidth_header][\/et_pb_section][et_pb_section fb_built=&#8221;1&#8243; _builder_version=&#8221;4.0.9&#8243; global_colors_info=&#8221;{}&#8221;][et_pb_row column_structure=&#8221;1_2,1_2&#8243; _builder_version=&#8221;4.0.9&#8243; global_colors_info=&#8221;{}&#8221;][et_pb_column type=&#8221;1_2&#8243; _builder_version=&#8221;4.0.9&#8243; global_colors_info=&#8221;{}&#8221;][et_pb_text _builder_version=&#8221;4.6.0&#8243; custom_margin=&#8221;||-3px|||&#8221; global_colors_info=&#8221;{}&#8221;]<\/p>\n<div class=\"row column\" data-finder-type=\"Web App\" data-finder-name=\"Page Control\" data-finder-id=\"4690453\">\n<h1><span style=\"color: #004d51;\"><strong>POLYCORE\u2122<\/strong><\/span><\/h1>\n<\/div>\n<div class=\"product-info__title\">\n<p class=\"subheader\"><strong><span style=\"color: #000000;\">Membrana de refuerzo de techo<\/span><\/strong><\/p>\n<\/div>\n<p><strong><span class=\"product-info__reference\" style=\"color: #000000;\">Referencia # 5<\/span><\/strong><\/p>\n<p>&nbsp;<\/p>\n<div class=\"product-info__title\">\n<h2 class=\"subheader\"><span style=\"color: #004d51;\"><strong>\u00a0<\/strong><\/span><\/h2>\n<p>&nbsp;<\/p>\n<\/div>\n<p>[\/et_pb_text][et_pb_image src=&#8221;<a href=\"https:\/\/toppsproducts.com\/wp-content\/uploads\/2020\/09\/PolyCore-600.jpg&#038;#8221\">https:\/\/toppsproducts.com\/wp-content\/uploads\/2020\/09\/PolyCore-600.jpg&#038;#8221<\/a>; title_text=&#8221;PolyCore 600&#8243; _builder_version=&#8221;4.6.0&#8243; global_colors_info=&#8221;{}&#8221;][\/et_pb_image][\/et_pb_column][et_pb_column type=&#8221;1_2&#8243; _builder_version=&#8221;4.0.9&#8243; global_colors_info=&#8221;{}&#8221;][et_pb_text _builder_version=&#8221;4.6.0&#8243; global_colors_info=&#8221;{}&#8221;]<\/p>\n<div class=\"product-info__price\">\n<h2><\/h2>\n<\/div>\n<h2>\u00a0<\/h2>\n<h2 class=\"headings\"><span style=\"color: #004d51;\"><strong>DESCRIPCI\u00d3N<\/strong><\/span><\/h2>\n<p>[\/et_pb_text][et_pb_divider _builder_version=&#8221;4.0.9&#8243; global_colors_info=&#8221;{}&#8221;][\/et_pb_divider][et_pb_text _builder_version=&#8221;4.6.0&#8243; global_colors_info=&#8221;{}&#8221;]<\/p>\n<p><span style=\"color: #000000;\">La membrana de refuerzo de poli\u00e9ster 100% cosido PolyCore\u2122 hace que cada reparaci\u00f3n sea m\u00e1s fuerte. La urdimbre espaciada con precisi\u00f3n en el material proporciona canales integrados para que el caucho l\u00edquido fluya, entrelazando y aumentando a\u00fan m\u00e1s la integridad dimensional. PolyCore II\u2122, con su perfil m\u00e1s plano, permite una encapsulaci\u00f3n completa con menos recubrimiento.<\/span><\/p>\n<p><span style=\"color: #000000;\">Esta tela de refuerzo es la membrana principal para agregar resistencia a las \u00e1reas y reparaciones cr\u00edticas del techo.<\/span><\/p>\n<ul>\n<li><span style=\"color: #000000;\">Fuerza multidireccional excepcional<\/span><\/li>\n<li><span style=\"color: #000000;\">Propiedades superiores de elongaci\u00f3n<\/span><\/li>\n<li><span style=\"color: #000000;\">Agrega fuerza a las \u00e1reas cr\u00edticas del techo donde se realizan las reparaciones<\/span><span style=\"color: #000000;\"><\/span><\/li>\n<\/ul>\n<p><strong>Variaciones:<\/strong><span style=\"color: #000000;\"><\/span><\/p>\n<p><span style=\"color: #000000;\">Se utiliza PolyCore\u2122 de 4\u2033 para las costuras.\u00a0<\/span><br \/><span style=\"color: #000000;\">Se utiliza PolyCore\u2122 de 6\u2033 para tapajuntas.\u00a0<\/span><br \/><span style=\"color: #000000;\">Los rollos de 40\u2033 de PolyCore\u2122 se utilizan para tapar de manera eficiente secciones m\u00e1s grandes, incluidos techos completos.<\/span><\/p>\n<p>[\/et_pb_text][et_pb_button button_url=\u201d<a href=\"https:\/\/toppsproducts.myshopify.com\/collections\/roof-repair-products\/products\/polycore%E2%84%A2-roof-reinforcing-membrane&#038;#8221\" rel=\"nofollow\">https:\/\/toppsproducts.myshopify.com\/collections\/roof-repair-products\/products\/polycore%E2%84%A2-roof-reinforcing-membrane&#038;#8221<\/a>; url_new_window=&#8221;on&#8221; button_text=&#8221;BUY NOW&#8221; _builder_version=&#8221;4.6.1&#8243; custom_button=&#8221;on&#8221; button_text_color=&#8221;#ffffff&#8221; button_bg_color=&#8221;#0da0c5&#8243; button_border_color=&#8221;#0da0c5&#8243; button_font=&#8221;|700|||||||&#8221; global_colors_info=&#8221;{}&#8221;][\/et_pb_button][\/et_pb_column][\/et_pb_row][\/et_pb_section][et_pb_section fb_built=&#8221;1&#8243; _builder_version=&#8221;4.0.9&#8243; background_color=&#8221;#d6d6d6&#8243; global_colors_info=&#8221;{}&#8221;][et_pb_row column_structure=&#8221;1_2,1_2&#8243; _builder_version=&#8221;4.0.9&#8243; background_color=&#8221;#ffffff&#8221; custom_padding=&#8221;|75px||75px||&#8221; global_colors_info=&#8221;{}&#8221;][et_pb_column type=&#8221;1_2&#8243; _builder_version=&#8221;4.0.9&#8243; global_colors_info=&#8221;{}&#8221;][et_pb_text _builder_version=&#8221;4.6.0&#8243; text_text_color=&#8221;#ffffff&#8221; header_text_color=&#8221;#ffffff&#8221; background_color=&#8221;#004d51&#8243; custom_padding=&#8221;32px|50px|50px|50px||&#8221; global_colors_info=&#8221;{}&#8221;]<\/p>\n<h2 class=\"headings\"><span style=\"color: #ffffff;\"><strong>Especificaciones<\/strong><\/span><\/h2>\n<table class=\"product-table\">\n<tbody>\n<tr>\n<td width=\"208\">\n<p>&nbsp;<\/p>\n<\/td>\n<td width=\"208\">\n<p><span style=\"color: #ffffff;\">PolyCore\u2122<\/span><\/p>\n<\/td>\n<td width=\"208\">\n<p><span style=\"color: #ffffff;\">PolyCore\u00ae II\u2122<\/span><\/p>\n<\/td>\n<\/tr>\n<tr>\n<td width=\"208\">\n<p><span style=\"color: #ffffff;\">Peso<\/span><\/p>\n<\/td>\n<td width=\"208\">\n<p><span style=\"color: #ffffff;\">2 libras\/100 pies<sup>2<\/sup><\/span><\/p>\n<\/td>\n<td width=\"208\">\n<p><span style=\"color: #ffffff;\">&lt;2 libras 100 pies<sup>2<\/sup><\/span><\/p>\n<\/td>\n<\/tr>\n<tr>\n<td width=\"208\">\n<p><span style=\"color: #ffffff;\">Resistencia a la tracci\u00f3n (m\u00edn.)<\/span><\/p>\n<\/td>\n<td width=\"208\">\n<p><span style=\"color: #ffffff;\">55 libras<\/span><\/p>\n<\/td>\n<td width=\"208\">\n<p><span style=\"color: #ffffff;\">75 libras<\/span><\/p>\n<\/td>\n<\/tr>\n<tr>\n<td width=\"208\">\n<p><span style=\"color: #ffffff;\">Elongaci\u00f3n (m\u00edn.)<\/span><\/p>\n<\/td>\n<td width=\"208\">\n<p><span style=\"color: #ffffff;\">60%<\/span><\/p>\n<\/td>\n<td width=\"208\">\n<p><span style=\"color: #ffffff;\">40%<\/span><\/p>\n<\/td>\n<\/tr>\n<tr>\n<td width=\"208\">\n<p><span style=\"color: #ffffff;\">estallido de mullin<\/span><\/p>\n<\/td>\n<td width=\"208\">\n<p><span style=\"color: #ffffff;\">175 libras<\/span><\/p>\n<\/td>\n<td width=\"208\">\n<p><span style=\"color: #ffffff;\">105 libras<\/span><\/p>\n<\/td>\n<\/tr>\n<tr>\n<td width=\"208\">\n<p><span style=\"color: #ffffff;\">Desgarro trapezoidal<\/span><\/p>\n<\/td>\n<td width=\"208\">\n<p><span style=\"color: #ffffff;\">16 libras<\/span><\/p>\n<\/td>\n<td width=\"208\">\n<p><span style=\"color: #ffffff;\">13 libras<\/span><\/p>\n<\/td>\n<\/tr>\n<tr>\n<td width=\"208\">\n<p><span style=\"color: #ffffff;\">Tama\u00f1os de rollo<\/span><\/p>\n<\/td>\n<td width=\"208\">\n<p><span style=\"color: #ffffff;\">4\u201d x 300&#039;<\/span><br \/><span style=\"color: #ffffff;\">6\u201d x 300&#039;<\/span><br \/><span style=\"color: #ffffff;\">40\u201d x 324&#039;*<\/span><\/p>\n<\/td>\n<td width=\"208\">\n<p><span style=\"color: #ffffff;\">42\u201d x 300&#039;**<\/span><\/p>\n<\/td>\n<\/tr>\n<\/tbody>\n<\/table>\n<p><span style=\"color: #ffffff;\">* Rinde 10.8 cuadrados despu\u00e9s de una superposici\u00f3n de 4\u2033 <\/span><br \/><span style=\"color: #ffffff;\">** Rinde 9 cuadrados despu\u00e9s de una superposici\u00f3n de 6\u2033<\/span><\/p>\n<p>[\/et_pb_text][\/et_pb_column][et_pb_column type=&#8221;1_2&#8243; _builder_version=&#8221;4.0.9&#8243; global_colors_info=&#8221;{}&#8221;][et_pb_text _builder_version=&#8221;4.6.0&#8243; link_font=&#8221;|700|||||||&#8221; background_color=&#8221;#dae5e7&#8243; custom_padding=&#8221;32px|50px|50px|50px||&#8221; global_colors_info=&#8221;{}&#8221;]<\/p>\n<h2 class=\"headings\"><span style=\"color: #004d51;\"><strong>preguntas frecuentes<\/strong><\/span><\/h2>\n<p><span style=\"color: #000000;\"><strong>P: \u00bfQu\u00e9 productos son <\/strong><strong>\u00bfPolyCore\u2122 compatible con?<br \/><\/strong><\/span><span style=\"color: #000000;\">R: PolyCore\u2122 se puede usar junto con los cementos Polyprene\u00ae o Seam\/RivetGuard\u2122, o los revestimientos Topps Seal\u00ae para \u00e1reas seccionales m\u00e1s grandes.<\/span><br \/><span style=\"color: #000000;\"><strong><br \/>P: \u00bfPor qu\u00e9 necesitar\u00eda una membrana de refuerzo para la reparaci\u00f3n de mi techo?<\/strong><\/span><span style=\"color: #000000;\"><br \/>R: Incluso los recubrimientos y selladores de uniones de la m\u00e1s alta calidad solo pueden funcionar en un espacio de cierto ancho. Necesitan material s\u00f3lido para sostener sin espacio de m\u00e1s de 1\/16\u201d. PolyCore\u2122 crea el material de refuerzo necesario para que los selladores se adhieran y cierren los espacios en las uniones lager.<\/span><\/p>\n<p><span style=\"color: #000000;\"><strong>P: \u00bfEn qu\u00e9 tama\u00f1o de rollos viene PolyCore\u2122?<br \/><\/strong><\/span><span style=\"color: #000000;\">R: Puede comprar PolyCore\u2122 en rollos de 4\u201d x 300&#039;, 6\u201d x 300&#039; o 40\u201d x 324&#039;. Y puede comprar PolyCore II\u2122 en rollos de 42\u201d x 300&#039;.<\/span><\/p>\n<h3>\u00a0<\/h3>\n<h3 class=\"headings\"><strong>Recursos<\/strong><\/h3>\n<ul>\n<li><a title=\"Polycore-Tech-Data\" href=\"https:\/\/toppsproducts.com\/wp-content\/uploads\/2020\/09\/PolyCore-Tech-Data.pdf\" target=\"_blank\" rel=\"noopener noreferrer\">Datos t\u00e9cnicos<\/a><\/li>\n<li><a title=\"Polycore-Dom\u00e9stico-SDS\" href=\"https:\/\/toppsproducts.com\/wp-content\/uploads\/2020\/09\/PolyCore-Domestic-SDS.pdf\" target=\"_blank\" rel=\"noopener noreferrer\">Ficha de datos de seguridad (nacional)<\/a><\/li>\n<li><a title=\"Polycore-International-SDS\" href=\"https:\/\/toppsproducts.com\/wp-content\/uploads\/2020\/09\/PolyCore-International-SDS.pdf\" target=\"_blank\" rel=\"noopener noreferrer\">Ficha de datos de seguridad (internacional)<\/a><\/li>\n<\/ul>\n<p>&nbsp;<\/p>\n<p>[\/et_pb_text][\/et_pb_column][\/et_pb_row][\/et_pb_section][et_pb_section fb_built=&#8221;1&#8243; admin_label=&#8221;Bottom Colums&#8221; _builder_version=&#8221;4.0.9&#8243; background_color=&#8221;#004d51&#8243; custom_padding=&#8221;16px||0px|||&#8221; global_module=&#8221;1733&#8243; saved_tabs=&#8221;all&#8221; global_colors_info=&#8221;{}&#8221;][et_pb_row column_structure=&#8221;1_4,1_4,1_4,1_4&#8243; _builder_version=&#8221;4.0.9&#8243; custom_padding=&#8221;||5px|||&#8221; global_colors_info=&#8221;{}&#8221;][et_pb_column type=&#8221;1_4&#8243; _builder_version=&#8221;4.0.9&#8243; global_colors_info=&#8221;{}&#8221;][et_pb_text _builder_version=&#8221;4.0.9&#8243; header_font=&#8221;|||on|||||&#8221; global_colors_info=&#8221;{}&#8221;]<\/p>\n<h3><span style=\"color: #ffffff;\"><strong>CONT\u00c1CTENOS<\/strong><br \/><\/span><\/h3>\n<p>[\/et_pb_text][et_pb_blurb imagen=\u201d<a href=\"https:\/\/toppsproducts.com\/wp-content\/uploads\/2020\/08\/2020-08-01_11-27-39.jpg&#038;#8221\">https:\/\/toppsproducts.com\/wp-content\/uploads\/2020\/08\/2020-08-01_11-27-39.jpg&#038;#8221<\/a>; icon_placement=\u201dizquierda\u201d admin_label=\u201ddirecci\u00f3n\u201d _builder_version=\u201d4.0.9\u2033 body_text_align=\u201dizquierda\u201d body_text_color=\u201d#ffffff\u201d background_layout=\u201doscuro\u201d global_colors_info=\u201d{}\u201d]<\/p>\n<p><strong><span style=\"color: #ffffff;\">apartado de correos 1632<br \/>Cant\u00f3n, MS. 39046<\/span><\/strong><\/p>\n<p>[\/et_pb_blurb][et_pb_blurb imagen=\u201d<a href=\"https:\/\/toppsproducts.com\/wp-content\/uploads\/2020\/08\/2020-08-01_11-28-29.jpg&#038;#8221\">https:\/\/toppsproducts.com\/wp-content\/uploads\/2020\/08\/2020-08-01_11-28-29.jpg&#038;#8221<\/a>; icon_placement=\u201dizquierda\u201d admin_label=\u201dcorreo electr\u00f3nico de soporte\u201d _builder_version=\u201d4.0.9\u2033 body_text_align=\u201dizquierda\u201d body_text_color=\u201d#ffffff\u201d background_layout=\u201doscuro\u201d global_colors_info=\u201d{}\u201d]<\/p>\n<p><a href=\"mailto:support@toppsproducts.com\"><strong><span style=\"color: #ffffff;\">support@toppsproducts.com<\/span><\/strong><\/a><\/p>\n<p>[\/et_pb_blurb][et_pb_blurb imagen=\u201d<a href=\"https:\/\/toppsproducts.com\/wp-content\/uploads\/2020\/08\/2020-08-01_11-28-50.jpg&#038;#8221\">https:\/\/toppsproducts.com\/wp-content\/uploads\/2020\/08\/2020-08-01_11-28-50.jpg&#038;#8221<\/a>; icon_placement=\u201dizquierda\u201d admin_label=\u201dtel\u00e9fono\u201d _builder_version=\u201d4.0.9\u2033 body_text_align=\u201dizquierda\u201d body_text_color=\u201d#ffffff\u201d background_layout=\u201doscuro\u201d global_colors_info=\u201d{}\u201d]<\/p>\n<h5><strong><span style=\"color: #ffffff;\"><a href=\"tel:8008677177\">800-867-7177<\/a><\/span><\/strong><\/h5>\n<p>[\/et_pb_blurb][\/et_pb_column][et_pb_column type=\u201d1_4\u2033 _builder_version=\u201d4.0.9\u2033 global_colors_info=\u201d{}\u201d][et_pb_text _builder_version=\u201d4.0.9\u2033 header_font=\u201d|||on||||| \u201d global_colors_info=\u201d{}\u201d]<\/p>\n<h3><strong><span style=\"color: #ffffff;\">UBICACIONES<\/span><\/strong><\/h3>\n<p>[\/et_pb_text][et_pb_text _builder_version=\u201d4.0.9\u2033 header_font=\u201d|||en|||||\u201d global_colors_info=\u201d{}\u201d]<\/p>\n<p><span style=\"color: #ffffff;\"><a style=\"color: #ffffff;\" title=\"Productos Topps EE. UU.\" href=\"https:\/\/toppsproducts.com\/es\/\" target=\"_blank\" rel=\"noopener noreferrer\">Productos Topps-EE. UU.<\/a><\/span><\/p>\n<p><span style=\"color: #ffffff;\"><a style=\"color: #ffffff;\" title=\"Topps Productos ASIA\" href=\"http:\/\/www.toppsproducts.co.th\/\" target=\"_blank\" rel=\"noopener noreferrer\">Topps Productos-Asia<\/a><\/span><\/p>\n<p><a title=\"Topps Productos \u00c1frica\" href=\"https:\/\/www.toppsproductssa.co.za\/\" target=\"_blank\" rel=\"noopener noreferrer\"><span style=\"color: #ffffff;\">Topps Products-\u00c1frica<\/span><\/a><\/p>\n<p><span style=\"color: #ffffff;\"><a style=\"color: #ffffff;\" title=\"Topps Productos Europa\" href=\"https:\/\/www.toppseurope.com\/\" target=\"_blank\" rel=\"noopener noreferrer\">Topps Products-Europa<\/a><\/span><\/p>\n<p><span style=\"color: #ffffff;\"><a style=\"color: #ffffff;\" title=\"Productos Topps Australia\" href=\"https:\/\/toppsproducts.com.au\/\" target=\"_blank\" rel=\"noopener noreferrer\">Topps Products-Australia<\/a><\/span><\/p>\n<p>&nbsp;<\/p>\n<p>[\/et_pb_text][\/et_pb_column][et_pb_column type=\u201d1_4\u2033 _builder_version=\u201d4.0.9\u2033 global_colors_info=\u201d{}\u201d][et_pb_text _builder_version=\u201d4.0.9\u2033 header_font=\u201d|||en||||| \u201d global_colors_info=\u201d{}\u201d]<\/p>\n<h3><span style=\"color: #ffffff;\"><strong>PRODUCTOS<\/strong><\/span><\/h3>\n<p>[\/et_pb_text][et_pb_text _builder_version=\u201d4.6.6\u2033 header_font=\u201d|||en|||||\u201d global_colors_info=\u201d{}\u201d]<\/p>\n<p><span style=\"color: #ffffff;\"><a style=\"color: #ffffff;\" title=\"Productos de reparaci\u00f3n de techos\" href=\"https:\/\/toppsproducts.com\/es\/products\/roof-repair-products\/\" target=\"_blank\" rel=\"noopener noreferrer\">Productos de reparaci\u00f3n de techos<\/a><br \/><\/span><\/p>\n<p><span style=\"color: #ffffff;\"><a style=\"color: #ffffff;\" title=\"Sistemas de mantenimiento de techos\" href=\"https:\/\/toppsproducts.com\/es\/products\/roof-maintenance-systems\/\" target=\"_blank\" rel=\"noopener noreferrer\">Sistemas de mantenimiento de techos<\/a><br \/><\/span><\/p>\n<p><span style=\"color: #ffffff;\"><a style=\"color: #ffffff;\" title=\"Selladores y revestimientos para techos\" href=\"https:\/\/toppsproducts.com\/es\/products\/roof-sealants-and-coatings\/\" target=\"_blank\" rel=\"noopener noreferrer\">Selladores y revestimientos para techos<\/a><br \/><\/span><\/p>\n<p>&nbsp;<\/p>\n<p>[\/et_pb_text][\/et_pb_column][et_pb_column type=\u201d1_4\u2033 _builder_version=\u201d4.0.9\u2033 global_colors_info=\u201d{}\u201d][et_pb_text _builder_version=\u201d4.0.9\u2033 header_font=\u201d|||en||||| \u201d global_colors_info=\u201d{}\u201d]<\/p>\n<h3><strong><span style=\"color: #ffffff;\">CON\u00c9CTATE CON NOSOTROS<br \/><\/span><\/strong><\/h3>\n<p>[\/et_pb_text][et_pb_button button_url=\u201d<a href=\"https:\/\/toppsproducts.com\/es\/contact\/&\/#038;#8221\">https:\/\/toppsproducts.com\/contact\/&#038;#8221<\/a>; button_text=&#8221;CONTACT US&#8221; button_alignment=&#8221;left&#8221; _builder_version=&#8221;4.0.9&#8243; custom_button=&#8221;on&#8221; button_text_size=&#8221;16px&#8221; button_text_color=&#8221;#ffffff&#8221; button_bg_color=&#8221;#0da0c5&#8243; button_border_color=&#8221;#0da0c5&#8243; button_font=&#8221;|700|||||||&#8221; button_icon=&#8221;%%28%%&#8221; background_layout=&#8221;dark&#8221; global_colors_info=&#8221;{}&#8221;][\/et_pb_button][et_pb_text _builder_version=&#8221;4.0.9&#8243; header_font=&#8221;|||on|||||&#8221; global_colors_info=&#8221;{}&#8221;]<\/p>\n<h3><span style=\"color: #ffffff;\"><strong>MEDIOS DE COMUNICACI\u00d3N SOCIAL<\/strong><br \/><\/span><\/h3>\n<p>&nbsp;<\/p>\n<p><a title=\"Topps Producto Facebook\" href=\"https:\/\/www.facebook.com\/toppsproducts\" target=\"_blank\" rel=\"noopener noreferrer\"><img data-recalc-dims=\"1\" decoding=\"async\" class=\"wp-image-1594 alignnone size-full\" src=\"https:\/\/i0.wp.com\/toppsproducts.com\/wp-content\/uploads\/2020\/08\/topps-products-facebook.png?resize=30%2C30&#038;ssl=1\" alt=\"\" width=\"30\" height=\"30\" \/><\/a> \u00a0 <a title=\"Topps Producto Instagram\" href=\"https:\/\/www.instagram.com\/toppsproducts\/\" target=\"_blank\" rel=\"noopener noreferrer\"><img data-recalc-dims=\"1\" decoding=\"async\" class=\"wp-image-1597 alignnone size-full\" src=\"https:\/\/i0.wp.com\/toppsproducts.com\/wp-content\/uploads\/2020\/08\/topps-products-instagram.png?resize=30%2C30&#038;ssl=1\" alt=\"\" width=\"30\" height=\"30\" \/><\/a> \u00a0 <a title=\"Topps Productos Gorjeo\" href=\"https:\/\/twitter.com\/toppsproducts\" target=\"_blank\" rel=\"noopener noreferrer\"><img data-recalc-dims=\"1\" decoding=\"async\" class=\"wp-image-1601 alignnone size-full\" src=\"https:\/\/i0.wp.com\/toppsproducts.com\/wp-content\/uploads\/2020\/08\/topps-products-twitter.png?resize=30%2C30&#038;ssl=1\" alt=\"\" width=\"30\" height=\"30\" \/><\/a> \u00a0 <a title=\"Canal de You Tube de Topp Products\" href=\"https:\/\/www.youtube.com\/user\/toppsproducts\" target=\"_blank\" rel=\"noopener noreferrer\"><img data-recalc-dims=\"1\" loading=\"lazy\" decoding=\"async\" class=\"wp-image-1605 alignnone size-full\" src=\"https:\/\/i0.wp.com\/toppsproducts.com\/wp-content\/uploads\/2020\/08\/topps-products-you-tube.png?resize=30%2C30&#038;ssl=1\" alt=\"\" width=\"30\" height=\"30\" \/><\/a> \u00a0\u00a0<img data-recalc-dims=\"1\" loading=\"lazy\" decoding=\"async\" class=\"wp-image-1609 alignnone size-full\" src=\"https:\/\/i0.wp.com\/toppsproducts.com\/wp-content\/uploads\/2020\/08\/topp-products-linked-in-1.png?resize=30%2C30&#038;ssl=1\" alt=\"\" width=\"30\" height=\"30\" \/><\/p>\n<p>[\/et_pb_text][\/et_pb_column][\/et_pb_row][\/et_pb_section][et_pb_section fb_built=\u201d1\u2033 admin_label=\u201dPie de p\u00e1gina\u201d _builder_version=\u201d4.0.9\u2033 background_color=\u201d#424242\u2033 custom_padding=\u201d7px||0px||| \u201d global_module=\u201d1734\u2033 global_colors_info=\u201d{}\u201d][et_pb_row column_structure=\u201d3_5,2_5\u2033 _builder_version=\u201d4.0.9\u2033 custom_padding=\u201d13px||18px|||\u201d global_colors_info=\u201d{}\u201d][et_pb_column type=\u201d3_5\u2033 _builder_version=\u201d4.0.9\u2033 global_colors_info=\u201d{}\u201d][et_pb_text _builder_version=\u201d4.0.9\u2033 global_colors_info=\u201d{}\u201d]<\/p>\n<p>&nbsp;<\/p>\n<p class=\"footer-bottom__copyright\"><span style=\"color: #ffffff;\">\u00a9 2020 Topps Products, Inc. Todos los derechos reservados. | <a style=\"color: #ffffff;\" href=\"https:\/\/toppsproducts.com\/es\/sitemap\/\">mapa del sitio<\/a> | <\/span><a href=\"http:\/\/www.digitalsouthmediagroup.com\"><span style=\"color: #ffffff;\"><\/span><\/a><\/p>\n<p>[\/et_pb_text][\/et_pb_column][et_pb_column type=\u201d2_5\u2033 _builder_version=\u201d4.0.9\u2033 global_colors_info=\u201d{}\u201d][et_pb_image src=\u201d<a href=\"https:\/\/toppsproducts.com\/wp-content\/uploads\/2020\/08\/cc-logos-white-300&#215;73.png&#038;#8221\">https:\/\/toppsproducts.com\/wp-content\/uploads\/2020\/08\/cc-logos-white-300&#215;73.png&#038;#8221<\/a>; _builder_version=\u201d4.0.9\u2033 global_colors_info=\u201d{}\u201d][\/et_pb_image][\/et_pb_column][\/et_pb_row][\/et_pb_section]<\/p>","protected":false},"excerpt":{"rendered":"<p>POLYCORE\u2122 Roof Reinforcing Membrane Reference # 5 &nbsp; \u00a0 &nbsp; \u00a0 DESCRIPTIONPolyCore\u2122 stitch bonded 100% polyester reinforcing membrane makes every repair stronger. The precisely spaced warp in the material provides integrated channels for liquid rubber to flow through, interlocking and further increasing dimensional integrity. PolyCore II\u2122, with its flatter profile, permits complete encapsulation with less [&hellip;]<\/p>","protected":false},"author":3,"featured_media":0,"parent":52,"menu_order":6,"comment_status":"closed","ping_status":"closed","template":"","meta":{"_et_pb_use_builder":"on","_et_pb_old_content":"","_et_gb_content_width":"","_crdt_document":"","footnotes":""},"class_list":["post-2209","page","type-page","status-publish","hentry"],"aioseo_notices":[],"jetpack_sharing_enabled":true,"_links":{"self":[{"href":"https:\/\/toppsproducts.com\/es\/wp-json\/wp\/v2\/pages\/2209","targetHints":{"allow":["GET"]}}],"collection":[{"href":"https:\/\/toppsproducts.com\/es\/wp-json\/wp\/v2\/pages"}],"about":[{"href":"https:\/\/toppsproducts.com\/es\/wp-json\/wp\/v2\/types\/page"}],"author":[{"embeddable":true,"href":"https:\/\/toppsproducts.com\/es\/wp-json\/wp\/v2\/users\/3"}],"replies":[{"embeddable":true,"href":"https:\/\/toppsproducts.com\/es\/wp-json\/wp\/v2\/comments?post=2209"}],"version-history":[{"count":9,"href":"https:\/\/toppsproducts.com\/es\/wp-json\/wp\/v2\/pages\/2209\/revisions"}],"predecessor-version":[{"id":3735,"href":"https:\/\/toppsproducts.com\/es\/wp-json\/wp\/v2\/pages\/2209\/revisions\/3735"}],"up":[{"embeddable":true,"href":"https:\/\/toppsproducts.com\/es\/wp-json\/wp\/v2\/pages\/52"}],"wp:attachment":[{"href":"https:\/\/toppsproducts.com\/es\/wp-json\/wp\/v2\/media?parent=2209"}],"curies":[{"name":"wp","href":"https:\/\/api.w.org\/{rel}","templated":true}]}}