{"id":2165,"date":"2020-09-02T01:03:57","date_gmt":"2020-09-02T01:03:57","guid":{"rendered":"http:\/\/toppsproducts.com\/?page_id=2165"},"modified":"2022-02-17T11:13:10","modified_gmt":"2022-02-17T16:13:10","slug":"polyprene","status":"publish","type":"page","link":"https:\/\/toppsproducts.com\/es\/products\/roof-repair-products\/polyprene\/","title":{"rendered":"Polipreno\u00ae"},"content":{"rendered":"<p>[et_pb_section fb_built=&#8221;1&#8243; fullwidth=&#8221;on&#8221; _builder_version=&#8221;4.6.0&#8243; _module_preset=&#8221;default&#8221; global_colors_info=&#8221;{}&#8221;][et_pb_fullwidth_header title=&#8221; Polyprene\u00ae&#8221; _builder_version=&#8221;4.6.0&#8243; _module_preset=&#8221;default&#8221; title_font=&#8221;|700|||||||&#8221; title_text_color=&#8221;#ffffff&#8221; background_enable_color=&#8221;off&#8221; background_image=&#8221;<a href=\"https:\/\/toppsproducts.com\/wp-content\/uploads\/2020\/08\/header-background.jpg&#038;#8221\">https:\/\/toppsproducts.com\/wp-content\/uploads\/2020\/08\/header-background.jpg&#038;#8221<\/a>; title_text_shadow_style=&#8221;preset2&#8243; title_text_shadow_color=&#8221;#000000&#8243; global_colors_info=&#8221;{}&#8221;][\/et_pb_fullwidth_header][\/et_pb_section][et_pb_section fb_built=&#8221;1&#8243; _builder_version=&#8221;4.0.9&#8243; global_colors_info=&#8221;{}&#8221;][et_pb_row column_structure=&#8221;1_2,1_2&#8243; _builder_version=&#8221;4.0.9&#8243; hover_enabled=&#8221;0&#8243; global_colors_info=&#8221;{}&#8221; sticky_enabled=&#8221;0&#8243;][et_pb_column type=&#8221;1_2&#8243; _builder_version=&#8221;4.0.9&#8243; global_colors_info=&#8221;{}&#8221;][et_pb_text _builder_version=&#8221;4.6.0&#8243; custom_margin=&#8221;||-3px|||&#8221; global_colors_info=&#8221;{}&#8221;]<\/p>\n<div class=\"row column\" data-finder-type=\"Web App\" data-finder-name=\"Page Control\" data-finder-id=\"4690453\">\n<h2 class=\"inner-header__title\"><span style=\"color: #004d51;\"><strong><span class=\"inner-header__headline\">POLYPRENE\u00ae<\/span><\/strong><\/span><\/h2>\n<\/div>\n<div class=\"product-info__title\">\n<p class=\"subheader\"><strong>Para todos los techos excepto EPDM\/PVC\/TPO<\/strong><\/p>\n<\/div>\n<p><strong><span class=\"product-info__reference\">Referencia # 4HB74151X4<\/span><\/strong><\/p>\n<div class=\"product-info__title\">\n<h2 class=\"subheader\"><span style=\"color: #004d51;\"><strong>\u00a0<\/strong><\/span><\/h2>\n<p>&nbsp;<\/p>\n<\/div>\n<p>[\/et_pb_text][et_pb_image src=&#8221;<a href=\"https:\/\/toppsproducts.com\/wp-content\/uploads\/2020\/09\/Polyprene-600.jpg&#038;#8221\">https:\/\/toppsproducts.com\/wp-content\/uploads\/2020\/09\/Polyprene-600.jpg&#038;#8221<\/a>; title_text=&#8221;Polyprene 600&#8243; _builder_version=&#8221;4.6.0&#8243; global_colors_info=&#8221;{}&#8221;][\/et_pb_image][\/et_pb_column][et_pb_column type=&#8221;1_2&#8243; _builder_version=&#8221;4.0.9&#8243; global_colors_info=&#8221;{}&#8221;][et_pb_text _builder_version=&#8221;4.6.0&#8243; global_colors_info=&#8221;{}&#8221;]<\/p>\n<div class=\"product-info__price\"><\/div>\n<h2><\/h2>\n<h2 class=\"headings\"><span style=\"color: #004d51;\"><strong>DESCRIPCI\u00d3N<\/strong><\/span><\/h2>\n<p>[\/et_pb_text][et_pb_divider _builder_version=&#8221;4.0.9&#8243; global_colors_info=&#8221;{}&#8221;][\/et_pb_divider][et_pb_text _builder_version=&#8221;4.6.0&#8243; global_colors_info=&#8221;{}&#8221;]<\/p>\n<p><span style=\"color: #000000;\"><strong>Todo el caucho Polyprene\u00ae hace reparaciones efectivas de tapajuntas, costuras, charolas, grietas y divisiones. \u00daselo en la mayor\u00eda de los tipos de techo.<\/strong> Polyprene\u00ae fue votado como el compuesto de reparaci\u00f3n #1 entre los profesionales de techado. El alto contenido de s\u00f3lidos fuertemente fibroso evita el agrietamiento del lodo, lo que lo hace ideal para bandejas de paso, as\u00ed como para sellar costuras, grietas, alrededor de equipos de techo que vibran, tragaluces, ventilaciones, tapajuntas y m\u00e1s. En situaciones de emergencia, los agentes adhesivos de superficie h\u00fameda permiten reparar incluso el metal h\u00famedo.<\/span><\/p>\n<ul>\n<li><span style=\"color: #000000;\">Refuerza r\u00e1pida y f\u00e1cilmente las \u00e1reas cr\u00edticas<\/span><\/li>\n<li><span style=\"color: #000000;\">Totalmente de caucho, reforzado con fibra: se mantiene flexible y no se agrieta cuando hace fr\u00edo<\/span><\/li>\n<li><span style=\"color: #000000;\">Los agentes adhesivos de superficie h\u00fameda permiten reparar el metal h\u00famedo, cuando sea necesario<\/span><\/li>\n<li><span style=\"color: #000000;\">Incorpora f\u00e1cilmente poli\u00e9ster de refuerzo PolyCore\u2122, cuando es necesario, para mayor resistencia<\/span><\/li>\n<li><span style=\"color: #000000;\">Se puede aplicar grueso, en una capa, sin la amenaza de agrietamiento por lodo<\/span><\/li>\n<li><span style=\"color: #000000;\">Disponible en grado de cepillo pesado en baldes de 3 galones<\/span><\/li>\n<li><span style=\"color: #000000;\">Flete incluido solo en EE. UU. continental (CA y AK excluidos)<\/span><\/li>\n<\/ul>\n<div><strong><a title=\"Polipreno Para EPDM-Dom\u00e9stico-SDS\" href=\"https:\/\/toppsproducts.com\/es\/products\/roof-repair-products\/polyprene-for-epdm-pvc-tpo\/\">Haga clic aqu\u00ed<\/a><\/strong> <span style=\"color: #000000;\">para cubiertas de EPDM\/PVC\/TPO<\/span><\/div>\n<p>[\/et_pb_text][et_pb_button button_url=\u201d<a href=\"https:\/\/toppsproducts.myshopify.com\/collections\/roof-repair-products\/products\/multi-repair-compound&#038;#8221\" rel=\"nofollow\">https:\/\/toppsproducts.myshopify.com\/collections\/roof-repair-products\/products\/multi-repair-compound&#038;#8221<\/a>; url_new_window=&#8221;on&#8221; button_text=&#8221;BUY NOW&#8221; _builder_version=&#8221;4.6.0&#8243; custom_button=&#8221;on&#8221; button_text_color=&#8221;#ffffff&#8221; button_bg_color=&#8221;#0da0c5&#8243; button_border_color=&#8221;#0da0c5&#8243; button_font=&#8221;|700|||||||&#8221; global_colors_info=&#8221;{}&#8221;][\/et_pb_button][\/et_pb_column][\/et_pb_row][\/et_pb_section][et_pb_section fb_built=&#8221;1&#8243; _builder_version=&#8221;4.0.9&#8243; background_color=&#8221;#d6d6d6&#8243; global_colors_info=&#8221;{}&#8221;][et_pb_row column_structure=&#8221;1_2,1_2&#8243; _builder_version=&#8221;4.0.9&#8243; background_color=&#8221;#ffffff&#8221; custom_padding=&#8221;|75px||75px||&#8221; global_colors_info=&#8221;{}&#8221;][et_pb_column type=&#8221;1_2&#8243; _builder_version=&#8221;4.0.9&#8243; global_colors_info=&#8221;{}&#8221;][et_pb_text _builder_version=&#8221;4.6.0&#8243; text_text_color=&#8221;#ffffff&#8221; header_text_color=&#8221;#ffffff&#8221; background_color=&#8221;#004d51&#8243; custom_padding=&#8221;32px|50px|50px|50px||&#8221; global_colors_info=&#8221;{}&#8221;]<\/p>\n<h2 class=\"headings\"><span style=\"color: #ffffff;\"><strong>Especificaciones<\/strong><\/span><\/h2>\n<table class=\"product-table\">\n<tbody>\n<tr>\n<td width=\"312\"><span style=\"color: #ffffff;\">Alargamiento<\/span><\/td>\n<td width=\"312\"><span style=\"color: #ffffff;\">850% m\u00edn.<\/span><\/td>\n<\/tr>\n<tr>\n<td width=\"312\"><span style=\"color: #ffffff;\">Permeabilidad al vapor de agua<\/span><\/td>\n<td width=\"312\"><span style=\"color: #ffffff;\">.25 permanentes<\/span><\/td>\n<\/tr>\n<tr>\n<td width=\"312\"><span style=\"color: #ffffff;\">Viscosidad<\/span><\/td>\n<td width=\"312\"><span style=\"color: #ffffff;\">400 pluma<\/span><\/td>\n<\/tr>\n<tr>\n<td width=\"312\"><span style=\"color: #ffffff;\">Peso por gal\u00f3n<\/span><\/td>\n<td width=\"312\"><span style=\"color: #ffffff;\">8.8 - 9.3 libras<\/span><\/td>\n<\/tr>\n<tr>\n<td width=\"312\"><span style=\"color: #ffffff;\">S\u00f3lidos totales<\/span><\/td>\n<td width=\"312\"><span style=\"color: #ffffff;\">70%<\/span><\/td>\n<\/tr>\n<tr>\n<td width=\"312\"><span style=\"color: #ffffff;\">Punto de inflamaci\u00f3n del solvente<\/span><\/td>\n<td width=\"312\"><span style=\"color: #ffffff;\">104\u00b0F<\/span><\/td>\n<\/tr>\n<tr>\n<td width=\"312\"><span style=\"color: #ffffff;\">Elongaci\u00f3n m\u00e1xima<\/span><\/td>\n<td width=\"312\"><span style=\"color: #ffffff;\">850%<\/span><\/td>\n<\/tr>\n<tr>\n<td width=\"312\"><span style=\"color: #ffffff;\">Resistencia a la tracci\u00f3n<\/span><\/td>\n<td width=\"312\"><span style=\"color: #ffffff;\">600 psi m\u00edn.<\/span><\/td>\n<\/tr>\n<tr>\n<td width=\"312\"><span style=\"color: #ffffff;\">Peel Adhesi\u00f3n<\/span><\/td>\n<td width=\"312\"><span style=\"color: #ffffff;\">4,3 pl m\u00edn.<\/span><\/td>\n<\/tr>\n<tr>\n<td width=\"312\"><span style=\"color: #ffffff;\">Temperatura de servicio:<\/span><\/td>\n<td width=\"312\"><span style=\"color: #ffffff;\">-40\u00b0 - 140\u00b0 F<\/span><\/td>\n<\/tr>\n<tr>\n<td width=\"312\"><span style=\"color: #ffffff;\">Resistencia a la humedad:<\/span><\/td>\n<td width=\"312\"><span style=\"color: #ffffff;\">&lt;4&gt;<\/span><\/td>\n<\/tr>\n<\/tbody>\n<\/table>\n<p>&nbsp;<\/p>\n<p>[\/et_pb_text][\/et_pb_column][et_pb_column type=&#8221;1_2&#8243; _builder_version=&#8221;4.0.9&#8243; global_colors_info=&#8221;{}&#8221;][et_pb_text _builder_version=&#8221;4.6.0&#8243; link_font=&#8221;|700|||||||&#8221; background_color=&#8221;#dae5e7&#8243; custom_padding=&#8221;32px|50px|50px|50px||&#8221; global_colors_info=&#8221;{}&#8221;]<\/p>\n<h2 class=\"headings\"><span style=\"color: #004d51;\"><strong>preguntas frecuentes<\/strong><\/span><\/h2>\n<p><span style=\"color: #000000;\"><strong>P: Tengo una gotera en una de las costuras de mi techo, \u00bfcu\u00e1l es el mejor producto para repararla?<br \/><\/strong><\/span><span style=\"color: #000000;\">R: Para reparar una costura con fugas, el mejor producto para el trabajo es un producto para techos de caucho elastom\u00e9rico 100% sin bet\u00fan u otros ingredientes, que pueden agrietarse f\u00e1cilmente. Asegure cualquier costura suelta con Polipreno debajo de la junta. Selle todas las costuras con poli\u00e9ster PolyCore incrustado en una capa de polipreno. Debido a que mantiene su flexibilidad, Polyprene\u00ae no se parte ni se agrieta con el tiempo, lo que podr\u00eda ocasionar que las fugas se repitan.<\/span><\/p>\n<p><span style=\"color: #000000;\"><strong>P: \u00bfQu\u00e9 polipreno<\/strong><strong>\u00ae debo usar para sellar grandes espacios en la superficie de mis techos?<br \/><\/strong><\/span><span style=\"color: #000000;\">R: Polipreno para llana es m\u00e1s grueso y tiene suficiente cuerpo para llenar espacios de hasta \u00bc\u201d sin combarse. Se cura a un sello de goma resistente que es fuerte. Puede usar material de respaldo como espuma en una lata de aerosol para llenar los vac\u00edos antes de sellar.<\/span><\/p>\n<p><span style=\"color: #000000;\"><strong>P: \u00bfExisten diferentes grados de polipreno para diferentes tipos de techos y usos?<br \/><\/strong><\/span><span style=\"color: #000000;\">R: S\u00ed.\u00a0<a style=\"color: #000000;\" title=\"Polipreno para cubiertas de EPDM\/PVC\" href=\"https:\/\/toppsproducts.com\/es\/roofing-supplies\/roof-repairs-roof-caulk\/polyprene-for-edpm-and-pvc\/\">Polipreno para EPDM\/PVC<\/a> es espec\u00edficamente para uso en membranas de EPDM y PVC. Nuestro polipreno de grado de cepillado pesado est\u00e1ndar es popular para la mayor\u00eda de las dem\u00e1s reparaciones (costuras, grietas, tapajuntas, etc.). Se esparce r\u00e1pida y f\u00e1cilmente alrededor de las penetraciones y costuras, pero se mantiene firme para sellar la humedad. Polyprene Trowel Grade es un cemento m\u00e1s viscoso. \u00daselo cuando necesite dar cuerpo, reconstruir o rellenar espacios m\u00e1s grandes de hasta \u00bc\u201d.<\/span><\/p>\n<h3>\u00a0<\/h3>\n<h3 class=\"headings\"><strong><span style=\"color: #000000;\">Recursos<\/span><\/strong><\/h3>\n<ul>\n<li><a title=\"Datos t\u00e9cnicos de polipropileno\" href=\"https:\/\/toppsproducts.com\/wp-content\/uploads\/2020\/09\/Polyprene-Tech-Data.pdf\" target=\"_blank\" rel=\"noopener noreferrer\">Datos t\u00e9cnicos<\/a><\/li>\n<li><a title=\"Polipreno-Dom\u00e9stico-SDS\" href=\"https:\/\/toppsproducts.com\/wp-content\/uploads\/2020\/09\/polyprene-domestic-sds-updated.pdf\" target=\"_blank\" rel=\"noopener noreferrer\">Ficha de datos de seguridad (nacional)<\/a><\/li>\n<li><a title=\"Polyprene-International-SDS\" href=\"https:\/\/toppsproducts.com\/wp-content\/uploads\/2020\/09\/Polyprene-International-SDS.pdf\" target=\"_blank\" rel=\"noopener noreferrer\">Ficha de datos de seguridad (internacional)<\/a><\/li>\n<\/ul>\n<p>[\/et_pb_text][\/et_pb_column][\/et_pb_row][\/et_pb_section][et_pb_section fb_built=&#8221;1&#8243; admin_label=&#8221;Bottom Colums&#8221; _builder_version=&#8221;4.0.9&#8243; background_color=&#8221;#004d51&#8243; custom_padding=&#8221;16px||0px|||&#8221; global_module=&#8221;1733&#8243; saved_tabs=&#8221;all&#8221; global_colors_info=&#8221;{}&#8221;][et_pb_row column_structure=&#8221;1_4,1_4,1_4,1_4&#8243; _builder_version=&#8221;4.0.9&#8243; custom_padding=&#8221;||5px|||&#8221; global_colors_info=&#8221;{}&#8221;][et_pb_column type=&#8221;1_4&#8243; _builder_version=&#8221;4.0.9&#8243; global_colors_info=&#8221;{}&#8221;][et_pb_text _builder_version=&#8221;4.0.9&#8243; header_font=&#8221;|||on|||||&#8221; global_colors_info=&#8221;{}&#8221;]<\/p>\n<h3><span style=\"color: #ffffff;\"><strong>CONT\u00c1CTENOS<\/strong><br \/><\/span><\/h3>\n<p>[\/et_pb_text][et_pb_blurb imagen=\u201d<a href=\"https:\/\/toppsproducts.com\/wp-content\/uploads\/2020\/08\/2020-08-01_11-27-39.jpg&#038;#8221\">https:\/\/toppsproducts.com\/wp-content\/uploads\/2020\/08\/2020-08-01_11-27-39.jpg&#038;#8221<\/a>; icon_placement=\u201dizquierda\u201d admin_label=\u201ddirecci\u00f3n\u201d _builder_version=\u201d4.0.9\u2033 body_text_align=\u201dizquierda\u201d body_text_color=\u201d#ffffff\u201d background_layout=\u201doscuro\u201d global_colors_info=\u201d{}\u201d]<\/p>\n<p><strong><span style=\"color: #ffffff;\">apartado de correos 1632<br \/>Cant\u00f3n, MS. 39046<\/span><\/strong><\/p>\n<p>[\/et_pb_blurb][et_pb_blurb imagen=\u201d<a href=\"https:\/\/toppsproducts.com\/wp-content\/uploads\/2020\/08\/2020-08-01_11-28-29.jpg&#038;#8221\">https:\/\/toppsproducts.com\/wp-content\/uploads\/2020\/08\/2020-08-01_11-28-29.jpg&#038;#8221<\/a>; icon_placement=\u201dizquierda\u201d admin_label=\u201dcorreo electr\u00f3nico de soporte\u201d _builder_version=\u201d4.0.9\u2033 body_text_align=\u201dizquierda\u201d body_text_color=\u201d#ffffff\u201d background_layout=\u201doscuro\u201d global_colors_info=\u201d{}\u201d]<\/p>\n<p><a href=\"mailto:support@toppsproducts.com\"><strong><span style=\"color: #ffffff;\">support@toppsproducts.com<\/span><\/strong><\/a><\/p>\n<p>[\/et_pb_blurb][et_pb_blurb imagen=\u201d<a href=\"https:\/\/toppsproducts.com\/wp-content\/uploads\/2020\/08\/2020-08-01_11-28-50.jpg&#038;#8221\">https:\/\/toppsproducts.com\/wp-content\/uploads\/2020\/08\/2020-08-01_11-28-50.jpg&#038;#8221<\/a>; icon_placement=\u201dizquierda\u201d admin_label=\u201dtel\u00e9fono\u201d _builder_version=\u201d4.0.9\u2033 body_text_align=\u201dizquierda\u201d body_text_color=\u201d#ffffff\u201d background_layout=\u201doscuro\u201d global_colors_info=\u201d{}\u201d]<\/p>\n<h5><strong><span style=\"color: #ffffff;\"><a href=\"tel:8008677177\">800-867-7177<\/a><\/span><\/strong><\/h5>\n<p>[\/et_pb_blurb][\/et_pb_column][et_pb_column type=\u201d1_4\u2033 _builder_version=\u201d4.0.9\u2033 global_colors_info=\u201d{}\u201d][et_pb_text _builder_version=\u201d4.0.9\u2033 header_font=\u201d|||on||||| \u201d global_colors_info=\u201d{}\u201d]<\/p>\n<h3><strong><span style=\"color: #ffffff;\">UBICACIONES<\/span><\/strong><\/h3>\n<p>[\/et_pb_text][et_pb_text _builder_version=\u201d4.0.9\u2033 header_font=\u201d|||en|||||\u201d global_colors_info=\u201d{}\u201d]<\/p>\n<p><span style=\"color: #ffffff;\"><a style=\"color: #ffffff;\" title=\"Productos Topps EE. UU.\" href=\"https:\/\/toppsproducts.com\/es\/\" target=\"_blank\" rel=\"noopener noreferrer\">Productos Topps-EE. UU.<\/a><\/span><\/p>\n<p><span style=\"color: #ffffff;\"><a style=\"color: #ffffff;\" title=\"Topps Productos ASIA\" href=\"http:\/\/www.toppsproducts.co.th\/\" target=\"_blank\" rel=\"noopener noreferrer\">Topps Productos-Asia<\/a><\/span><\/p>\n<p><a title=\"Topps Productos \u00c1frica\" href=\"https:\/\/www.toppsproductssa.co.za\/\" target=\"_blank\" rel=\"noopener noreferrer\"><span style=\"color: #ffffff;\">Topps Products-\u00c1frica<\/span><\/a><\/p>\n<p><span style=\"color: #ffffff;\"><a style=\"color: #ffffff;\" title=\"Topps Productos Europa\" href=\"https:\/\/www.toppseurope.com\/\" target=\"_blank\" rel=\"noopener noreferrer\">Topps Products-Europa<\/a><\/span><\/p>\n<p><span style=\"color: #ffffff;\"><a style=\"color: #ffffff;\" title=\"Productos Topps Australia\" href=\"https:\/\/toppsproducts.com.au\/\" target=\"_blank\" rel=\"noopener noreferrer\">Topps Products-Australia<\/a><\/span><\/p>\n<p>&nbsp;<\/p>\n<p>[\/et_pb_text][\/et_pb_column][et_pb_column type=\u201d1_4\u2033 _builder_version=\u201d4.0.9\u2033 global_colors_info=\u201d{}\u201d][et_pb_text _builder_version=\u201d4.0.9\u2033 header_font=\u201d|||en||||| \u201d global_colors_info=\u201d{}\u201d]<\/p>\n<h3><span style=\"color: #ffffff;\"><strong>PRODUCTOS<\/strong><\/span><\/h3>\n<p>[\/et_pb_text][et_pb_text _builder_version=\u201d4.6.6\u2033 header_font=\u201d|||en|||||\u201d global_colors_info=\u201d{}\u201d]<\/p>\n<p><span style=\"color: #ffffff;\"><a style=\"color: #ffffff;\" title=\"Productos de reparaci\u00f3n de techos\" href=\"https:\/\/toppsproducts.com\/es\/products\/roof-repair-products\/\" target=\"_blank\" rel=\"noopener noreferrer\">Productos de reparaci\u00f3n de techos<\/a><br \/><\/span><\/p>\n<p><span style=\"color: #ffffff;\"><a style=\"color: #ffffff;\" title=\"Sistemas de mantenimiento de techos\" href=\"https:\/\/toppsproducts.com\/es\/products\/roof-maintenance-systems\/\" target=\"_blank\" rel=\"noopener noreferrer\">Sistemas de mantenimiento de techos<\/a><br \/><\/span><\/p>\n<p><span style=\"color: #ffffff;\"><a style=\"color: #ffffff;\" title=\"Selladores y revestimientos para techos\" href=\"https:\/\/toppsproducts.com\/es\/products\/roof-sealants-and-coatings\/\" target=\"_blank\" rel=\"noopener noreferrer\">Selladores y revestimientos para techos<\/a><br \/><\/span><\/p>\n<p>&nbsp;<\/p>\n<p>[\/et_pb_text][\/et_pb_column][et_pb_column type=\u201d1_4\u2033 _builder_version=\u201d4.0.9\u2033 global_colors_info=\u201d{}\u201d][et_pb_text _builder_version=\u201d4.0.9\u2033 header_font=\u201d|||en||||| \u201d global_colors_info=\u201d{}\u201d]<\/p>\n<h3><strong><span style=\"color: #ffffff;\">CON\u00c9CTATE CON NOSOTROS<br \/><\/span><\/strong><\/h3>\n<p>[\/et_pb_text][et_pb_button button_url=\u201d<a href=\"https:\/\/toppsproducts.com\/es\/contact\/&\/#038;#8221\">https:\/\/toppsproducts.com\/contact\/&#038;#8221<\/a>; button_text=&#8221;CONTACT US&#8221; button_alignment=&#8221;left&#8221; _builder_version=&#8221;4.0.9&#8243; custom_button=&#8221;on&#8221; button_text_size=&#8221;16px&#8221; button_text_color=&#8221;#ffffff&#8221; button_bg_color=&#8221;#0da0c5&#8243; button_border_color=&#8221;#0da0c5&#8243; button_font=&#8221;|700|||||||&#8221; button_icon=&#8221;%%28%%&#8221; background_layout=&#8221;dark&#8221; global_colors_info=&#8221;{}&#8221;][\/et_pb_button][et_pb_text _builder_version=&#8221;4.10.5&#8243; header_font=&#8221;|||on|||||&#8221; global_colors_info=&#8221;{}&#8221;]<\/p>\n<h3><span style=\"color: #ffffff;\"><strong>MEDIOS DE COMUNICACI\u00d3N SOCIAL<\/strong><br \/>\n<\/span><\/h3>\n<p>&nbsp;<\/p>\n<p><a title=\"Topps Producto Facebook\" href=\"https:\/\/www.facebook.com\/toppsproducts\" target=\"_blank\" rel=\"noopener noreferrer\"><img data-recalc-dims=\"1\" decoding=\"async\" class=\"wp-image-1594 alignnone size-full\" src=\"https:\/\/i0.wp.com\/toppsproducts.com\/wp-content\/uploads\/2020\/08\/topps-products-facebook.png?resize=30%2C30&#038;ssl=1\" alt=\"\" width=\"30\" height=\"30\" \/><\/a> \u00a0 <a title=\"Topps Producto Instagram\" href=\"https:\/\/www.instagram.com\/toppsproducts\/\" target=\"_blank\" rel=\"noopener noreferrer\"><img data-recalc-dims=\"1\" decoding=\"async\" class=\"wp-image-1597 alignnone size-full\" src=\"https:\/\/i0.wp.com\/toppsproducts.com\/wp-content\/uploads\/2020\/08\/topps-products-instagram.png?resize=30%2C30&#038;ssl=1\" alt=\"\" width=\"30\" height=\"30\" \/><\/a> \u00a0 <a title=\"Topps Productos Gorjeo\" href=\"https:\/\/twitter.com\/toppsproducts\" target=\"_blank\" rel=\"noopener noreferrer\"><img data-recalc-dims=\"1\" decoding=\"async\" class=\"wp-image-1601 alignnone size-full\" src=\"https:\/\/i0.wp.com\/toppsproducts.com\/wp-content\/uploads\/2020\/08\/topps-products-twitter.png?resize=30%2C30&#038;ssl=1\" alt=\"\" width=\"30\" height=\"30\" \/><\/a> \u00a0 <a title=\"Canal de You Tube de Topp Products\" href=\"https:\/\/www.youtube.com\/user\/toppsproducts\" target=\"_blank\" rel=\"noopener noreferrer\"><img data-recalc-dims=\"1\" loading=\"lazy\" decoding=\"async\" class=\"wp-image-1605 alignnone size-full\" src=\"https:\/\/i0.wp.com\/toppsproducts.com\/wp-content\/uploads\/2020\/08\/topps-products-you-tube.png?resize=30%2C30&#038;ssl=1\" alt=\"\" width=\"30\" height=\"30\" \/><\/a> \u00a0 <a title=\"Topps Producto Linkedin\" href=\"https:\/\/www.linkedin.com\/company\/topps-products-inc-\/\" target=\"_blank\" rel=\"noopener noreferrer\"><img data-recalc-dims=\"1\" loading=\"lazy\" decoding=\"async\" class=\"wp-image-1609 alignnone size-full\" src=\"https:\/\/i0.wp.com\/toppsproducts.com\/wp-content\/uploads\/2020\/08\/topp-products-linked-in-1.png?resize=30%2C30&#038;ssl=1\" alt=\"\" width=\"30\" height=\"30\" \/><\/a>[\/et_pb_text][\/et_pb_column][\/et_pb_row][\/et_pb_section][et_pb_section fb_built=&#8221;1&#8243; admin_label=&#8221;Footer&#8221; _builder_version=&#8221;4.0.9&#8243; background_color=&#8221;#424242&#8243; custom_padding=&#8221;7px||0px|||&#8221; global_module=&#8221;1734&#8243; saved_tabs=&#8221;all&#8221; global_colors_info=&#8221;{}&#8221;][et_pb_row column_structure=&#8221;3_5,2_5&#8243; _builder_version=&#8221;4.0.9&#8243; custom_padding=&#8221;13px||18px|||&#8221; global_colors_info=&#8221;{}&#8221;][et_pb_column type=&#8221;3_5&#8243; _builder_version=&#8221;4.0.9&#8243; global_colors_info=&#8221;{}&#8221;][et_pb_text _builder_version=&#8221;4.0.9&#8243; global_colors_info=&#8221;{}&#8221;]<\/p>\n<p>&nbsp;<\/p>\n<p class=\"footer-bottom__copyright\"><span style=\"color: #ffffff;\">\u00a9 2020 Topps Products, Inc. All Rights Reserved.\u00a0<\/span><\/p>\n<p>[\/et_pb_text][\/et_pb_column][et_pb_column type=\u201d2_5\u2033 _builder_version=\u201d4.0.9\u2033 global_colors_info=\u201d{}\u201d][et_pb_image src=\u201d<a href=\"https:\/\/toppsproducts.com\/wp-content\/uploads\/2020\/08\/cc-logos-white-300&#215;73.png&#038;#8221\">https:\/\/toppsproducts.com\/wp-content\/uploads\/2020\/08\/cc-logos-white-300&#215;73.png&#038;#8221<\/a>; _builder_version=\u201d4.0.9\u2033 global_colors_info=\u201d{}\u201d][\/et_pb_image][\/et_pb_column][\/et_pb_row][\/et_pb_section]<\/p>","protected":false},"excerpt":{"rendered":"<p>POLYPRENE\u00ae For All Roofs Except EPDM\/PVC\/TPO Reference # 4HB74151X4 \u00a0 &nbsp; DESCRIPTIONAll rubber Polyprene\u00ae makes effective repairs to flashings, seams, pitch pans, cracks, and splits. Use on most roof types. Polyprene\u00ae was voted the #1 repair compound among roofing professionals. The heavily fibered high-solids content prevents mud cracking, making it ideal for pitch pans as [&hellip;]<\/p>","protected":false},"author":3,"featured_media":0,"parent":52,"menu_order":1,"comment_status":"closed","ping_status":"closed","template":"","meta":{"_et_pb_use_builder":"on","_et_pb_old_content":"","_et_gb_content_width":"","_crdt_document":"","footnotes":""},"class_list":["post-2165","page","type-page","status-publish","hentry"],"aioseo_notices":[],"jetpack_sharing_enabled":true,"_links":{"self":[{"href":"https:\/\/toppsproducts.com\/es\/wp-json\/wp\/v2\/pages\/2165","targetHints":{"allow":["GET"]}}],"collection":[{"href":"https:\/\/toppsproducts.com\/es\/wp-json\/wp\/v2\/pages"}],"about":[{"href":"https:\/\/toppsproducts.com\/es\/wp-json\/wp\/v2\/types\/page"}],"author":[{"embeddable":true,"href":"https:\/\/toppsproducts.com\/es\/wp-json\/wp\/v2\/users\/3"}],"replies":[{"embeddable":true,"href":"https:\/\/toppsproducts.com\/es\/wp-json\/wp\/v2\/comments?post=2165"}],"version-history":[{"count":8,"href":"https:\/\/toppsproducts.com\/es\/wp-json\/wp\/v2\/pages\/2165\/revisions"}],"predecessor-version":[{"id":4379,"href":"https:\/\/toppsproducts.com\/es\/wp-json\/wp\/v2\/pages\/2165\/revisions\/4379"}],"up":[{"embeddable":true,"href":"https:\/\/toppsproducts.com\/es\/wp-json\/wp\/v2\/pages\/52"}],"wp:attachment":[{"href":"https:\/\/toppsproducts.com\/es\/wp-json\/wp\/v2\/media?parent=2165"}],"curies":[{"name":"wp","href":"https:\/\/api.w.org\/{rel}","templated":true}]}}